{"id":476,"date":"2024-03-25T08:05:25","date_gmt":"2024-03-25T11:05:25","guid":{"rendered":"http:\/\/sites-hml.dti.ufmg.br\/ica\/ica-novo\/?page_id=476"},"modified":"2024-03-25T08:05:25","modified_gmt":"2024-03-25T11:05:25","slug":"secretarias-dos-programas-de-pos-graduacao","status":"publish","type":"page","link":"https:\/\/www.ufmg.br\/montesclaros\/secretarias-dos-programas-de-pos-graduacao\/","title":{"rendered":"Secretarias dos Programas de P\u00f3s-Gradua\u00e7\u00e3o"},"content":{"rendered":"<div ><style>#sp-ea-475 .spcollapsing { height: 0; overflow: hidden; transition-property: height;transition-duration: 300ms;}#sp-ea-475.sp-easy-accordion>.sp-ea-single {border: 1px solid #e2e2e2; }#sp-ea-475.sp-easy-accordion>.sp-ea-single>.ea-header a {color: #444;}#sp-ea-475.sp-easy-accordion>.sp-ea-single>.sp-collapse>.ea-body {background: #fff; color: #444;}#sp-ea-475.sp-easy-accordion>.sp-ea-single {background: #eee;}#sp-ea-475.sp-easy-accordion>.sp-ea-single>.ea-header a .ea-expand-icon.fa { float: left; color: #444;font-size: 16px;}<\/style><div id=\"sp_easy_accordion-1711364662\"><div id=\"sp-ea-475\" class=\"sp-ea-one sp-easy-accordion\" data-ex-icon=\"fa-minus\" data-col-icon=\"fa-plus\"  data-ea-active=\"ea-click\"  data-ea-mode=\"vertical\" data-preloader=\"\" data-scroll-active-item=\"\" data-offset-to-scroll=\"0\"><div class=\"ea-card ea-expand sp-ea-single\"><h3 class=\"ea-header\"><a class=\"collapsed\" data-sptoggle=\"spcollapse\" data-sptarget=#collapse4750 href=\"javascript:void(0)\"  aria-expanded=\"true\"><i class=\"ea-expand-icon fa fa-minus\"><\/i> Apresenta\u00e7\u00e3o<\/a><\/h3><div class=\"sp-collapse spcollapse collapsed show\" id=\"collapse4750\" data-parent=#sp-ea-475><div class=\"ea-body\"><p>As secretarias dos Programas de P\u00f3s-Gradua\u00e7\u00e3o visam assessorar os Colegiados, que s\u00e3o os \u00f3rg\u00e3os respons\u00e1veis pela coordena\u00e7\u00e3o dos Cursos em todas as suas modalidades e habilita\u00e7\u00f5es, dentro dos limites estatut\u00e1rios e regimentais.<\/p>\n<p>&nbsp;<\/p>\n<div><strong>Especializa\u00e7\u00e3o em Recursos H\u00eddricos e Ambientais<\/strong><\/div>\n<div>Respons\u00e1vel:\u00a0Luciano Vieira Lima<\/div>\n<div>Telefone:\u00a0(38) 2101-7746 ou 7780<\/div>\n<div>Email:\u00a0secrh@ica.ufmg.br<\/div>\n<div>Atendimento:\u00a08h30 11h e 14 \u00e0s 16h<\/div>\n<div>Site: <a href=\"https:\/\/www.ufmg.br\/montesclaros\/especializacao-em-recursos-hidricos-e-ambientais\">https:\/\/www.ufmg.br\/montesclaros\/especializacao-em-recursos-hidricos-e-ambientais<\/a><\/div>\n<p>&nbsp;<\/p>\n<div><strong>Mestrado em Sociedade, Ambiente e Territorio<\/strong><\/div>\n<div>Respons\u00e1vel: Kelia Naiara Soares Santos<\/div>\n<div>Telefone: (38) 2101-7964<\/div>\n<div>\n<div>Email: secpg@ica.ufmg.br \u2013 secpgicaufmg@gmail.com<\/div>\n<\/div>\n<div>Atendimento:\u00a08h \u00e0s 11h e 14h \u00e0s 16h<\/div>\n<div>Site: <a href=\"https:\/\/www.posgraduacao.unimontes.br\/ppgsat\/\">https:\/\/www.posgraduacao.unimontes.br\/ppgsat\/<\/a><\/div>\n<div><\/div>\n<p><\/p>\n<div><strong>Mestrado em Ci\u00eancias Florestais<\/strong><\/div>\n<div>Respons\u00e1vel: Kelia Naiara Soares Santos<\/div>\n<div>Telefone: (38) 21017964<\/div>\n<div>Email:\u00a0<a href=\"mailto:secpg@ica.ufmg.br\" target=\"_blank\" rel=\"noopener\"><u><span style=\"color: #0082bf; font-size: medium;\">secpg@ica.ufmg.br<\/span><\/u><\/a><span style=\"font-size: medium;\">\u00a0\u2013\u00a0<\/span><a href=\"mailto:secpgicaufmg@gmail.com\" target=\"_blank\" rel=\"noopener\"><u><span style=\"color: #0082bf; font-size: medium;\">secpgicaufmg@gmail.com<\/span><\/u><\/a><\/div>\n<div>Atendimento: 8h \u00e0s 11h e 14h \u00e0s 16h<\/div>\n<div>Site:\u00a0<a href=\"https:\/\/cienciasflorestaisufmg.com.br\/\" target=\"_blank\" rel=\"noopener\"><u><span style=\"color: #0082bf; font-size: medium;\">https:\/\/cienciasflorestaisufmg.com.br\/<\/span><\/u><\/a><\/div>\n<div><\/div>\n<p><\/p>\n<div><strong>Mestrado em Produ\u00e7\u00e3o Animal<\/strong><\/div>\n<div>Respons\u00e1vel:\u00a0Gabriel Magalh\u00e3es Cassani<\/div>\n<div>Telefone:\u00a0(38) 2101-7759<\/div>\n<div>Email:\u00a0mestradoanimal@ica.ufmg.br<\/div>\n<div>Atendimento:\u00a008h \u00e0s 11h\u00a0e 14h \u00e0s 16h<\/div>\n<div>Site: <a href=\"https:\/\/www.ufmg.br\/montesclaros\/mestrado-em-producao-animal\/\">https:\/\/www.ufmg.br\/montesclaros\/mestrado-em-producao-animal\/<\/a><\/div>\n<p>&nbsp;<\/p>\n<div><strong>Programa de P\u00f3s-Gradua\u00e7\u00e3o em Produ\u00e7\u00e3o Vegetal<\/strong><\/div>\n<div>Respons\u00e1vel:\u00a0Maria Clara Gon\u00e7alves Madureira<\/div>\n<div>Telefone:\u00a0(38) 2101-7748<\/div>\n<div>Email:\u00a0pcaa@ica.ufmg.br\u00a0ou\u00a0nca-pcaa@ufmg.br<\/div>\n<div>Atendimento:\u00a08h \u00e0s 11h e 14 \u00e0s 16h<\/div>\n<div>Site: <a href=\"https:\/\/www.ufmg.br\/montesclaros\/programa-de-pos-graduacao-em-producao-vegetal\/\">https:\/\/www.ufmg.br\/montesclaros\/programa-de-pos-graduacao-em-producao-vegetal\/<\/a><\/div>\n<\/div><\/div><\/div><\/div><\/div><\/div>","protected":false},"excerpt":{"rendered":"","protected":false},"author":3,"featured_media":0,"parent":0,"menu_order":0,"comment_status":"closed","ping_status":"closed","template":"","meta":[],"acf":[],"_links":{"self":[{"href":"https:\/\/www.ufmg.br\/montesclaros\/wp-json\/wp\/v2\/pages\/476"}],"collection":[{"href":"https:\/\/www.ufmg.br\/montesclaros\/wp-json\/wp\/v2\/pages"}],"about":[{"href":"https:\/\/www.ufmg.br\/montesclaros\/wp-json\/wp\/v2\/types\/page"}],"author":[{"embeddable":true,"href":"https:\/\/www.ufmg.br\/montesclaros\/wp-json\/wp\/v2\/users\/3"}],"replies":[{"embeddable":true,"href":"https:\/\/www.ufmg.br\/montesclaros\/wp-json\/wp\/v2\/comments?post=476"}],"version-history":[{"count":1,"href":"https:\/\/www.ufmg.br\/montesclaros\/wp-json\/wp\/v2\/pages\/476\/revisions"}],"predecessor-version":[{"id":477,"href":"https:\/\/www.ufmg.br\/montesclaros\/wp-json\/wp\/v2\/pages\/476\/revisions\/477"}],"wp:attachment":[{"href":"https:\/\/www.ufmg.br\/montesclaros\/wp-json\/wp\/v2\/media?parent=476"}],"curies":[{"name":"wp","href":"https:\/\/api.w.org\/{rel}","templated":true}]}}