{"id":484,"date":"2024-03-25T08:11:38","date_gmt":"2024-03-25T11:11:38","guid":{"rendered":"http:\/\/sites-hml.dti.ufmg.br\/ica\/ica-novo\/?page_id=484"},"modified":"2024-07-02T14:20:38","modified_gmt":"2024-07-02T17:20:38","slug":"legislacao","status":"publish","type":"page","link":"https:\/\/www.ufmg.br\/montesclaros\/legislacao\/","title":{"rendered":"Legisla\u00e7\u00e3o"},"content":{"rendered":"\n<p><strong>Estatuto da UFMG<\/strong><\/p>\n\n\n\n<p><a href=\"https:\/\/www2.ufmg.br\/sods\/Sods\/Sobre-a-UFMG\/Estatuto\">https:\/\/www2.ufmg.br\/sods\/Sods\/Sobre-a-UFMG\/Estatuto<\/a><\/p>\n\n\n\n<p><strong>Regimento Geral da UFMG<\/strong><\/p>\n\n\n\n<p><a href=\"https:\/\/www2.ufmg.br\/sods\/Sods\/Sobre-a-UFMG\/Regimento-Geral\">https:\/\/www2.ufmg.br\/sods\/Sods\/Sobre-a-UFMG\/Regimento-Geral<\/a><\/p>\n\n\n\n<p><a href=\"https:\/\/www.ufmg.br\/montesclaros\/wp-content\/uploads\/2019\/10\/Regimento-ICA.pdf\" target=\"_blank\" rel=\"noreferrer noopener\">Regimento do ICA<\/a>\u00a0<\/p>\n\n\n\n<p><a href=\"https:\/\/www.ufmg.br\/montesclaros\/wp-content\/uploads\/2019\/10\/Resolucao-complementar-04-2014-17-03-2015.pdf\" data-type=\"URL\" target=\"_blank\" rel=\"noreferrer noopener\">Resolu\u00e7\u00e3o 04\/2014<\/a>\u00a0\u2013 Disp\u00f5e sobre promo\u00e7\u00f5es e progress\u00f5es docentes na UFMG\u00a0<\/p>\n\n\n\n<p><a href=\"https:\/\/www.ufmg.br\/montesclaros\/wp-content\/uploads\/2019\/10\/3-Resolucao-13-2010-Revisao-de-decisao.pdf\" target=\"_blank\" rel=\"noreferrer noopener\">Resolu\u00e7\u00e3o 13\/2010<\/a>\u2013 Estabelece normas para processos de revis\u00e3o de decis\u00e3o acad\u00eamica e administrativa\u00a0<\/p>\n\n\n\n<p><a href=\"https:\/\/www.ufmg.br\/montesclaros\/wp-content\/uploads\/2019\/10\/wfd_manual_ufmg_digital_final.pdf\" target=\"_blank\" rel=\"noreferrer noopener\">Manual de Gest\u00e3o de Documentos Arquiv\u00edsticos da UFMG<\/a>\u00a0<\/p>\n","protected":false},"excerpt":{"rendered":"<p>Estatuto da UFMG https:\/\/www2.ufmg.br\/sods\/Sods\/Sobre-a-UFMG\/Estatuto Regimento Geral da UFMG https:\/\/www2.ufmg.br\/sods\/Sods\/Sobre-a-UFMG\/Regimento-Geral Regimento do ICA\u00a0 Resolu\u00e7\u00e3o 04\/2014\u00a0\u2013 Disp\u00f5e sobre promo\u00e7\u00f5es e progress\u00f5es docentes na UFMG\u00a0 Resolu\u00e7\u00e3o 13\/2010\u2013 Estabelece normas para processos de revis\u00e3o de decis\u00e3o acad\u00eamica e administrativa\u00a0 Manual de Gest\u00e3o de Documentos Arquiv\u00edsticos da UFMG\u00a0<\/p>\n","protected":false},"author":3,"featured_media":0,"parent":0,"menu_order":0,"comment_status":"closed","ping_status":"closed","template":"","meta":[],"acf":[],"_links":{"self":[{"href":"https:\/\/www.ufmg.br\/montesclaros\/wp-json\/wp\/v2\/pages\/484"}],"collection":[{"href":"https:\/\/www.ufmg.br\/montesclaros\/wp-json\/wp\/v2\/pages"}],"about":[{"href":"https:\/\/www.ufmg.br\/montesclaros\/wp-json\/wp\/v2\/types\/page"}],"author":[{"embeddable":true,"href":"https:\/\/www.ufmg.br\/montesclaros\/wp-json\/wp\/v2\/users\/3"}],"replies":[{"embeddable":true,"href":"https:\/\/www.ufmg.br\/montesclaros\/wp-json\/wp\/v2\/comments?post=484"}],"version-history":[{"count":3,"href":"https:\/\/www.ufmg.br\/montesclaros\/wp-json\/wp\/v2\/pages\/484\/revisions"}],"predecessor-version":[{"id":1151,"href":"https:\/\/www.ufmg.br\/montesclaros\/wp-json\/wp\/v2\/pages\/484\/revisions\/1151"}],"wp:attachment":[{"href":"https:\/\/www.ufmg.br\/montesclaros\/wp-json\/wp\/v2\/media?parent=484"}],"curies":[{"name":"wp","href":"https:\/\/api.w.org\/{rel}","templated":true}]}}