{"id":491,"date":"2024-03-25T08:37:03","date_gmt":"2024-03-25T11:37:03","guid":{"rendered":"http:\/\/sites-hml.dti.ufmg.br\/ica\/ica-novo\/?page_id=491"},"modified":"2025-08-19T07:20:07","modified_gmt":"2025-08-19T10:20:07","slug":"napq","status":"publish","type":"page","link":"https:\/\/www.ufmg.br\/montesclaros\/napq\/","title":{"rendered":"N\u00facleo de Assessoramento \u00e0 Pesquisa (NAPQ)"},"content":{"rendered":"\n<p>O N\u00facleo de Assessoramento \u00e0 Pesquisa do Instituto de Ci\u00eancias Agr\u00e1rias (NAPq) \u00e9 o \u00f3rg\u00e3o que auxilia a Diretoria da Unidade em assuntos de pesquisa, ligando o Campus Regional de Montes Claros \u00e0 Pr\u00f3-Reitoria de Pesquisa (PRPq), localizada no Campus Pampulha, em Belo Horizonte. O N\u00facleo possui as seguinte atribui\u00e7\u00f5es:<\/p>\n\n\n\n<ul>\n<li>Centralizar informa\u00e7\u00f5es referentes \u00e0s pesquisas realizadas na Unidade<\/li>\n\n\n\n<li>Gerenciar o processo de registro de pesquisas na unidade<\/li>\n\n\n\n<li>Emitir declara\u00e7\u00f5es aos Coordenadores e validar declara\u00e7\u00f5es dos demais membros das pesquisas<\/li>\n\n\n\n<li>Organizar a participa\u00e7\u00e3o do ICA na Semana de Inicia\u00e7\u00e3o Cient\u00edfica<\/li>\n\n\n\n<li>Orientar os pesquisadores sobre fomentos e publica\u00e7\u00f5es<\/li>\n\n\n\n<li>Facilitar o andamento dos editais de concess\u00e3o de bolsas da PRPq na Unidade e fornecer orienta\u00e7\u00f5es aos professores contemplados e estudantes<\/li>\n\n\n\n<li>Encaminhar o processo de substitui\u00e7\u00e3o ou cancelamento das bolsas de estudantes<\/li>\n<\/ul>\n\n\n\n<p><\/p>\n\n\n\n<figure class=\"wp-block-table\"><table><tbody><tr><td><\/td><td><strong>Servidor<\/strong><\/td><td><strong>E-mail<\/strong><\/td><td><strong>Telefone<\/strong><\/td><\/tr><tr><td>Coordenador<\/td><td>Professor Ivan Pires de Oliveira<\/td><td><a href=\"mailto:ivan.pires.oliveira@gmail.com\" target=\"_blank\" rel=\"noreferrer noopener\">ivan.pires.oliveira@gmail.com<\/a><\/td><td>(38) 2101-7956<\/td><\/tr><tr><td>Subcoordenador<\/td><td>Leandro Silva de Oliveira<\/td><td><a rel=\"noreferrer noopener\" href=\"mailto:lsoliveira@ica.ufmg.br\" target=\"_blank\">lsoliveira@ufmg.br<\/a><\/td><td>(38) 2101-7931<\/td><\/tr><tr><td>Secret\u00e1ria<\/td><td>Lisley Lourrany Nascimento Souza<\/td><td><a href=\"mailto:napq@ica.ufmg.br\" target=\"_blank\" rel=\"noreferrer noopener\">napq@ica.ufmg.br<\/a><\/td><td>(38) 2101-7715<\/td><\/tr><\/tbody><\/table><\/figure>\n\n\n\n<p>A Secretaria do NAPq est\u00e1 localizada no Anexo do CAAD, na sala 11 do primeiro andar.<\/p>\n\n\n\n<p>Hor\u00e1rio de atendimento ao p\u00fablico: 14:00 \u00e0s 17:00.<\/p>\n\n\n\n<p>Com o objetivo de aprimorar as a\u00e7\u00f5es vinculadas \u00e0 pesquisa em nossa Unidade, o NAPq do ICA comunica que os procedimentos relativos ao Registro de Projetos de Pesquisa foram reformulados e aprovados mediante Parecer n\u00ba 139\/2020, conforme reuni\u00e3o da Congrega\u00e7\u00e3o realizada no dia 30 de outubro de 2020.<\/p>\n\n\n\n<p><a href=\"https:\/\/www.ufmg.br\/montesclaros\/wp-content\/uploads\/2020\/12\/Anexo-1-Aprovado-Diretrizes-Projeto-Pesquisa_01_12_2020.pdf\" target=\"_blank\" rel=\"noreferrer noopener\">1- Diretrizes para registro de projetos de pesquisa<\/a><\/p>\n\n\n\n<p><a href=\"https:\/\/www.ufmg.br\/montesclaros\/wp-content\/uploads\/2020\/12\/Anexo-2-Formulario-para-registro-de-projeto-CONGREGACAO-01_12_2020.docx\">2- Novo formul\u00e1rio de registro de projeto de pesquisa<\/a><\/p>\n\n\n\n<p><a href=\"https:\/\/www.ufmg.br\/montesclaros\/wp-content\/uploads\/2022\/07\/Anexo-4.2-Aprovacao-Projeto-Pesquisa-Unidade-Anexo-I-Solicitante.pdf\" target=\"_blank\" rel=\"noreferrer noopener\">3- Procedimento Operacional Padr\u00e3o para registro de projetos de pesquisa na Unidade, via Sistema Eletr\u00f4nico de Informa\u00e7\u00f5es-SEI (passo a passo)<\/a><\/p>\n\n\n\n<p><a href=\"https:\/\/www.ufmg.br\/montesclaros\/wp-content\/uploads\/2021\/11\/Relatorio-Final-Projeto-NAPq.doc\">4 \u2013 Relat\u00f3rio Final Projeto NAPq<\/a><\/p>\n\n\n\n<p>Instru\u00e7\u00f5es para emiss\u00e3o de declara\u00e7\u00e3o de participa\u00e7\u00e3o em projetos de pesquisa registrados no NAPq<\/p>\n\n\n\n<p>1-&nbsp;&nbsp;<a href=\"https:\/\/www.ufmg.br\/montesclaros\/wp-content\/uploads\/2022\/01\/Emissao-declaracoes-Projetos-registrados-via-SEI_21_01.pdf\" target=\"_blank\" rel=\"noreferrer noopener\">Emiss\u00e3o de declara\u00e7\u00f5es para membros de equipes- Projetos registrados via SEI<\/a><\/p>\n\n\n\n<p>2-&nbsp;&nbsp;<a href=\"https:\/\/www.ufmg.br\/montesclaros\/wp-content\/uploads\/2022\/01\/Emissao-declaracoes-Projetos-NAO-registrados-via-SEI_21_01.pdf\" target=\"_blank\" rel=\"noreferrer noopener\">Emiss\u00e3o de declara\u00e7\u00e3o para membros de equipes- Projetos N\u00c3O registrados via SEI<\/a><\/p>\n\n\n\n<p>3-&nbsp;&nbsp;<a href=\"https:\/\/www.ufmg.br\/montesclaros\/wp-content\/uploads\/2022\/01\/Emissao-declaracoes-Coordena%C3%A7%C3%A3o-Projeto.pdf\" target=\"_blank\" rel=\"noreferrer noopener\">Emiss\u00e3o de declara\u00e7\u00e3o para Coordenadores de Projetos<\/a><\/p>\n\n\n\n<p><strong>Inicia\u00e7\u00e3o Cient\u00edfica Volunt\u00e1ria<\/strong><\/p>\n\n\n\n<p>O Programa de Inicia\u00e7\u00e3o Cient\u00edfica Volunt\u00e1ria da UFMG, coordenado pela PRPq, tem por objetivo dar oportunidade a estudantes da UFMG que se interessam em participar de projetos de Inicia\u00e7\u00e3o Cient\u00edfica, mas n\u00e3o possuem bolsa de \u00f3rg\u00e3os financiadores.<\/p>\n\n\n\n<p>No arquivo a seguir, apresentamos instru\u00e7\u00f5es sobre os tr\u00e2mites de cadastro nessa modalidade, no \u00e2mbito do ICA:<\/p>\n\n\n\n<p><a href=\"https:\/\/www.ufmg.br\/montesclaros\/wp-content\/uploads\/2021\/06\/Instrucoes-ICV.pdf\" target=\"_blank\" rel=\"noreferrer noopener\">Instru\u00e7\u00f5es ICV<\/a><\/p>\n","protected":false},"excerpt":{"rendered":"<p>O N\u00facleo de Assessoramento \u00e0 Pesquisa do Instituto de Ci\u00eancias Agr\u00e1rias (NAPq) \u00e9 o \u00f3rg\u00e3o que auxilia a Diretoria da Unidade em assuntos de pesquisa, ligando o Campus Regional de Montes Claros \u00e0 Pr\u00f3-Reitoria de Pesquisa (PRPq), localizada no Campus Pampulha, em Belo Horizonte. O N\u00facleo possui as seguinte atribui\u00e7\u00f5es: Servidor E-mail Telefone Coordenador Professor [&hellip;]<\/p>\n","protected":false},"author":3,"featured_media":0,"parent":0,"menu_order":0,"comment_status":"closed","ping_status":"closed","template":"","meta":[],"acf":[],"_links":{"self":[{"href":"https:\/\/www.ufmg.br\/montesclaros\/wp-json\/wp\/v2\/pages\/491"}],"collection":[{"href":"https:\/\/www.ufmg.br\/montesclaros\/wp-json\/wp\/v2\/pages"}],"about":[{"href":"https:\/\/www.ufmg.br\/montesclaros\/wp-json\/wp\/v2\/types\/page"}],"author":[{"embeddable":true,"href":"https:\/\/www.ufmg.br\/montesclaros\/wp-json\/wp\/v2\/users\/3"}],"replies":[{"embeddable":true,"href":"https:\/\/www.ufmg.br\/montesclaros\/wp-json\/wp\/v2\/comments?post=491"}],"version-history":[{"count":7,"href":"https:\/\/www.ufmg.br\/montesclaros\/wp-json\/wp\/v2\/pages\/491\/revisions"}],"predecessor-version":[{"id":4029,"href":"https:\/\/www.ufmg.br\/montesclaros\/wp-json\/wp\/v2\/pages\/491\/revisions\/4029"}],"wp:attachment":[{"href":"https:\/\/www.ufmg.br\/montesclaros\/wp-json\/wp\/v2\/media?parent=491"}],"curies":[{"name":"wp","href":"https:\/\/api.w.org\/{rel}","templated":true}]}}