{"id":494,"date":"2024-03-25T08:38:53","date_gmt":"2024-03-25T11:38:53","guid":{"rendered":"http:\/\/sites-hml.dti.ufmg.br\/ica\/ica-novo\/?page_id=494"},"modified":"2024-07-01T15:24:43","modified_gmt":"2024-07-01T18:24:43","slug":"cpca","status":"publish","type":"page","link":"https:\/\/www.ufmg.br\/montesclaros\/cpca\/","title":{"rendered":"Centro de Pesquisas em Ci\u00eancias Agr\u00e1rias (CPCA)"},"content":{"rendered":"\n<p><strong>Hist\u00f3rico<\/strong><br>O Centro de Pesquisas em Ci\u00eancias Agr\u00e1rias (CPCA) foi inaugurado em 11 de outubro de 2013 com o objetivo de consolidar as pesquisas do Instituto de Ci\u00eancias Agr\u00e1rias (ICA) da Universidade Federal de Minas Gerais (UFMG), em conson\u00e2ncia com o planejamento estrat\u00e9gico da UFMG para o Campus Regional de Montes Claros.<\/p>\n\n\n\n<p><strong>Finalidade<\/strong><br>\u2013 Promover o desenvolvimento de pesquisas cient\u00edficas e tecnol\u00f3gicas de forma integrada, com \u00eanfase para a solu\u00e7\u00e3o de problemas no semi\u00e1rido, pelos<br>docentes do ICA;<br>\u2013 Promover a intera\u00e7\u00e3o dos grupos de pesquisa do ICA com grupos de outras IES do Estado de Minas Gerais e do pa\u00eds;<br>\u2013 Favorecer a forma\u00e7\u00e3o de recursos humanos em n\u00edvel de p\u00f3s-gradua\u00e7\u00e3o;<br>\u2013 Aprimorar a forma\u00e7\u00e3o de alunos de gradua\u00e7\u00e3o mediante sua inser\u00e7\u00e3o em atividades de pesquisa e inova\u00e7\u00e3o tecnol\u00f3gica;<br>\u2013 Promover gera\u00e7\u00e3o de tecnologia de impacto regional e nacional, com possibilidade significativa de sua transfer\u00eancia para a sociedade.<\/p>\n\n\n\n<p><strong>Comiss\u00e3o Gestora<\/strong><br><strong>Coordenador Geral:<\/strong>&nbsp;Prof\u00aa.&nbsp; J\u00falia Ferreira da Silva<br><strong>Sub-coordenadora Geral:<\/strong>&nbsp;Tha\u00eds Santos Pinheiro<br><strong>Membros Assessores:<\/strong>&nbsp;Fl\u00e1via \u00c9chila Ribeiro Batista, Carolina Magalh\u00e3es Caires Carvalho, Prof\u00aa. Roberta Torres Careli<br><strong>Contato:<\/strong>&nbsp;(38)2101-7922<\/p>\n\n\n\n<p><strong>LABORAT\u00d3RIOS<\/strong><\/p>\n\n\n\n<p>BIOINFORM\u00c1TICA<br>BIOPROCESSOS<br>BIOTECNOLOGIA<br>CONTROLE DA POLUI\u00c7\u00c3O<br>FENOTIPAGEM DE PLANTAS<br>MELHORAMENTO FLORESTAL<br>MENSURA\u00c7\u00c3O FLORESTAL \u2013 LAMEF<br>MICROBIOLOGIA E MAT\u00c9RIA ORG\u00c2NICA DO SOLO<br>N\u00daCLEO DE ESTUDOS EM DESENVOLVIMENTO E SOCIEDADE \u2013 NEDS<br>N\u00daCLEO INTERDISCIPLINAR DE PESQUISA EM TECNOLOGIA E HUMANIDADES \u2013 NIPTECH<br>PLANTAS MEDICINAIS E AROM\u00c1TICAS<br>PROCESSOS E COMPOSTOS NUTRAC\u00caUTICOS E FUNCIONAIS<br>SANIDADE ANIMAL<br>TECNOLOGIA EM PRODUTOS DE ORIGEM ANIMAL<\/p>\n\n\n\n<figure class=\"wp-block-image\"><a href=\"https:\/\/halley.adm-serv.ufmg.br\/ica\/wp-content\/uploads\/2018\/02\/VISTA-FRONTAL-COM-PLACA.jpg\"><img decoding=\"async\" src=\"https:\/\/halley.adm-serv.ufmg.br\/ica\/wp-content\/uploads\/2018\/02\/VISTA-FRONTAL-COM-PLACA-1024x645.jpg\" alt=\"\" class=\"wp-image-2701\"\/><\/a><\/figure>\n\n\n\n<figure class=\"wp-block-image\"><a href=\"https:\/\/halley.adm-serv.ufmg.br\/ica\/wp-content\/uploads\/2018\/02\/VISTA-ESQUERDA2.jpg\"><img decoding=\"async\" src=\"https:\/\/halley.adm-serv.ufmg.br\/ica\/wp-content\/uploads\/2018\/02\/VISTA-ESQUERDA2-1024x653.jpg\" alt=\"\" class=\"wp-image-2700\"\/><\/a><\/figure>\n","protected":false},"excerpt":{"rendered":"<p>Hist\u00f3ricoO Centro de Pesquisas em Ci\u00eancias Agr\u00e1rias (CPCA) foi inaugurado em 11 de outubro de 2013 com o objetivo de consolidar as pesquisas do Instituto de Ci\u00eancias Agr\u00e1rias (ICA) da Universidade Federal de Minas Gerais (UFMG), em conson\u00e2ncia com o planejamento estrat\u00e9gico da UFMG para o Campus Regional de Montes Claros. Finalidade\u2013 Promover o desenvolvimento [&hellip;]<\/p>\n","protected":false},"author":3,"featured_media":0,"parent":0,"menu_order":0,"comment_status":"closed","ping_status":"closed","template":"","meta":[],"acf":[],"_links":{"self":[{"href":"https:\/\/www.ufmg.br\/montesclaros\/wp-json\/wp\/v2\/pages\/494"}],"collection":[{"href":"https:\/\/www.ufmg.br\/montesclaros\/wp-json\/wp\/v2\/pages"}],"about":[{"href":"https:\/\/www.ufmg.br\/montesclaros\/wp-json\/wp\/v2\/types\/page"}],"author":[{"embeddable":true,"href":"https:\/\/www.ufmg.br\/montesclaros\/wp-json\/wp\/v2\/users\/3"}],"replies":[{"embeddable":true,"href":"https:\/\/www.ufmg.br\/montesclaros\/wp-json\/wp\/v2\/comments?post=494"}],"version-history":[{"count":3,"href":"https:\/\/www.ufmg.br\/montesclaros\/wp-json\/wp\/v2\/pages\/494\/revisions"}],"predecessor-version":[{"id":1127,"href":"https:\/\/www.ufmg.br\/montesclaros\/wp-json\/wp\/v2\/pages\/494\/revisions\/1127"}],"wp:attachment":[{"href":"https:\/\/www.ufmg.br\/montesclaros\/wp-json\/wp\/v2\/media?parent=494"}],"curies":[{"name":"wp","href":"https:\/\/api.w.org\/{rel}","templated":true}]}}