{"id":497,"date":"2024-03-25T08:41:02","date_gmt":"2024-03-25T11:41:02","guid":{"rendered":"http:\/\/sites-hml.dti.ufmg.br\/ica\/ica-novo\/?page_id=497"},"modified":"2024-07-01T15:22:10","modified_gmt":"2024-07-01T18:22:10","slug":"grupos-de-pesquisa","status":"publish","type":"page","link":"https:\/\/www.ufmg.br\/montesclaros\/grupos-de-pesquisa\/","title":{"rendered":"Grupos de Pesquisa"},"content":{"rendered":"\n<p>De acordo com a Resolu\u00e7\u00e3o CEPE 02\/2019, Grupo de Pesquisa \u00e9 o conjunto de indiv\u00edduos organizados em torno de uma ou, eventualmente, duas lideran\u00e7as, chamadas de 1\u00ba l\u00edder e 2\u00ba l\u00edder, cujo fundamento organizador \u00e9 a experi\u00eancia, o destaque e a lideran\u00e7a no terreno art\u00edstico, cient\u00edfico ou tecnol\u00f3gico; no qual existe envolvimento profissional e permanente com a atividade de pesquisa; cujo trabalho se organiza em torno de linhas comuns de pesquisa que subordinam-se ao Grupo; e que, em algum grau, compartilha instala\u00e7\u00f5es e equipamentos.<\/p>\n\n\n\n<p>O Instituto de Ci\u00eancias Agr\u00e1rias (ICA) possui diversos grupos de pesquisa, liderados por docentes da Institui\u00e7\u00e3o e cadastrados no&nbsp;<a href=\"http:\/\/lattes.cnpq.br\/web\/dgp\/home\" target=\"_blank\" rel=\"noreferrer noopener\">Diret\u00f3rio de Grupos de Pesquisa no Brasil<\/a>, do CNPq. Tais grupos abordam variadas \u00e1reas de conhecimento e s\u00e3o compostos por pesquisadores, estudantes e t\u00e9cnicos.<\/p>\n\n\n\n<p><a href=\"https:\/\/www.ufmg.br\/montesclaros\/wp-content\/uploads\/2023\/10\/Lista-grupos-de-pesquisa-atualizada.pdf\" target=\"_blank\" rel=\"noreferrer noopener\">Confira a rela\u00e7\u00e3o dos Grupos de Pesquisa do ICA\u00a0<\/a><\/p>\n\n\n\n<p><a href=\"https:\/\/www.ufmg.br\/montesclaros\/wp-content\/uploads\/2019\/10\/Resolucao-CEPE-02-2019.pdf\" target=\"_blank\" rel=\"noreferrer noopener\">Resolu\u00e7\u00e3o 02\/2019<\/a>\u00a0\u2013 Normatiza a cria\u00e7\u00e3o de Grupos de Pesquisa na UFMG<\/p>\n\n\n\n<p><strong>Tr\u00e2mites para a cria\u00e7\u00e3o de Grupo de Pesquisa a ser cadastrado no Diret\u00f3rio do CNPq<\/strong><\/p>\n\n\n\n<p>O docente interessado dever\u00e1:<\/p>\n\n\n\n<p>\u2013 Abrir o processo no SEI (n\u00e3o h\u00e1 processo espec\u00edfico para o assunto. Sugest\u00e3o: \u201cAdministra\u00e7\u00e3o: Cria\u00e7\u00e3o e atua\u00e7\u00e3o de comiss\u00e3o\u2026\u201d)<\/p>\n\n\n\n<p>\u2013 Inserir\u00a0<a href=\"https:\/\/www.ufmg.br\/montesclaros\/wp-content\/uploads\/2021\/11\/FORMULARIO-GP-ATUALIZADO-ABRIL-2018.docx\" target=\"_blank\" rel=\"noreferrer noopener\">formul\u00e1rio pr\u00f3prio<\/a>;<\/p>\n\n\n\n<p>\u2013 Inserir solicita\u00e7\u00e3o de cria\u00e7\u00e3o \u00e0 Congrega\u00e7\u00e3o;<\/p>\n\n\n\n<p>\u2013 Enviar o processo para a unidade ICA-DIR;<\/p>\n\n\n\n<p>\u2013 Aguardar emiss\u00e3o de Parecer por parte da Congrega\u00e7\u00e3o da Unidade;<\/p>\n\n\n\n<p>\u2013 Ap\u00f3s aprova\u00e7\u00e3o por parte da Congrega\u00e7\u00e3o, seguir as instru\u00e7\u00f5es contidas na&nbsp;<a href=\"https:\/\/www.ufmg.br\/prpq\/grupos-de-pesquisa\/\" target=\"_blank\" rel=\"noreferrer noopener\">P\u00e1gina da Pr\u00f3-Reitoria de Pesquisa<\/a><\/p>\n","protected":false},"excerpt":{"rendered":"<p>De acordo com a Resolu\u00e7\u00e3o CEPE 02\/2019, Grupo de Pesquisa \u00e9 o conjunto de indiv\u00edduos organizados em torno de uma ou, eventualmente, duas lideran\u00e7as, chamadas de 1\u00ba l\u00edder e 2\u00ba l\u00edder, cujo fundamento organizador \u00e9 a experi\u00eancia, o destaque e a lideran\u00e7a no terreno art\u00edstico, cient\u00edfico ou tecnol\u00f3gico; no qual existe envolvimento profissional e permanente [&hellip;]<\/p>\n","protected":false},"author":3,"featured_media":0,"parent":0,"menu_order":0,"comment_status":"closed","ping_status":"closed","template":"","meta":[],"acf":[],"_links":{"self":[{"href":"https:\/\/www.ufmg.br\/montesclaros\/wp-json\/wp\/v2\/pages\/497"}],"collection":[{"href":"https:\/\/www.ufmg.br\/montesclaros\/wp-json\/wp\/v2\/pages"}],"about":[{"href":"https:\/\/www.ufmg.br\/montesclaros\/wp-json\/wp\/v2\/types\/page"}],"author":[{"embeddable":true,"href":"https:\/\/www.ufmg.br\/montesclaros\/wp-json\/wp\/v2\/users\/3"}],"replies":[{"embeddable":true,"href":"https:\/\/www.ufmg.br\/montesclaros\/wp-json\/wp\/v2\/comments?post=497"}],"version-history":[{"count":2,"href":"https:\/\/www.ufmg.br\/montesclaros\/wp-json\/wp\/v2\/pages\/497\/revisions"}],"predecessor-version":[{"id":1125,"href":"https:\/\/www.ufmg.br\/montesclaros\/wp-json\/wp\/v2\/pages\/497\/revisions\/1125"}],"wp:attachment":[{"href":"https:\/\/www.ufmg.br\/montesclaros\/wp-json\/wp\/v2\/media?parent=497"}],"curies":[{"name":"wp","href":"https:\/\/api.w.org\/{rel}","templated":true}]}}