{"id":524,"date":"2024-03-25T09:57:18","date_gmt":"2024-03-25T12:57:18","guid":{"rendered":"http:\/\/sites-hml.dti.ufmg.br\/ica\/ica-novo\/?page_id=524"},"modified":"2024-07-04T08:21:13","modified_gmt":"2024-07-04T11:21:13","slug":"procedimentos-operacionais-padrao","status":"publish","type":"page","link":"https:\/\/www.ufmg.br\/montesclaros\/procedimentos-operacionais-padrao\/","title":{"rendered":"Procedimentos Operacionais Padr\u00e3o"},"content":{"rendered":"\n<p>Os Procedimentos Operacionais Padr\u00e3o (POPs) s\u00e3o descri\u00e7\u00f5es detalhadas de todas as opera\u00e7\u00f5es necess\u00e1rias para gest\u00e3o e manejo de res\u00edduos qu\u00edmicos.<\/p>\n\n\n\n<p><a href=\"https:\/\/www.ufmg.br\/montesclaros\/wp-content\/uploads\/2018\/11\/Procedimento-Acondicionamento-dos-Res%C3%ADduos.pdf\">Procedimento Acondicionamento dos Res\u00edduos<\/a><\/p>\n\n\n\n<p><a href=\"https:\/\/www.ufmg.br\/montesclaros\/wp-content\/uploads\/2018\/11\/Procedimento-Descarte-Interno-de-Res%C3%ADduos-Qu%C3%ADmicos-N%C3%A3o-Perigosos.pdf\">Procedimento Descarte Interno de Res\u00edduos Qu\u00edmicos N\u00e3o Perigosos<\/a><\/p>\n\n\n\n<p><a href=\"https:\/\/www.ufmg.br\/montesclaros\/wp-content\/uploads\/2018\/11\/Procedimento-Embalagem-Vazia.pdf\" data-type=\"URL\" data-id=\"https:\/\/www.ufmg.br\/montesclaros\/wp-content\/uploads\/2018\/11\/Procedimento-Embalagem-Vazia.pdf\">Procedimento Embalagem Vazia<\/a><\/p>\n\n\n\n<p><a href=\"https:\/\/www.ufmg.br\/montesclaros\/wp-content\/uploads\/2018\/11\/Procedimento-Invent%C3%A1rio-de-Res%C3%ADduos-Qu%C3%ADmicos-Perigosos.pdf\">Procedimento Invent\u00e1rio de Res\u00edduos Qu\u00edmicos Perigosos<\/a><\/p>\n\n\n\n<p><a href=\"https:\/\/www.ufmg.br\/montesclaros\/wp-content\/uploads\/2018\/11\/Procedimento-Coleta-de-Res%C3%ADduos-Perigosos.pdf\">Procedimento Coleta de Res\u00edduos Perigosos<\/a><\/p>\n\n\n\n<p><a href=\"https:\/\/www.ufmg.br\/montesclaros\/wp-content\/uploads\/2018\/11\/Procedimento-Documenta%C3%A7%C3%A3o-do-Transporte.pdf\">Procedimento Documenta\u00e7\u00e3o do Transporte<\/a><\/p>\n\n\n\n<p><a href=\"https:\/\/www.ufmg.br\/montesclaros\/wp-content\/uploads\/2018\/11\/Procedimento-Rotulagem.pdf\">Procedimento Rotulagem<\/a><\/p>\n\n\n\n<p><a href=\"https:\/\/www.ufmg.br\/montesclaros\/wp-content\/uploads\/2018\/11\/Procedimento-Sinaliza%C3%A7%C3%A3o-e-Equipamentos-Seguran%C3%A7a.pdf\">Procedimento Sinaliza\u00e7\u00e3o e Equipamentos Seguran\u00e7a<\/a><\/p>\n","protected":false},"excerpt":{"rendered":"<p>Os Procedimentos Operacionais Padr\u00e3o (POPs) s\u00e3o descri\u00e7\u00f5es detalhadas de todas as opera\u00e7\u00f5es necess\u00e1rias para gest\u00e3o e manejo de res\u00edduos qu\u00edmicos. Procedimento Acondicionamento dos Res\u00edduos Procedimento Descarte Interno de Res\u00edduos Qu\u00edmicos N\u00e3o Perigosos Procedimento Embalagem Vazia Procedimento Invent\u00e1rio de Res\u00edduos Qu\u00edmicos Perigosos Procedimento Coleta de Res\u00edduos Perigosos Procedimento Documenta\u00e7\u00e3o do Transporte Procedimento Rotulagem Procedimento Sinaliza\u00e7\u00e3o e [&hellip;]<\/p>\n","protected":false},"author":3,"featured_media":0,"parent":0,"menu_order":0,"comment_status":"closed","ping_status":"closed","template":"","meta":[],"acf":[],"_links":{"self":[{"href":"https:\/\/www.ufmg.br\/montesclaros\/wp-json\/wp\/v2\/pages\/524"}],"collection":[{"href":"https:\/\/www.ufmg.br\/montesclaros\/wp-json\/wp\/v2\/pages"}],"about":[{"href":"https:\/\/www.ufmg.br\/montesclaros\/wp-json\/wp\/v2\/types\/page"}],"author":[{"embeddable":true,"href":"https:\/\/www.ufmg.br\/montesclaros\/wp-json\/wp\/v2\/users\/3"}],"replies":[{"embeddable":true,"href":"https:\/\/www.ufmg.br\/montesclaros\/wp-json\/wp\/v2\/comments?post=524"}],"version-history":[{"count":2,"href":"https:\/\/www.ufmg.br\/montesclaros\/wp-json\/wp\/v2\/pages\/524\/revisions"}],"predecessor-version":[{"id":1165,"href":"https:\/\/www.ufmg.br\/montesclaros\/wp-json\/wp\/v2\/pages\/524\/revisions\/1165"}],"wp:attachment":[{"href":"https:\/\/www.ufmg.br\/montesclaros\/wp-json\/wp\/v2\/media?parent=524"}],"curies":[{"name":"wp","href":"https:\/\/api.w.org\/{rel}","templated":true}]}}