{"id":586,"date":"2024-04-08T14:04:42","date_gmt":"2024-04-08T17:04:42","guid":{"rendered":"http:\/\/sites-hml.dti.ufmg.br\/ica\/ica-novo\/?page_id=586"},"modified":"2024-07-02T08:53:50","modified_gmt":"2024-07-02T11:53:50","slug":"aproveitamento-de-assiduidade","status":"publish","type":"page","link":"https:\/\/www.ufmg.br\/montesclaros\/aproveitamento-de-assiduidade\/","title":{"rendered":"Aproveitamento de Assiduidade(Antigo Tratamento Especial)"},"content":{"rendered":"\n<p>De acordo com art. 11 das NGG, \u201c\u00a7 4\u00ba A crit\u00e9rio da C\u00e2mara Departamental ou da estrutura equivalente, o estudante que tiver sido reprovado com nota maior ou igual a 40 (quarenta), mas obtido assiduidade suficiente, poder\u00e1 ser dispensado da aferi\u00e7\u00e3o da assiduidade no per\u00edodo letivo subsequente em que a atividade for ofertada.\u201d<\/p>\n\n\n\n<p>Dever\u00e3o ser observados os seguintes procedimentos:<\/p>\n\n\n\n<p>\u2013 Requerimento&nbsp;<em>online&nbsp;<\/em>do aproveitamento de assiduidade pelo estudante, at\u00e9 um dia antes do in\u00edcio da matr\u00edcula&nbsp;<em>online&nbsp;<\/em>(1\u00aa fase), e registro autom\u00e1tico da respectiva ocorr\u00eancia curricular no caso de deferimento da matr\u00edcula na correspondente atividade acad\u00eamica curricular;<\/p>\n\n\n\n<p>\u2013 Requerimento por e-mail, ao respectivo Colegiado de curso, no per\u00edodo que se estende da data de efetiva\u00e7\u00e3o da matr\u00edcula&nbsp;<em>online&nbsp;<\/em>(1\u00aa fase) at\u00e9 a data-limite que permite altera\u00e7\u00f5es na matr\u00edcula no Siga, com aprova\u00e7\u00e3o pelo Colegiado.<\/p>\n\n\n\n<p><strong>Requerimento de Aproveitamento de Assiduidade<\/strong><\/p>\n\n\n\n<p>O estudante dever\u00e1 acessar o sistema acad\u00eamico via MinhaUFMG \u2013 Clicar em Meus Requerimentos de Ocorr\u00eancias \u2013 Criar novo requerimento \u2013 Selecionar tipo de requerimento Aproveitamento de Assiduidade<\/p>\n\n\n\n<p>Para mais informa\u00e7\u00f5es, acesse o\u00a0<a href=\"https:\/\/www.ufmg.br\/montesclaros\/wp-content\/uploads\/2022\/08\/Oficio-Circular-n-08-2019-PROGRAD-UFMG.pdf\" target=\"_blank\" rel=\"noreferrer noopener\"><u>Of\u00edcio Circular n\u00ba <\/u><\/a><u><a rel=\"noreferrer noopener\" href=\"http:\/\/sites-hml.dti.ufmg.br\/ica\/ica-novo\/documentacao-secao-de-estagio\/\" target=\"_blank\">08<\/a><\/u><a rel=\"noreferrer noopener\" href=\"..\/wp-content\/uploads\/2022\/08\/Oficio-Circular-n-08-2019-PROGRAD-UFMG.pdf\" target=\"_blank\"><u>\/2019\/PROGRAD\/UFMG<\/u><\/a>, que trata do Aproveitamento de Assiduidade na UFMG.<\/p>\n","protected":false},"excerpt":{"rendered":"<p>De acordo com art. 11 das NGG, \u201c\u00a7 4\u00ba A crit\u00e9rio da C\u00e2mara Departamental ou da estrutura equivalente, o estudante que tiver sido reprovado com nota maior ou igual a 40 (quarenta), mas obtido assiduidade suficiente, poder\u00e1 ser dispensado da aferi\u00e7\u00e3o da assiduidade no per\u00edodo letivo subsequente em que a atividade for ofertada.\u201d Dever\u00e3o ser [&hellip;]<\/p>\n","protected":false},"author":3,"featured_media":0,"parent":0,"menu_order":0,"comment_status":"closed","ping_status":"closed","template":"","meta":[],"acf":[],"_links":{"self":[{"href":"https:\/\/www.ufmg.br\/montesclaros\/wp-json\/wp\/v2\/pages\/586"}],"collection":[{"href":"https:\/\/www.ufmg.br\/montesclaros\/wp-json\/wp\/v2\/pages"}],"about":[{"href":"https:\/\/www.ufmg.br\/montesclaros\/wp-json\/wp\/v2\/types\/page"}],"author":[{"embeddable":true,"href":"https:\/\/www.ufmg.br\/montesclaros\/wp-json\/wp\/v2\/users\/3"}],"replies":[{"embeddable":true,"href":"https:\/\/www.ufmg.br\/montesclaros\/wp-json\/wp\/v2\/comments?post=586"}],"version-history":[{"count":5,"href":"https:\/\/www.ufmg.br\/montesclaros\/wp-json\/wp\/v2\/pages\/586\/revisions"}],"predecessor-version":[{"id":1137,"href":"https:\/\/www.ufmg.br\/montesclaros\/wp-json\/wp\/v2\/pages\/586\/revisions\/1137"}],"wp:attachment":[{"href":"https:\/\/www.ufmg.br\/montesclaros\/wp-json\/wp\/v2\/media?parent=586"}],"curies":[{"name":"wp","href":"https:\/\/api.w.org\/{rel}","templated":true}]}}