{"id":589,"date":"2024-04-08T15:17:01","date_gmt":"2024-04-08T18:17:01","guid":{"rendered":"http:\/\/sites-hml.dti.ufmg.br\/ica\/ica-novo\/?page_id=589"},"modified":"2025-08-07T14:24:42","modified_gmt":"2025-08-07T17:24:42","slug":"arquivos-historicos-do-ica","status":"publish","type":"page","link":"https:\/\/www.ufmg.br\/montesclaros\/arquivos-historicos-do-ica\/","title":{"rendered":"Arquivos hist\u00f3ricos do ICA"},"content":{"rendered":"\n<figure class=\"wp-block-gallery has-nested-images columns-default is-cropped wp-block-gallery-1 is-layout-flex\">\n<figure class=\"wp-block-image size-large\"><a href=\"https:\/\/www.ufmg.br\/montesclaros\/wp-content\/uploads\/2015\/04\/1-DOU-col-agricola.jpg\"><img decoding=\"async\" data-id=\"583\"  src=\"https:\/\/www.ufmg.br\/montesclaros\/wp-content\/uploads\/2015\/04\/1-DOU-col-agricola.jpg\" alt=\"\" class=\"wp-image-583\"\/><\/a><figcaption class=\"wp-element-caption\">Lei que cria o Col\u00e9gio Agr\u00edcola Ant\u00f4nio Versiani Athayde \u2013 1964<\/figcaption><\/figure>\n\n\n\n<figure class=\"wp-block-image size-large\"><a href=\"https:\/\/www.ufmg.br\/montesclaros\/wp-content\/uploads\/2015\/04\/2-inauguracao-col-agricola.jpg\"><img decoding=\"async\" data-id=\"575\"  src=\"https:\/\/www.ufmg.br\/montesclaros\/wp-content\/uploads\/2015\/04\/2-inauguracao-col-agricola.jpg\" alt=\"\" class=\"wp-image-575\"\/><\/a><figcaption class=\"wp-element-caption\">Ata de inaugura\u00e7\u00e3o do Col\u00e9gio Agr\u00edcola pt1<\/figcaption><\/figure>\n\n\n\n<figure class=\"wp-block-image size-large\"><a href=\"https:\/\/www.ufmg.br\/montesclaros\/wp-content\/uploads\/2015\/04\/3-inauguracao-col-agricola.jpg\"><img decoding=\"async\" data-id=\"573\"  src=\"https:\/\/www.ufmg.br\/montesclaros\/wp-content\/uploads\/2015\/04\/3-inauguracao-col-agricola.jpg\" alt=\"\" class=\"wp-image-573\"\/><\/a><figcaption class=\"wp-element-caption\">Ata de inaugura\u00e7\u00e3o do Col\u00e9gio Agr\u00edcola pt2<\/figcaption><\/figure>\n\n\n\n<figure class=\"wp-block-image size-large\"><a href=\"https:\/\/www.ufmg.br\/montesclaros\/wp-content\/uploads\/2015\/04\/4-resol-Campus-MOC.jpg\"><img decoding=\"async\" data-id=\"573\"  src=\"https:\/\/www.ufmg.br\/montesclaros\/wp-content\/uploads\/2015\/04\/4-resol-Campus-MOC.jpg\" alt=\"\" class=\"wp-image-573\"\/><\/a><figcaption class=\"wp-element-caption\">Resolu\u00e7\u00e3o que institu\u00ed o Campus Regional de Montes Claros \u2013 1976<\/figcaption><\/figure>\n\n\n\n<figure class=\"wp-block-image size-large\"><a href=\"https:\/\/www.ufmg.br\/montesclaros\/wp-content\/uploads\/2015\/04\/Predio-centro-82-83.jpg\"><img decoding=\"async\" data-id=\"571\"  src=\"https:\/\/www.ufmg.br\/montesclaros\/wp-content\/uploads\/2015\/04\/Predio-centro-82-83.jpg\" alt=\"\" class=\"wp-image-571\"\/><\/a><figcaption class=\"wp-element-caption\">Registro do atual Bloco A do Instituto de Ci\u00eancias Agr\u00e1rias, feito entre 1982 e 1983<\/figcaption><\/figure>\n\n\n\n<figure class=\"wp-block-image size-large\"><a class=\"wp-image-571\" href=\"https:\/\/www.ufmg.br\/montesclaros\/wp-content\/uploads\/2015\/04\/posse-diretoria-set-86.jpg\"><img decoding=\"async\" data-id=\"571\"  src=\"https:\/\/www.ufmg.br\/montesclaros\/wp-content\/uploads\/2015\/04\/posse-diretoria-set-86.jpg\" alt=\"\" class=\"wp-image-571\"\/><\/a><figcaption class=\"wp-element-caption\">Posse da nova diretoria \u2013 Set.1986 \u2013 Jornal Montes Claros<\/figcaption><\/figure>\n\n\n\n<figure class=\"wp-block-image size-large\"><a href=\"https:\/\/www.ufmg.br\/montesclaros\/wp-content\/uploads\/2015\/04\/posse-diretoria-2-set-86.jpg\"><img decoding=\"async\" data-id=\"571\"  src=\"https:\/\/www.ufmg.br\/montesclaros\/wp-content\/uploads\/2015\/04\/posse-diretoria-2-set-86.jpg\" alt=\"\" class=\"wp-image-571\"\/><\/a><figcaption class=\"wp-element-caption\">Posse da nova diretoria \u2013 Set.1986<\/figcaption><\/figure>\n\n\n\n<figure class=\"wp-block-image size-large\"><a href=\"https:\/\/www.ufmg.br\/montesclaros\/wp-content\/uploads\/2015\/04\/Lan\u00e7amento-curso-Agronomia-1998.jpg\"><img decoding=\"async\" data-id=\"571\"  src=\"https:\/\/www.ufmg.br\/montesclaros\/wp-content\/uploads\/2015\/04\/Lan\u00e7amento-curso-Agronomia-1998.jpg\" alt=\"\" class=\"wp-image-571\"\/><\/a><figcaption class=\"wp-element-caption\">Solenidade de cria\u00e7\u00e3o do Curso de Gradua\u00e7\u00e3o em Agronomia \u2013 1998<\/figcaption><\/figure>\n\n\n\n<figure class=\"wp-block-image size-large\"><a href=\"https:\/\/www.ufmg.br\/montesclaros\/wp-content\/uploads\/2015\/04\/placa-inaugural-agronomia-98.jpg\"><img decoding=\"async\" data-id=\"571\"  src=\"https:\/\/www.ufmg.br\/montesclaros\/wp-content\/uploads\/2015\/04\/placa-inaugural-agronomia-98.jpg\" alt=\"\" class=\"wp-image-571\"\/><\/a><figcaption class=\"wp-element-caption\"><mark style=\"background-color:rgba(0, 0, 0, 0)\" class=\"has-inline-color has-white-color\">Placa inaugural do Curso de Gradua\u00e7\u00e3o <\/mark><mark style=\"background-color:rgba(0, 0, 0, 0)\" class=\"has-inline-color has-black-color\">em Agronomia \u2013 1998<\/mark><\/figcaption><\/figure>\n\n\n\n<figure class=\"wp-block-image size-large\"><a href=\"https:\/\/www.ufmg.br\/montesclaros\/wp-content\/uploads\/2015\/04\/5-resol-fim-tecnico.jpg\"><img decoding=\"async\" data-id=\"571\"  src=\"https:\/\/www.ufmg.br\/montesclaros\/wp-content\/uploads\/2015\/04\/5-resol-fim-tecnico.jpg\" alt=\"\" class=\"wp-image-571\"\/><\/a><figcaption class=\"wp-element-caption\"><mark style=\"background-color:rgba(0, 0, 0, 0)\" class=\"has-inline-color has-black-color\">Resolu\u00e7\u00e3o que extingue o Curso T\u00e9cnico de Agropecu\u00e1ria<\/mark><\/figcaption><\/figure>\n\n\n\n<figure class=\"wp-block-image size-large\"><a href=\"https:\/\/www.ufmg.br\/montesclaros\/wp-content\/uploads\/2015\/04\/6-NCA-para-ICA.jpg\"><img decoding=\"async\" data-id=\"571\"  src=\"https:\/\/www.ufmg.br\/montesclaros\/wp-content\/uploads\/2015\/04\/6-NCA-para-ICA.jpg\" alt=\"\" class=\"wp-image-571\"\/><\/a><figcaption class=\"wp-element-caption\"><mark style=\"background-color:rgba(0, 0, 0, 0)\" class=\"has-inline-color has-black-color\">Resolu\u00e7\u00e3o que transforma o N\u00facleo de Ci\u00eancias Agr\u00e1rias em Instituto de Ci\u00eancias Agr\u00e1rias \u2013 pt1<\/mark><\/figcaption><\/figure>\n\n\n\n<figure class=\"wp-block-image size-large\"><a href=\"https:\/\/www.ufmg.br\/montesclaros\/wp-content\/uploads\/2015\/04\/7-NCA-para-ICA.jpg\"><img decoding=\"async\" data-id=\"571\"  src=\"https:\/\/www.ufmg.br\/montesclaros\/wp-content\/uploads\/2015\/04\/7-NCA-para-ICA.jpg\" alt=\"\" class=\"wp-image-571\"\/><\/a><figcaption class=\"wp-element-caption\"><mark style=\"background-color:rgba(0, 0, 0, 0)\" class=\"has-inline-color has-black-color\">Resolu\u00e7\u00e3o que transforma o N\u00facleo de Ci\u00eancias Agr\u00e1rias em Instituto de Ci\u00eancias Agr\u00e1rias \u2013 pt2<\/mark><\/figcaption><\/figure>\n\n\n\n<figure class=\"wp-block-image size-large\"><a href=\"https:\/\/www.ufmg.br\/montesclaros\/wp-content\/uploads\/2015\/04\/8-portaria-NCA-para-ICA.jpg\"><img decoding=\"async\" data-id=\"571\"  src=\"https:\/\/www.ufmg.br\/montesclaros\/wp-content\/uploads\/2015\/04\/8-portaria-NCA-para-ICA.jpg\" alt=\"\" class=\"wp-image-571\"\/><\/a><figcaption class=\"wp-element-caption\"><mark style=\"background-color:rgba(0, 0, 0, 0)\" class=\"has-inline-color has-black-color\">Portaria que transforma o N\u00facleo de Ci\u00eancias Agr\u00e1rias em Unidade Acad\u00eamica e altera seu nome para Instituto de Ci\u00eancias Agr\u00e1rias<\/mark><\/figcaption><\/figure>\n<\/figure>\n","protected":false},"excerpt":{"rendered":"","protected":false},"author":3,"featured_media":0,"parent":0,"menu_order":0,"comment_status":"closed","ping_status":"closed","template":"","meta":[],"acf":[],"_links":{"self":[{"href":"https:\/\/www.ufmg.br\/montesclaros\/wp-json\/wp\/v2\/pages\/589"}],"collection":[{"href":"https:\/\/www.ufmg.br\/montesclaros\/wp-json\/wp\/v2\/pages"}],"about":[{"href":"https:\/\/www.ufmg.br\/montesclaros\/wp-json\/wp\/v2\/types\/page"}],"author":[{"embeddable":true,"href":"https:\/\/www.ufmg.br\/montesclaros\/wp-json\/wp\/v2\/users\/3"}],"replies":[{"embeddable":true,"href":"https:\/\/www.ufmg.br\/montesclaros\/wp-json\/wp\/v2\/comments?post=589"}],"version-history":[{"count":18,"href":"https:\/\/www.ufmg.br\/montesclaros\/wp-json\/wp\/v2\/pages\/589\/revisions"}],"predecessor-version":[{"id":3922,"href":"https:\/\/www.ufmg.br\/montesclaros\/wp-json\/wp\/v2\/pages\/589\/revisions\/3922"}],"wp:attachment":[{"href":"https:\/\/www.ufmg.br\/montesclaros\/wp-json\/wp\/v2\/media?parent=589"}],"curies":[{"name":"wp","href":"https:\/\/api.w.org\/{rel}","templated":true}]}}