{"id":592,"date":"2024-04-08T15:06:05","date_gmt":"2024-04-08T18:06:05","guid":{"rendered":"http:\/\/sites-hml.dti.ufmg.br\/ica\/ica-novo\/?page_id=592"},"modified":"2024-07-16T08:23:22","modified_gmt":"2024-07-16T11:23:22","slug":"aproveitamento-de-estudos","status":"publish","type":"page","link":"https:\/\/www.ufmg.br\/montesclaros\/aproveitamento-de-estudos\/","title":{"rendered":"Aproveitamento de Estudos"},"content":{"rendered":"\n<p>O Requerimento de Aproveitamento de Estudos \u00e9 destinado aos calouros dos cursos de gradua\u00e7\u00e3o da UFMG para a solicita\u00e7\u00e3o de dispensa de disciplinas obrigat\u00f3rias ou optativas constantes na grade do curso, concedida ao estudante que j\u00e1 cursou o conte\u00fado com aprova\u00e7\u00e3o, anteriormente ao ingresso na UFMG, em outro curso ou institui\u00e7\u00e3o do pa\u00eds ou do exterior, conforme an\u00e1lise da equival\u00eancia realizada pelo(a) Coordenador(a) do curso e de acordo com a&nbsp;<a href=\"https:\/\/www.ufmg.br\/montesclaros\/wp-content\/uploads\/2022\/08\/Resolucao-No-06-2019-Aproveitamento-de-Estudos.pdf\" target=\"_blank\" rel=\"noreferrer noopener\">Resolu\u00e7\u00e3o CEPE\/UFMG n\u00ba 06\/2019<\/a>.&nbsp;<\/p>\n\n\n\n<p>Dispensa de forma\u00e7\u00e3o livre \u00e9 a dispensa de disciplinas que deveriam ser cursadas em outros cursos e\/ou unidades acad\u00eamicas da UFMG, \u00e0 escolha do aluno, tendo como origem da dispensa uma disciplina cursada anteriormente ao ingresso na UFMG, conforme an\u00e1lise da equival\u00eancia realizada pelo(a) Coordenador(a) do curso.<\/p>\n\n\n\n<p>O pedido ser\u00e1 analisado pela Coordena\u00e7\u00e3o do curso e o resultado ser\u00e1 encaminhado para o e-mail do(a) requerente.<\/p>\n\n\n\n<p><strong>Requisitos:<\/strong><\/p>\n\n\n\n<p>I \u2013 protocolizar o requerimento de aproveitamento de estudos, no m\u00e1ximo, at\u00e9 o segundo per\u00edodo letivo de v\u00ednculo do estudante no curso ou na estrutura formativa de tronco comum da UFMG. O Calend\u00e1rio Escolar da UFMG estabelecer\u00e1, em cada per\u00edodo letivo, prazo para o (a) estudante protocolizar o requerimento de aproveitamento de estudos;<\/p>\n\n\n\n<p>II \u2013 haver correspond\u00eancia entre a(s) atividade(s) cursada(s) em outra institui\u00e7\u00e3o de ensino superior e a atividade acad\u00eamica curricular constante do percurso curricular a que se vincula o(a) requerente e para a qual se solicita o aproveitamento;<\/p>\n\n\n\n<p>III \u2013 ter conclu\u00eddo a atividade antes da data de ingresso do(a) requerente no curso ou estrutura formativa de tronco comum da UFMG;<\/p>\n\n\n\n<p>IV \u2013 n\u00e3o ter sido o(a) requerente reprovado(a) na atividade acad\u00eamica curricular ofertada pela UFMG para a qual requer aproveitamento de estudos.<\/p>\n\n\n\n<p><strong>Documenta\u00e7\u00e3o:<\/strong><\/p>\n\n\n\n<p>a) C\u00f3pia do Hist\u00f3rico escolar assinado;<\/p>\n\n\n\n<p>b)&nbsp;<a href=\"https:\/\/www.ufmg.br\/montesclaros\/wp-content\/uploads\/2022\/08\/Requerimento-de-Aproveitamento-de-Estudos.pdf\" data-type=\"URL\" data-id=\"https:\/\/www.ufmg.br\/montesclaros\/wp-content\/uploads\/2022\/08\/Requerimento-de-Aproveitamento-de-Estudos.pdf\" target=\"_blank\" rel=\"noreferrer noopener\"><u>Formul\u00e1rio de Requerimento de Aproveitamento de Estudos<\/u><\/a>&nbsp;e\/ou&nbsp;<a href=\"https:\/\/www.ufmg.br\/montesclaros\/wp-content\/uploads\/2022\/08\/Requerimento-de-Dispensa-de-carga-horaria-de-Formacao-Livre.pdf\" data-type=\"URL\" data-id=\"https:\/\/www.ufmg.br\/montesclaros\/wp-content\/uploads\/2022\/08\/Requerimento-de-Dispensa-de-carga-horaria-de-Formacao-Livre.pdf\" target=\"_blank\" rel=\"noreferrer noopener\">Requerimento de dispensa de carga hor\u00e1ria de Forma\u00e7\u00e3o Livr<\/a>e&nbsp;preenchido e assinado;<\/p>\n\n\n\n<p>c) Ementas das mat\u00e9rias cursadas (com o conte\u00fado program\u00e1tico completo e bibliografia) devidamente autenticadas pela institui\u00e7\u00e3o de origem.<\/p>\n\n\n\n<p>Os requerimentos dever\u00e3o ser encaminhados somente no formato digital, por e-mail, seguindo as orienta\u00e7\u00f5es a seguir:<\/p>\n\n\n\n<p>I) Acessar a grade curricular do curso de v\u00ednculo e verificar as disciplinas ofertadas pelo curso atual da UFMG, identificando as que j\u00e1 foram cursadas anteriormente em outro curso ou institui\u00e7\u00e3o, ou disciplinas compat\u00edveis que eventualmente possam ter sua dispensa deferida. Em caso de d\u00favida, sugerimos acessar os planos de ensino do curso de gradua\u00e7\u00e3o de refer\u00eancia;<\/p>\n\n\n\n<p>II) Baixar o&nbsp;<a href=\"https:\/\/www.ufmg.br\/montesclaros\/wp-content\/uploads\/2022\/08\/Requerimento-de-Aproveitamento-de-Estudos.pdf\" target=\"_blank\" rel=\"noreferrer noopener\"><u>Requerimento de Aproveitamento de Estudos<\/u><\/a>&nbsp;ou&nbsp;<a href=\"https:\/\/www.ufmg.br\/montesclaros\/wp-content\/uploads\/2022\/08\/Requerimento-de-Dispensa-de-carga-horaria-de-Formacao-Livre.pdf\" target=\"_blank\" rel=\"noreferrer noopener\"><u>Requerimento de dispensa de carga hor\u00e1ria de Forma\u00e7\u00e3o Livre<\/u><\/a>, preencher e assinar um formul\u00e1rio para cada disciplina para a qual deseja solicitar aproveitamento.<\/p>\n\n\n\n<p>O formul\u00e1rio dever\u00e1 ser preenchido observando as seguintes orienta\u00e7\u00f5es:<\/p>\n\n\n\n<p>\u2013 Cabe\u00e7alho: Todos os campos do cabe\u00e7alho devem ser preenchidos corretamente, inclusive o n\u00famero de matr\u00edcula.<\/p>\n\n\n\n<p>No caso de dispensa por aproveitamento de estudos:<\/p>\n\n\n\n<p>\u2013 Requer dispensa da atividade: nome correto, completo e c\u00f3digo da disciplina ofertada pela UFMG, exatamente conforme constar na grade curricular do curso de refer\u00eancia;<\/p>\n\n\n\n<p>\u2013 Por ter cursado a(s) seguinte(s) atividade(s): nome completo e correto da disciplina que cursou com aprova\u00e7\u00e3o em outro curso ou Institui\u00e7\u00e3o de Ensino Superior e ano\/semestre em que foi cursada, exatamente conforme constar no hist\u00f3rico escolar da institui\u00e7\u00e3o de origem.<\/p>\n\n\n\n<p>No caso de dispensa de forma\u00e7\u00e3o livre<\/p>\n\n\n\n<p>\u2013 Requer dispensa de carga hor\u00e1ria de forma\u00e7\u00e3o livre por ter cursado a(s) seguinte(s) disciplina(s): nome correto e completo da disciplina que cursou com aprova\u00e7\u00e3o em outro curso ou Institui\u00e7\u00e3o de Ensino Superior, ano\/semestre em que foi cursada, nota obtida e carga hor\u00e1ria, exatamente conforme constar no hist\u00f3rico escolar da institui\u00e7\u00e3o de origem.<\/p>\n\n\n\n<p>\u2013 Estabelecimento: nome da institui\u00e7\u00e3o em que a disciplina foi cursada.<\/p>\n\n\n\n<p>III) Organizar os documentos na seguinte ordem, conforme a quantidade de pedidos, em ordem crescente dos c\u00f3digos de disciplinas (Ex.: ICA001, ICA005, ICA020, Forma\u00e7\u00e3o Livre\u2026):<\/p>\n\n\n\n<p>\u2013 Hist\u00f3rico escolar da institui\u00e7\u00e3o de origem;<\/p>\n\n\n\n<p>\u2013 Requerimento de Aproveitamento de Estudos da disciplina A<\/p>\n\n\n\n<p>\u2013 Plano de Ensino da disciplina A<\/p>\n\n\n\n<p>\u2013 Requerimento de Aproveitamento de Estudos da disciplina B<\/p>\n\n\n\n<p>\u2013 Plano de Ensino da disciplina B<\/p>\n\n\n\n<p>\u2013 Requerimento de dispensa de Forma\u00e7\u00e3o Livre (conforme a carga hor\u00e1ria)<\/p>\n\n\n\n<p>\u2013 Plano de Ensino da disciplina C<\/p>\n\n\n\n<p>Caso o documento n\u00e3o seja originalmente digital, havendo a necessidade de escaneamento, sugerimos o uso de um scaner ou de um smartphone com aplicativo com essa fun\u00e7\u00e3o, como o Adobe Scan. N\u00e3o \u00e9 recomend\u00e1vel o envio de foto dos documentos, devido \u00e0 baixa legibilidade dos arquivos. Documentos apagados ou cortados n\u00e3o ser\u00e3o aceitos.<\/p>\n\n\n\n<p>IV) Ap\u00f3s preencher, salvar, conferir e organizar os arquivos na ordem informada, combinar os documentos em um \u00fanico arquivo PDF para envio por e-mail (sugerimos o uso do site&nbsp;<a href=\"https:\/\/www.ilovepdf.com\/pt\/juntar_pdf\">https:\/\/www.ilovepdf.com\/pt\/juntar_pdf<\/a>&nbsp;ou outro de sua prefer\u00eancia).<\/p>\n\n\n\n<p>V) Enviar o requerimento para o e-mail do Colegiado do curso de gradua\u00e7\u00e3o de v\u00ednculo com as seguintes informa\u00e7\u00f5es:<\/p>\n\n\n\n<p>Assunto do e-mail: Requerimento de aproveitamento de estudos \u2013 Seu nome completo<\/p>\n\n\n\n<p>Texto do e-mail: Solicito aproveitamento de estudos das disciplinas cursadas com aprova\u00e7\u00e3o antes do ingresso na UFMG, conforme dados abaixo:<\/p>\n\n\n\n<p><strong>Nome completo:<\/strong><\/p>\n\n\n\n<p><strong>N\u00famero de matr\u00edcula:<\/strong><\/p>\n\n\n\n<p><strong>Telefone para contato:<\/strong><\/p>\n\n\n\n<p>Informamos que os pedidos que n\u00e3o atenderem \u00e0s orienta\u00e7\u00f5es descritas anteriormente ser\u00e3o recusados.<\/p>\n\n\n\n<p>**Os formul\u00e1rios de requerimento de aproveitamento de estudos devem ser assinados eletronicamente com o\u00a0<a rel=\"noreferrer noopener\" href=\"https:\/\/www.gov.br\/governodigital\/pt-br\/identidade\/assinatura-eletronica\" target=\"_blank\">gov.br<\/a><\/p>\n\n\n\n<p>Para efetivar a assinatura utilizando o gov.br,\u00a0<a rel=\"noreferrer noopener\" href=\"https:\/\/www.gov.br\/pt-br\/servicos\/assinatura-eletronica\" target=\"_blank\">clique aqui<\/a><\/p>\n","protected":false},"excerpt":{"rendered":"<p>O Requerimento de Aproveitamento de Estudos \u00e9 destinado aos calouros dos cursos de gradua\u00e7\u00e3o da UFMG para a solicita\u00e7\u00e3o de dispensa de disciplinas obrigat\u00f3rias ou optativas constantes na grade do curso, concedida ao estudante que j\u00e1 cursou o conte\u00fado com aprova\u00e7\u00e3o, anteriormente ao ingresso na UFMG, em outro curso ou institui\u00e7\u00e3o do pa\u00eds ou do [&hellip;]<\/p>\n","protected":false},"author":3,"featured_media":0,"parent":0,"menu_order":0,"comment_status":"closed","ping_status":"closed","template":"","meta":[],"acf":[],"_links":{"self":[{"href":"https:\/\/www.ufmg.br\/montesclaros\/wp-json\/wp\/v2\/pages\/592"}],"collection":[{"href":"https:\/\/www.ufmg.br\/montesclaros\/wp-json\/wp\/v2\/pages"}],"about":[{"href":"https:\/\/www.ufmg.br\/montesclaros\/wp-json\/wp\/v2\/types\/page"}],"author":[{"embeddable":true,"href":"https:\/\/www.ufmg.br\/montesclaros\/wp-json\/wp\/v2\/users\/3"}],"replies":[{"embeddable":true,"href":"https:\/\/www.ufmg.br\/montesclaros\/wp-json\/wp\/v2\/comments?post=592"}],"version-history":[{"count":3,"href":"https:\/\/www.ufmg.br\/montesclaros\/wp-json\/wp\/v2\/pages\/592\/revisions"}],"predecessor-version":[{"id":1282,"href":"https:\/\/www.ufmg.br\/montesclaros\/wp-json\/wp\/v2\/pages\/592\/revisions\/1282"}],"wp:attachment":[{"href":"https:\/\/www.ufmg.br\/montesclaros\/wp-json\/wp\/v2\/media?parent=592"}],"curies":[{"name":"wp","href":"https:\/\/api.w.org\/{rel}","templated":true}]}}