{"id":594,"date":"2024-04-08T15:07:36","date_gmt":"2024-04-08T18:07:36","guid":{"rendered":"http:\/\/sites-hml.dti.ufmg.br\/ica\/ica-novo\/?page_id=594"},"modified":"2024-07-04T08:27:31","modified_gmt":"2024-07-04T11:27:31","slug":"requerimentos-secao-de-registro-escolar","status":"publish","type":"page","link":"https:\/\/www.ufmg.br\/montesclaros\/requerimentos-secao-de-registro-escolar\/","title":{"rendered":"Requerimentos &#8211; Se\u00e7\u00e3o de Registro Escolar"},"content":{"rendered":"\n<p>Os formul\u00e1rios abaixo dever\u00e3o ser preenchidos preferencialmente no computador, impressos e entregues na Se\u00e7\u00e3o de Registro Escolar ou enviados por e-mail (sensino@ica.ufmg.br), no prazo especificado pelo&nbsp;<a href=\"https:\/\/ufmg.br\/a-universidade\/calendario-academico\">calend\u00e1rio acad\u00eamico<\/a>&nbsp;ou pelo setor.<\/p>\n\n\n\n<p><strong>GRADUA\u00c7\u00c3O<\/strong><\/p>\n\n\n\n<p><strong><br>REQUERIMENTO DE CANCELAMENTO DE REGISTRO ACAD\u00caMICO&nbsp;(DESIST\u00caNCIA FORMAL)<\/strong><\/p>\n\n\n\n<p>Para formalizar a desist\u00eancia do curso, o aluno dever\u00e1 acessar o&nbsp;<a href=\"https:\/\/bit.ly\/2X6ApsW\" target=\"_blank\" rel=\"noreferrer noopener\">site do DRCA<\/a>&nbsp;e seguir as instru\u00e7\u00f5es constantes na p\u00e1gina ou seguir o roteiro abaixo. Todo o procedimento \u00e9 realizado atrav\u00e9s do SIGA.<\/p>\n\n\n\n<p><a href=\"https:\/\/www.ufmg.br\/montesclaros\/wp-content\/uploads\/2020\/05\/Roteiro-Desistencia-Formal.pdf\" target=\"_blank\" rel=\"noreferrer noopener\">Roteiro para Requerimento de cancelamento de registro acad\u00eamico<\/a><\/p>\n\n\n\n<hr class=\"wp-block-separator has-alpha-channel-opacity\"\/>\n\n\n\n<p><strong>REQUERIMENTO DE INCLUS\u00c3O DE NOME SOCIAL<\/strong><\/p>\n\n\n\n<p>\u200bO nome social \u00e9 o prenome pelo qual pessoas travestis e transexuais se identificam, s\u00e3o reconhecidas e identificadas em suas rela\u00e7\u00f5es sociais. A inclus\u00e3o do nome social no sistema poder\u00e1 ser solicitada a qualquer tempo, por meio de formul\u00e1rio pr\u00f3prio.<\/p>\n\n\n\n<p><a href=\"https:\/\/www.ufmg.br\/montesclaros\/wp-content\/uploads\/2018\/01\/REQUERIMENTO-PARA-INCLUSAO-DE-NOME-SOCIAL.pdf\" target=\"_blank\" rel=\"noreferrer noopener\">Requerimento de inclus\u00e3o de nome social\u200b<\/a><\/p>\n\n\n\n<hr class=\"wp-block-separator has-alpha-channel-opacity\"\/>\n\n\n\n<p><strong>REQUERIMENTO DE INSCRI\u00c7\u00c3O \u00c0 COLA\u00c7\u00c3O DE GRAU<\/strong><\/p>\n\n\n\n<p>O discente com previs\u00e3o de formatura para o semestre em curso dever\u00e1 preencher o formul\u00e1rio dispon\u00edvel no Moodle, acessando o&nbsp;<a href=\"https:\/\/virtual.ufmg.br\/plataforma\/course\/view.php?id=168%C2%A7ion=20\">MinhaUFMG<\/a>&nbsp;(ou acessando aluno&gt;meus colegiados&gt;Instituto de Ci\u00eancias Agr\u00e1rias \u2013 ICA&gt;plataforma virtual de colegiado&gt;Se\u00e7\u00e3o de Registro Escolar), no prazo estabelecido &nbsp;por esta se\u00e7\u00e3o. O procedimento \u00e9 obrigat\u00f3rio para a cola\u00e7\u00e3o de grau.<\/p>\n\n\n\n<p>\u00c9 dever do aluno conferir, ap\u00f3s a data prevista para fechamento dos di\u00e1rios com exame especial pelos docentes, se em seu extrato de integraliza\u00e7\u00e3o consta a carga hor\u00e1ria do curso como 100% integralizada, bem como se sua situa\u00e7\u00e3o no Enade consta como \u201cdispensado\u201d ou \u201cparticipante\/compareceu\u201d. Os prov\u00e1veis formandos tamb\u00e9m dever\u00e3o consultar a lista de alunos aptos a colar grau, divulgada ap\u00f3s o fechamento dos di\u00e1rios pela Se\u00e7\u00e3o de Registro Escolar na aba \u201cAvisos\u201d, sob o risco de n\u00e3o participarem da solenidade.<\/p>\n\n\n\n<p>No ato da inscri\u00e7\u00e3o \u00e0 cola\u00e7\u00e3o de grau, o aluno automaticamente j\u00e1 far\u00e1 a solicita\u00e7\u00e3o da 1\u00ba via do diploma, n\u00e3o sendo necess\u00e1rio apresentar outro requerimento posteriormente. Assim, para se inscrever \u00e9 preciso preencher o formul\u00e1rio seguindo os passos acima e enviar para o e-mail desta se\u00e7\u00e3o (<a href=\"mailto:sensino@ica.ufmg.br\">sensino@ica.ufmg.br<\/a>) a seguinte documenta\u00e7\u00e3o: certid\u00e3o de nascimento ou casamento, CPF, identidade (frente e verso) e nada consta da biblioteca atualizado, sendo muito importante ter aten\u00e7\u00e3o para a qualidade das c\u00f3pias, que dever\u00e3o ser leg\u00edveis e sem cortes. Cada documento dever\u00e1 ser digitalizado como \u00fanico arquivo PDF.<\/p>\n\n\n\n<p>Sugerimos que fa\u00e7am uma confer\u00eancia da qualidade da certid\u00e3o de nascimento com anteced\u00eancia, pois \u00e9 preciso que as informa\u00e7\u00f5es estejam totalmente leg\u00edveis, e se necess\u00e1rio for, solicite uma segunda via.<\/p>\n\n\n\n<p>S\u00f3 ser\u00e3o v\u00e1lidas as inscri\u00e7\u00f5es que efetuarem os dois passos: preenchimento do formul\u00e1rio e envio da documenta\u00e7\u00e3o. As informa\u00e7\u00f5es detalhadas sobre o processo de diploma se encontram na aba \u201cGRU \u2013 Solicita\u00e7\u00e3o de Documentos\u201d.<\/p>\n\n\n\n<hr class=\"wp-block-separator has-alpha-channel-opacity\"\/>\n\n\n\n<p>\u200b<strong>REQUERIMENTO DE MATR\u00cdCULA EM DISCIPLINA ISOLADA<\/strong><\/p>\n\n\n\n<p>\u00c9 a matr\u00edcula, permitida a qualquer pessoa n\u00e3o pertencente ao corpo discente da UFMG, em disciplinas isoladas integrantes dos curr\u00edculos dos cursos de gradua\u00e7\u00e3o, para complementa\u00e7\u00e3o ou atualiza\u00e7\u00e3o de conhecimento. As normas est\u00e3o dispon\u00edveis na&nbsp;<a href=\"https:\/\/www2.ufmg.br\/drca\/drca\/Home\/Graduacao\/Disciplina-Isolada\" target=\"_blank\" rel=\"noreferrer noopener\">p\u00e1gina do Departamento de Registro e Controle Acad\u00eamico (DRCA)<\/a>.O requerimento \u00e9 feito uma vez por semestre, conforme calend\u00e1rio acad\u00eamico.<\/p>\n\n\n\n<p><a href=\"https:\/\/www.ufmg.br\/montesclaros\/wp-content\/uploads\/2018\/01\/REQUERIMENTO-DE-MATRICULA-EM-ATIVIDADE-ISOLADA.pdf\" target=\"_blank\" rel=\"noreferrer noopener\">Requerimento de matr\u00edcula em disciplina isolada<\/a><\/p>\n\n\n\n<hr class=\"wp-block-separator has-alpha-channel-opacity\"\/>\n\n\n\n<p><strong>REQUERIMENTO DE REOP\u00c7\u00c3O DE CURSO<\/strong><\/p>\n\n\n\n<p>\u00c9 a mudan\u00e7a para outro curso, permitida ao aluno admitido por Concurso Vestibular ou Processo Seletivo SiSU, com situa\u00e7\u00e3o acad\u00eamica regular, isto \u00e9, dever\u00e1 estar matriculado no semestre letivo do requerimento ou com matr\u00edcula trancada. Para os candidatos classificados, a verifica\u00e7\u00e3o dos percentuais exigidos ser\u00e1 feita no ato do Registro Acad\u00eamico.<\/p>\n\n\n\n<p>\u00c9 vedada a concess\u00e3o de reop\u00e7\u00e3o a estudantes que tenham ingressado no curso pelos mecanismos de continuidade de estudos, reop\u00e7\u00e3o, transfer\u00eancia, obten\u00e7\u00e3o de novo t\u00edtulo ou transfer\u00eancia especial<\/p>\n\n\n\n<p>Este procedimento ocorre no primeiro semestre letivo, conforme previsto no Calend\u00e1rio Acad\u00eamico, para provimento de vagas no segundo semestre letivo. As normas est\u00e3o dispon\u00edveis na&nbsp;<a href=\"https:\/\/www2.ufmg.br\/drca\/drca\/Home\/Graduacao\/Reopcao-de-Curso\" target=\"_blank\" rel=\"noreferrer noopener\">p\u00e1gina do Departamento de Registro e Controle Acad\u00eamico (DRCA)<\/a>.<\/p>\n\n\n\n<p>\u00c9 necess\u00e1rio consultar a exist\u00eancia de vaga para o curso de interesse.<\/p>\n\n\n\n<p>O interessado deve ter integralizado no m\u00e1ximo 75% da carga hor\u00e1ria total exigida no percurso curricular ao qual se encontra vinculado no curso de origem&nbsp; e ter integralizado no m\u00ednimo 20 (vinte) cr\u00e9ditos desde seu ingresso no curso de gradua\u00e7\u00e3o, no qual est\u00e1 vinculado atualmente, sendo que cr\u00e9ditos associados a atividades acad\u00eamicas curriculares previstas em determinado per\u00edodo curricular do percurso curricular a que se vincula o estudante s\u00f3 ser\u00e3o contabilizados se a totalidade das atividades acad\u00eamicas curriculares de natureza obrigat\u00f3ria previstas nos per\u00edodos curriculares anteriores j\u00e1 tiver sido integralizada.<\/p>\n\n\n\n<p>N\u00e3o poder\u00e1 ser admitido no novo curso o estudante que n\u00e3o tenha atingido o percentual exigido ou que, no per\u00edodo letivo em que protocolizou o requerimento de reop\u00e7\u00e3o, esteja com o registro acad\u00eamico inativo em virtude dos motivos de desligamento previstos no art. 87 do anexo \u00e0 Resolu\u00e7\u00e3o Complementar CEPE N\u00ba 01\/2018, de 20 de fevereiro de 2018.<\/p>\n\n\n\n<p><a href=\"https:\/\/www.ufmg.br\/montesclaros\/wp-content\/uploads\/2020\/05\/Formulario-Requerimento-de-Reopcao-2019-V2.pdf\" target=\"_blank\" rel=\"noreferrer noopener\">Requerimento de reop\u00e7\u00e3o<\/a><\/p>\n\n\n\n<hr class=\"wp-block-separator has-alpha-channel-opacity\"\/>\n\n\n\n<p><strong>\u200b\u200bREQUERIMENTO DE TRANSFER\u00caNCIA PARA OUTRA IES<\/strong><\/p>\n\n\n\n<p>A transfer\u00eancia consiste no desligamento do aluno da Universidade Federal de Minas Gerais para continuidade de estudos em outro estabelecimento de ensino superior. Poder\u00e1 ser solicitada a qualquer \u00e9poca, apresentando-se o formul\u00e1rio e o comprovante de nada consta com a Funda\u00e7\u00e3o Mendes Pimentel e com a biblioteca.<\/p>\n\n\n\n<p>O interessado dever\u00e1 verificar as normas vigentes na institui\u00e7\u00e3o para a qual deseja transferir-se.<\/p>\n\n\n\n<p><a rel=\"noreferrer noopener\" href=\"https:\/\/www.ica.ufmg.br\/wp-content\/uploads\/2018\/01\/REQUERIMENTO-DE-TRANSFERENCIA-PARA-OUTRA-IES.pdf\" target=\"_blank\">\u200bRequerimento de transfer\u00eancia para<\/a><a href=\"https:\/\/www.ufmg.br\/montesclaros\/wp-content\/uploads\/2018\/01\/REQUERIMENTO-DE-TRANSFERENCIA-PARA-OUTRA-IES.pdf\" target=\"_blank\" rel=\"noreferrer noopener\"> <\/a><a href=\"https:\/\/www.ufmg.br\/montesclaros\/wp-content\/uploads\/2018\/01\/REQUERIMENTO-DE-TRANSFERENCIA-PARA-OUTRA-IES.pdf\" data-type=\"URL\" data-id=\"https:\/\/www.ufmg.br\/montesclaros\/wp-content\/uploads\/2018\/01\/REQUERIMENTO-DE-TRANSFERENCIA-PARA-OUTRA-IES.pdf\" target=\"_blank\" rel=\"noreferrer noopener\">outra IES<\/a><\/p>\n","protected":false},"excerpt":{"rendered":"<p>Os formul\u00e1rios abaixo dever\u00e3o ser preenchidos preferencialmente no computador, impressos e entregues na Se\u00e7\u00e3o de Registro Escolar ou enviados por e-mail (sensino@ica.ufmg.br), no prazo especificado pelo&nbsp;calend\u00e1rio acad\u00eamico&nbsp;ou pelo setor. GRADUA\u00c7\u00c3O REQUERIMENTO DE CANCELAMENTO DE REGISTRO ACAD\u00caMICO&nbsp;(DESIST\u00caNCIA FORMAL) Para formalizar a desist\u00eancia do curso, o aluno dever\u00e1 acessar o&nbsp;site do DRCA&nbsp;e seguir as instru\u00e7\u00f5es constantes na [&hellip;]<\/p>\n","protected":false},"author":3,"featured_media":0,"parent":0,"menu_order":0,"comment_status":"closed","ping_status":"closed","template":"","meta":[],"acf":[],"_links":{"self":[{"href":"https:\/\/www.ufmg.br\/montesclaros\/wp-json\/wp\/v2\/pages\/594"}],"collection":[{"href":"https:\/\/www.ufmg.br\/montesclaros\/wp-json\/wp\/v2\/pages"}],"about":[{"href":"https:\/\/www.ufmg.br\/montesclaros\/wp-json\/wp\/v2\/types\/page"}],"author":[{"embeddable":true,"href":"https:\/\/www.ufmg.br\/montesclaros\/wp-json\/wp\/v2\/users\/3"}],"replies":[{"embeddable":true,"href":"https:\/\/www.ufmg.br\/montesclaros\/wp-json\/wp\/v2\/comments?post=594"}],"version-history":[{"count":4,"href":"https:\/\/www.ufmg.br\/montesclaros\/wp-json\/wp\/v2\/pages\/594\/revisions"}],"predecessor-version":[{"id":1168,"href":"https:\/\/www.ufmg.br\/montesclaros\/wp-json\/wp\/v2\/pages\/594\/revisions\/1168"}],"wp:attachment":[{"href":"https:\/\/www.ufmg.br\/montesclaros\/wp-json\/wp\/v2\/media?parent=594"}],"curies":[{"name":"wp","href":"https:\/\/api.w.org\/{rel}","templated":true}]}}