{"id":614,"date":"2024-04-09T07:19:01","date_gmt":"2024-04-09T10:19:01","guid":{"rendered":"http:\/\/sites-hml.dti.ufmg.br\/ica\/ica-novo\/?page_id=614"},"modified":"2024-04-09T07:30:26","modified_gmt":"2024-04-09T10:30:26","slug":"atas-das-reunioes-da-congregacao-2016","status":"publish","type":"page","link":"https:\/\/www.ufmg.br\/montesclaros\/atas-das-reunioes-da-congregacao-2016\/","title":{"rendered":"Atas das Reuni\u00f5es Ordin\u00e1rias e Extraordin\u00e1rias da Congrega\u00e7\u00e3o\/2016"},"content":{"rendered":"\n<p>Atas das reuni\u00f5es ordin\u00e1rias da Congrega\u00e7\u00e3o\/2016<\/p>\n\n\n\n<p><a href=\"..\/wp-content\/uploads\/2016\/01\/Ata-1a-Ordinaria-29_02_2016.pdf\" target=\"_blank\" rel=\"noreferrer noopener\">Ata 1\u00aa reuni\u00e3o ordin\u00e1ria \u2013 29\/02\/2016<\/a><\/p>\n\n\n\n<p><a href=\"..\/wp-content\/uploads\/2016\/01\/Ata-2a-Ordinaria-18_03_2016.pdf\" target=\"_blank\" rel=\"noreferrer noopener\">Ata 2\u00aa reuni\u00e3o ordin\u00e1ria \u2013 18\/03\/2016<\/a><\/p>\n\n\n\n<p><a href=\"..\/wp-content\/uploads\/2016\/01\/Ata-3a-Ordinaria-15_04_2016.pdf\" target=\"_blank\" rel=\"noreferrer noopener\">Ata 3\u00aa reuni\u00e3o ordin\u00e1ria \u2013 15\/04\/2016<\/a><\/p>\n\n\n\n<p><a href=\"..\/wp-content\/uploads\/2016\/01\/Ata-4a-Ordinaria-01_07_2016.pdf\" target=\"_blank\" rel=\"noreferrer noopener\">Ata 4\u00aa reuni\u00e3o ordin\u00e1ria \u2013 01\/07\/2016<\/a><\/p>\n\n\n\n<p><a href=\"..\/wp-content\/uploads\/2016\/01\/Ata5Ordin%C3%A1ria2016.pdf\" target=\"_blank\" rel=\"noreferrer noopener\">Ata 5\u00aa reuni\u00e3o ordin\u00e1ria \u2013 23\/09\/2016<\/a><\/p>\n\n\n\n<p><a href=\"..\/wp-content\/uploads\/2016\/01\/ata6reuniaoordinaria2016.pdf\" target=\"_blank\" rel=\"noreferrer noopener\">Ata 6\u00aa reuni\u00e3o ordin\u00e1ria \u2013 20\/10\/2016<\/a><\/p>\n\n\n\n<p><a href=\"..\/wp-content\/uploads\/2016\/01\/ata7reuniaoordinaria2016.pdf\">Ata 7\u00aa reuni\u00e3o ordin\u00e1ria \u2013 02\/12\/2016<\/a><\/p>\n\n\n\n<p>Atas das reuni\u00f5es extraordin\u00e1rias da Congrega\u00e7\u00e3o\/2016<\/p>\n\n\n\n<p><a href=\"..\/wp-content\/uploads\/2016\/01\/Ata-1a-Extraordinaria-04_05_2016.pdf\" target=\"_blank\" rel=\"noreferrer noopener\">Ata 1\u00aa reuni\u00e3o extraordin\u00e1ria \u2013 04\/05\/2016<\/a><\/p>\n\n\n\n<p><a href=\"..\/wp-content\/uploads\/2016\/01\/Ata-2a-Extraordinaria-06_05_2016.pdf\" target=\"_blank\" rel=\"noreferrer noopener\">Ata 2\u00aa reuni\u00e3o extraordin\u00e1ria \u2013 06\/05\/2016<\/a><\/p>\n\n\n\n<p><a href=\"..\/wp-content\/uploads\/2016\/01\/Ata-3a-Extraordinaria-10_06_2016.pdf\" target=\"_blank\" rel=\"noreferrer noopener\">Ata 3\u00aa reuni\u00e3o extraordin\u00e1ria \u2013 10\/06\/2016<\/a><\/p>\n\n\n\n<p><a href=\"..\/wp-content\/uploads\/2016\/01\/Ata4Extraordinaria-19_08_2016.pdf\" target=\"_blank\" rel=\"noreferrer noopener\">Ata 4\u00aa reuni\u00e3o extraordin\u00e1ria \u2013 19\/08\/2016<\/a><\/p>\n\n\n\n<p><a href=\"..\/wp-content\/uploads\/2016\/01\/ata5reuniaoextraordinaria2016.pdf\" target=\"_blank\" rel=\"noreferrer noopener\">Ata 5\u00aa reuni\u00e3o extraordin\u00e1ria \u2013 10\/11\/2016<\/a><\/p>\n\n\n\n<p><a href=\"..\/wp-content\/uploads\/2016\/01\/ata6extraordinaria2016.pdf\" target=\"_blank\" rel=\"noreferrer noopener\">Ata 6\u00aa reuni\u00e3o extraordin\u00e1ria \u2013 16\/12\/2016<\/a><\/p>\n","protected":false},"excerpt":{"rendered":"<p>Atas das reuni\u00f5es ordin\u00e1rias da Congrega\u00e7\u00e3o\/2016 Ata 1\u00aa reuni\u00e3o ordin\u00e1ria \u2013 29\/02\/2016 Ata 2\u00aa reuni\u00e3o ordin\u00e1ria \u2013 18\/03\/2016 Ata 3\u00aa reuni\u00e3o ordin\u00e1ria \u2013 15\/04\/2016 Ata 4\u00aa reuni\u00e3o ordin\u00e1ria \u2013 01\/07\/2016 Ata 5\u00aa reuni\u00e3o ordin\u00e1ria \u2013 23\/09\/2016 Ata 6\u00aa reuni\u00e3o ordin\u00e1ria \u2013 20\/10\/2016 Ata 7\u00aa reuni\u00e3o ordin\u00e1ria \u2013 02\/12\/2016 Atas das reuni\u00f5es extraordin\u00e1rias da Congrega\u00e7\u00e3o\/2016 Ata [&hellip;]<\/p>\n","protected":false},"author":3,"featured_media":0,"parent":0,"menu_order":0,"comment_status":"closed","ping_status":"closed","template":"","meta":[],"acf":[],"_links":{"self":[{"href":"https:\/\/www.ufmg.br\/montesclaros\/wp-json\/wp\/v2\/pages\/614"}],"collection":[{"href":"https:\/\/www.ufmg.br\/montesclaros\/wp-json\/wp\/v2\/pages"}],"about":[{"href":"https:\/\/www.ufmg.br\/montesclaros\/wp-json\/wp\/v2\/types\/page"}],"author":[{"embeddable":true,"href":"https:\/\/www.ufmg.br\/montesclaros\/wp-json\/wp\/v2\/users\/3"}],"replies":[{"embeddable":true,"href":"https:\/\/www.ufmg.br\/montesclaros\/wp-json\/wp\/v2\/comments?post=614"}],"version-history":[{"count":3,"href":"https:\/\/www.ufmg.br\/montesclaros\/wp-json\/wp\/v2\/pages\/614\/revisions"}],"predecessor-version":[{"id":633,"href":"https:\/\/www.ufmg.br\/montesclaros\/wp-json\/wp\/v2\/pages\/614\/revisions\/633"}],"wp:attachment":[{"href":"https:\/\/www.ufmg.br\/montesclaros\/wp-json\/wp\/v2\/media?parent=614"}],"curies":[{"name":"wp","href":"https:\/\/api.w.org\/{rel}","templated":true}]}}