{"id":830,"date":"2024-04-23T14:22:01","date_gmt":"2024-04-23T17:22:01","guid":{"rendered":"http:\/\/sites-hml.dti.ufmg.br\/ica\/ica-novo\/?page_id=830"},"modified":"2025-07-18T10:23:06","modified_gmt":"2025-07-18T13:23:06","slug":"cursos","status":"publish","type":"page","link":"https:\/\/www.ufmg.br\/montesclaros\/cursos\/","title":{"rendered":"Cursos"},"content":{"rendered":"\n<p>Com a oferta de cursos em todas as \u00e1reas do conhecimento, e em todos os n\u00edveis, o ensino na UFMG se encontra em cont\u00ednuo processo de transforma\u00e7\u00e3o, mas sempre privilegiando a forma\u00e7\u00e3o \u00e9tica, cidad\u00e3 e de excel\u00eancia. Os <a href=\"https:\/\/ufmg.br\/cursos\/graduacao\/\">94 cursos<\/a> de gradua\u00e7\u00e3o oferecidos abrangem as modalidades presenciais e a dist\u00e2ncia.<\/p>\n\n\n\n<p>Na gradua\u00e7\u00e3o, o aluno da Institui\u00e7\u00e3o conta, no percurso acad\u00eamico, com relativa autonomia de esbo\u00e7ar seu plano de estudos, o que lhe permite forma\u00e7\u00e3o com caracter\u00edsticas individuais na \u00e1rea de escolha.<\/p>\n\n\n\n<p>Na <a href=\"https:\/\/ufmg.br\/cursos\/pos-graduacao\">p\u00f3s-gradua\u00e7\u00e3o<\/a>, o aprimoramento dos cursos os mant\u00e9m em destaque nos cen\u00e1rios nacional e internacional por sua qualidade, relev\u00e2ncia, diversidade e abrang\u00eancia.<\/p>\n\n\n\n<p>A pol\u00edtica da Universidade abriga compromisso com o car\u00e1ter p\u00fablico do&nbsp;ensino, a amplia\u00e7\u00e3o de vagas, a pol\u00edtica de cotas, a oferta de programas de apoio \u00e0 perman\u00eancia de alunos em condi\u00e7\u00e3o de vulnerabilidade, a igualdade de oportunidades e a permanente melhoria de sua&nbsp;infraestrutura e a&nbsp;qualifica\u00e7\u00e3o&nbsp;do corpo docente e t\u00e9cnico.<\/p>\n\n\n\n<h2 class=\"wp-block-heading\">Cursos de Gradua\u00e7\u00e3o  do Campus Montes Claros<\/h2>\n\n\n\n<p><a href=\"https:\/\/www.ufmg.br\/montesclaros\/administracao\/\">Administra\u00e7\u00e3o<\/a><\/p>\n\n\n\n<p><a href=\"https:\/\/www.ufmg.br\/montesclaros\/agronomia\/\">Agronomia<\/a><\/p>\n\n\n\n<p><a href=\"https:\/\/www.ufmg.br\/montesclaros\/engenharia-agricola-e-ambiental\/\">Engenharia Agr\u00edcola e Ambiental<\/a><\/p>\n\n\n\n<p><a href=\"https:\/\/www.ufmg.br\/montesclaros\/engenharia-de-alimentos\/\">Engenharia de Alimentos<\/a><\/p>\n\n\n\n<p><a href=\"https:\/\/www.ufmg.br\/montesclaros\/engenharia-florestal\/\">Engenharia Florestal<\/a><\/p>\n\n\n\n<p><a href=\"https:\/\/www.ufmg.br\/montesclaros\/licenciatura-em-ciencias-da-natureza-e-licenciatura-em-matematica\/\" data-type=\"URL\" data-id=\"https:\/\/www.ufmg.br\/montesclaros\/licenciatura-em-ciencias-da-natureza-e-licenciatura-em-matematica\/\">Licenciatura em Ci\u00eancias da Natureza e Licenciatura em Matem\u00e1tica<\/a><\/p>\n\n\n\n<p><a href=\"https:\/\/www.ufmg.br\/montesclaros\/zootecnia\/\">Zootecnia<\/a><\/p>\n\n\n\n<p><\/p>\n\n\n\n<h2 class=\"wp-block-heading\">Cursos de P\u00f3s Gradua\u00e7\u00e3o do Campus Montes Claros<\/h2>\n\n\n\n<p><\/p>\n\n\n<div ><style>#sp-ea-407 .spcollapsing { height: 0; overflow: hidden; transition-property: height;transition-duration: 300ms;}#sp-ea-407.sp-easy-accordion>.sp-ea-single {border: 1px solid #e2e2e2; }#sp-ea-407.sp-easy-accordion>.sp-ea-single>.ea-header a {color: #444;}#sp-ea-407.sp-easy-accordion>.sp-ea-single>.sp-collapse>.ea-body {background: #fff; color: #444;}#sp-ea-407.sp-easy-accordion>.sp-ea-single {background: #eee;}#sp-ea-407.sp-easy-accordion>.sp-ea-single>.ea-header a .ea-expand-icon.fa { float: left; color: #444;font-size: 16px;}<\/style><div id=\"sp_easy_accordion-1711127865\"><div id=\"sp-ea-407\" class=\"sp-ea-one sp-easy-accordion\" data-ex-icon=\"fa-minus\" data-col-icon=\"fa-plus\"  data-ea-active=\"ea-click\"  data-ea-mode=\"vertical\" data-preloader=\"\" data-scroll-active-item=\"\" data-offset-to-scroll=\"0\"><div class=\"ea-card  sp-ea-single\"><h3 class=\"ea-header\"><a class=\"collapsed\" data-sptoggle=\"spcollapse\" data-sptarget=#collapse4070 href=\"javascript:void(0)\"  aria-expanded=\"false\"><i class=\"ea-expand-icon fa fa-plus\"><\/i> Especializa\u00e7\u00e3o<\/a><\/h3><div class=\"sp-collapse spcollapse spcollapse\" id=\"collapse4070\" data-parent=#sp-ea-407><div class=\"ea-body\"><p><a href=\"https:\/\/www.ufmg.br\/montesclaros\/erha\/\" data-type=\"page\" data-id=\"391\">Especializa\u00e7\u00e3o em Recursos H\u00eddricos e Ambientais<\/a><\/p>\n<\/div><\/div><\/div><div class=\"ea-card  sp-ea-single\"><h3 class=\"ea-header\"><a class=\"collapsed\" data-sptoggle=\"spcollapse\" data-sptarget=#collapse4071 href=\"javascript:void(0)\"  aria-expanded=\"false\"><i class=\"ea-expand-icon fa fa-plus\"><\/i> Mestrado<\/a><\/h3><div class=\"sp-collapse spcollapse spcollapse\" id=\"collapse4071\" data-parent=#sp-ea-407><div class=\"ea-body\"><p><!-- wp:paragraph --><\/p>\n<p><a href=\"https:\/\/www.ufmg.br\/montesclaros\/ppgas\/\" data-type=\"page\" data-id=\"257\">Mestrado em Alimentos e Sa\u00fade<\/a><\/p>\n<p><!-- \/wp:paragraph --> <!-- wp:paragraph --><\/p>\n<p><a href=\"http:\/\/www.cienciasflorestaisufmg.com.br\" data-type=\"page\" data-id=\"387\">Mestrado em Ci\u00eancias Florestais<\/a><\/p>\n<p><!-- \/wp:paragraph --> <!-- wp:paragraph --><\/p>\n<p><a href=\"https:\/\/www.posgraduacao.unimontes.br\/ppgsat\/\" data-type=\"page\" data-id=\"356\">Programa de P\u00f3s-Gradua\u00e7\u00e3o Associado UFMG-Unimontes em Sociedade, Ambiente e Territ\u00f3rio<\/a><\/p>\n<p><!-- \/wp:paragraph --> <!-- wp:paragraph --><\/p>\n<p><a href=\"https:\/\/www.ufmg.br\/montesclaros\/programa-de-pos-graduacao-em-producao-vegetal\/\" data-type=\"page\" data-id=\"395\">Programa de P\u00f3s-Gradua\u00e7\u00e3o em Produ\u00e7\u00e3o Vegetal<\/a><\/p>\n<p><!-- \/wp:paragraph --> <!-- wp:paragraph --><\/p>\n<p><a href=\"https:\/\/www.ufmg.br\/montesclaros\/mestrado-em-producao-animal\/\" data-type=\"page\" data-id=\"398\">Mestrado em Produ\u00e7\u00e3o Animal<\/a><\/p>\n<p><a href=\"https:\/\/www.ufmg.br\/montesclaros\/mestrado-profissional-em-administracao-publica-em-rede-nacional-profiap\/\" target=\"_blank\" rel=\"noopener\">Mestrado Profissional em Administra\u00e7\u00e3o P\u00fablica em rede nacional \u2013 PROFIAP<\/a><\/p>\n<p><!-- \/wp:paragraph --><\/p>\n<\/div><\/div><\/div><div class=\"ea-card  sp-ea-single\"><h3 class=\"ea-header\"><a class=\"collapsed\" data-sptoggle=\"spcollapse\" data-sptarget=#collapse4072 href=\"javascript:void(0)\"  aria-expanded=\"false\"><i class=\"ea-expand-icon fa fa-plus\"><\/i> Doutorado<\/a><\/h3><div class=\"sp-collapse spcollapse spcollapse\" id=\"collapse4072\" data-parent=#sp-ea-407><div class=\"ea-body\"><p><a href=\"https:\/\/www.posgraduacao.unimontes.br\/ppgsat\/\" data-type=\"page\" data-id=\"356\">Programa de P\u00f3s-Gradua\u00e7\u00e3o Associado UFMG-Unimontes em Sociedade, Ambiente e Territ\u00f3rio<\/a><\/p>\n<p><a href=\"https:\/\/www.ufmg.br\/montesclaros\/programa-de-pos-graduacao-em-producao-vegetal\/\" data-rich-text-format-boundary=\"true\">Programa de P\u00f3s-Gradua\u00e7\u00e3o em Produ\u00e7\u00e3o Vegetal<\/a><\/p>\n<\/div><\/div><\/div><div class=\"ea-card  sp-ea-single\"><h3 class=\"ea-header\"><a class=\"collapsed\" data-sptoggle=\"spcollapse\" data-sptarget=#collapse4073 href=\"javascript:void(0)\"  aria-expanded=\"false\"><i class=\"ea-expand-icon fa fa-plus\"><\/i> Disciplinas Isoladas da P\u00f3s-Gradua\u00e7\u00e3o<\/a><\/h3><div class=\"sp-collapse spcollapse spcollapse\" id=\"collapse4073\" data-parent=#sp-ea-407><div class=\"ea-body\"><div id=\"collapse3991\" class=\"sp-collapse spcollapse show\" data-parent=\"#sp-ea-399\">\n<div class=\"ea-body\">\n<p><b>2026\/1<\/b><\/p>\n<p><a href=\"https:\/\/www.ufmg.br\/montesclaros\/wp-content\/uploads\/2024\/03\/Resultado-Final-Edital-2026-Isoladas.pdf\">Resultado Final Edital 2026 Disciplinas Isoladas<\/a><\/p>\n<p><a href=\"https:\/\/www.ufmg.br\/montesclaros\/wp-content\/uploads\/2024\/03\/Edital_isoladas_2026_1.pdf\">Edital de disciplinas isoladas da P\u00f3s-Gradua\u00e7\u00e3o 2026\/1<\/a><\/p>\n<p>&nbsp;<\/p>\n<p><b>2025\/2<\/b><\/p>\n<p><a href=\"https:\/\/www.ufmg.br\/montesclaros\/wp-content\/uploads\/2025\/07\/Edital_Disciplinas_Isoladas_2025-2_assinado.pdf\">Edital de<\/a><a href=\"https:\/\/www.ufmg.br\/montesclaros\/wp-content\/uploads\/2025\/07\/Edital_Disciplinas_Isoladas_2025-2_assinado.pdf\"> discipl<\/a><a href=\"https:\/\/www.ufmg.br\/montesclaros\/wp-content\/uploads\/2025\/07\/Edital_Disciplinas_Isoladas_2025-2_assinado.pdf\">inas<\/a><a href=\"https:\/\/www.ufmg.br\/montesclaros\/wp-content\/uploads\/2025\/07\/Edital_Disciplinas_Isoladas_2025-2_assinado.pdf\" target=\"_blank\" rel=\"noopener\"> isoladas da P\u00f3s-Gradua\u00e7\u00e3o 2025\/2<\/a><b><br \/>\n<\/b><\/p>\n<p><a href=\"https:\/\/www.ufmg.br\/montesclaros\/wp-content\/uploads\/2023\/02\/Anexo-1-Declaracao-de-ciencia.pdf\" target=\"_blank\" rel=\"noopener\">Anexo I \u2013 Declara\u00e7\u00e3o de ci\u00eancia da possibilidade de altera\u00e7\u00e3o no quadro de hor\u00e1rios<\/a><\/p>\n<p><a href=\"https:\/\/www.ufmg.br\/montesclaros\/wp-content\/uploads\/2025\/08\/Resultados-disciplinas-isoladas-2025-2.pdf\" target=\"_blank\" rel=\"noopener\">Resultado das inscri\u00e7\u00f5es para Disciplina Isolada da P\u00f3s-Gradua\u00e7\u00e3o 2025\/2<\/a><\/p>\n<p>&nbsp;<\/p>\n<hr \/>\n<p><b>2025\/1\u00a0<\/b><\/p>\n<p><b><br \/>\n<\/b><a href=\"https:\/\/www.ufmg.br\/montesclaros\/wp-content\/uploads\/2025\/02\/Edital-Disciplinas-Isoladas-2025-1.pdf\" target=\"_blank\" rel=\"noopener\">Edital de disciplinas isoladas da P\u00f3s-Gradua\u00e7\u00e3o 2025\/1<\/a><b><br \/>\n<\/b><\/p>\n<p><a href=\"https:\/\/www.ufmg.br\/montesclaros\/wp-content\/uploads\/2023\/02\/Anexo-1-Declaracao-de-ciencia.pdf\" target=\"_blank\" rel=\"noopener\">Anexo I \u2013 Declara\u00e7\u00e3o de ci\u00eancia da possibilidade de altera\u00e7\u00e3o no quadro de hor\u00e1rios<\/a><\/p>\n<p><a href=\"https:\/\/www.ufmg.br\/montesclaros\/wp-content\/uploads\/2025\/03\/Resultados-disciplinas-isoladas-2025-1.pdf\" target=\"_blank\" rel=\"noopener\">Resultado das inscri\u00e7\u00f5es para Disciplina Isolada da P\u00f3s-Gradua\u00e7\u00e3o 2025\/1<\/a><\/p>\n<p>&nbsp;<\/p>\n<hr \/>\n<p><b>2024\/2<\/b><\/p>\n<p><b><br \/>\n<\/b><a href=\"https:\/\/www.ufmg.br\/montesclaros\/wp-content\/uploads\/2024\/09\/Edital_Disciplinas_Isoladas_2024-2_assinado.pdf\" target=\"_blank\" rel=\"noopener\">Edital de disciplinas isoladas da P\u00f3s-Gradua\u00e7\u00e3o 2024\/2<\/a><b><br \/>\n<\/b><\/p>\n<p><a href=\"https:\/\/www.ufmg.br\/montesclaros\/wp-content\/uploads\/2023\/02\/Anexo-1-Declaracao-de-ciencia.pdf\" target=\"_blank\" rel=\"noopener\">Anexo I \u2013 Declara\u00e7\u00e3o de ci\u00eancia da possibilidade de altera\u00e7\u00e3o no quadro de hor\u00e1rios<\/a><\/p>\n<p><a href=\"https:\/\/www.ufmg.br\/montesclaros\/wp-content\/uploads\/2024\/10\/Resultados-disciplinas-isoladas-2024-2.pdf\" target=\"_blank\" rel=\"noopener\">Resultado das inscri\u00e7\u00f5es para Disciplina Isolada da P\u00f3s-Gradua\u00e7\u00e3o 2024\/2<\/a><\/p>\n<p>&nbsp;<\/p>\n<hr \/>\n<p><strong>2024\/1<\/strong><\/p>\n<p><a href=\"https:\/\/www.ufmg.br\/montesclaros\/wp-content\/uploads\/2024\/02\/Resultados-disciplinas-isoladas-2024-1.pdf\" target=\"_blank\" rel=\"noopener\">Resultado das inscri\u00e7\u00f5es para Disciplina Isolada da P\u00f3s-Gradua\u00e7\u00e3o 2024\/1<\/a><\/p>\n<p><a href=\"https:\/\/www.ufmg.br\/montesclaros\/wp-content\/uploads\/2024\/01\/Edital-Disciplinas-Isoladas-2024-1.pdf\" target=\"_blank\" rel=\"noopener\">Edital de disciplinas isoladas da P\u00f3s-Gradua\u00e7\u00e3o 2024\/1<\/a><\/p>\n<p><a href=\"https:\/\/www.ufmg.br\/montesclaros\/wp-content\/uploads\/2023\/02\/Anexo-1-Declaracao-de-ciencia.pdf\" target=\"_blank\" rel=\"noopener\">Anexo I \u2013 Declara\u00e7\u00e3o de ci\u00eancia da possibilidade de altera\u00e7\u00e3o no quadro de hor\u00e1rios<\/a><\/p>\n<p>&nbsp;<\/p>\n<hr \/>\n<p><b>2023\/2\u00a0<\/b><\/p>\n<p><a href=\"https:\/\/www.ufmg.br\/montesclaros\/wp-content\/uploads\/2024\/02\/BANCO-DE-REVISORES-E-TRADUTORES-DA-POS-GRADUACAO-ICA-UFMG-2023-2025.pdf\">Resultado do Edital do Banco de Revisores e Tradutores da P\u00f3s-Gradua\u00e7\u00e3o &#8211; ICA\/UFMG<\/a><\/p>\n<p><a href=\"https:\/\/www.ufmg.br\/montesclaros\/wp-content\/uploads\/2023\/11\/Edital-Banco-de-Revisores-e-Tradutores-2023_Para-publicacao.pdf\" target=\"_blank\" rel=\"noopener\">Edital Banco de Revisores e Tradutores 2023<\/a><\/p>\n<div dir=\"ltr\"><a href=\"https:\/\/www.ufmg.br\/montesclaros\/wp-content\/uploads\/2023\/08\/Resultados-disciplinas-isoladas-2023-2.pdf\" target=\"_blank\" rel=\"noopener\">Resultado das inscri\u00e7\u00f5es para Disciplina Isolada da P\u00f3s-Gradua\u00e7\u00e3o 2023\/2<\/a><\/div>\n<div dir=\"ltr\">\n<div>\n<p><a href=\"https:\/\/www.ufmg.br\/montesclaros\/wp-content\/uploads\/2023\/07\/Edital-Disciplinas-Isoladas-NAPG-2023-2.pdf\" target=\"_blank\" rel=\"noopener\">Edital de disciplinas isoladas da P\u00f3s-Gradua\u00e7\u00e3o 2023\/2<\/a><\/p>\n<p><a href=\"https:\/\/www.ufmg.br\/montesclaros\/wp-content\/uploads\/2023\/02\/Anexo-1-Declaracao-de-ciencia.pdf\" target=\"_blank\" rel=\"noopener\">Anexo I \u2013 Declara\u00e7\u00e3o de ci\u00eancia da possibilidade de altera\u00e7\u00e3o no quadro de hor\u00e1rios<\/a><\/p>\n<\/div>\n<div>\n<p>&nbsp;<\/p>\n<hr \/>\n<p>&nbsp;<\/p>\n<\/div>\n<\/div>\n<p><strong>2023\/1<\/strong><\/p>\n<p><a href=\"https:\/\/www.ufmg.br\/montesclaros\/wp-content\/uploads\/2023\/03\/Resultados-disciplinas-isoladas-2023-1.pdf\" target=\"_blank\" rel=\"noopener\">Resultado das inscri\u00e7\u00f5es para Disciplina Isolada da P\u00f3s-Gradua\u00e7\u00e3o 2023\/1<\/a><\/p>\n<p><a href=\"https:\/\/www.ufmg.br\/montesclaros\/wp-content\/uploads\/2023\/02\/Edital-Disciplinas-Isoladas-2023-1.pdf\" target=\"_blank\" rel=\"noopener\">Edital de disciplinas isoladas da P\u00f3s-Gradua\u00e7\u00e3o 2023\/1<\/a><\/p>\n<p><a href=\"https:\/\/www.ufmg.br\/montesclaros\/wp-content\/uploads\/2023\/02\/Anexo-1-Declaracao-de-ciencia.pdf\" target=\"_blank\" rel=\"noopener\">Anexo I \u2013 Declara\u00e7\u00e3o de ci\u00eancia da possibilidade de altera\u00e7\u00e3o no quadro de hor\u00e1rios<\/a><\/p>\n<p>&nbsp;<\/p>\n<hr \/>\n<p>&nbsp;<\/p>\n<p><strong>2022\/2<\/strong><\/p>\n<p><a href=\"https:\/\/www.ufmg.br\/montesclaros\/wp-content\/uploads\/2022\/08\/Edital-Disciplinas-Isoladas-2022-2.pdf\" target=\"_blank\" rel=\"noopener\">Edital de disciplinas isoladas da P\u00f3s-Gradua\u00e7\u00e3o 2022\/2<\/a><\/p>\n<p><a href=\"https:\/\/www.ufmg.br\/montesclaros\/wp-content\/uploads\/2022\/08\/edital_isoladas_napg_prorrogacao_2022_2.pdf\">Edital de disciplinas isoladas da P\u00f3s-Gradua\u00e7\u00e3o 2022\/2 &#8211; Prorroga\u00e7\u00e3o do prazo de inscri\u00e7\u00f5es<\/a><\/p>\n<p><a href=\"https:\/\/www.ufmg.br\/montesclaros\/wp-content\/uploads\/2022\/08\/Resultados-disciplinas-isoladas-2022-2.pdf\" target=\"_blank\" rel=\"noopener\">Resultado das inscri\u00e7\u00f5es para Disciplina Isolada da P\u00f3s-Gradua\u00e7\u00e3o 2022\/2<\/a><\/p>\n<\/div>\n<\/div>\n<\/div><\/div><\/div><\/div><\/div><\/div>\n\n\n<p><\/p>\n","protected":false},"excerpt":{"rendered":"<p>Com a oferta de cursos em todas as \u00e1reas do conhecimento, e em todos os n\u00edveis, o ensino na UFMG se encontra em cont\u00ednuo processo de transforma\u00e7\u00e3o, mas sempre privilegiando a forma\u00e7\u00e3o \u00e9tica, cidad\u00e3 e de excel\u00eancia. Os 94 cursos de gradua\u00e7\u00e3o oferecidos abrangem as modalidades presenciais e a dist\u00e2ncia. Na gradua\u00e7\u00e3o, o aluno da [&hellip;]<\/p>\n","protected":false},"author":3,"featured_media":0,"parent":0,"menu_order":0,"comment_status":"closed","ping_status":"closed","template":"","meta":[],"acf":[],"_links":{"self":[{"href":"https:\/\/www.ufmg.br\/montesclaros\/wp-json\/wp\/v2\/pages\/830"}],"collection":[{"href":"https:\/\/www.ufmg.br\/montesclaros\/wp-json\/wp\/v2\/pages"}],"about":[{"href":"https:\/\/www.ufmg.br\/montesclaros\/wp-json\/wp\/v2\/types\/page"}],"author":[{"embeddable":true,"href":"https:\/\/www.ufmg.br\/montesclaros\/wp-json\/wp\/v2\/users\/3"}],"replies":[{"embeddable":true,"href":"https:\/\/www.ufmg.br\/montesclaros\/wp-json\/wp\/v2\/comments?post=830"}],"version-history":[{"count":14,"href":"https:\/\/www.ufmg.br\/montesclaros\/wp-json\/wp\/v2\/pages\/830\/revisions"}],"predecessor-version":[{"id":3871,"href":"https:\/\/www.ufmg.br\/montesclaros\/wp-json\/wp\/v2\/pages\/830\/revisions\/3871"}],"wp:attachment":[{"href":"https:\/\/www.ufmg.br\/montesclaros\/wp-json\/wp\/v2\/media?parent=830"}],"curies":[{"name":"wp","href":"https:\/\/api.w.org\/{rel}","templated":true}]}}