{"id":832,"date":"2024-04-23T14:23:36","date_gmt":"2024-04-23T17:23:36","guid":{"rendered":"http:\/\/sites-hml.dti.ufmg.br\/ica\/ica-novo\/?page_id=832"},"modified":"2024-04-24T11:02:24","modified_gmt":"2024-04-24T14:02:24","slug":"formas-de-ingresso","status":"publish","type":"page","link":"https:\/\/www.ufmg.br\/montesclaros\/formas-de-ingresso\/","title":{"rendered":"Formas de Ingresso"},"content":{"rendered":"\n<p>A UFMG adota diversos processos de sele\u00e7\u00e3o para os seus cursos de gradua\u00e7\u00e3o, p\u00f3s-gradua\u00e7\u00e3o, extens\u00e3o e do ensino b\u00e1sico. Informe-se aqui&nbsp;sobre as formas de acesso \u00e0 Institui\u00e7\u00e3o.<\/p>\n\n\n\n<p><a href=\"https:\/\/ufmg.br\/cursos\/formas-de-ingresso\/ingresso-em-graduacao\">Gradua\u00e7\u00e3o<\/a><\/p>\n\n\n\n<p><a href=\"https:\/\/ufmg.br\/cursos\/formas-de-ingresso\/ingresso-em-pos-graduacao\">P\u00f3s-gradua\u00e7\u00e3o<\/a><\/p>\n","protected":false},"excerpt":{"rendered":"<p>A UFMG adota diversos processos de sele\u00e7\u00e3o para os seus cursos de gradua\u00e7\u00e3o, p\u00f3s-gradua\u00e7\u00e3o, extens\u00e3o e do ensino b\u00e1sico. Informe-se aqui&nbsp;sobre as formas de acesso \u00e0 Institui\u00e7\u00e3o. Gradua\u00e7\u00e3o P\u00f3s-gradua\u00e7\u00e3o<\/p>\n","protected":false},"author":3,"featured_media":0,"parent":0,"menu_order":0,"comment_status":"closed","ping_status":"closed","template":"","meta":[],"acf":[],"_links":{"self":[{"href":"https:\/\/www.ufmg.br\/montesclaros\/wp-json\/wp\/v2\/pages\/832"}],"collection":[{"href":"https:\/\/www.ufmg.br\/montesclaros\/wp-json\/wp\/v2\/pages"}],"about":[{"href":"https:\/\/www.ufmg.br\/montesclaros\/wp-json\/wp\/v2\/types\/page"}],"author":[{"embeddable":true,"href":"https:\/\/www.ufmg.br\/montesclaros\/wp-json\/wp\/v2\/users\/3"}],"replies":[{"embeddable":true,"href":"https:\/\/www.ufmg.br\/montesclaros\/wp-json\/wp\/v2\/comments?post=832"}],"version-history":[{"count":2,"href":"https:\/\/www.ufmg.br\/montesclaros\/wp-json\/wp\/v2\/pages\/832\/revisions"}],"predecessor-version":[{"id":913,"href":"https:\/\/www.ufmg.br\/montesclaros\/wp-json\/wp\/v2\/pages\/832\/revisions\/913"}],"wp:attachment":[{"href":"https:\/\/www.ufmg.br\/montesclaros\/wp-json\/wp\/v2\/media?parent=832"}],"curies":[{"name":"wp","href":"https:\/\/api.w.org\/{rel}","templated":true}]}}