{"id":834,"date":"2024-04-23T14:30:27","date_gmt":"2024-04-23T17:30:27","guid":{"rendered":"http:\/\/sites-hml.dti.ufmg.br\/ica\/ica-novo\/?page_id=834"},"modified":"2024-07-02T08:49:35","modified_gmt":"2024-07-02T11:49:35","slug":"vida-academica","status":"publish","type":"page","link":"https:\/\/www.ufmg.br\/montesclaros\/vida-academica\/","title":{"rendered":"Vida Acad\u00eamica"},"content":{"rendered":"\n<p>A UFMG desenvolve programas, projetos e a\u00e7\u00f5es de apoio aos seus alunos. S\u00e3o a\u00e7\u00f5es afirmativas, destinadas a assegurar igualdade de oportunidades; apoio a projetos estudantis, que objetivam viabilizar a sua participa\u00e7\u00e3o em eventos acad\u00eamicos; e assist\u00eancia estudantil. Conhe\u00e7a:<\/p>\n\n\n\n<p><a href=\"https:\/\/ufmg.br\/cursos\/vida-academica\/apoio-ao-aluno\/acoes-afirmativas\"><\/a><a href=\"https:\/\/ufmg.br\/vida-academica\/acoes-afirmativas\" target=\"_blank\" rel=\"noreferrer noopener\">A\u00e7\u00f5es Afirmativas<\/a><\/p>\n\n\n\n<p><a href=\"https:\/\/ufmg.br\/cursos\/vida-academica\/apoio-ao-aluno\/assistencia-estudantil\"><\/a><a href=\"https:\/\/ufmg.br\/vida-academica\/apoio-a-permanencia\/assistencia-estudantil\" target=\"_blank\" rel=\"noreferrer noopener\">Assist\u00eancia Estudantil<\/a><\/p>\n\n\n\n<p><a href=\"https:\/\/ufmg.br\/vida-academica\/apoio-a-permanencia\/apoio-a-saude-mental\">Apoio \u00e0 sa\u00fade mental<\/a><\/p>\n\n\n\n<p><a href=\"https:\/\/ufmg.br\/vida-academica\/acessibilidade-e-inclusao\">Acessibilidade e inclus\u00e3o<\/a><\/p>\n\n\n\n<p><a rel=\"noreferrer noopener\" href=\"https:\/\/www.ufmg.br\/prograd\/mobilidade-academica\/\" target=\"_blank\">Mobilidade Acad\u00eamica Nacional<\/a><br><br><a href=\"https:\/\/www.ufmg.br\/dri\/\" target=\"_blank\" rel=\"noreferrer noopener\">Mobilidade Acad\u00eamica Internacional<\/a><\/p>\n\n\n\n<p><a href=\"https:\/\/www.ufmg.br\/montesclaros\/pet\/\" data-type=\"page\" data-id=\"414\">Programa de Educa\u00e7\u00e3o Tutorial (PET)<\/a><\/p>\n\n\n\n<p><a href=\"https:\/\/www.ufmg.br\/montesclaros\/estagio\/\" data-type=\"page\" data-id=\"428\">Est\u00e1gio<\/a><\/p>\n\n\n\n<p><a href=\"https:\/\/www.ufmg.br\/montesclaros\/tcc\/\" data-type=\"page\" data-id=\"422\">TCC<\/a><\/p>\n\n\n\n<p><a href=\"https:\/\/www.ufmg.br\/montesclaros\/grupos-de-estudos\/\" data-type=\"page\" data-id=\"285\">Grupos de Estudos<\/a><\/p>\n\n\n\n<p><a href=\"http:\/\/ufmg.br\/montesclaros\/oficinas\/\" data-type=\"URL\" data-id=\"http:\/\/ufmg.br\/montesclaros\/oficinas\/\">Oficinas<\/a><\/p>\n\n\n\n<p><a rel=\"noreferrer noopener\" href=\"https:\/\/ufmg.br\/a-universidade\/calendario-academico\" target=\"_blank\">Calend\u00e1rio Acad\u00eamico<\/a><\/p>\n\n\n\n<p><a href=\"https:\/\/www.ufmg.br\/viverufmg\/\" data-type=\"URL\" data-id=\"https:\/\/www.ufmg.br\/viverufmg\/\">Guia da UFMG (Primeiros passos)<\/a><\/p>\n\n\n\n<p><a href=\"https:\/\/www2.ufmg.br\/drca\/\">Departamento de Registro e Controle Acad\u00eamico (Registro Acad\u00eamico)<\/a>&nbsp;<\/p>\n\n\n\n<p><a href=\"https:\/\/www.ufmg.br\/montesclaros\/distribuicao-das-salas-2024-1\/\" data-type=\"URL\" data-id=\"https:\/\/www.ufmg.br\/montesclaros\/distribuicao-das-salas-2024-1\/\">Distribui\u00e7\u00e3o de Salas<\/a><\/p>\n","protected":false},"excerpt":{"rendered":"<p>A UFMG desenvolve programas, projetos e a\u00e7\u00f5es de apoio aos seus alunos. S\u00e3o a\u00e7\u00f5es afirmativas, destinadas a assegurar igualdade de oportunidades; apoio a projetos estudantis, que objetivam viabilizar a sua participa\u00e7\u00e3o em eventos acad\u00eamicos; e assist\u00eancia estudantil. Conhe\u00e7a: A\u00e7\u00f5es Afirmativas Assist\u00eancia Estudantil Apoio \u00e0 sa\u00fade mental Acessibilidade e inclus\u00e3o Mobilidade Acad\u00eamica Nacional Mobilidade Acad\u00eamica Internacional [&hellip;]<\/p>\n","protected":false},"author":3,"featured_media":0,"parent":0,"menu_order":0,"comment_status":"closed","ping_status":"closed","template":"","meta":[],"acf":[],"_links":{"self":[{"href":"https:\/\/www.ufmg.br\/montesclaros\/wp-json\/wp\/v2\/pages\/834"}],"collection":[{"href":"https:\/\/www.ufmg.br\/montesclaros\/wp-json\/wp\/v2\/pages"}],"about":[{"href":"https:\/\/www.ufmg.br\/montesclaros\/wp-json\/wp\/v2\/types\/page"}],"author":[{"embeddable":true,"href":"https:\/\/www.ufmg.br\/montesclaros\/wp-json\/wp\/v2\/users\/3"}],"replies":[{"embeddable":true,"href":"https:\/\/www.ufmg.br\/montesclaros\/wp-json\/wp\/v2\/comments?post=834"}],"version-history":[{"count":8,"href":"https:\/\/www.ufmg.br\/montesclaros\/wp-json\/wp\/v2\/pages\/834\/revisions"}],"predecessor-version":[{"id":1172,"href":"https:\/\/www.ufmg.br\/montesclaros\/wp-json\/wp\/v2\/pages\/834\/revisions\/1172"}],"wp:attachment":[{"href":"https:\/\/www.ufmg.br\/montesclaros\/wp-json\/wp\/v2\/media?parent=834"}],"curies":[{"name":"wp","href":"https:\/\/api.w.org\/{rel}","templated":true}]}}