{"id":838,"date":"2024-04-23T14:41:01","date_gmt":"2024-04-23T17:41:01","guid":{"rendered":"http:\/\/sites-hml.dti.ufmg.br\/ica\/ica-novo\/?page_id=838"},"modified":"2025-07-04T14:57:29","modified_gmt":"2025-07-04T17:57:29","slug":"institucional","status":"publish","type":"page","link":"https:\/\/www.ufmg.br\/montesclaros\/institucional\/","title":{"rendered":"Institucional"},"content":{"rendered":"\n<p><a href=\"https:\/\/www.ufmg.br\/montesclaros\/historico\/\">Hist\u00f3rico <\/a><\/p>\n\n\n\n<p>Documentos e Normas Internas<\/p>\n\n\n\n<p><a href=\"https:\/\/www.ufmg.br\/montesclaros\/legislacao\/\">Legisla\u00e7\u00e3o<\/a><\/p>\n\n\n\n<p>Organograma<\/p>\n\n\n\n<p><a href=\"https:\/\/www.ufmg.br\/montesclaros\/procedimentos-operacionais-padrao\/\">Procedimentos Operacionais Padr\u00e3o<\/a><\/p>\n\n\n\n<p><a href=\"https:\/\/www.ufmg.br\/montesclaros\/redoc\/\" data-type=\"URL\" data-id=\"https:\/\/www.ufmg.br\/montesclaros\/redoc\/\">Avalia\u00e7\u00e3o do Relat\u00f3rio de Atividades do Docente (REDOC)<\/a><\/p>\n","protected":false},"excerpt":{"rendered":"<p>Hist\u00f3rico Documentos e Normas Internas Legisla\u00e7\u00e3o Organograma Procedimentos Operacionais Padr\u00e3o Avalia\u00e7\u00e3o do Relat\u00f3rio de Atividades do Docente (REDOC)<\/p>\n","protected":false},"author":3,"featured_media":0,"parent":0,"menu_order":0,"comment_status":"closed","ping_status":"closed","template":"","meta":[],"acf":[],"_links":{"self":[{"href":"https:\/\/www.ufmg.br\/montesclaros\/wp-json\/wp\/v2\/pages\/838"}],"collection":[{"href":"https:\/\/www.ufmg.br\/montesclaros\/wp-json\/wp\/v2\/pages"}],"about":[{"href":"https:\/\/www.ufmg.br\/montesclaros\/wp-json\/wp\/v2\/types\/page"}],"author":[{"embeddable":true,"href":"https:\/\/www.ufmg.br\/montesclaros\/wp-json\/wp\/v2\/users\/3"}],"replies":[{"embeddable":true,"href":"https:\/\/www.ufmg.br\/montesclaros\/wp-json\/wp\/v2\/comments?post=838"}],"version-history":[{"count":3,"href":"https:\/\/www.ufmg.br\/montesclaros\/wp-json\/wp\/v2\/pages\/838\/revisions"}],"predecessor-version":[{"id":3810,"href":"https:\/\/www.ufmg.br\/montesclaros\/wp-json\/wp\/v2\/pages\/838\/revisions\/3810"}],"wp:attachment":[{"href":"https:\/\/www.ufmg.br\/montesclaros\/wp-json\/wp\/v2\/media?parent=838"}],"curies":[{"name":"wp","href":"https:\/\/api.w.org\/{rel}","templated":true}]}}