{"id":840,"date":"2024-04-23T14:48:42","date_gmt":"2024-04-23T17:48:42","guid":{"rendered":"http:\/\/sites-hml.dti.ufmg.br\/ica\/ica-novo\/?page_id=840"},"modified":"2024-07-11T09:00:07","modified_gmt":"2024-07-11T12:00:07","slug":"estrutura-e-espacos","status":"publish","type":"page","link":"https:\/\/www.ufmg.br\/montesclaros\/estrutura-e-espacos\/","title":{"rendered":"Estrutura e espa\u00e7os"},"content":{"rendered":"\n<p><a href=\"https:\/\/www.ufmg.br\/montesclaros\/diretoria\/\">Diretoria<\/a><\/p>\n\n\n\n<p><a href=\"https:\/\/www.ufmg.br\/montesclaros\/congregacao\/\">Congrega\u00e7\u00e3o<\/a><\/p>\n\n\n\n<p><a href=\"https:\/\/www.ufmg.br\/montesclaros\/coordenadorias\/\">Coordenadorias<\/a><\/p>\n\n\n\n<p><a href=\"https:\/\/www.ufmg.br\/montesclaros\/biblioteca\/\">Biblioteca<\/a><\/p>\n\n\n\n<p><a href=\"https:\/\/www.ufmg.br\/montesclaros\/fazenda-experimental\/\">Fazenda Experimental<\/a><\/p>\n\n\n\n<p><a href=\"https:\/\/www.ufmg.br\/montesclaros\/setores-administrativos\/\">Setores Administrativos<\/a><\/p>\n\n\n\n<p><a href=\"https:\/\/www.ufmg.br\/montesclaros\/comunicacao\/\">Comunica\u00e7\u00e3o<\/a><\/p>\n\n\n\n<p><a href=\"https:\/\/www.ufmg.br\/montesclaros\/laboratorios\/\">Laborat\u00f3rios<\/a><\/p>\n","protected":false},"excerpt":{"rendered":"<p>Diretoria Congrega\u00e7\u00e3o Coordenadorias Biblioteca Fazenda Experimental Setores Administrativos Comunica\u00e7\u00e3o Laborat\u00f3rios<\/p>\n","protected":false},"author":3,"featured_media":0,"parent":0,"menu_order":0,"comment_status":"closed","ping_status":"closed","template":"","meta":[],"acf":[],"_links":{"self":[{"href":"https:\/\/www.ufmg.br\/montesclaros\/wp-json\/wp\/v2\/pages\/840"}],"collection":[{"href":"https:\/\/www.ufmg.br\/montesclaros\/wp-json\/wp\/v2\/pages"}],"about":[{"href":"https:\/\/www.ufmg.br\/montesclaros\/wp-json\/wp\/v2\/types\/page"}],"author":[{"embeddable":true,"href":"https:\/\/www.ufmg.br\/montesclaros\/wp-json\/wp\/v2\/users\/3"}],"replies":[{"embeddable":true,"href":"https:\/\/www.ufmg.br\/montesclaros\/wp-json\/wp\/v2\/comments?post=840"}],"version-history":[{"count":4,"href":"https:\/\/www.ufmg.br\/montesclaros\/wp-json\/wp\/v2\/pages\/840\/revisions"}],"predecessor-version":[{"id":1241,"href":"https:\/\/www.ufmg.br\/montesclaros\/wp-json\/wp\/v2\/pages\/840\/revisions\/1241"}],"wp:attachment":[{"href":"https:\/\/www.ufmg.br\/montesclaros\/wp-json\/wp\/v2\/media?parent=840"}],"curies":[{"name":"wp","href":"https:\/\/api.w.org\/{rel}","templated":true}]}}