{"id":847,"date":"2024-04-23T14:55:07","date_gmt":"2024-04-23T17:55:07","guid":{"rendered":"http:\/\/sites-hml.dti.ufmg.br\/ica\/ica-novo\/?page_id=847"},"modified":"2026-04-15T17:14:52","modified_gmt":"2026-04-15T20:14:52","slug":"contatos","status":"publish","type":"page","link":"https:\/\/www.ufmg.br\/montesclaros\/contatos\/","title":{"rendered":"Contatos"},"content":{"rendered":"\n<p><b>Cursinho comunit\u00e1rio:<\/b> <a href=\"https:\/\/cursinhoica.netlify.app\/\" data-type=\"URL\" data-id=\"https:\/\/cursinhoica.netlify.app\/\">https:\/\/cursinhoica.netlify.app\/<\/a> &#8211; cursinhoicaufmg@gmail.com <br><b>Visitas monitoradas: <\/b>visitas.ica.ufmg@gmail.com<\/p>\n\n\n\n<div class=\"wp-block-group is-layout-constrained\"><div class=\"wp-block-group__inner-container\">\n<figure class=\"wp-block-table\"><table><tbody><tr><td>Almoxarifado<\/td><td>(38) 2101-7716<\/td><\/tr><tr><td>\u00c1reas verdes e Res\u00edduos S\u00f3lidos<\/td><td>(38) 2101-7952<\/td><\/tr><tr><td>Assessoria de Gest\u00e3o Acad\u00eamica<\/td><td>(38) 2101-7911<\/td><\/tr><tr><td>Assist\u00eancia Social \/ Se\u00e7\u00e3o de Psicologia e Servi\u00e7o Social<\/td><td>(38) 2101-7784<\/td><\/tr><tr><td>Biblioteca<\/td><td>(38) 2101-7794 \/ (38) 2101-7726 \/ (38) 2101-7725<\/td><\/tr><tr><td>Bloco A &#8211; Recep\u00e7\u00e3o<\/td><td>(38) 2101-7740<\/td><\/tr><tr><td>Bloco C &#8211; Recep\u00e7\u00e3o<\/td><td>(38) 2101-7761<\/td><\/tr><tr><td>CAAD &#8211; Portaria<\/td><td>(38) 2101-7797<\/td><\/tr><tr><td>Centro de Comunica\u00e7\u00e3o &#8211; Cedecom<\/td><td>(38) 2101-7754<\/td><\/tr><tr><td>Centro de Extens\u00e3o &#8211; CENEX<\/td><td>(38) 2101-7963 \/ (38) 2101-7745<\/td><\/tr><tr><td>Colegiado de P\u00f3s-Gradua\u00e7\u00e3o em Produ\u00e7\u00e3o Animal<\/td><td>(38) 2101-7759<\/td><\/tr><tr><td>Comiss\u00e3o de Est\u00e1gios<\/td><td>(38) 2101-7741<\/td><\/tr><tr><td>Coordenadoria de Planejamento e Infraestrutura<\/td><td>(38) 2101-7760<\/td><\/tr><tr><td>Coordenadoria de Recursos Humanos<\/td><td>(38) 2101-7772<\/td><\/tr><tr><td>Escrit\u00f3rio de Manuten\u00e7\u00e3o Predial<\/td><td>(38) 2101-7777<\/td><\/tr><tr><td>Fazenda Experimental<\/td><td>(38) 2101-7739<\/td><\/tr><tr><td>Fazenda Experimental &#8211; Loja de Produtos<\/td><td>(38) 2101-7736<\/td><\/tr><tr><td>Herb\u00e1rio<\/td><td>(38) 2101-7720<\/td><\/tr><tr><td>Laborat\u00f3rio de An\u00e1lises de Res\u00edduos para Aproveitamento Agr\u00edcola<\/td><td>(38) 2101-7731<\/td><\/tr><tr><td>Laborat\u00f3rio de An\u00e1lise Sensorial<\/td><td>(38) 2101-7905<\/td><\/tr><tr><td>Laborat\u00f3rio de An\u00e1lise de Solos<\/td><td>(38) 2101-7939<\/td><\/tr><tr><td>Laborat\u00f3rio de Anatomia Vegetal e Dendrologia<\/td><td>(38) 2101-7907<\/td><\/tr><tr><td>Laborat\u00f3rio de Biologia e Manejo de Plantas Daninhas<\/td><td>(38) 2101-7781<\/td><\/tr><tr><td>Laborat\u00f3rio de Biotecnologia<\/td><td>(38) 2101-7782<br>(38) 2101-7905<\/td><\/tr><tr><td>Laborat\u00f3rio de Biot\u00e9rio<\/td><td>(38) 2101-7966<\/td><\/tr><tr><td>Laborat\u00f3rio de Bromatologia<\/td><td>(38) 2101-7796<\/td><\/tr><tr><td>Laborat\u00f3rio de Bot\u00e2nica e Fisiologia<\/td><td>(38) 2101-7979<\/td><\/tr><tr><td>Laborat\u00f3rio de Energia e Controle de Polui\u00e7\u00e3o na Agricultura<\/td><td>(38) 2101-7961<\/td><\/tr><tr><td>Laborat\u00f3rio de Entomologia<\/td><td>(38) 2101-7719<\/td><\/tr><tr><td>Laborat\u00f3rio de F\u00edsica<\/td><td>(38) 2101-7906<\/td><\/tr><tr><td>Laborat\u00f3rio de Marcenaria, Serraria e Produ\u00e7\u00e3o de Energia<\/td><td>(38) 2101-7935<\/td><\/tr><tr><td>Laborat\u00f3rio de Mec\u00e2nica e Mec\u00e2nica Agr\u00edcola<\/td><td>(38) 2101-7932<\/td><\/tr><tr><td>Laborat\u00f3rio de Microbiologia Bloco D<\/td><td>(38) 2101-7909<\/td><\/tr><tr><td>Laborat\u00f3rio de Microbiologia e Sanidade Animal<\/td><td>(38) 2101-7940<\/td><\/tr><tr><td>Laborat\u00f3rio de Microscopia<\/td><td>(38) 2101-7947<\/td><\/tr><tr><td>Laborat\u00f3rio de \u00d3leos e Biomateriais<\/td><td>(38) 2101-7960<\/td><\/tr><tr><td>Laborat\u00f3rio de Plantas Medicinais<\/td><td>(38) 2101-7941<\/td><\/tr><tr><td>Laborat\u00f3rio de Qu\u00edmica<\/td><td>(38) 2101-7732<\/td><\/tr><tr><td>Laborat\u00f3rio de Sanidade Animal<\/td><td>(38) 2101-7949<\/td><\/tr><tr><td>Laborat\u00f3rio de Sementes<\/td><td>(38) 2101-7714<\/td><\/tr><tr><td>Laborat\u00f3rio de Tecnologia de Alimentos<\/td><td>(38) 2101-7791<br>(38) 2101-7931<\/td><\/tr><tr><td>Laborat\u00f3rios do Ciclo Inicial<\/td><td>(38) 2101-7906<\/td><\/tr><tr><td>N\u00facleo de Assessoramento \u00e0 Pesquisa<br>Secretaria do&nbsp;N\u00facleo de Assessoramento \u00e0 P\u00f3s-Gradua\u00e7\u00e3o<\/td><td>(38) 2101-7715<\/td><\/tr><tr><td>Produ\u00e7\u00e3o Vegetal<\/td><td>(38) 2101-7778<\/td><\/tr><tr><td>Sec. dos Colegiados dos Cursos de Eng. Florestal e de Eng. Agr\u00edcola e Ambiental<\/td><td>(38) 2101-7779<\/td><\/tr><tr><td>Secretaria dos Colegiados dos Cursos de Agronomia e Zootecnia<\/td><td>(38) 2101-7746<\/td><\/tr><tr><td>Secretaria dos Colegiados dos Cursos de Eng. Florestal e de Eng. Agr\u00edcola e Ambiental<\/td><td>(38) 2101-7779<\/td><\/tr><tr><td>Secretaria Geral<\/td><td>(38) 2101-7767 \/ (38) 2101-7769 \/ (38) 2101-7730<\/td><\/tr><tr><td>Se\u00e7\u00e3o de Compras<\/td><td>(38) 2101-7704<\/td><\/tr><tr><td>Secretaria de P\u00f3s-Gradua\u00e7\u00e3o<\/td><td>(38) 2101-7748<\/td><\/tr><tr><td>Se\u00e7\u00e3o de Ensino<\/td><td>(38) 2101-7750<\/td><\/tr><tr><td>Se\u00e7\u00e3o de Or\u00e7amento e Finan\u00e7as<\/td><td>(38) 2101-7733<\/td><\/tr><tr><td>Se\u00e7\u00e3o de Pessoal<\/td><td>(38) 2101-7757 \/<br>(38) 2101-7758<\/td><\/tr><tr><td>Se\u00e7\u00e3o de Registro Escolar<\/td><td>(38) 2101-7750<\/td><\/tr><tr><td>Se\u00e7\u00e3o de Sa\u00fade do Trabalhador<\/td><td>(38) 2101-7979<\/td><\/tr><tr><td>Setor de Inform\u00e1tica<\/td><td>(38) 2101-7753<\/td><\/tr><tr><td>Setor de Patrim\u00f4nio<\/td><td>(38) 2101-7955<\/td><\/tr><tr><td>Setor de Seguran\u00e7a e Sa\u00fade do Trabalho<\/td><td>(38) 2101-7962<\/td><\/tr><tr><td>Setor de Transportes<\/td><td>(38) 2101-7783<\/td><\/tr><tr><td>Recursos Humanos (Psicologia)<\/td><td>(38) 2101-7709<\/td><\/tr><tr><td>Viveiro de Mudas Frut\u00edferas<\/td><td>(38) 2101-7738<\/td><\/tr><\/tbody><\/table><\/figure>\n<\/div><\/div>\n","protected":false},"excerpt":{"rendered":"<p>Cursinho comunit\u00e1rio: https:\/\/cursinhoica.netlify.app\/ &#8211; cursinhoicaufmg@gmail.com Visitas monitoradas: visitas.ica.ufmg@gmail.com Almoxarifado (38) 2101-7716 \u00c1reas verdes e Res\u00edduos S\u00f3lidos (38) 2101-7952 Assessoria de Gest\u00e3o Acad\u00eamica (38) 2101-7911 Assist\u00eancia Social \/ Se\u00e7\u00e3o de Psicologia e Servi\u00e7o Social (38) 2101-7784 Biblioteca (38) 2101-7794 \/ (38) 2101-7726 \/ (38) 2101-7725 Bloco A &#8211; Recep\u00e7\u00e3o (38) 2101-7740 Bloco C &#8211; Recep\u00e7\u00e3o (38) [&hellip;]<\/p>\n","protected":false},"author":3,"featured_media":0,"parent":0,"menu_order":0,"comment_status":"closed","ping_status":"closed","template":"","meta":[],"acf":[],"_links":{"self":[{"href":"https:\/\/www.ufmg.br\/montesclaros\/wp-json\/wp\/v2\/pages\/847"}],"collection":[{"href":"https:\/\/www.ufmg.br\/montesclaros\/wp-json\/wp\/v2\/pages"}],"about":[{"href":"https:\/\/www.ufmg.br\/montesclaros\/wp-json\/wp\/v2\/types\/page"}],"author":[{"embeddable":true,"href":"https:\/\/www.ufmg.br\/montesclaros\/wp-json\/wp\/v2\/users\/3"}],"replies":[{"embeddable":true,"href":"https:\/\/www.ufmg.br\/montesclaros\/wp-json\/wp\/v2\/comments?post=847"}],"version-history":[{"count":18,"href":"https:\/\/www.ufmg.br\/montesclaros\/wp-json\/wp\/v2\/pages\/847\/revisions"}],"predecessor-version":[{"id":5052,"href":"https:\/\/www.ufmg.br\/montesclaros\/wp-json\/wp\/v2\/pages\/847\/revisions\/5052"}],"wp:attachment":[{"href":"https:\/\/www.ufmg.br\/montesclaros\/wp-json\/wp\/v2\/media?parent=847"}],"curies":[{"name":"wp","href":"https:\/\/api.w.org\/{rel}","templated":true}]}}