{"id":850,"date":"2024-04-23T14:55:57","date_gmt":"2024-04-23T17:55:57","guid":{"rendered":"http:\/\/sites-hml.dti.ufmg.br\/ica\/ica-novo\/?page_id=850"},"modified":"2024-04-25T09:32:38","modified_gmt":"2024-04-25T12:32:38","slug":"transparencia","status":"publish","type":"page","link":"https:\/\/www.ufmg.br\/montesclaros\/transparencia\/","title":{"rendered":"Transpar\u00eancia"},"content":{"rendered":"\n<p><strong>Planejamento e acompanhamento de resultados<\/strong><br>Os objetivos, as metas, os indicadores de desempenho definidos para o exerc\u00edcio e os resultados por eles alcan\u00e7ados, sua vincula\u00e7\u00e3o aos objetivos estrat\u00e9gicos e \u00e0 miss\u00e3o da UPC, e, se for o caso, ao Plano Plurianual, aos planos nacionais e setoriais do governo e dos \u00f3rg\u00e3os de governan\u00e7a superior.<br>&#8211;&nbsp;<a href=\"https:\/\/www.ufmg.br\/pdi\/2018-2023\/versao-final\/\" target=\"_blank\" rel=\"noreferrer noopener\">Plano de Desenvolvimento Institucional (PDI 2018-2023)<br><\/a>&#8211;&nbsp;<a href=\"https:\/\/www.ufmg.br\/proplan\/wp-content\/uploads\/Plano-Estrat%C3%A9gico-Institucional-UFMG.pdf\" target=\"_blank\" rel=\"noreferrer noopener\">Plano Estrat\u00e9gico Institucional<\/a><\/p>\n\n\n\n<p><strong>Valor p\u00fablico de produtos e resultados gerados, preservados ou entregues<br><\/strong>O valor p\u00fablico em termos de produtos e resultados gerados, preservados ou entregues no exerc\u00edcio, e a capacidade de continuidade em exerc\u00edcios futuros.<br>&#8211;&nbsp;<a href=\"https:\/\/ufmg.br\/a-universidade\/apresentacao\/ufmg-em-numeros\" target=\"_blank\" rel=\"noreferrer noopener\">Valor p\u00fablico de produtos e resultados gerados, preservados ou entregues<\/a><a href=\"https:\/\/ufmg.br\/a-universidade\/apresentacao\/ufmg-em-numeros\"><br><\/a>&#8211;&nbsp;<a href=\"https:\/\/ufmg.br\/a-universidade\/gestao\/formacao-de-valor\" target=\"_blank\" rel=\"noreferrer noopener\">Capacidade de continuidade em exerc\u00edcios futuros<\/a><\/p>\n\n\n\n<p><strong>A\u00e7\u00f5es de supervis\u00e3o e controle<\/strong><br>As principais a\u00e7\u00f5es de supervis\u00e3o, controle e de correi\u00e7\u00e3o adotadas pela UPC para a garantia da legalidade, legitimidade, economicidade e transpar\u00eancia na aplica\u00e7\u00e3o dos recursos p\u00fablicos.<br>&#8211;&nbsp;<a href=\"https:\/\/www.gov.br\/cgu\/pt-br\/assuntos\/etica-e-integridade\/programa-de-integridade\/planos-de-integridade\/arquivos\/ufmg-plano-de-integridade.pdf\" target=\"_blank\" rel=\"noreferrer noopener\">Plano de Integridade<\/a><br>&#8211;&nbsp;<a href=\"https:\/\/ufmg.br\/estrutura\/estrutura-de-governanca\" target=\"_blank\" rel=\"noreferrer noopener\">Comit\u00ea de Governan\u00e7a, Riscos e Controle<\/a><br>&#8211;&nbsp;<a href=\"https:\/\/ufmg.br\/acesso-a-informacao\/auditorias-ai\" target=\"_blank\" rel=\"noreferrer noopener\">Auditorias Internas<\/a><a href=\"https:\/\/ufmg.br\/acesso-a-informacao\/auditorias-ai\"><br><\/a>&#8211;&nbsp;<a href=\"https:\/\/www.ufmg.br\/dgi\/ouvidoria\/\" target=\"_blank\" rel=\"noreferrer noopener\">Ouvidoria &#8211; Diretoria de&nbsp;Governan\u00e7a Informacional<\/a><br>&#8211;&nbsp;<a href=\"https:\/\/www.ufmg.br\/proplan\/prestacao-de-contas-da-ufmg\/\" target=\"_blank\" rel=\"noreferrer noopener\">Presta\u00e7\u00e3o de Contas da UFMG<\/a><a href=\"https:\/\/www.ufmg.br\/proplan\/prestacaodecontasufmg\/\" target=\"_blank\" rel=\"noreferrer noopener\"><br><\/a>&#8211;&nbsp;<a href=\"https:\/\/ufmg.br\/acesso-a-informacao\/dados-abertos-ai\" target=\"_blank\" rel=\"noreferrer noopener\">Plano de Dados Abertos<\/a><a href=\"https:\/\/ufmg.br\/acesso-a-informacao\/dados-abertos-ai\"><br><\/a>&#8211;&nbsp;<a href=\"https:\/\/ufmg.br\/acesso-a-informacao\/servico-de-informacao-ao-cidadao-sic-ai\" target=\"_blank\" rel=\"noreferrer noopener\">Servi\u00e7o de Informa\u00e7\u00e3o ao Cidad\u00e3o (SIC)<\/a><a href=\"https:\/\/ufmg.br\/acesso-a-informacao\/servico-de-informacao-ao-cidadao-sic-ai\"><br><\/a>&#8211;&nbsp;<a href=\"https:\/\/www2.ufmg.br\/comissaoetica\" target=\"_blank\" rel=\"noreferrer noopener\">Comiss\u00e3o de \u00c9tica<\/a><br>&#8211;&nbsp;<a href=\"https:\/\/www.ufmg.br\/prorh\/usec\/\" target=\"_blank\" rel=\"noreferrer noopener\">Atividades de correi\u00e7\u00e3o e apura\u00e7\u00e3o de il\u00edcitos administrativos<\/a><\/p>\n\n\n\n<p><strong>Estrutura organizacional<\/strong><br>A estrutura organizacional, compet\u00eancias, legisla\u00e7\u00e3o aplic\u00e1vel, principais cargos e seus ocupantes, endere\u00e7o e telefones das unidades, hor\u00e1rios de atendimento ao p\u00fablico.<br>&#8211;&nbsp;<a href=\"https:\/\/ufmg.br\/acesso-a-informacao\/institucional-ai\" target=\"_blank\" rel=\"noreferrer noopener\">Informa\u00e7\u00f5es institucionais e organizacionais da UFMG<\/a><\/p>\n\n\n\n<p><strong>Programas, projetos, a\u00e7\u00f5es, obras e atividades<\/strong><br>Os programas, projetos, a\u00e7\u00f5es, obras e atividades, com indica\u00e7\u00e3o da unidade respons\u00e1vel, principais metas e resultados e, quando existentes, indicadores de resultado e impacto, com indica\u00e7\u00e3o dos valores alcan\u00e7ados no per\u00edodo e acumulado no exerc\u00edcio.<br>&#8211;&nbsp;<a href=\"https:\/\/ufmg.br\/acesso-a-informacao\/acoes-e-programas-ai\" target=\"_blank\" rel=\"noreferrer noopener\">A\u00e7\u00f5es e Programas<\/a><\/p>\n\n\n\n<p><strong>Repasses e transfer\u00eancias<\/strong><br>Os repasses ou as transfer\u00eancias de recursos financeiros.<br>&#8211;&nbsp;<a href=\"https:\/\/ufmg.br\/acesso-a-informacao\/convenios-e-transferencias-ai\" target=\"_blank\" rel=\"noreferrer noopener\">Conv\u00eanios e transfer\u00eancias<\/a><\/p>\n\n\n\n<p><strong>Execu\u00e7\u00e3o or\u00e7ament\u00e1ria<\/strong><br>A execu\u00e7\u00e3o or\u00e7ament\u00e1ria e financeira detalhada.<br>&#8211;&nbsp;<a href=\"https:\/\/ufmg.br\/acesso-a-informacao\/receitas-e-despesas-ai\" target=\"_blank\" rel=\"noreferrer noopener\">Receitas e Despesas<\/a><br>&#8211;&nbsp;<a href=\"https:\/\/www.ufmg.br\/proplan\/prestacao-de-contas-da-ufmg\/\" target=\"_blank\" rel=\"noreferrer noopener\">Demonstra\u00e7\u00f5es cont\u00e1beis<\/a><\/p>\n\n\n\n<p><strong>Licita\u00e7\u00f5es<\/strong><br>As licita\u00e7\u00f5es realizadas e em andamento, por modalidade, com editais, anexos e resultados, al\u00e9m dos contratos firmados e notas de empenho emitidas.<br>&#8211;&nbsp;<a href=\"https:\/\/ufmg.br\/acesso-a-informacao\/licitacoes-e-contratos-ai\" target=\"_blank\" rel=\"noreferrer noopener\">Licita\u00e7\u00f5es e contratos<\/a><\/p>\n\n\n\n<p><strong>Servidores<\/strong><br>A remunera\u00e7\u00e3o e o subs\u00eddio recebidos por ocupante de cargo, posto, gradua\u00e7\u00e3o, fun\u00e7\u00e3o e emprego p\u00fablico, inclu\u00eddos os aux\u00edlios, as ajudas de custo, os jetons e outras vantagens pecuni\u00e1rias, al\u00e9m dos proventos de aposentadoria e das pens\u00f5es daqueles servidores e empregados p\u00fablicos ativos, inativos e pensionistas, de maneira individualizada.<br>&#8211;&nbsp;<a href=\"https:\/\/ufmg.br\/acesso-a-informacao\/servidores-ai\" target=\"_blank\" rel=\"noreferrer noopener\">Servidores<\/a><\/p>\n\n\n\n<p><strong>Autoridade de monitoramento<\/strong><br>O contato da autoridade de monitoramento, designada nos termos do art. 40 da Lei 12.527, de 2011, e telefone e correio eletr\u00f4nico do Servi\u00e7o de Informa\u00e7\u00f5es ao Cidad\u00e3o (SIC).<br>&#8211;&nbsp;<a href=\"https:\/\/ufmg.br\/acesso-a-informacao\/servico-de-informacao-ao-cidadao-sic-ai\" target=\"_blank\" rel=\"noreferrer noopener\">Servi\u00e7o de Informa\u00e7\u00e3o ao Cidad\u00e3o (SIC)<\/a><\/p>\n\n\n\n<p><strong>Relat\u00f3rio de Gest\u00e3o<br><\/strong>Relat\u00f3rio de Gest\u00e3o Individual apresentado aos \u00f3rg\u00e3os de controle interno e externo como presta\u00e7\u00e3o de contas anual a que esta Unidade est\u00e1 obrigada. Acesse os documentos em PDF dos anos correspondentes no link abaixo.<br>&#8211;&nbsp;<a href=\"https:\/\/www.ufmg.br\/proplan\/relatorios-de-gestao\/\" target=\"_blank\" rel=\"noreferrer noopener\">Relat\u00f3rio de Gest\u00e3o<\/a><\/p>\n\n\n\n<p><strong>Rol de Respons\u00e1veis<br><\/strong>&#8211;&nbsp;<a href=\"https:\/\/ufmg.br\/storage\/f\/1\/4\/8\/f1481e522afea6aeaea201c1fc8b40ea_16827005332908_1186128009.pdf\" target=\"_blank\" rel=\"noreferrer noopener\">Dire\u00e7\u00e3o Executiva<\/a><br>&#8211;&nbsp;<a href=\"https:\/\/ufmg.br\/storage\/b\/4\/f\/e\/b4feb1cdbdf8e4cb503330a959c571c7_16831132417119_366648500.pdf\" target=\"_blank\" rel=\"noreferrer noopener\">Conselhos<\/a><\/p>\n","protected":false},"excerpt":{"rendered":"<p>Planejamento e acompanhamento de resultadosOs objetivos, as metas, os indicadores de desempenho definidos para o exerc\u00edcio e os resultados por eles alcan\u00e7ados, sua vincula\u00e7\u00e3o aos objetivos estrat\u00e9gicos e \u00e0 miss\u00e3o da UPC, e, se for o caso, ao Plano Plurianual, aos planos nacionais e setoriais do governo e dos \u00f3rg\u00e3os de governan\u00e7a superior.&#8211;&nbsp;Plano de Desenvolvimento [&hellip;]<\/p>\n","protected":false},"author":3,"featured_media":0,"parent":0,"menu_order":0,"comment_status":"closed","ping_status":"closed","template":"","meta":[],"acf":[],"_links":{"self":[{"href":"https:\/\/www.ufmg.br\/montesclaros\/wp-json\/wp\/v2\/pages\/850"}],"collection":[{"href":"https:\/\/www.ufmg.br\/montesclaros\/wp-json\/wp\/v2\/pages"}],"about":[{"href":"https:\/\/www.ufmg.br\/montesclaros\/wp-json\/wp\/v2\/types\/page"}],"author":[{"embeddable":true,"href":"https:\/\/www.ufmg.br\/montesclaros\/wp-json\/wp\/v2\/users\/3"}],"replies":[{"embeddable":true,"href":"https:\/\/www.ufmg.br\/montesclaros\/wp-json\/wp\/v2\/comments?post=850"}],"version-history":[{"count":2,"href":"https:\/\/www.ufmg.br\/montesclaros\/wp-json\/wp\/v2\/pages\/850\/revisions"}],"predecessor-version":[{"id":923,"href":"https:\/\/www.ufmg.br\/montesclaros\/wp-json\/wp\/v2\/pages\/850\/revisions\/923"}],"wp:attachment":[{"href":"https:\/\/www.ufmg.br\/montesclaros\/wp-json\/wp\/v2\/media?parent=850"}],"curies":[{"name":"wp","href":"https:\/\/api.w.org\/{rel}","templated":true}]}}