{"id":851,"date":"2024-04-23T14:58:08","date_gmt":"2024-04-23T17:58:08","guid":{"rendered":"http:\/\/sites-hml.dti.ufmg.br\/ica\/ica-novo\/?page_id=851"},"modified":"2025-11-13T13:25:40","modified_gmt":"2025-11-13T16:25:40","slug":"graduacao","status":"publish","type":"page","link":"https:\/\/www.ufmg.br\/montesclaros\/graduacao\/","title":{"rendered":"Gradua\u00e7\u00e3o"},"content":{"rendered":"\n<h2 class=\"wp-block-heading\"><a href=\"https:\/\/www.ufmg.br\/montesclaros\/cursos-graduacao\/\">Cursos<\/a><\/h2>\n\n\n\n<h4 class=\"wp-block-heading\"><a href=\"https:\/\/www.ufmg.br\/montesclaros\/central-de-atendimento-a-graduacao-cegrad\/\" data-type=\"URL\">Central de Atendimento \u00e0 Gradua\u00e7\u00e3o (Cegrad)<\/a><\/h4>\n\n\n\n<h4 class=\"wp-block-heading\"><a href=\"https:\/\/www.ufmg.br\/prograd\/\" data-type=\"URL\" data-id=\"https:\/\/www.ufmg.br\/prograd\/\">Pr\u00f3-reitoria de Gradua\u00e7\u00e3o (Prograd)<\/a><\/h4>\n\n\n\n<h4 class=\"wp-block-heading\"><a href=\"https:\/\/www.ufmg.br\/montesclaros\/estagio\/\" data-type=\"page\" data-id=\"428\">Est\u00e1gio<\/a><\/h4>\n\n\n\n<h4 class=\"wp-block-heading\"><a href=\"https:\/\/www.ufmg.br\/montesclaros\/tcc\/\" data-type=\"page\" data-id=\"422\">TCC<\/a><\/h4>\n\n\n\n<h4 class=\"wp-block-heading\"><a href=\"https:\/\/www.ufmg.br\/montesclaros\/grupos-de-estudos\/\" data-type=\"URL\" data-id=\"https:\/\/www.ufmg.br\/montesclaros\/grupos-de-estudos\/\">Grupos de Estudo<\/a><\/h4>\n\n\n\n<p><strong><a href=\"https:\/\/www.ufmg.br\/montesclaros\/acoes-de-ensino\/\" data-type=\"URL\" data-id=\"https:\/\/www.ufmg.br\/montesclaros\/acoes-de-ensino\/\">A\u00e7\u00f5es de Ensino<\/a><\/strong><\/p>\n","protected":false},"excerpt":{"rendered":"<p>Cursos Central de Atendimento \u00e0 Gradua\u00e7\u00e3o (Cegrad) Pr\u00f3-reitoria de Gradua\u00e7\u00e3o (Prograd) Est\u00e1gio TCC Grupos de Estudo A\u00e7\u00f5es de Ensino<\/p>\n","protected":false},"author":3,"featured_media":0,"parent":0,"menu_order":0,"comment_status":"closed","ping_status":"closed","template":"","meta":[],"acf":[],"_links":{"self":[{"href":"https:\/\/www.ufmg.br\/montesclaros\/wp-json\/wp\/v2\/pages\/851"}],"collection":[{"href":"https:\/\/www.ufmg.br\/montesclaros\/wp-json\/wp\/v2\/pages"}],"about":[{"href":"https:\/\/www.ufmg.br\/montesclaros\/wp-json\/wp\/v2\/types\/page"}],"author":[{"embeddable":true,"href":"https:\/\/www.ufmg.br\/montesclaros\/wp-json\/wp\/v2\/users\/3"}],"replies":[{"embeddable":true,"href":"https:\/\/www.ufmg.br\/montesclaros\/wp-json\/wp\/v2\/comments?post=851"}],"version-history":[{"count":8,"href":"https:\/\/www.ufmg.br\/montesclaros\/wp-json\/wp\/v2\/pages\/851\/revisions"}],"predecessor-version":[{"id":4444,"href":"https:\/\/www.ufmg.br\/montesclaros\/wp-json\/wp\/v2\/pages\/851\/revisions\/4444"}],"wp:attachment":[{"href":"https:\/\/www.ufmg.br\/montesclaros\/wp-json\/wp\/v2\/media?parent=851"}],"curies":[{"name":"wp","href":"https:\/\/api.w.org\/{rel}","templated":true}]}}