{"id":5106,"date":"2022-01-11T20:00:01","date_gmt":"2022-01-11T23:00:01","guid":{"rendered":"https:\/\/www.ufmg.br\/mostra\/2022\/?page_id=5106"},"modified":"2022-01-14T09:56:13","modified_gmt":"2022-01-14T12:56:13","slug":"term-conditions","status":"publish","type":"page","link":"https:\/\/www.ufmg.br\/mostra\/2022\/term-conditions\/","title":{"rendered":"Cadastro"},"content":{"rendered":"\n\n\t\n\t<form method=\"post\" enctype=\"multipart\/form-data\" id=\"tutor-registration-from\">\n\t\t<input type=\"hidden\" name=\"tutor_course_enroll_attempt\" value=\"\">\n\t\t\n\t\t<input type=\"hidden\" id=\"_tutor_nonce\" name=\"_tutor_nonce\" value=\"167a524e2c\" \/><input type=\"hidden\" name=\"_wp_http_referer\" value=\"\/mostra\/2022\/wp-json\/wp\/v2\/pages\/5106\" \/>\t\t<input type=\"hidden\" value=\"tutor_register_student\" name=\"tutor_action\"\/>\n\n\t\t\n\t\t<div class=\"tutor-form-row\">\n\t\t\t<div class=\"tutor-form-col-6\">\n\t\t\t\t<div class=\"tutor-form-group\">\n\t\t\t\t\t<label>\n\t\t\t\t\t\tNome\t\t\t\t\t<\/label>\n\n\t\t\t\t\t<input type=\"text\" name=\"first_name\" value=\"\" placeholder=\"Nome\" required autocomplete=\"given-name\">\n\t\t\t\t<\/div>\n\t\t\t<\/div>\n\n\t\t\t<div class=\"tutor-form-col-6\">\n\t\t\t\t<div class=\"tutor-form-group\">\n\t\t\t\t\t<label>\n\t\t\t\t\t\tSobrenome\t\t\t\t\t<\/label>\n\n\t\t\t\t\t<input type=\"text\" name=\"last_name\" value=\"\" placeholder=\"Sobrenome\" required autocomplete=\"family-name\">\n\t\t\t\t<\/div>\n\t\t\t<\/div>\n\t\t<\/div>\n\n\t\t<div class=\"tutor-form-row\">\n\t\t\t<div class=\"tutor-form-col-6\">\n\t\t\t\t<div class=\"tutor-form-group\">\n\t\t\t\t\t<label>\n\t\t\t\t\t\tUsu\u00e1rio\t\t\t\t\t<\/label>\n\n\t\t\t\t\t<input type=\"text\" name=\"user_login\" class=\"tutor_user_name\" value=\"\" placeholder=\"Usu\u00e1rio\" required autocomplete=\"username\">\n\t\t\t\t<\/div>\n\t\t\t<\/div>\n\n\t\t\t<div class=\"tutor-form-col-6\">\n\t\t\t\t<div class=\"tutor-form-group\">\n\t\t\t\t\t<label>\n\t\t\t\t\t\tE-mail\t\t\t\t\t<\/label>\n\t\t\t\t\t<input type=\"text\" name=\"email\" value=\"\" placeholder=\"E-mail\" required autocomplete=\"email\">\n\t\t\t\t<\/div>\n\t\t\t<\/div>\n\t\t<\/div>\n\n\t\t<div class=\"tutor-form-row\">\n\t\t\t<div class=\"tutor-form-col-6\">\n\t\t\t\t<div class=\"tutor-form-group\">\n\t\t\t\t\t<label>\n\t\t\t\t\t\tSenha\t\t\t\t\t<\/label>\n\n\t\t\t\t\t<input type=\"password\" name=\"password\" value=\"\" placeholder=\"Senha\" required autocomplete=\"new-password\">\n\t\t\t\t<\/div>\n\t\t\t<\/div>\n\n\t\t\t<div class=\"tutor-form-col-6\">\n\t\t\t\t<div class=\"tutor-form-group\">\n\t\t\t\t\t<label>\n\t\t\t\t\t\tConfirma\u00e7\u00e3o de senha\t\t\t\t\t<\/label>\n\n\t\t\t\t\t<input type=\"password\" name=\"password_confirmation\" value=\"\" placeholder=\"Confirma\u00e7\u00e3o de senha\" required autocomplete=\"new-password\">\n\t\t\t\t<\/div>\n\t\t\t<\/div>\n\t\t<\/div>\n\n\n\t\t<div class=\"tutor-form-row\">\n\t\t\t<div class=\"tutor-form-col-12\">\n\t\t\t\t<div class=\"tutor-form-group\">\n\t\t\t\t\t\t\t\t<\/div>\n\t\t\t<\/div>\n\t\t<\/div>\n\n\t\t\n\t\t<div class=\"tutor-form-row\">\n\t\t\t<div class=\"tutor-form-col-12\">\n\t\t\t\t<div class=\"tutor-form-group tutor-reg-form-btn-wrap\">\n\t\t\t\t\t<button type=\"submit\" name=\"tutor_register_student_btn\" value=\"register\" class=\"tutor-button\">Cadastrar<\/button>\n\t\t\t\t<\/div>\n\t\t\t<\/div>\n\t\t<\/div>\n\n\t<\/form>\n\t","protected":false},"excerpt":{"rendered":"<p>Nome Sobrenome Usu\u00e1rio E-mail Senha Confirma\u00e7\u00e3o de senha Cadastrar<\/p>\n","protected":false},"author":1,"featured_media":0,"parent":0,"menu_order":0,"comment_status":"closed","ping_status":"closed","template":"fullwidth.php","meta":[],"yoast_head":"<!-- This site is optimized with the Yoast SEO plugin v17.9 - https:\/\/yoast.com\/wordpress\/plugins\/seo\/ -->\n<title>Cadastro - Mostra Sua UFMG 2022<\/title>\n<meta name=\"robots\" content=\"index, follow, max-snippet:-1, max-image-preview:large, max-video-preview:-1\" \/>\n<link rel=\"canonical\" href=\"https:\/\/www.ufmg.br\/mostra\/2022\/term-conditions\/\" \/>\n<meta property=\"og:locale\" content=\"pt_BR\" \/>\n<meta property=\"og:type\" content=\"article\" \/>\n<meta property=\"og:title\" content=\"Cadastro - Mostra Sua UFMG 2022\" \/>\n<meta property=\"og:description\" content=\"Nome Sobrenome Usu\u00e1rio E-mail Senha Confirma\u00e7\u00e3o de senha Cadastrar\" \/>\n<meta property=\"og:url\" content=\"https:\/\/www.ufmg.br\/mostra\/2022\/term-conditions\/\" \/>\n<meta property=\"og:site_name\" content=\"Mostra Sua UFMG 2022\" \/>\n<meta property=\"article:modified_time\" content=\"2022-01-14T12:56:13+00:00\" \/>\n<meta property=\"og:image\" content=\"https:\/\/www.ufmg.br\/mostra\/2022\/wp-content\/uploads\/2022\/01\/data-113x120-1.png\" \/>\n<meta name=\"twitter:card\" content=\"summary_large_image\" \/>\n<meta name=\"twitter:label1\" content=\"Est. tempo de leitura\" \/>\n\t<meta name=\"twitter:data1\" content=\"1 minuto\" \/>\n<script type=\"application\/ld+json\" class=\"yoast-schema-graph\">{\"@context\":\"https:\/\/schema.org\",\"@graph\":[{\"@type\":\"WebSite\",\"@id\":\"https:\/\/www.ufmg.br\/mostra\/2022\/#website\",\"url\":\"https:\/\/www.ufmg.br\/mostra\/2022\/\",\"name\":\"Mostra Sua UFMG 2022\",\"description\":\"31 de janeiro a 4 de fevereiro\",\"potentialAction\":[{\"@type\":\"SearchAction\",\"target\":{\"@type\":\"EntryPoint\",\"urlTemplate\":\"https:\/\/www.ufmg.br\/mostra\/2022\/?s={search_term_string}\"},\"query-input\":\"required name=search_term_string\"}],\"inLanguage\":\"pt-BR\"},{\"@type\":\"ImageObject\",\"@id\":\"https:\/\/www.ufmg.br\/mostra\/2022\/term-conditions\/#primaryimage\",\"inLanguage\":\"pt-BR\",\"url\":\"https:\/\/www.ufmg.br\/mostra\/2022\/wp-content\/uploads\/2022\/01\/data-113x120-1.png\",\"contentUrl\":\"https:\/\/www.ufmg.br\/mostra\/2022\/wp-content\/uploads\/2022\/01\/data-113x120-1.png\",\"width\":113,\"height\":120},{\"@type\":\"WebPage\",\"@id\":\"https:\/\/www.ufmg.br\/mostra\/2022\/term-conditions\/#webpage\",\"url\":\"https:\/\/www.ufmg.br\/mostra\/2022\/term-conditions\/\",\"name\":\"Cadastro - Mostra Sua UFMG 2022\",\"isPartOf\":{\"@id\":\"https:\/\/www.ufmg.br\/mostra\/2022\/#website\"},\"primaryImageOfPage\":{\"@id\":\"https:\/\/www.ufmg.br\/mostra\/2022\/term-conditions\/#primaryimage\"},\"datePublished\":\"2022-01-11T23:00:01+00:00\",\"dateModified\":\"2022-01-14T12:56:13+00:00\",\"breadcrumb\":{\"@id\":\"https:\/\/www.ufmg.br\/mostra\/2022\/term-conditions\/#breadcrumb\"},\"inLanguage\":\"pt-BR\",\"potentialAction\":[{\"@type\":\"ReadAction\",\"target\":[\"https:\/\/www.ufmg.br\/mostra\/2022\/term-conditions\/\"]}]},{\"@type\":\"BreadcrumbList\",\"@id\":\"https:\/\/www.ufmg.br\/mostra\/2022\/term-conditions\/#breadcrumb\",\"itemListElement\":[{\"@type\":\"ListItem\",\"position\":1,\"name\":\"Cadastro\"}]}]}<\/script>\n<!-- \/ Yoast SEO plugin. -->","yoast_head_json":{"title":"Cadastro - Mostra Sua UFMG 2022","robots":{"index":"index","follow":"follow","max-snippet":"max-snippet:-1","max-image-preview":"max-image-preview:large","max-video-preview":"max-video-preview:-1"},"canonical":"https:\/\/www.ufmg.br\/mostra\/2022\/term-conditions\/","og_locale":"pt_BR","og_type":"article","og_title":"Cadastro - Mostra Sua UFMG 2022","og_description":"Nome Sobrenome Usu\u00e1rio E-mail Senha Confirma\u00e7\u00e3o de senha Cadastrar","og_url":"https:\/\/www.ufmg.br\/mostra\/2022\/term-conditions\/","og_site_name":"Mostra Sua UFMG 2022","article_modified_time":"2022-01-14T12:56:13+00:00","og_image":[{"url":"https:\/\/www.ufmg.br\/mostra\/2022\/wp-content\/uploads\/2022\/01\/data-113x120-1.png"}],"twitter_card":"summary_large_image","twitter_misc":{"Est. tempo de leitura":"1 minuto"},"schema":{"@context":"https:\/\/schema.org","@graph":[{"@type":"WebSite","@id":"https:\/\/www.ufmg.br\/mostra\/2022\/#website","url":"https:\/\/www.ufmg.br\/mostra\/2022\/","name":"Mostra Sua UFMG 2022","description":"31 de janeiro a 4 de fevereiro","potentialAction":[{"@type":"SearchAction","target":{"@type":"EntryPoint","urlTemplate":"https:\/\/www.ufmg.br\/mostra\/2022\/?s={search_term_string}"},"query-input":"required name=search_term_string"}],"inLanguage":"pt-BR"},{"@type":"ImageObject","@id":"https:\/\/www.ufmg.br\/mostra\/2022\/term-conditions\/#primaryimage","inLanguage":"pt-BR","url":"https:\/\/www.ufmg.br\/mostra\/2022\/wp-content\/uploads\/2022\/01\/data-113x120-1.png","contentUrl":"https:\/\/www.ufmg.br\/mostra\/2022\/wp-content\/uploads\/2022\/01\/data-113x120-1.png","width":113,"height":120},{"@type":"WebPage","@id":"https:\/\/www.ufmg.br\/mostra\/2022\/term-conditions\/#webpage","url":"https:\/\/www.ufmg.br\/mostra\/2022\/term-conditions\/","name":"Cadastro - Mostra Sua UFMG 2022","isPartOf":{"@id":"https:\/\/www.ufmg.br\/mostra\/2022\/#website"},"primaryImageOfPage":{"@id":"https:\/\/www.ufmg.br\/mostra\/2022\/term-conditions\/#primaryimage"},"datePublished":"2022-01-11T23:00:01+00:00","dateModified":"2022-01-14T12:56:13+00:00","breadcrumb":{"@id":"https:\/\/www.ufmg.br\/mostra\/2022\/term-conditions\/#breadcrumb"},"inLanguage":"pt-BR","potentialAction":[{"@type":"ReadAction","target":["https:\/\/www.ufmg.br\/mostra\/2022\/term-conditions\/"]}]},{"@type":"BreadcrumbList","@id":"https:\/\/www.ufmg.br\/mostra\/2022\/term-conditions\/#breadcrumb","itemListElement":[{"@type":"ListItem","position":1,"name":"Cadastro"}]}]}},"_links":{"self":[{"href":"https:\/\/www.ufmg.br\/mostra\/2022\/wp-json\/wp\/v2\/pages\/5106"}],"collection":[{"href":"https:\/\/www.ufmg.br\/mostra\/2022\/wp-json\/wp\/v2\/pages"}],"about":[{"href":"https:\/\/www.ufmg.br\/mostra\/2022\/wp-json\/wp\/v2\/types\/page"}],"author":[{"embeddable":true,"href":"https:\/\/www.ufmg.br\/mostra\/2022\/wp-json\/wp\/v2\/users\/1"}],"replies":[{"embeddable":true,"href":"https:\/\/www.ufmg.br\/mostra\/2022\/wp-json\/wp\/v2\/comments?post=5106"}],"version-history":[{"count":6,"href":"https:\/\/www.ufmg.br\/mostra\/2022\/wp-json\/wp\/v2\/pages\/5106\/revisions"}],"predecessor-version":[{"id":6152,"href":"https:\/\/www.ufmg.br\/mostra\/2022\/wp-json\/wp\/v2\/pages\/5106\/revisions\/6152"}],"wp:attachment":[{"href":"https:\/\/www.ufmg.br\/mostra\/2022\/wp-json\/wp\/v2\/media?parent=5106"}],"curies":[{"name":"wp","href":"https:\/\/api.w.org\/{rel}","templated":true}]}}