{"id":1413,"date":"2023-05-22T16:05:12","date_gmt":"2023-05-22T19:05:12","guid":{"rendered":"https:\/\/www.ufmg.br\/mostra\/2023\/?page_id=1413"},"modified":"2023-05-22T16:58:33","modified_gmt":"2023-05-22T19:58:33","slug":"ufmg-em-montes-claros","status":"publish","type":"page","link":"https:\/\/www.ufmg.br\/mostra\/2023\/ufmg-em-montes-claros\/","title":{"rendered":"UFMG em Montes Claros"},"content":{"rendered":"\n<figure class=\"wp-block-image size-full\"><img loading=\"lazy\" width=\"1024\" height=\"683\" src=\"https:\/\/www.ufmg.br\/mostra\/2023\/wp-content\/uploads\/2023\/05\/33106750410_a8b6dc39a0_b.jpg\" alt=\"\" class=\"wp-image-1422\" srcset=\"https:\/\/www.ufmg.br\/mostra\/2023\/wp-content\/uploads\/2023\/05\/33106750410_a8b6dc39a0_b.jpg 1024w, https:\/\/www.ufmg.br\/mostra\/2023\/wp-content\/uploads\/2023\/05\/33106750410_a8b6dc39a0_b-300x200.jpg 300w, https:\/\/www.ufmg.br\/mostra\/2023\/wp-content\/uploads\/2023\/05\/33106750410_a8b6dc39a0_b-768x512.jpg 768w\" sizes=\"(max-width: 1024px) 100vw, 1024px\" \/><figcaption>ICA &#8211; UFMG campus Montes Claros. Foto: Lucas Braga <em>|\u00a0<\/em>UFMG<\/figcaption><\/figure>\n\n\n\n<p>A UFMG est\u00e1 presente no norte de Minas Gerais por meio do <a href=\"http:\/\/www.ica.ufmg.br\/\">Instituto de Ci\u00eancias Agr\u00e1rias<\/a> (ICA). Os cursos de gradua\u00e7\u00e3o e p\u00f3s-gradua\u00e7\u00e3o ofertados pelo campus Montes Claros fornecem conhecimento espec\u00edfico para atender \u00e0s atividades comerciais, agropecu\u00e1rias, industriais e extrativas dessa regi\u00e3o do semi\u00e1rido.&nbsp;<\/p>\n\n\n\n<p>Ao todo, <strong>240 vagas<\/strong> s\u00e3o ofertadas anualmente, al\u00e9m de atividades de ensino, pesquisa e extens\u00e3o universit\u00e1ria que resgatam os saberes tradicionais das popula\u00e7\u00f5es locais e colaboram para o desenvolvimento social e educacional da regi\u00e3o.<\/p>\n\n\n\n<h3><strong>Cursos ofertados pelo ICA:<\/strong><\/h3>\n\n\n\n<h5><strong>Gradua\u00e7\u00e3o:<\/strong> <\/h5>\n\n\n\n<p>Agronomia, Administra\u00e7\u00e3o, Engenharia de Alimentos, Engenharia Agr\u00edcola e Ambiental, Engenharia Florestal e Zootecnia.&nbsp;<\/p>\n\n\n\n<h5><strong>P\u00f3s-gradua\u00e7\u00e3o:<\/strong><\/h5>\n\n\n\n<p>Recursos H\u00eddricos e Ambientais e Resid\u00eancia Agr\u00e1ria (especializa\u00e7\u00e3o), Produ\u00e7\u00e3o Animal, Produ\u00e7\u00e3o Vegetal&nbsp; e Sociedade, Ambiente e Territ\u00f3rio (mestrado) e Produ\u00e7\u00e3o Vegetal (doutorado).<\/p>\n\n\n\n<h3><strong>Formas de ingresso&nbsp;<\/strong><\/h3>\n\n\n\n<p>O processo de admiss\u00e3o na Universidade ocorre por meio do <a href=\"https:\/\/www.ufmg.br\/sisu\/\">Sistema de Sele\u00e7\u00e3o Unificada (Sisu)<\/a>. Podem participar todos os concluintes do ensino m\u00e9dio que realizaram o Exame Nacional do Ensino M\u00e9dio (Enem). No Sisu, al\u00e9m das vagas de ampla concorr\u00eancia, os estudantes podem ingressar por meio de uma das oito modalidades de reserva diferentes com entrada \u00fanica para o primeiro semestre de cada ano.&nbsp;<\/p>\n\n\n\n<h3><strong>Assist\u00eancia Estudantil&nbsp;&nbsp;<\/strong><\/h3>\n\n\n\n<p>Estudantes que pretendem iniciar a sua primeira gradua\u00e7\u00e3o e necessitam de algum apoio para a sua perman\u00eancia na Universidade podem pleitear acesso \u00e0 Pol\u00edtica de Assist\u00eancia Estudantil da UFMG.&nbsp;<\/p>\n\n\n\n<p>Elaborada pela <a href=\"https:\/\/www.ufmg.br\/prae\">Pr\u00f3-reitoria de Assuntos Estudantis<\/a> (Prae) e executada pela <a href=\"http:\/\/www.fump.ufmg.br\/\">Funda\u00e7\u00e3o Universit\u00e1ria Mendes Pimentel<\/a> (Fump), a pol\u00edtica de assist\u00eancia promove o acesso \u00e0 alimenta\u00e7\u00e3o, \u00e0 moradia, \u00e0 sa\u00fade, ao transporte, garantindo aos discentes condi\u00e7\u00f5es para a conclus\u00e3o do curso.<\/p>\n\n\n\n<p>Entre os programas de assist\u00eancia oferecidos no campus Montes Claros, destacam-se:&nbsp;<\/p>\n\n\n\n<h5><strong>Moradia Universit\u00e1ria<\/strong><\/h5>\n\n\n\n<p>Estudantes em vulnerabilidade social que residem fora de Montes Claros contam com a <a href=\"https:\/\/www.fump.ufmg.br\/conteudo.aspx?pagina=4\">Moradia Universit\u00e1ria<\/a>, que comporta 108 residentes.&nbsp;<\/p>\n\n\n\n<h5><strong>Programa de alimenta\u00e7\u00e3o&nbsp;<\/strong><\/h5>\n\n\n\n<p>O campus Montes Claros tamb\u00e9m oferece o <a href=\"https:\/\/www.fump.ufmg.br\/conteudo.aspx?pagina=102\">Programa de Alimenta\u00e7\u00e3o<\/a> em seu Restaurante Universit\u00e1rio (RU). Os benef\u00edcios variam do subs\u00eddio parcial do valor da refei\u00e7\u00e3o at\u00e9 a gratuidade, dependendo do n\u00edvel de assist\u00eancia em que o estudante est\u00e1 enquadrado.<\/p>\n\n\n\n<h5><strong>Aux\u00edlio Transporte<\/strong><\/h5>\n\n\n\n<p>Os estudantes regularmente matriculados e frequentes no ICA podem fazer parte do <a href=\"https:\/\/www.fump.ufmg.br\/conteudo.aspx?pagina=65#:~:text=A%20concess%C3%A3o%20do%20benef%C3%ADcio%20ser%C3%A1,9815%20na%20Unidade%20Montes%20Claros.\">Programa Aux\u00edlio Transporte<\/a> que oferece o benef\u00edcio mensalmente em Montes Claros.&nbsp;<\/p>\n\n\n\n<h5><strong>Assist\u00eancia \u00e0 sa\u00fade<\/strong><\/h5>\n\n\n\n<p>Aos estudantes assistidos pela Fump, o ICA oferece atendimento <a href=\"https:\/\/www.fump.ufmg.br\/conteudo.aspx?pagina=253\">psicol\u00f3gico<\/a> e <a href=\"https:\/\/www.fump.ufmg.br\/conteudo.aspx?pagina=251\">odontol\u00f3gico<\/a> gratuito na sede da UFMG de Montes Claros. Al\u00e9m disso, tamb\u00e9m \u00e9 oferecido <a href=\"https:\/\/www.fump.ufmg.br\/conteudo.aspx?pagina=252\">atendimento m\u00e9dico<\/a> na &#8220;Casa de Sa\u00fade&#8221;, localizada no pr\u00f3prio campus, ou ainda na Unidade de Sa\u00fade de refer\u00eancia do estudante.<\/p>\n\n\n\n<h3><strong>Espa\u00e7os, Pesquisa e Extens\u00e3o<\/strong><\/h3>\n\n\n\n<p>Para inserir a UFMG no contexto socioecon\u00f4mico do Norte de Minas Gerais, o campus agrega<strong> <\/strong>atividades de ensino e pesquisa que dialogam com os diferentes espa\u00e7os do Instituto. Entre elas, destacam-se a produ\u00e7\u00e3o e colheita de feij\u00e3o na Fazenda Experimental, que fornece em m\u00e9dia 400 kg de feij\u00e3o por m\u00eas para o Restaurante Universit\u00e1rio, al\u00e9m de contribuir para a manuten\u00e7\u00e3o do espa\u00e7o com o recurso da venda do excedente.<\/p>\n\n\n\n<p>Al\u00e9m disso, a Fazenda Experimental Professor Hamilton de Abreu Navarro (FEHAN) do ICA abrigam atividades de bovinocultura e agricultura, que apoiam e colaboram com o desenvolvimento institucional e a realiza\u00e7\u00e3o de cursos, est\u00e1gios, semin\u00e1rios, visitas t\u00e9cnicas e dias de campo.&nbsp;<\/p>\n\n\n\n<p>O campus disp\u00f5e tamb\u00e9m de dois pr\u00e9dios de pesquisa em ci\u00eancias agr\u00e1rias, laborat\u00f3rios de ensino, pesquisa e uma biblioteca universit\u00e1ria, que contribuem para a constru\u00e7\u00e3o e o desenvolvimento do conhecimento na regi\u00e3o de Montes Claros.<\/p>\n\n\n\n<p>A presen\u00e7a da UFMG em Montes Claros transcende as atividades acad\u00eamicas e \u00e9 marcada por a\u00e7\u00f5es de extens\u00e3o que alcan\u00e7am a comunidade local, como o Cursinho Comunit\u00e1rio do ICA, o <a href=\"http:\/\/instagram.com\/comunica.ufmg\/\">UFMG &#8220;ComunICA&#8221;<\/a>, que auxilia estudantes de baixa renda a ingressarem no ensino superior, projeto de incentivo \u00e0 agricultura familiar por meio da elabora\u00e7\u00e3o de produtos \u00e0 base de am\u00eandoa de maca\u00faba, o programa \u201cPecu\u00e1ria do Sert\u00e3o\u201d, que visa aprimorar e capacitar produtores, estudantes e t\u00e9cnicos em pr\u00e1ticas de produ\u00e7\u00e3o pecu\u00e1ria para o Norte de Minas Gerais, e o projeto de apoio a agricultores familiares do Norte de Minas Gerais em atividades de produ\u00e7\u00e3o, higiene e sa\u00fade p\u00fablica.<\/p>\n\n\n\n<h3>Saiba mais sobre as atividades do campus da UFMG em Montes Claros no Portal <a href=\"http:\/\/www.ica.ufmg.br\/\">Instituto de Ci\u00eancias Agr\u00e1rias<\/a>.&nbsp;<\/h3>\n","protected":false},"excerpt":{"rendered":"<p>A UFMG est\u00e1 presente no norte de Minas Gerais por [&hellip;]<\/p>\n","protected":false},"author":1,"featured_media":0,"parent":0,"menu_order":0,"comment_status":"closed","ping_status":"closed","template":"","meta":[],"acf":[],"_links":{"self":[{"href":"https:\/\/www.ufmg.br\/mostra\/2023\/wp-json\/wp\/v2\/pages\/1413"}],"collection":[{"href":"https:\/\/www.ufmg.br\/mostra\/2023\/wp-json\/wp\/v2\/pages"}],"about":[{"href":"https:\/\/www.ufmg.br\/mostra\/2023\/wp-json\/wp\/v2\/types\/page"}],"author":[{"embeddable":true,"href":"https:\/\/www.ufmg.br\/mostra\/2023\/wp-json\/wp\/v2\/users\/1"}],"replies":[{"embeddable":true,"href":"https:\/\/www.ufmg.br\/mostra\/2023\/wp-json\/wp\/v2\/comments?post=1413"}],"version-history":[{"count":11,"href":"https:\/\/www.ufmg.br\/mostra\/2023\/wp-json\/wp\/v2\/pages\/1413\/revisions"}],"predecessor-version":[{"id":1428,"href":"https:\/\/www.ufmg.br\/mostra\/2023\/wp-json\/wp\/v2\/pages\/1413\/revisions\/1428"}],"wp:attachment":[{"href":"https:\/\/www.ufmg.br\/mostra\/2023\/wp-json\/wp\/v2\/media?parent=1413"}],"curies":[{"name":"wp","href":"https:\/\/api.w.org\/{rel}","templated":true}]}}