{"id":17,"date":"2020-05-18T08:41:14","date_gmt":"2020-05-18T11:41:14","guid":{"rendered":"https:\/\/www.ufmg.br\/mostra\/2023\/?page_id=17"},"modified":"2024-02-05T16:41:56","modified_gmt":"2024-02-05T18:41:56","slug":"duvidas-frequentes","status":"publish","type":"page","link":"https:\/\/www.ufmg.br\/mostra\/2023\/duvidas-frequentes\/","title":{"rendered":"D\u00favidas Frequentes"},"content":{"rendered":"\n<p><strong>Qual o formato da Mostra sua UFMG 2024?<\/strong><br>A Mostra \u00e9 presencial, gratuita, e ocorrer\u00e1 em Montes Claros e Belo Horizonte.<\/p>\n\n\n\n<p><strong>\u00c9 necess\u00e1rio realizar inscri\u00e7\u00e3o para participar da Mostra?<\/strong><br>Sim, a data das inscri\u00e7\u00f5es ser\u00e3o divulgadas em breve. Acompanhe as redes sociais da UFMG.<\/p>\n\n\n\n<p><strong>Quem poder\u00e1 participar da Mostra?<\/strong><br>Estudantes de ensino m\u00e9dio e t\u00e9cnico, de todo o Brasil, que possuem interesse em ingressar na Universidade.<\/p>\n","protected":false},"excerpt":{"rendered":"<p>Qual o formato da Mostra sua UFMG 2024?A Mostra \u00e9 [&hellip;]<\/p>\n","protected":false},"author":1,"featured_media":0,"parent":0,"menu_order":0,"comment_status":"closed","ping_status":"closed","template":"","meta":[],"acf":[],"_links":{"self":[{"href":"https:\/\/www.ufmg.br\/mostra\/2023\/wp-json\/wp\/v2\/pages\/17"}],"collection":[{"href":"https:\/\/www.ufmg.br\/mostra\/2023\/wp-json\/wp\/v2\/pages"}],"about":[{"href":"https:\/\/www.ufmg.br\/mostra\/2023\/wp-json\/wp\/v2\/types\/page"}],"author":[{"embeddable":true,"href":"https:\/\/www.ufmg.br\/mostra\/2023\/wp-json\/wp\/v2\/users\/1"}],"replies":[{"embeddable":true,"href":"https:\/\/www.ufmg.br\/mostra\/2023\/wp-json\/wp\/v2\/comments?post=17"}],"version-history":[{"count":8,"href":"https:\/\/www.ufmg.br\/mostra\/2023\/wp-json\/wp\/v2\/pages\/17\/revisions"}],"predecessor-version":[{"id":1450,"href":"https:\/\/www.ufmg.br\/mostra\/2023\/wp-json\/wp\/v2\/pages\/17\/revisions\/1450"}],"wp:attachment":[{"href":"https:\/\/www.ufmg.br\/mostra\/2023\/wp-json\/wp\/v2\/media?parent=17"}],"curies":[{"name":"wp","href":"https:\/\/api.w.org\/{rel}","templated":true}]}}