{"id":335,"date":"2022-10-14T14:54:14","date_gmt":"2022-10-14T17:54:14","guid":{"rendered":"https:\/\/www.ufmg.br\/mostra\/2023\/?page_id=335"},"modified":"2022-11-11T14:53:40","modified_gmt":"2022-11-11T17:53:40","slug":"exposicao-interativa","status":"publish","type":"page","link":"https:\/\/www.ufmg.br\/mostra\/2023\/imersao\/exposicao-interativa\/","title":{"rendered":"Exposi\u00e7\u00e3o Interativa"},"content":{"rendered":"\n<p>Passeio imersivo na galeria de artes do sagu\u00e3o da Reitoria com exposi\u00e7\u00e3o de quadros art\u00edsticos e esculturas 3D de pr\u00e9dios da UFMG.<\/p>\n\n\n\n<figure class=\"wp-block-embed aligncenter is-type-video is-provider-youtube wp-block-embed-youtube wp-embed-aspect-16-9 wp-has-aspect-ratio\"><div class=\"wp-block-embed__wrapper\">\n<iframe loading=\"lazy\" title=\"EXPOSI\u00c7\u00c3O MOSTRA SUA UFMG\" width=\"500\" height=\"281\" src=\"https:\/\/www.youtube.com\/embed\/y3ItWXKBeQY?start=58&#038;feature=oembed\" frameborder=\"0\" allow=\"accelerometer; autoplay; clipboard-write; encrypted-media; gyroscope; picture-in-picture\" allowfullscreen><\/iframe>\n<\/div><\/figure>\n\n\n\n<p>A exposi\u00e7\u00e3o interativa apresenta imagens estilizadas de diversas unidades da UFMG.<\/p>\n\n\n\n<p>O artista e designer<strong>&nbsp;Alex Lutkus<\/strong>&nbsp;explora livremente a rela\u00e7\u00e3o entre espacialidade e cor, de maneira a transformar os ambientes arquitet\u00f4nicos da UFMG, territ\u00f3rios de saber, em contornos est\u00e9ticos repletos de ritmo e poesia. Passeie por entre as imagens em 2D e 3D, converse com outros visitantes e deixe seus coment\u00e1rios.<\/p>\n\n\n\n<h3 class=\"has-text-align-left\">Como navegar<\/h3>\n\n\n\n<p class=\"has-text-align-left\">No computador: use as setas do teclado (para se movimentar) e o mouse (para mudar a dire\u00e7\u00e3o).<\/p>\n\n\n\n<p> No smartphone: fa\u00e7a o gesto de pin\u00e7a\/zoom com os dedos (para se movimentar). Para mudar a dire\u00e7\u00e3o, deslize o dedo sobre a tela.<\/p>\n\n\n\n<div class=\"wp-container-1 is-content-justification-center wp-block-buttons\">\n<div class=\"wp-block-button has-custom-width wp-block-button__width-50 has-custom-font-size is-style-fill\" style=\"font-size:15px\"><a class=\"wp-block-button__link has-text-color has-background\" href=\"https:\/\/hubs.mozilla.com\/boiMEkq\/mostra-sua-ufmg\" style=\"border-radius:0px;background-color:#d62a7d;color:#efeee3\"><strong>CLIQUE AQUI PARA ACESSAR A EXPOSI\u00c7\u00c3O<\/strong><\/a><\/div>\n<\/div>\n\n\n\n<p>  \u3164<\/p>\n\n\n\n<h3>Leve a UFMG com voc\u00ea<\/h3>\n\n\n\n<p>Ap\u00f3s visitar a exposi\u00e7\u00e3o interativa, voc\u00ea poder\u00e1 incorporar parte dela no seu dia a dia.<\/p>\n\n\n\n<p>Basta escolher a imagem estilizada de uma das diversas unidades da UFMG, fazer o download do arquivo e aplicar em seu caderno, bloco, camisa, caneca etc.<\/p>\n\n\n\n<p><\/p>\n\n\n\n<figure class=\"wp-container-3 wp-block-gallery-2 wp-block-gallery has-nested-images columns-default is-cropped\">\n<figure class=\"wp-block-image size-large\"><img loading=\"lazy\" width=\"1024\" height=\"728\" data-id=\"596\"  src=\"https:\/\/www.ufmg.br\/mostra\/2023\/wp-content\/uploads\/2022\/10\/Arquitetura-1024x728-1.png\" alt=\"\" class=\"wp-image-596\" srcset=\"https:\/\/www.ufmg.br\/mostra\/2023\/wp-content\/uploads\/2022\/10\/Arquitetura-1024x728-1.png 1024w, https:\/\/www.ufmg.br\/mostra\/2023\/wp-content\/uploads\/2022\/10\/Arquitetura-1024x728-1-300x213.png 300w, https:\/\/www.ufmg.br\/mostra\/2023\/wp-content\/uploads\/2022\/10\/Arquitetura-1024x728-1-768x546.png 768w\" sizes=\"(max-width: 1024px) 100vw, 1024px\" \/><figcaption>Escola de Arquitetura<\/figcaption><\/figure>\n\n\n\n<figure class=\"wp-block-image size-large\"><img loading=\"lazy\" width=\"797\" height=\"1024\" data-id=\"593\"  src=\"https:\/\/www.ufmg.br\/mostra\/2023\/wp-content\/uploads\/2022\/10\/BelasArtes-797x1024-1.png\" alt=\"\" class=\"wp-image-593\" srcset=\"https:\/\/www.ufmg.br\/mostra\/2023\/wp-content\/uploads\/2022\/10\/BelasArtes-797x1024-1.png 797w, https:\/\/www.ufmg.br\/mostra\/2023\/wp-content\/uploads\/2022\/10\/BelasArtes-797x1024-1-233x300.png 233w, https:\/\/www.ufmg.br\/mostra\/2023\/wp-content\/uploads\/2022\/10\/BelasArtes-797x1024-1-768x987.png 768w\" sizes=\"(max-width: 797px) 100vw, 797px\" \/><figcaption>Escola de Belas Artes<\/figcaption><\/figure>\n\n\n\n<figure class=\"wp-block-image size-large\"><img loading=\"lazy\" width=\"1024\" height=\"843\" data-id=\"592\"  src=\"https:\/\/www.ufmg.br\/mostra\/2023\/wp-content\/uploads\/2022\/10\/Biblioteca-1024x843-1.png\" alt=\"\" class=\"wp-image-592\" srcset=\"https:\/\/www.ufmg.br\/mostra\/2023\/wp-content\/uploads\/2022\/10\/Biblioteca-1024x843-1.png 1024w, https:\/\/www.ufmg.br\/mostra\/2023\/wp-content\/uploads\/2022\/10\/Biblioteca-1024x843-1-300x247.png 300w, https:\/\/www.ufmg.br\/mostra\/2023\/wp-content\/uploads\/2022\/10\/Biblioteca-1024x843-1-768x632.png 768w\" sizes=\"(max-width: 1024px) 100vw, 1024px\" \/><figcaption>Biblioteca Central<\/figcaption><\/figure>\n\n\n\n<figure class=\"wp-block-image size-large\"><img loading=\"lazy\" width=\"1024\" height=\"824\" data-id=\"594\"  src=\"https:\/\/www.ufmg.br\/mostra\/2023\/wp-content\/uploads\/2022\/10\/Biologia-1024x824-1.png\" alt=\"\" class=\"wp-image-594\" srcset=\"https:\/\/www.ufmg.br\/mostra\/2023\/wp-content\/uploads\/2022\/10\/Biologia-1024x824-1.png 1024w, https:\/\/www.ufmg.br\/mostra\/2023\/wp-content\/uploads\/2022\/10\/Biologia-1024x824-1-300x241.png 300w, https:\/\/www.ufmg.br\/mostra\/2023\/wp-content\/uploads\/2022\/10\/Biologia-1024x824-1-768x618.png 768w\" sizes=\"(max-width: 1024px) 100vw, 1024px\" \/><figcaption>Instituto de Ci\u00eancias Biol\u00f3gicas<\/figcaption><\/figure>\n\n\n\n<figure class=\"wp-block-image size-large\"><img loading=\"lazy\" width=\"645\" height=\"1024\" data-id=\"597\"  src=\"https:\/\/www.ufmg.br\/mostra\/2023\/wp-content\/uploads\/2022\/10\/Direito-645x1024-1.png\" alt=\"\" class=\"wp-image-597\" srcset=\"https:\/\/www.ufmg.br\/mostra\/2023\/wp-content\/uploads\/2022\/10\/Direito-645x1024-1.png 645w, https:\/\/www.ufmg.br\/mostra\/2023\/wp-content\/uploads\/2022\/10\/Direito-645x1024-1-189x300.png 189w\" sizes=\"(max-width: 645px) 100vw, 645px\" \/><figcaption>Faculdade de Direito<\/figcaption><\/figure>\n\n\n\n<figure class=\"wp-block-image size-large\"><img loading=\"lazy\" width=\"841\" height=\"1024\" data-id=\"595\"  src=\"https:\/\/www.ufmg.br\/mostra\/2023\/wp-content\/uploads\/2022\/10\/Economicas-841x1024-1.png\" alt=\"\" class=\"wp-image-595\" srcset=\"https:\/\/www.ufmg.br\/mostra\/2023\/wp-content\/uploads\/2022\/10\/Economicas-841x1024-1.png 841w, https:\/\/www.ufmg.br\/mostra\/2023\/wp-content\/uploads\/2022\/10\/Economicas-841x1024-1-246x300.png 246w, https:\/\/www.ufmg.br\/mostra\/2023\/wp-content\/uploads\/2022\/10\/Economicas-841x1024-1-768x935.png 768w\" sizes=\"(max-width: 841px) 100vw, 841px\" \/><figcaption>Faculdade de Ci\u00eancias Econ\u00f4micas<\/figcaption><\/figure>\n\n\n\n<figure class=\"wp-block-image size-large\"><img loading=\"lazy\" width=\"1024\" height=\"724\" data-id=\"598\"  src=\"https:\/\/www.ufmg.br\/mostra\/2023\/wp-content\/uploads\/2022\/10\/Ed.Fisica_Ocupacional-1024x724-1.png\" alt=\"\" class=\"wp-image-598\" srcset=\"https:\/\/www.ufmg.br\/mostra\/2023\/wp-content\/uploads\/2022\/10\/Ed.Fisica_Ocupacional-1024x724-1.png 1024w, https:\/\/www.ufmg.br\/mostra\/2023\/wp-content\/uploads\/2022\/10\/Ed.Fisica_Ocupacional-1024x724-1-300x212.png 300w, https:\/\/www.ufmg.br\/mostra\/2023\/wp-content\/uploads\/2022\/10\/Ed.Fisica_Ocupacional-1024x724-1-768x543.png 768w\" sizes=\"(max-width: 1024px) 100vw, 1024px\" \/><figcaption>Escola de Educa\u00e7\u00e3o F\u00edsica, Fisioterapia e Terapia Ocupacional<\/figcaption><\/figure>\n\n\n\n<figure class=\"wp-block-image size-large\"><img loading=\"lazy\" width=\"941\" height=\"1024\" data-id=\"599\"  src=\"https:\/\/www.ufmg.br\/mostra\/2023\/wp-content\/uploads\/2022\/10\/Educacao-941x1024-1.png\" alt=\"\" class=\"wp-image-599\" srcset=\"https:\/\/www.ufmg.br\/mostra\/2023\/wp-content\/uploads\/2022\/10\/Educacao-941x1024-1.png 941w, https:\/\/www.ufmg.br\/mostra\/2023\/wp-content\/uploads\/2022\/10\/Educacao-941x1024-1-276x300.png 276w, https:\/\/www.ufmg.br\/mostra\/2023\/wp-content\/uploads\/2022\/10\/Educacao-941x1024-1-768x836.png 768w\" sizes=\"(max-width: 941px) 100vw, 941px\" \/><figcaption>Faculdade de Educa\u00e7\u00e3o<\/figcaption><\/figure>\n\n\n\n<figure class=\"wp-block-image size-large\"><img loading=\"lazy\" width=\"867\" height=\"1024\" data-id=\"600\"  src=\"https:\/\/www.ufmg.br\/mostra\/2023\/wp-content\/uploads\/2022\/10\/Enfermagem01-867x1024.png\" alt=\"\" class=\"wp-image-600\" srcset=\"https:\/\/www.ufmg.br\/mostra\/2023\/wp-content\/uploads\/2022\/10\/Enfermagem01-867x1024.png 867w, https:\/\/www.ufmg.br\/mostra\/2023\/wp-content\/uploads\/2022\/10\/Enfermagem01-254x300.png 254w, https:\/\/www.ufmg.br\/mostra\/2023\/wp-content\/uploads\/2022\/10\/Enfermagem01-768x907.png 768w, https:\/\/www.ufmg.br\/mostra\/2023\/wp-content\/uploads\/2022\/10\/Enfermagem01-1301x1536.png 1301w, https:\/\/www.ufmg.br\/mostra\/2023\/wp-content\/uploads\/2022\/10\/Enfermagem01-1735x2048.png 1735w\" sizes=\"(max-width: 867px) 100vw, 867px\" \/><figcaption>Escola de Enfermagem<\/figcaption><\/figure>\n\n\n\n<figure class=\"wp-block-image size-large\"><img loading=\"lazy\" width=\"1024\" height=\"680\" data-id=\"601\"  src=\"https:\/\/www.ufmg.br\/mostra\/2023\/wp-content\/uploads\/2022\/10\/Engenharia-1024x680-1.png\" alt=\"\" class=\"wp-image-601\" srcset=\"https:\/\/www.ufmg.br\/mostra\/2023\/wp-content\/uploads\/2022\/10\/Engenharia-1024x680-1.png 1024w, https:\/\/www.ufmg.br\/mostra\/2023\/wp-content\/uploads\/2022\/10\/Engenharia-1024x680-1-300x199.png 300w, https:\/\/www.ufmg.br\/mostra\/2023\/wp-content\/uploads\/2022\/10\/Engenharia-1024x680-1-768x510.png 768w\" sizes=\"(max-width: 1024px) 100vw, 1024px\" \/><figcaption>Escola de Engenharia<\/figcaption><\/figure>\n\n\n\n<figure class=\"wp-block-image size-large\"><img loading=\"lazy\" width=\"1024\" height=\"785\" data-id=\"602\"  src=\"https:\/\/www.ufmg.br\/mostra\/2023\/wp-content\/uploads\/2022\/10\/Fafich-1024x785-1.png\" alt=\"\" class=\"wp-image-602\" srcset=\"https:\/\/www.ufmg.br\/mostra\/2023\/wp-content\/uploads\/2022\/10\/Fafich-1024x785-1.png 1024w, https:\/\/www.ufmg.br\/mostra\/2023\/wp-content\/uploads\/2022\/10\/Fafich-1024x785-1-300x230.png 300w, https:\/\/www.ufmg.br\/mostra\/2023\/wp-content\/uploads\/2022\/10\/Fafich-1024x785-1-768x589.png 768w\" sizes=\"(max-width: 1024px) 100vw, 1024px\" \/><figcaption>Faculdade de Filosofia e Ci\u00eancias Humanas, Faculdade de Letras e Escola de Ci\u00eancia da Informa\u00e7\u00e3o<\/figcaption><\/figure>\n\n\n\n<figure class=\"wp-block-image size-large\"><img loading=\"lazy\" width=\"891\" height=\"1024\" data-id=\"603\"  src=\"https:\/\/www.ufmg.br\/mostra\/2023\/wp-content\/uploads\/2022\/10\/Famacia-891x1024-1.png\" alt=\"\" class=\"wp-image-603\" srcset=\"https:\/\/www.ufmg.br\/mostra\/2023\/wp-content\/uploads\/2022\/10\/Famacia-891x1024-1.png 891w, https:\/\/www.ufmg.br\/mostra\/2023\/wp-content\/uploads\/2022\/10\/Famacia-891x1024-1-261x300.png 261w, https:\/\/www.ufmg.br\/mostra\/2023\/wp-content\/uploads\/2022\/10\/Famacia-891x1024-1-768x883.png 768w\" sizes=\"(max-width: 891px) 100vw, 891px\" \/><figcaption>Escola de Farm\u00e1cia<\/figcaption><\/figure>\n\n\n\n<figure class=\"wp-block-image size-large\"><img loading=\"lazy\" width=\"1024\" height=\"941\" data-id=\"604\"  src=\"https:\/\/www.ufmg.br\/mostra\/2023\/wp-content\/uploads\/2022\/10\/Geologicas-1024x941-1.png\" alt=\"\" class=\"wp-image-604\" srcset=\"https:\/\/www.ufmg.br\/mostra\/2023\/wp-content\/uploads\/2022\/10\/Geologicas-1024x941-1.png 1024w, https:\/\/www.ufmg.br\/mostra\/2023\/wp-content\/uploads\/2022\/10\/Geologicas-1024x941-1-300x276.png 300w, https:\/\/www.ufmg.br\/mostra\/2023\/wp-content\/uploads\/2022\/10\/Geologicas-1024x941-1-768x706.png 768w\" sizes=\"(max-width: 1024px) 100vw, 1024px\" \/><figcaption>Instituto de Geoci\u00eancias<\/figcaption><\/figure>\n\n\n\n<figure class=\"wp-block-image size-large\"><img loading=\"lazy\" width=\"1024\" height=\"620\" data-id=\"605\"  src=\"https:\/\/www.ufmg.br\/mostra\/2023\/wp-content\/uploads\/2022\/10\/ICEX-1024x620-1.png\" alt=\"\" class=\"wp-image-605\" srcset=\"https:\/\/www.ufmg.br\/mostra\/2023\/wp-content\/uploads\/2022\/10\/ICEX-1024x620-1.png 1024w, https:\/\/www.ufmg.br\/mostra\/2023\/wp-content\/uploads\/2022\/10\/ICEX-1024x620-1-300x182.png 300w, https:\/\/www.ufmg.br\/mostra\/2023\/wp-content\/uploads\/2022\/10\/ICEX-1024x620-1-768x465.png 768w\" sizes=\"(max-width: 1024px) 100vw, 1024px\" \/><figcaption>Institutos de Ci\u00eancias Exatas<\/figcaption><\/figure>\n\n\n\n<figure class=\"wp-block-image size-large\"><img loading=\"lazy\" width=\"842\" height=\"1024\" data-id=\"606\"  src=\"https:\/\/www.ufmg.br\/mostra\/2023\/wp-content\/uploads\/2022\/10\/Medicina-842x1024-1.png\" alt=\"\" class=\"wp-image-606\" srcset=\"https:\/\/www.ufmg.br\/mostra\/2023\/wp-content\/uploads\/2022\/10\/Medicina-842x1024-1.png 842w, https:\/\/www.ufmg.br\/mostra\/2023\/wp-content\/uploads\/2022\/10\/Medicina-842x1024-1-247x300.png 247w, https:\/\/www.ufmg.br\/mostra\/2023\/wp-content\/uploads\/2022\/10\/Medicina-842x1024-1-768x934.png 768w\" sizes=\"(max-width: 842px) 100vw, 842px\" \/><figcaption>Faculdade de Medicina<\/figcaption><\/figure>\n\n\n\n<figure class=\"wp-block-image size-large\"><img loading=\"lazy\" width=\"770\" height=\"1024\" data-id=\"607\"  src=\"https:\/\/www.ufmg.br\/mostra\/2023\/wp-content\/uploads\/2022\/10\/Montes-Claros-770x1024-1.png\" alt=\"\" class=\"wp-image-607\" srcset=\"https:\/\/www.ufmg.br\/mostra\/2023\/wp-content\/uploads\/2022\/10\/Montes-Claros-770x1024-1.png 770w, https:\/\/www.ufmg.br\/mostra\/2023\/wp-content\/uploads\/2022\/10\/Montes-Claros-770x1024-1-226x300.png 226w, https:\/\/www.ufmg.br\/mostra\/2023\/wp-content\/uploads\/2022\/10\/Montes-Claros-770x1024-1-768x1021.png 768w\" sizes=\"(max-width: 770px) 100vw, 770px\" \/><figcaption>Instituto de Ci\u00eancias Agr\u00e1rias<\/figcaption><\/figure>\n\n\n\n<figure class=\"wp-block-image size-large\"><img loading=\"lazy\" width=\"1024\" height=\"829\" data-id=\"608\"  src=\"https:\/\/www.ufmg.br\/mostra\/2023\/wp-content\/uploads\/2022\/10\/Musica-1024x829-1.png\" alt=\"\" class=\"wp-image-608\" srcset=\"https:\/\/www.ufmg.br\/mostra\/2023\/wp-content\/uploads\/2022\/10\/Musica-1024x829-1.png 1024w, https:\/\/www.ufmg.br\/mostra\/2023\/wp-content\/uploads\/2022\/10\/Musica-1024x829-1-300x243.png 300w, https:\/\/www.ufmg.br\/mostra\/2023\/wp-content\/uploads\/2022\/10\/Musica-1024x829-1-768x622.png 768w\" sizes=\"(max-width: 1024px) 100vw, 1024px\" \/><figcaption>Escola de M\u00fasica<\/figcaption><\/figure>\n\n\n\n<figure class=\"wp-block-image size-large\"><img loading=\"lazy\" width=\"1024\" height=\"745\" data-id=\"609\"  src=\"https:\/\/www.ufmg.br\/mostra\/2023\/wp-content\/uploads\/2022\/10\/Odonto-1024x745-1.png\" alt=\"\" class=\"wp-image-609\" srcset=\"https:\/\/www.ufmg.br\/mostra\/2023\/wp-content\/uploads\/2022\/10\/Odonto-1024x745-1.png 1024w, https:\/\/www.ufmg.br\/mostra\/2023\/wp-content\/uploads\/2022\/10\/Odonto-1024x745-1-300x218.png 300w, https:\/\/www.ufmg.br\/mostra\/2023\/wp-content\/uploads\/2022\/10\/Odonto-1024x745-1-768x559.png 768w\" sizes=\"(max-width: 1024px) 100vw, 1024px\" \/><figcaption>Faculdade de Odontologia<\/figcaption><\/figure>\n\n\n\n<figure class=\"wp-block-image size-large\"><img loading=\"lazy\" width=\"1024\" height=\"888\" data-id=\"610\"  src=\"https:\/\/www.ufmg.br\/mostra\/2023\/wp-content\/uploads\/2022\/10\/PracaServicos-1024x888-1.png\" alt=\"\" class=\"wp-image-610\" srcset=\"https:\/\/www.ufmg.br\/mostra\/2023\/wp-content\/uploads\/2022\/10\/PracaServicos-1024x888-1.png 1024w, https:\/\/www.ufmg.br\/mostra\/2023\/wp-content\/uploads\/2022\/10\/PracaServicos-1024x888-1-300x260.png 300w, https:\/\/www.ufmg.br\/mostra\/2023\/wp-content\/uploads\/2022\/10\/PracaServicos-1024x888-1-768x666.png 768w\" sizes=\"(max-width: 1024px) 100vw, 1024px\" \/><figcaption>Prac\u00e7a de Servi\u00e7os<\/figcaption><\/figure>\n\n\n\n<figure class=\"wp-block-image size-large\"><img loading=\"lazy\" width=\"1024\" height=\"1007\" data-id=\"611\"  src=\"https:\/\/www.ufmg.br\/mostra\/2023\/wp-content\/uploads\/2022\/10\/Reitoria-1024x1007-1.png\" alt=\"\" class=\"wp-image-611\" srcset=\"https:\/\/www.ufmg.br\/mostra\/2023\/wp-content\/uploads\/2022\/10\/Reitoria-1024x1007-1.png 1024w, https:\/\/www.ufmg.br\/mostra\/2023\/wp-content\/uploads\/2022\/10\/Reitoria-1024x1007-1-300x295.png 300w, https:\/\/www.ufmg.br\/mostra\/2023\/wp-content\/uploads\/2022\/10\/Reitoria-1024x1007-1-768x755.png 768w\" sizes=\"(max-width: 1024px) 100vw, 1024px\" \/><figcaption>Reitoria<\/figcaption><\/figure>\n\n\n\n<figure class=\"wp-block-image size-large\"><img loading=\"lazy\" width=\"1002\" height=\"1024\" data-id=\"612\"  src=\"https:\/\/www.ufmg.br\/mostra\/2023\/wp-content\/uploads\/2022\/10\/Restaurant-I-1002x1024-1.png\" alt=\"\" class=\"wp-image-612\" srcset=\"https:\/\/www.ufmg.br\/mostra\/2023\/wp-content\/uploads\/2022\/10\/Restaurant-I-1002x1024-1.png 1002w, https:\/\/www.ufmg.br\/mostra\/2023\/wp-content\/uploads\/2022\/10\/Restaurant-I-1002x1024-1-294x300.png 294w, https:\/\/www.ufmg.br\/mostra\/2023\/wp-content\/uploads\/2022\/10\/Restaurant-I-1002x1024-1-768x785.png 768w\" sizes=\"(max-width: 1002px) 100vw, 1002px\" \/><figcaption>Restaurante Universit\u00e1rio I<\/figcaption><\/figure>\n\n\n\n<figure class=\"wp-block-image size-large\"><img loading=\"lazy\" width=\"1024\" height=\"1019\" data-id=\"613\"  src=\"https:\/\/www.ufmg.br\/mostra\/2023\/wp-content\/uploads\/2022\/10\/Restaurant-II-1024x1019-1.png\" alt=\"\" class=\"wp-image-613\" srcset=\"https:\/\/www.ufmg.br\/mostra\/2023\/wp-content\/uploads\/2022\/10\/Restaurant-II-1024x1019-1.png 1024w, https:\/\/www.ufmg.br\/mostra\/2023\/wp-content\/uploads\/2022\/10\/Restaurant-II-1024x1019-1-300x300.png 300w, https:\/\/www.ufmg.br\/mostra\/2023\/wp-content\/uploads\/2022\/10\/Restaurant-II-1024x1019-1-150x150.png 150w, https:\/\/www.ufmg.br\/mostra\/2023\/wp-content\/uploads\/2022\/10\/Restaurant-II-1024x1019-1-768x764.png 768w\" sizes=\"(max-width: 1024px) 100vw, 1024px\" \/><figcaption>Restaurante Universit\u00e1rio II<\/figcaption><\/figure>\n\n\n\n<figure class=\"wp-block-image size-large\"><img loading=\"lazy\" width=\"1024\" height=\"691\" data-id=\"614\"  src=\"https:\/\/www.ufmg.br\/mostra\/2023\/wp-content\/uploads\/2022\/10\/Veterinaria-1024x691-1.png\" alt=\"\" class=\"wp-image-614\" srcset=\"https:\/\/www.ufmg.br\/mostra\/2023\/wp-content\/uploads\/2022\/10\/Veterinaria-1024x691-1.png 1024w, https:\/\/www.ufmg.br\/mostra\/2023\/wp-content\/uploads\/2022\/10\/Veterinaria-1024x691-1-300x202.png 300w, https:\/\/www.ufmg.br\/mostra\/2023\/wp-content\/uploads\/2022\/10\/Veterinaria-1024x691-1-768x518.png 768w\" sizes=\"(max-width: 1024px) 100vw, 1024px\" \/><figcaption>Escola de Veterin\u00e1ria<\/figcaption><\/figure>\n<\/figure>\n","protected":false},"excerpt":{"rendered":"<p>Passeio imersivo na galeria de artes do sagu\u00e3o da Reitoria [&hellip;]<\/p>\n","protected":false},"author":3,"featured_media":0,"parent":327,"menu_order":0,"comment_status":"closed","ping_status":"closed","template":"","meta":[],"acf":[],"_links":{"self":[{"href":"https:\/\/www.ufmg.br\/mostra\/2023\/wp-json\/wp\/v2\/pages\/335"}],"collection":[{"href":"https:\/\/www.ufmg.br\/mostra\/2023\/wp-json\/wp\/v2\/pages"}],"about":[{"href":"https:\/\/www.ufmg.br\/mostra\/2023\/wp-json\/wp\/v2\/types\/page"}],"author":[{"embeddable":true,"href":"https:\/\/www.ufmg.br\/mostra\/2023\/wp-json\/wp\/v2\/users\/3"}],"replies":[{"embeddable":true,"href":"https:\/\/www.ufmg.br\/mostra\/2023\/wp-json\/wp\/v2\/comments?post=335"}],"version-history":[{"count":32,"href":"https:\/\/www.ufmg.br\/mostra\/2023\/wp-json\/wp\/v2\/pages\/335\/revisions"}],"predecessor-version":[{"id":920,"href":"https:\/\/www.ufmg.br\/mostra\/2023\/wp-json\/wp\/v2\/pages\/335\/revisions\/920"}],"up":[{"embeddable":true,"href":"https:\/\/www.ufmg.br\/mostra\/2023\/wp-json\/wp\/v2\/pages\/327"}],"wp:attachment":[{"href":"https:\/\/www.ufmg.br\/mostra\/2023\/wp-json\/wp\/v2\/media?parent=335"}],"curies":[{"name":"wp","href":"https:\/\/api.w.org\/{rel}","templated":true}]}}