{"id":392,"date":"2022-10-14T16:40:41","date_gmt":"2022-10-14T19:40:41","guid":{"rendered":"https:\/\/www.ufmg.br\/mostra\/2023\/?page_id=392"},"modified":"2024-02-05T16:35:16","modified_gmt":"2024-02-05T18:35:16","slug":"apresentacao","status":"publish","type":"page","link":"https:\/\/www.ufmg.br\/mostra\/2023\/ufmg\/apresentacao\/","title":{"rendered":"Apresenta\u00e7\u00e3o"},"content":{"rendered":"\n<figure class=\"wp-block-image aligncenter size-large\"><img loading=\"lazy\" width=\"1024\" height=\"576\" src=\"https:\/\/www.ufmg.br\/mostra\/2023\/wp-content\/uploads\/2024\/02\/35616398444_b4e8599aef_o-1024x576.jpg\" alt=\"\" class=\"wp-image-1446\" srcset=\"https:\/\/www.ufmg.br\/mostra\/2023\/wp-content\/uploads\/2024\/02\/35616398444_b4e8599aef_o-1024x576.jpg 1024w, https:\/\/www.ufmg.br\/mostra\/2023\/wp-content\/uploads\/2024\/02\/35616398444_b4e8599aef_o-300x169.jpg 300w, https:\/\/www.ufmg.br\/mostra\/2023\/wp-content\/uploads\/2024\/02\/35616398444_b4e8599aef_o-768x432.jpg 768w, https:\/\/www.ufmg.br\/mostra\/2023\/wp-content\/uploads\/2024\/02\/35616398444_b4e8599aef_o-1536x864.jpg 1536w, https:\/\/www.ufmg.br\/mostra\/2023\/wp-content\/uploads\/2024\/02\/35616398444_b4e8599aef_o-2048x1152.jpg 2048w\" sizes=\"(max-width: 1024px) 100vw, 1024px\" \/><figcaption>Tenda da Pra\u00e7a de Servi\u00e7os\nFoto: Lucas Braga\/UFMG<\/figcaption><\/figure>\n\n\n\n<p>A UFMG, maior universidade do estado de Minas Gerais, \u00e9 considerada pelos sistemas de avalia\u00e7\u00e3o do ensino superior no Brasil uma das melhores universidades do pa\u00eds. Est\u00e1 bem-posicionada nos mais diversos indicadores acad\u00eamicos, sendo avaliada com a nota m\u00e1xima pelo Instituto Nacional de Estudos e Pesquisas Educacionais An\u00edsio Teixeira (Inep), do Minist\u00e9rio da Educa\u00e7\u00e3o (MEC).<\/p>\n\n\n\n<p>Esses indicadores s\u00e3o reflexo da qualidade das a\u00e7\u00f5es de ensino, pesquisa e extens\u00e3o da Universidade, que tem:<\/p>\n\n\n\n<ul><li><strong>94<\/strong>\u00a0cursos de gradua\u00e7\u00e3o;<\/li><li><strong>3<\/strong>\u00a0campi universit\u00e1rios (dois em Belo Horizonte, um em Montes Claros);<\/li><li><strong>20<\/strong>\u00a0unidades acad\u00eamicas;<\/li><li><strong>48.949<\/strong>\u00a0estudantes;<\/li><li><strong>2.818<\/strong>\u00a0professores e\u00a0<strong>4.299<\/strong>\u00a0servidores<\/li><\/ul>\n\n\n\n<p>Foi fundada em 1927 e orgulha-se de j\u00e1 ter formado nomes famosos, como Carlos Drummond de Andrade, Guimar\u00e3es Rosa, Fernanda Takai, Samuel Rosa, Tost\u00e3o, Ziraldo e nada menos que 7 ex-presidentes da rep\u00fablica.<\/p>\n\n\n\n<p>Conhe\u00e7a mais sobre a UFMG no <a href=\"https:\/\/ufmg.br\/a-universidade\/apresentacao\" target=\"_blank\" rel=\"noreferrer noopener\">portal oficial da Universidade.<\/a><\/p>\n","protected":false},"excerpt":{"rendered":"<p>A UFMG, maior universidade do estado de Minas Gerais, \u00e9 [&hellip;]<\/p>\n","protected":false},"author":3,"featured_media":0,"parent":19,"menu_order":0,"comment_status":"closed","ping_status":"closed","template":"","meta":[],"acf":[],"_links":{"self":[{"href":"https:\/\/www.ufmg.br\/mostra\/2023\/wp-json\/wp\/v2\/pages\/392"}],"collection":[{"href":"https:\/\/www.ufmg.br\/mostra\/2023\/wp-json\/wp\/v2\/pages"}],"about":[{"href":"https:\/\/www.ufmg.br\/mostra\/2023\/wp-json\/wp\/v2\/types\/page"}],"author":[{"embeddable":true,"href":"https:\/\/www.ufmg.br\/mostra\/2023\/wp-json\/wp\/v2\/users\/3"}],"replies":[{"embeddable":true,"href":"https:\/\/www.ufmg.br\/mostra\/2023\/wp-json\/wp\/v2\/comments?post=392"}],"version-history":[{"count":9,"href":"https:\/\/www.ufmg.br\/mostra\/2023\/wp-json\/wp\/v2\/pages\/392\/revisions"}],"predecessor-version":[{"id":1447,"href":"https:\/\/www.ufmg.br\/mostra\/2023\/wp-json\/wp\/v2\/pages\/392\/revisions\/1447"}],"up":[{"embeddable":true,"href":"https:\/\/www.ufmg.br\/mostra\/2023\/wp-json\/wp\/v2\/pages\/19"}],"wp:attachment":[{"href":"https:\/\/www.ufmg.br\/mostra\/2023\/wp-json\/wp\/v2\/media?parent=392"}],"curies":[{"name":"wp","href":"https:\/\/api.w.org\/{rel}","templated":true}]}}