{"id":7,"date":"2020-05-18T08:36:21","date_gmt":"2020-05-18T11:36:21","guid":{"rendered":"https:\/\/www.ufmg.br\/mostra\/2023\/?page_id=7"},"modified":"2024-02-05T17:03:32","modified_gmt":"2024-02-05T19:03:32","slug":"a-mostra","status":"publish","type":"page","link":"https:\/\/www.ufmg.br\/mostra\/2023\/a-mostra\/","title":{"rendered":"A Mostra"},"content":{"rendered":"\n<figure class=\"wp-block-image size-large\"><img loading=\"lazy\" width=\"1024\" height=\"683\" src=\"https:\/\/www.ufmg.br\/mostra\/2023\/wp-content\/uploads\/2024\/02\/MOSTRA-SUA-UFMG-FOTO-FOCA-LISBOA-20-05-23-266-1024x683.jpg\" alt=\"Estudantes do ensino m\u00e9dio se acumulam em fila na porta de audit\u00f3rio\" class=\"wp-image-1436\" srcset=\"https:\/\/www.ufmg.br\/mostra\/2023\/wp-content\/uploads\/2024\/02\/MOSTRA-SUA-UFMG-FOTO-FOCA-LISBOA-20-05-23-266-1024x683.jpg 1024w, https:\/\/www.ufmg.br\/mostra\/2023\/wp-content\/uploads\/2024\/02\/MOSTRA-SUA-UFMG-FOTO-FOCA-LISBOA-20-05-23-266-300x200.jpg 300w, https:\/\/www.ufmg.br\/mostra\/2023\/wp-content\/uploads\/2024\/02\/MOSTRA-SUA-UFMG-FOTO-FOCA-LISBOA-20-05-23-266-768x512.jpg 768w, https:\/\/www.ufmg.br\/mostra\/2023\/wp-content\/uploads\/2024\/02\/MOSTRA-SUA-UFMG-FOTO-FOCA-LISBOA-20-05-23-266-1536x1024.jpg 1536w, https:\/\/www.ufmg.br\/mostra\/2023\/wp-content\/uploads\/2024\/02\/MOSTRA-SUA-UFMG-FOTO-FOCA-LISBOA-20-05-23-266-2048x1365.jpg 2048w\" sizes=\"(max-width: 1024px) 100vw, 1024px\" \/><figcaption>Estudantes do ensino m\u00e9dio em fila aguardando palestra no CAD 1 na Mostra sua UFMG 2023<br>Foto: Foca Lisboa\/UFMG<\/figcaption><\/figure>\n\n\n<p><span style=\"font-size: revert; color: initial;\">A UFMG abre as portas de seus campi, anualmente, para a visita de milhares de estudantes do ensino b\u00e1sico de todo o estado.<\/span><\/p>\n<p>Em 2024, a Mostra sua UFMG ocorrer\u00e1 nos campi <strong>Montes Claros<\/strong> e <strong>Belo Horizonte<\/strong> para voc\u00ea que deseja ingressar na maior universidade de Minas Gerais.\u00a0<\/p>\n<p>S\u00e3o <a href=\"https:\/\/ufmg.br\/cursos\/graduacao\/\">94 cursos de gradua\u00e7\u00e3o,<\/a> em 3 campi (Pampulha, Sa\u00fade e Montes Claros), em todas as \u00e1reas do conhecimento para voc\u00ea descobrir a sua UFMG.<\/p>\n<p><span style=\"font-size: revert; color: initial;\">Conhe\u00e7a os diversos espa\u00e7os f\u00edsicos onde os cursos s\u00e3o realizados e interaja com professores e estudantes nas palestras e salas interativas montadas nos pr\u00e9dios do Campus Montes Claros e do Campus Pampulha.<\/span><\/p>\n<p><span style=\"font-size: revert; color: initial;\">Enquanto as <a href=\"https:\/\/www.ufmg.br\/mostra\/2023\/inscreva-se\/\">datas de inscri\u00e7\u00e3o<\/a> n\u00e3o s\u00e3o reveladas, aqui no site voc\u00ea encontra o videocast da Mostra com conte\u00fados sobre os <a href=\"https:\/\/www.youtube.com\/watch?v=T5kyF35g7RU&amp;list=PLBv8koRm6pO16okG95dZWMU2wrRa0u3eD&amp;t=925s\">cursos da sua UFMG<\/a>, al\u00e9m \u00a0de passeios a\u00e9reos sobre os campi e as oportunidades que a UFMG oferece, como os projetos de pesquisa, de extens\u00e3o e de mobilidade, as atividades esportivas e culturais, as pol\u00edticas de inclus\u00e3o e assist\u00eancia estudantil e muito mais.\u00a0<\/span><\/p>\n<p>Acompanhe as nossas redes sociais e descubra a sua UFMG! ?<\/p>\n<p><a href=\"https:\/\/www.ufmg.br\/mostra\/2023\/2022\/\">A Mostra 2022<\/a> \u2013 Conhe\u00e7a como foi a Mostra Virtual em 2022. Tivemos duas edi\u00e7\u00f5es.<\/p>\n<p><a href=\"https:\/\/www.ufmg.br\/mostra\/2023\/2021\/\">A Mostra 2021<\/a> \u2013 Conhe\u00e7a como foi a Mostra Virtual em 2021.<\/p>\n<p><a href=\"https:\/\/www.ufmg.br\/mostra\/2023\/2019\/\">A Mostra 2019<\/a> \u2013 Saiba mais sobre como foi a Mostra Sua UFMG que ocorreu de forma presencial, em 2019.<\/p>\n<p>\u00a0<\/p>","protected":false},"excerpt":{"rendered":"<p>A UFMG abre as portas de seus campi, anualmente, para [&hellip;]<\/p>\n","protected":false},"author":1,"featured_media":0,"parent":0,"menu_order":0,"comment_status":"closed","ping_status":"closed","template":"","meta":[],"acf":[],"_links":{"self":[{"href":"https:\/\/www.ufmg.br\/mostra\/2023\/wp-json\/wp\/v2\/pages\/7"}],"collection":[{"href":"https:\/\/www.ufmg.br\/mostra\/2023\/wp-json\/wp\/v2\/pages"}],"about":[{"href":"https:\/\/www.ufmg.br\/mostra\/2023\/wp-json\/wp\/v2\/types\/page"}],"author":[{"embeddable":true,"href":"https:\/\/www.ufmg.br\/mostra\/2023\/wp-json\/wp\/v2\/users\/1"}],"replies":[{"embeddable":true,"href":"https:\/\/www.ufmg.br\/mostra\/2023\/wp-json\/wp\/v2\/comments?post=7"}],"version-history":[{"count":22,"href":"https:\/\/www.ufmg.br\/mostra\/2023\/wp-json\/wp\/v2\/pages\/7\/revisions"}],"predecessor-version":[{"id":1451,"href":"https:\/\/www.ufmg.br\/mostra\/2023\/wp-json\/wp\/v2\/pages\/7\/revisions\/1451"}],"wp:attachment":[{"href":"https:\/\/www.ufmg.br\/mostra\/2023\/wp-json\/wp\/v2\/media?parent=7"}],"curies":[{"name":"wp","href":"https:\/\/api.w.org\/{rel}","templated":true}]}}