{"id":9,"date":"2020-05-18T08:37:04","date_gmt":"2020-05-18T11:37:04","guid":{"rendered":"https:\/\/www.ufmg.br\/mostra\/2023\/?page_id=9"},"modified":"2022-11-11T14:29:43","modified_gmt":"2022-11-11T17:29:43","slug":"cursos","status":"publish","type":"page","link":"https:\/\/www.ufmg.br\/mostra\/2023\/ufmg\/cursos\/","title":{"rendered":"Cursos"},"content":{"rendered":"<p><span style=\"font-weight: 400;\">A UFMG tem 91 cursos de gradua\u00e7\u00e3o distribu\u00eddos entre todas as \u00e1reas do conhecimento. Destes cursos, 72 s\u00e3o bacharelados, 18 licenciaturas e 1 superior de tecnologia. Na gradua\u00e7\u00e3o, o estudante goza de relativa autonomia na escolha de seu percurso acad\u00eamico, o que lhe possibilita uma forma\u00e7\u00e3o diferenciada e personalizada a partir das diversas habilita\u00e7\u00f5es oferecidas.<\/span><\/p>\n<p>Confira aqui mais informa\u00e7\u00f5es dos cursos de gradua\u00e7\u00e3o da Universidade a partir de cada \u00e1rea do conhecimento. Al\u00e9m disso, no <a href=\"https:\/\/ufmg.br\/cursos\/graduacao\/\">portal oficial da UFMG<\/a> voc\u00ea tem acesso \u00e0s estruturas curriculares, turnos e cidades de oferta, e ementa das disciplinas de gradua\u00e7\u00e3o.<\/p>\n<p>\u00a0<\/p>\n\n\n<div class=\"wp-container-1 wp-block-group\"><div class=\"wp-block-group__inner-container\">\n<div class=\"wp-block-cover aligncenter\" style=\"min-height:220px\"><span aria-hidden=\"true\" class=\"wp-block-cover__background has-background-dim-60 has-background-dim\" style=\"background-color:#252525\"><\/span><img loading=\"lazy\" width=\"2048\" height=\"1365\" class=\"wp-block-cover__image-background wp-image-517\" alt=\"\" src=\"https:\/\/www.ufmg.br\/mostra\/2023\/wp-content\/uploads\/2022\/10\/33335194822_7d6d4c420f_k.jpg\" data-object-fit=\"cover\" srcset=\"https:\/\/www.ufmg.br\/mostra\/2023\/wp-content\/uploads\/2022\/10\/33335194822_7d6d4c420f_k.jpg 2048w, https:\/\/www.ufmg.br\/mostra\/2023\/wp-content\/uploads\/2022\/10\/33335194822_7d6d4c420f_k-300x200.jpg 300w, https:\/\/www.ufmg.br\/mostra\/2023\/wp-content\/uploads\/2022\/10\/33335194822_7d6d4c420f_k-1024x683.jpg 1024w, https:\/\/www.ufmg.br\/mostra\/2023\/wp-content\/uploads\/2022\/10\/33335194822_7d6d4c420f_k-768x512.jpg 768w, https:\/\/www.ufmg.br\/mostra\/2023\/wp-content\/uploads\/2022\/10\/33335194822_7d6d4c420f_k-1536x1024.jpg 1536w\" sizes=\"(max-width: 2048px) 100vw, 2048px\" \/><div class=\"wp-block-cover__inner-container\">\n<p class=\"has-text-align-center has-white-color has-text-color\" style=\"font-size:30px\"><strong><a href=\"https:\/\/www.ufmg.br\/mostra\/2023\/ciencias-agrarias\/\"><mark style=\"background-color:rgba(0, 0, 0, 0)\" class=\"has-inline-color has-white-color\">Ci\u00eancias Agr\u00e1rias<\/mark><\/a><\/strong><\/p>\n<\/div><\/div>\n<\/div><\/div>\n\n\n\n<p> <\/p>\n\n\n\n<div class=\"wp-block-cover aligncenter\" style=\"min-height:220px\"><span aria-hidden=\"true\" class=\"wp-block-cover__background has-background-dim-60 has-background-dim\" style=\"background-color:#252525\"><\/span><img loading=\"lazy\" width=\"2048\" height=\"1371\" class=\"wp-block-cover__image-background wp-image-716\" alt=\"\" src=\"https:\/\/www.ufmg.br\/mostra\/2023\/wp-content\/uploads\/2022\/10\/9600490691_afb86cf711_k-1.jpg\" style=\"object-position:63% 73%\" data-object-fit=\"cover\" data-object-position=\"63% 73%\" srcset=\"https:\/\/www.ufmg.br\/mostra\/2023\/wp-content\/uploads\/2022\/10\/9600490691_afb86cf711_k-1.jpg 2048w, https:\/\/www.ufmg.br\/mostra\/2023\/wp-content\/uploads\/2022\/10\/9600490691_afb86cf711_k-1-300x201.jpg 300w, https:\/\/www.ufmg.br\/mostra\/2023\/wp-content\/uploads\/2022\/10\/9600490691_afb86cf711_k-1-1024x686.jpg 1024w, https:\/\/www.ufmg.br\/mostra\/2023\/wp-content\/uploads\/2022\/10\/9600490691_afb86cf711_k-1-768x514.jpg 768w, https:\/\/www.ufmg.br\/mostra\/2023\/wp-content\/uploads\/2022\/10\/9600490691_afb86cf711_k-1-1536x1028.jpg 1536w\" sizes=\"(max-width: 2048px) 100vw, 2048px\" \/><div class=\"wp-block-cover__inner-container\">\n<p class=\"has-text-align-center has-white-color has-text-color\" style=\"font-size:30px\"><mark style=\"background-color:rgba(0, 0, 0, 0)\" class=\"has-inline-color has-white-color\"><strong><a href=\"https:\/\/www.ufmg.br\/mostra\/2023\/ciencias-exatas-e-da-terra\/\">Ci\u00eancias Exatas e da Terra<\/a><\/strong><\/mark><\/p>\n<\/div><\/div>\n\n\n\n<p> <\/p>\n\n\n\n<div class=\"wp-block-cover\" style=\"min-height:220px\"><span aria-hidden=\"true\" class=\"wp-block-cover__background has-background-dim-60 has-background-dim\" style=\"background-color:#252525\"><\/span><img loading=\"lazy\" width=\"2048\" height=\"1536\" class=\"wp-block-cover__image-background wp-image-762\" alt=\"\" src=\"https:\/\/www.ufmg.br\/mostra\/2023\/wp-content\/uploads\/2022\/10\/10316469044_6cce7b1cbf_k.jpg\" style=\"object-position:80% 32%\" data-object-fit=\"cover\" data-object-position=\"80% 32%\" srcset=\"https:\/\/www.ufmg.br\/mostra\/2023\/wp-content\/uploads\/2022\/10\/10316469044_6cce7b1cbf_k.jpg 2048w, https:\/\/www.ufmg.br\/mostra\/2023\/wp-content\/uploads\/2022\/10\/10316469044_6cce7b1cbf_k-300x225.jpg 300w, https:\/\/www.ufmg.br\/mostra\/2023\/wp-content\/uploads\/2022\/10\/10316469044_6cce7b1cbf_k-1024x768.jpg 1024w, https:\/\/www.ufmg.br\/mostra\/2023\/wp-content\/uploads\/2022\/10\/10316469044_6cce7b1cbf_k-768x576.jpg 768w, https:\/\/www.ufmg.br\/mostra\/2023\/wp-content\/uploads\/2022\/10\/10316469044_6cce7b1cbf_k-1536x1152.jpg 1536w\" sizes=\"(max-width: 2048px) 100vw, 2048px\" \/><div class=\"wp-block-cover__inner-container\">\n<p class=\"has-text-align-center has-white-color has-text-color\" style=\"font-size:30px\"><mark style=\"background-color:rgba(0, 0, 0, 0)\" class=\"has-inline-color has-white-color\"><strong><a href=\"https:\/\/www.ufmg.br\/mostra\/2023\/ciencias-humanas\/\">Ci\u00eancias Humanas<\/a><\/strong><\/mark><\/p>\n<\/div><\/div>\n\n\n\n<p> <\/p>\n\n\n\n<div class=\"wp-block-cover\" style=\"min-height:220px\"><span aria-hidden=\"true\" class=\"wp-block-cover__background has-background-dim-60 has-background-dim\" style=\"background-color:#252525\"><\/span><img loading=\"lazy\" width=\"2048\" height=\"1365\" class=\"wp-block-cover__image-background wp-image-711\" alt=\"\" src=\"https:\/\/www.ufmg.br\/mostra\/2023\/wp-content\/uploads\/2022\/10\/36295757233_ab9ada69fa_k.jpg\" style=\"object-position:55% 28%\" data-object-fit=\"cover\" data-object-position=\"55% 28%\" srcset=\"https:\/\/www.ufmg.br\/mostra\/2023\/wp-content\/uploads\/2022\/10\/36295757233_ab9ada69fa_k.jpg 2048w, https:\/\/www.ufmg.br\/mostra\/2023\/wp-content\/uploads\/2022\/10\/36295757233_ab9ada69fa_k-300x200.jpg 300w, https:\/\/www.ufmg.br\/mostra\/2023\/wp-content\/uploads\/2022\/10\/36295757233_ab9ada69fa_k-1024x683.jpg 1024w, https:\/\/www.ufmg.br\/mostra\/2023\/wp-content\/uploads\/2022\/10\/36295757233_ab9ada69fa_k-768x512.jpg 768w, https:\/\/www.ufmg.br\/mostra\/2023\/wp-content\/uploads\/2022\/10\/36295757233_ab9ada69fa_k-1536x1024.jpg 1536w\" sizes=\"(max-width: 2048px) 100vw, 2048px\" \/><div class=\"wp-block-cover__inner-container\">\n<p class=\"has-text-align-center has-white-color has-text-color\" style=\"font-size:30px\"><mark style=\"background-color:rgba(0, 0, 0, 0)\" class=\"has-inline-color has-white-color\"><strong><a href=\"https:\/\/www.ufmg.br\/mostra\/2023\/ciencias-sociais-aplicadas\/\">Ci\u00eancias Sociais Aplicadas<\/a><\/strong><\/mark><\/p>\n<\/div><\/div>\n\n\n\n<p> <\/p>\n\n\n\n<div class=\"wp-block-cover\" style=\"min-height:220px\"><span aria-hidden=\"true\" class=\"wp-block-cover__background has-background-dim-60 has-background-dim\" style=\"background-color:#252525\"><\/span><img loading=\"lazy\" width=\"2048\" height=\"1365\" class=\"wp-block-cover__image-background wp-image-516\" alt=\"\" src=\"https:\/\/www.ufmg.br\/mostra\/2023\/wp-content\/uploads\/2022\/10\/24842142942_01a079dba7_k-1.jpg\" data-object-fit=\"cover\" srcset=\"https:\/\/www.ufmg.br\/mostra\/2023\/wp-content\/uploads\/2022\/10\/24842142942_01a079dba7_k-1.jpg 2048w, https:\/\/www.ufmg.br\/mostra\/2023\/wp-content\/uploads\/2022\/10\/24842142942_01a079dba7_k-1-300x200.jpg 300w, https:\/\/www.ufmg.br\/mostra\/2023\/wp-content\/uploads\/2022\/10\/24842142942_01a079dba7_k-1-1024x683.jpg 1024w, https:\/\/www.ufmg.br\/mostra\/2023\/wp-content\/uploads\/2022\/10\/24842142942_01a079dba7_k-1-768x512.jpg 768w, https:\/\/www.ufmg.br\/mostra\/2023\/wp-content\/uploads\/2022\/10\/24842142942_01a079dba7_k-1-1536x1024.jpg 1536w\" sizes=\"(max-width: 2048px) 100vw, 2048px\" \/><div class=\"wp-block-cover__inner-container\">\n<p class=\"has-text-align-center has-white-color has-text-color\" style=\"font-size:30px\"><strong><a href=\"https:\/\/www.ufmg.br\/mostra\/2023\/ciencias-da-saude\/\"><mark style=\"background-color:rgba(0, 0, 0, 0)\" class=\"has-inline-color has-white-color\">Ci\u00eancias da Sa\u00fade<\/mark><\/a><\/strong><\/p>\n<\/div><\/div>\n\n\n\n<p> <\/p>\n\n\n\n<div class=\"wp-block-cover aligncenter\" style=\"min-height:220px\"><span aria-hidden=\"true\" class=\"wp-block-cover__background has-background-dim-60 has-background-dim\" style=\"background-color:#252525\"><\/span><img loading=\"lazy\" width=\"2048\" height=\"1365\" class=\"wp-block-cover__image-background wp-image-708\" alt=\"\" src=\"https:\/\/www.ufmg.br\/mostra\/2023\/wp-content\/uploads\/2022\/10\/16651881772_51dc8b05fd_k.jpg\" style=\"object-position:52% 75%\" data-object-fit=\"cover\" data-object-position=\"52% 75%\" srcset=\"https:\/\/www.ufmg.br\/mostra\/2023\/wp-content\/uploads\/2022\/10\/16651881772_51dc8b05fd_k.jpg 2048w, https:\/\/www.ufmg.br\/mostra\/2023\/wp-content\/uploads\/2022\/10\/16651881772_51dc8b05fd_k-300x200.jpg 300w, https:\/\/www.ufmg.br\/mostra\/2023\/wp-content\/uploads\/2022\/10\/16651881772_51dc8b05fd_k-1024x683.jpg 1024w, https:\/\/www.ufmg.br\/mostra\/2023\/wp-content\/uploads\/2022\/10\/16651881772_51dc8b05fd_k-768x512.jpg 768w, https:\/\/www.ufmg.br\/mostra\/2023\/wp-content\/uploads\/2022\/10\/16651881772_51dc8b05fd_k-1536x1024.jpg 1536w\" sizes=\"(max-width: 2048px) 100vw, 2048px\" \/><div class=\"wp-block-cover__inner-container\">\n<p class=\"has-text-align-center has-white-color has-text-color\" style=\"font-size:30px\"><strong><a href=\"https:\/\/www.ufmg.br\/mostra\/2023\/engenharias\/\">Engenharias<\/a><\/strong><\/p>\n<\/div><\/div>\n\n\n\n<p> <\/p>\n\n\n\n<div class=\"wp-block-cover\" style=\"min-height:220px\"><span aria-hidden=\"true\" class=\"wp-block-cover__background has-background-dim-60 has-background-dim\" style=\"background-color:#252525\"><\/span><img loading=\"lazy\" width=\"2048\" height=\"1365\" class=\"wp-block-cover__image-background wp-image-526\" alt=\"\" src=\"https:\/\/www.ufmg.br\/mostra\/2023\/wp-content\/uploads\/2022\/10\/25240046073_48f99ed12a_k.jpg\" data-object-fit=\"cover\" srcset=\"https:\/\/www.ufmg.br\/mostra\/2023\/wp-content\/uploads\/2022\/10\/25240046073_48f99ed12a_k.jpg 2048w, https:\/\/www.ufmg.br\/mostra\/2023\/wp-content\/uploads\/2022\/10\/25240046073_48f99ed12a_k-300x200.jpg 300w, https:\/\/www.ufmg.br\/mostra\/2023\/wp-content\/uploads\/2022\/10\/25240046073_48f99ed12a_k-1024x683.jpg 1024w, https:\/\/www.ufmg.br\/mostra\/2023\/wp-content\/uploads\/2022\/10\/25240046073_48f99ed12a_k-768x512.jpg 768w, https:\/\/www.ufmg.br\/mostra\/2023\/wp-content\/uploads\/2022\/10\/25240046073_48f99ed12a_k-1536x1024.jpg 1536w\" sizes=\"(max-width: 2048px) 100vw, 2048px\" \/><div class=\"wp-block-cover__inner-container\">\n<p class=\"has-text-align-center has-white-color has-text-color\" style=\"font-size:30px\"><a href=\"https:\/\/www.ufmg.br\/mostra\/2023\/linguistica-artes-e-letras\/\"><mark style=\"background-color:rgba(0, 0, 0, 0)\" class=\"has-inline-color has-white-color\"><strong>Lingu\u00edstica, Letras <\/strong><strong>e Artes<\/strong><\/mark><\/a><\/p>\n<\/div><\/div>\n","protected":false},"excerpt":{"rendered":"<p>A UFMG tem 91 cursos de gradua\u00e7\u00e3o distribu\u00eddos entre todas [&hellip;]<\/p>\n","protected":false},"author":1,"featured_media":0,"parent":19,"menu_order":0,"comment_status":"closed","ping_status":"closed","template":"","meta":[],"acf":[],"_links":{"self":[{"href":"https:\/\/www.ufmg.br\/mostra\/2023\/wp-json\/wp\/v2\/pages\/9"}],"collection":[{"href":"https:\/\/www.ufmg.br\/mostra\/2023\/wp-json\/wp\/v2\/pages"}],"about":[{"href":"https:\/\/www.ufmg.br\/mostra\/2023\/wp-json\/wp\/v2\/types\/page"}],"author":[{"embeddable":true,"href":"https:\/\/www.ufmg.br\/mostra\/2023\/wp-json\/wp\/v2\/users\/1"}],"replies":[{"embeddable":true,"href":"https:\/\/www.ufmg.br\/mostra\/2023\/wp-json\/wp\/v2\/comments?post=9"}],"version-history":[{"count":55,"href":"https:\/\/www.ufmg.br\/mostra\/2023\/wp-json\/wp\/v2\/pages\/9\/revisions"}],"predecessor-version":[{"id":913,"href":"https:\/\/www.ufmg.br\/mostra\/2023\/wp-json\/wp\/v2\/pages\/9\/revisions\/913"}],"up":[{"embeddable":true,"href":"https:\/\/www.ufmg.br\/mostra\/2023\/wp-json\/wp\/v2\/pages\/19"}],"wp:attachment":[{"href":"https:\/\/www.ufmg.br\/mostra\/2023\/wp-json\/wp\/v2\/media?parent=9"}],"curies":[{"name":"wp","href":"https:\/\/api.w.org\/{rel}","templated":true}]}}