{"id":976,"date":"2023-01-23T16:15:29","date_gmt":"2023-01-23T19:15:29","guid":{"rendered":"https:\/\/www.ufmg.br\/mostra\/2023\/?page_id=976"},"modified":"2024-02-05T16:31:22","modified_gmt":"2024-02-05T18:31:22","slug":"inscreva-se","status":"publish","type":"page","link":"https:\/\/www.ufmg.br\/mostra\/2023\/inscreva-se\/","title":{"rendered":"Inscreva-se"},"content":{"rendered":"\n<p>Inscri\u00e7\u00f5es Mostra sua UFMG (Campus Montes Claros)<\/p>\n\n\n\n<p>Inscri\u00e7\u00f5es Mostra sua UFMG (Campus Pampulha)<\/p>\n","protected":false},"excerpt":{"rendered":"<p>Inscri\u00e7\u00f5es Mostra sua UFMG (Campus Montes Claros) Inscri\u00e7\u00f5es Mostra sua [&hellip;]<\/p>\n","protected":false},"author":1,"featured_media":0,"parent":0,"menu_order":0,"comment_status":"closed","ping_status":"closed","template":"","meta":[],"acf":[],"_links":{"self":[{"href":"https:\/\/www.ufmg.br\/mostra\/2023\/wp-json\/wp\/v2\/pages\/976"}],"collection":[{"href":"https:\/\/www.ufmg.br\/mostra\/2023\/wp-json\/wp\/v2\/pages"}],"about":[{"href":"https:\/\/www.ufmg.br\/mostra\/2023\/wp-json\/wp\/v2\/types\/page"}],"author":[{"embeddable":true,"href":"https:\/\/www.ufmg.br\/mostra\/2023\/wp-json\/wp\/v2\/users\/1"}],"replies":[{"embeddable":true,"href":"https:\/\/www.ufmg.br\/mostra\/2023\/wp-json\/wp\/v2\/comments?post=976"}],"version-history":[{"count":4,"href":"https:\/\/www.ufmg.br\/mostra\/2023\/wp-json\/wp\/v2\/pages\/976\/revisions"}],"predecessor-version":[{"id":1444,"href":"https:\/\/www.ufmg.br\/mostra\/2023\/wp-json\/wp\/v2\/pages\/976\/revisions\/1444"}],"wp:attachment":[{"href":"https:\/\/www.ufmg.br\/mostra\/2023\/wp-json\/wp\/v2\/media?parent=976"}],"curies":[{"name":"wp","href":"https:\/\/api.w.org\/{rel}","templated":true}]}}