{"id":986,"date":"2023-01-26T17:31:13","date_gmt":"2023-01-26T20:31:13","guid":{"rendered":"https:\/\/www.ufmg.br\/mostra\/2023\/?page_id=986"},"modified":"2023-01-26T17:31:13","modified_gmt":"2023-01-26T20:31:13","slug":"formas-de-ingresso","status":"publish","type":"page","link":"https:\/\/www.ufmg.br\/mostra\/2023\/formas-de-ingresso\/","title":{"rendered":"Formas de ingresso"},"content":{"rendered":"\n<p>A UFMG disp\u00f5e de&nbsp;v\u00e1rias formas de ingresso em seus&nbsp;<a href=\"https:\/\/ufmg.br\/cursos\/graduacao\/\" target=\"_blank\" rel=\"noreferrer noopener\">cursos de gradua\u00e7\u00e3o<\/a>, destinados a candidatos brasileiros e estrangeiros. Para a maioria dos processos, a Institui\u00e7\u00e3o atende a&nbsp;<a href=\"http:\/\/www.planalto.gov.br\/ccivil_03\/_ato2011-2014\/2012\/lei\/l12711.htm\" target=\"_blank\" rel=\"noreferrer noopener\">Lei 12.711\/2012<\/a>, que estabelece as regras&nbsp;sobre a reserva de vagas em institui\u00e7\u00f5es federais de ensino&nbsp;p\u00fablico.&nbsp;<\/p>\n\n\n\n<p>Para a\u00a0modalidade presencial, que constitui a maioria dos cursos ofertados pela UFMG, h\u00e1 diversas formas de ingresso, sendo o Sisu\u00a0a principal. Conhe\u00e7a as regras e especificidades de cada uma delas:<\/p>\n\n\n\n<h3>Sisu<\/h3>\n\n\n\n<p>Principal forma de admiss\u00e3o aos\u00a0<a rel=\"noreferrer noopener\" href=\"https:\/\/ufmg.br\/cursos\/graduacao\/\" target=\"_blank\">cursos de gradua\u00e7\u00e3o<\/a>\u00a0da UFMG, o Sistema de Sele\u00e7\u00e3o Unificada (Sisu)\u00a0\u00e9 aberto a candidatos que tenham conclu\u00eddo o ensino m\u00e9dio ou estudos equivalentes e prestado o Exame Nacional do Ensino M\u00e9dio (Enem). Desde 2014, o concurso Vestibular, tradicionalmente feito pela UFMG, foi substitu\u00eddo, em grande parte, pelo Enem e pelo Sisu. A exce\u00e7\u00e3o \u00e9 para os cursos que exigem habilidades espec\u00edficas, que contam com prova pr\u00f3pria. As informa\u00e7\u00f5es sobre o processo seletivo via Sisu podem ser obtidas no site do\u00a0<a rel=\"noreferrer noopener\" href=\"https:\/\/www.ufmg.br\/sisu\/\" target=\"_blank\">Sisu UFMG<\/a>.\u00a0<\/p>\n\n\n\n<p>As vagas s\u00e3o ofertadas em duas modalidades: ampla concorr\u00eancia e reserva de vagas.<\/p>\n\n\n\n<p>Conhe\u00e7a como funcionam as bancas destinadas a reserva de vagas<\/p>\n\n\n\n<figure class=\"wp-block-embed is-type-video is-provider-youtube wp-block-embed-youtube wp-embed-aspect-16-9 wp-has-aspect-ratio\"><div class=\"wp-block-embed__wrapper\">\n<iframe loading=\"lazy\" title=\"SISU 2023: processo de heteroidentifica\u00e7\u00e3o racial \u00e9 obrigat\u00f3rio para inscritos autodeclarados negros\" width=\"500\" height=\"281\" src=\"https:\/\/www.youtube.com\/embed\/RFndEC53E88?feature=oembed\" frameborder=\"0\" allow=\"accelerometer; autoplay; clipboard-write; encrypted-media; gyroscope; picture-in-picture; web-share\" allowfullscreen><\/iframe>\n<\/div><\/figure>\n\n\n\n<figure class=\"wp-block-embed is-type-video is-provider-youtube wp-block-embed-youtube wp-embed-aspect-16-9 wp-has-aspect-ratio\"><div class=\"wp-block-embed__wrapper\">\n<iframe loading=\"lazy\" title=\"Diretoras do NAI-UFMG explicam como funciona a reserva de vagas para pessoas com defici\u00eancia na UFMG\" width=\"500\" height=\"281\" src=\"https:\/\/www.youtube.com\/embed\/p_f58AMYhRY?feature=oembed\" frameborder=\"0\" allow=\"accelerometer; autoplay; clipboard-write; encrypted-media; gyroscope; picture-in-picture; web-share\" allowfullscreen><\/iframe>\n<\/div><\/figure>\n\n\n\n<h3>Vestibular de habilidades<\/h3>\n\n\n\n<p>Diversos cursos presenciais de gradua\u00e7\u00e3o da UFMG utilizam o Concurso Vestibular&nbsp;&#8211; Habilidades como etapa de processo seletivo para suas vagas. Para participar, o candidato deve realizar o Exame Nacional de Ensino M\u00e9dio (Enem) e se inscrever no processo da UFMG. O Vestibular de Habilidades \u00e9 aplicado para candidatos a vagas nos cursos de Artes Visuais, Cinema de Anima\u00e7\u00e3o e Artes Digitais, Dan\u00e7a, Design de Moda, M\u00fasica Bacharelado, M\u00fasica Licenciatura e Teatro.<\/p>\n\n\n\n<p>Para os cursos de Forma\u00e7\u00e3o Intercultural para Educadores Ind\u00edgenas e de Licenciatura em Educa\u00e7\u00e3o do Campo, s\u00e3o realizados processos seletivos espec\u00edficos. Quanto aos demais cursos da UFMG, a sele\u00e7\u00e3o ocorre por meio do Sistema de Sele\u00e7\u00e3o Unificada (Sisu).<\/p>\n\n\n\n<p>Os editais e demais informa\u00e7\u00f5es podem ser obtidos no site da&nbsp;<a href=\"https:\/\/www.ufmg.br\/copeve\/site_novo\/\" target=\"_blank\" rel=\"noreferrer noopener\">Comiss\u00e3o Permanente do Vestibular (Copeve) da UFMG<\/a>.<\/p>\n\n\n\n<p><strong>Contatos da\u00a0Comiss\u00e3o Permanente do\u00a0Vestibular da UFMG (Copeve)<br><\/strong>Telefones: (31) 3409-4408 \/ (31) 3409-4409<br>E-mail: executivo@copeve.ufmg.br<\/p>\n","protected":false},"excerpt":{"rendered":"<p>A UFMG disp\u00f5e de&nbsp;v\u00e1rias formas de ingresso em seus&nbsp;cursos de [&hellip;]<\/p>\n","protected":false},"author":1,"featured_media":0,"parent":0,"menu_order":0,"comment_status":"closed","ping_status":"closed","template":"","meta":[],"acf":[],"_links":{"self":[{"href":"https:\/\/www.ufmg.br\/mostra\/2023\/wp-json\/wp\/v2\/pages\/986"}],"collection":[{"href":"https:\/\/www.ufmg.br\/mostra\/2023\/wp-json\/wp\/v2\/pages"}],"about":[{"href":"https:\/\/www.ufmg.br\/mostra\/2023\/wp-json\/wp\/v2\/types\/page"}],"author":[{"embeddable":true,"href":"https:\/\/www.ufmg.br\/mostra\/2023\/wp-json\/wp\/v2\/users\/1"}],"replies":[{"embeddable":true,"href":"https:\/\/www.ufmg.br\/mostra\/2023\/wp-json\/wp\/v2\/comments?post=986"}],"version-history":[{"count":1,"href":"https:\/\/www.ufmg.br\/mostra\/2023\/wp-json\/wp\/v2\/pages\/986\/revisions"}],"predecessor-version":[{"id":987,"href":"https:\/\/www.ufmg.br\/mostra\/2023\/wp-json\/wp\/v2\/pages\/986\/revisions\/987"}],"wp:attachment":[{"href":"https:\/\/www.ufmg.br\/mostra\/2023\/wp-json\/wp\/v2\/media?parent=986"}],"curies":[{"name":"wp","href":"https:\/\/api.w.org\/{rel}","templated":true}]}}