{"id":1462,"date":"2024-02-08T16:51:09","date_gmt":"2024-02-08T18:51:09","guid":{"rendered":"https:\/\/www.ufmg.br\/mostra\/?page_id=1462"},"modified":"2026-04-28T10:35:00","modified_gmt":"2026-04-28T13:35:00","slug":"a-mostra","status":"publish","type":"page","link":"https:\/\/www.ufmg.br\/mostra\/a-mostra\/","title":{"rendered":"A Mostra"},"content":{"rendered":"\n<figure class=\"wp-block-embed aligncenter is-type-video is-provider-youtube wp-block-embed-youtube wp-embed-aspect-9-16 wp-has-aspect-ratio\"><div class=\"wp-block-embed__wrapper\">\n<iframe loading=\"lazy\" title=\"A Mostra Sua UFMG 2025 foi um dia pra se inspirar e se encantar com a universidade p\u00fablica! #ufmg\" width=\"422\" height=\"750\" src=\"https:\/\/www.youtube.com\/embed\/02eksvKWoZA?feature=oembed\" frameborder=\"0\" allow=\"accelerometer; autoplay; clipboard-write; encrypted-media; gyroscope; picture-in-picture; web-share\" referrerpolicy=\"strict-origin-when-cross-origin\" allowfullscreen><\/iframe>\n<\/div><\/figure>\n\n\n\n<p>Anualmente, e de forma totalmente gratuita, a maior universidade de Minas Gerais abre as portas de seus campi para a visita de estudantes do ensino b\u00e1sico. Em 2025, a Mostra Sua UFMG obteve milhares de inscri\u00e7\u00f5es em suas duas edi\u00e7\u00f5es, nos campi <a href=\"https:\/\/www.ufmg.br\/comunicacao\/noticias\/mostra-sua-ufmg\/milhares-de-estudantes-conhecem-o-campus-montes-claros-e-fazem-planos-para-estudar-na-ufmg\/\"><strong>Montes Claros<\/strong><\/a> e <a href=\"https:\/\/www.ufmg.br\/comunicacao\/noticias\/mostra-sua-ufmg\/tudo-muito-magico-mostra-sua-ufmg-reforca-pertencimento-a-universidade\/\"><strong>Pampulha<\/strong><\/a>, contando com a participa\u00e7\u00e3o de alunos e professores de todas as partes do estado.\u00a0<\/p>\n\n\n\n<p><\/p>\n\n\n\n<p>Em 2026 tivemos a terceira edi\u00e7\u00e3o da Mostra Sua UFMG no campus Montes Claros, <a href=\"https:\/\/www.ufmg.br\/comunicacao\/noticias\/mostra-sua-ufmg\/campus-montes-claros-recebe-estudantes-de-60-escolas-do-norte-de-minas\/\">realizada no dia 25 de abril<\/a>, na qual mais de 3 mil visitantes conheceram as estruturas do campus, localizado na regi\u00e3o norte de Minas, e seus cursos. Neste ano ainda teremos a edi\u00e7\u00e3o do campus Pampulha, no dia 30 de maio, e seus visitantes poder\u00e3o conhecer todos os <a href=\"https:\/\/www.ufmg.br\/mostra\/cursos\/\">97 cursos de gradua\u00e7\u00e3o<\/a> ofertados pela UFMG.<\/p>\n\n\n\n<p>A Mostra Sua UFMG \u00e9 um evento que permite que os estudantes tenham um contato direto com a vida universit\u00e1ria, al\u00e9m conhecer os diversos espa\u00e7os f\u00edsicos da Universidade Federal de Minas Gerais e tudo o que ela tem a oferecer.<\/p>\n\n\n\n<figure class=\"wp-block-embed is-type-video is-provider-youtube wp-block-embed-youtube wp-embed-aspect-16-9 wp-has-aspect-ratio\"><div class=\"wp-block-embed__wrapper\">\n<iframe loading=\"lazy\" title=\"Campus Montes Claros recebe mais de tr\u00eas mil estudantes do ensino b\u00e1sico\" width=\"500\" height=\"281\" src=\"https:\/\/www.youtube.com\/embed\/ZGIxlcgvytI?feature=oembed\" frameborder=\"0\" allow=\"accelerometer; autoplay; clipboard-write; encrypted-media; gyroscope; picture-in-picture; web-share\" referrerpolicy=\"strict-origin-when-cross-origin\" allowfullscreen><\/iframe>\n<\/div><\/figure>\n\n\n\n<p><\/p>\n","protected":false},"excerpt":{"rendered":"<p>Anualmente, e de forma totalmente gratuita, a maior universidade de Minas Gerais abre as portas de seus campi para a visita de estudantes do ensino b\u00e1sico. Em 2025, a Mostra Sua UFMG obteve milhares de inscri\u00e7\u00f5es em suas duas edi\u00e7\u00f5es, nos campi Montes Claros e Pampulha, contando com a participa\u00e7\u00e3o de alunos e professores de [&hellip;]<\/p>\n","protected":false},"author":2,"featured_media":0,"parent":0,"menu_order":0,"comment_status":"closed","ping_status":"closed","template":"","meta":[],"acf":[],"_links":{"self":[{"href":"https:\/\/www.ufmg.br\/mostra\/wp-json\/wp\/v2\/pages\/1462"}],"collection":[{"href":"https:\/\/www.ufmg.br\/mostra\/wp-json\/wp\/v2\/pages"}],"about":[{"href":"https:\/\/www.ufmg.br\/mostra\/wp-json\/wp\/v2\/types\/page"}],"author":[{"embeddable":true,"href":"https:\/\/www.ufmg.br\/mostra\/wp-json\/wp\/v2\/users\/2"}],"replies":[{"embeddable":true,"href":"https:\/\/www.ufmg.br\/mostra\/wp-json\/wp\/v2\/comments?post=1462"}],"version-history":[{"count":68,"href":"https:\/\/www.ufmg.br\/mostra\/wp-json\/wp\/v2\/pages\/1462\/revisions"}],"predecessor-version":[{"id":4837,"href":"https:\/\/www.ufmg.br\/mostra\/wp-json\/wp\/v2\/pages\/1462\/revisions\/4837"}],"wp:attachment":[{"href":"https:\/\/www.ufmg.br\/mostra\/wp-json\/wp\/v2\/media?parent=1462"}],"curies":[{"name":"wp","href":"https:\/\/api.w.org\/{rel}","templated":true}]}}