{"id":1479,"date":"2024-02-08T17:14:51","date_gmt":"2024-02-08T19:14:51","guid":{"rendered":"https:\/\/www.ufmg.br\/mostra\/?page_id=1479"},"modified":"2025-04-03T15:15:52","modified_gmt":"2025-04-03T18:15:52","slug":"ufmg-em-montes-claros","status":"publish","type":"page","link":"https:\/\/www.ufmg.br\/mostra\/ufmg-em-montes-claros\/","title":{"rendered":"UFMG em Montes Claros"},"content":{"rendered":"\n<figure class=\"wp-block-embed aligncenter is-type-video is-provider-youtube wp-block-embed-youtube wp-embed-aspect-16-9 wp-has-aspect-ratio\"><div class=\"wp-block-embed__wrapper\">\n<iframe loading=\"lazy\" title=\"Vem pra UFMG, vem pra Montes Claros!\" width=\"500\" height=\"281\" src=\"https:\/\/www.youtube.com\/embed\/PQKZLlH7yOg?feature=oembed\" frameborder=\"0\" allow=\"accelerometer; autoplay; clipboard-write; encrypted-media; gyroscope; picture-in-picture; web-share\" referrerpolicy=\"strict-origin-when-cross-origin\" allowfullscreen><\/iframe>\n<\/div><\/figure>\n\n\n\n<p>A Universidade Federal de Minas Gerais possui um campus no norte de Minas Gerais, o <a rel=\"noreferrer noopener\" href=\"https:\/\/www.ufmg.br\/montesclaros\/\" target=\"_blank\">Campus Montes Claros<\/a>. Situado na cidade de Montes Claros, a Universidade oferta, anualmente, 300 vagas em 8 gradua\u00e7\u00f5es: Administra\u00e7\u00e3o, Agronomia, Engenharia Agr\u00edcola e Ambiental, Engenharia de Alimentos, Engenharia Florestal, Licenciatura em Ci\u00eancias da Natureza (Ci\u00eancias Biol\u00f3gicas, F\u00edsica e Qu\u00edmica), Licenciatura em Matem\u00e1tica e Zootecnia, nos turnos diurno e noturno. <\/p>\n\n\n\n<p>O campus disp\u00f5e tamb\u00e9m de dois pr\u00e9dios de pesquisa em ci\u00eancias agr\u00e1rias, laborat\u00f3rios de ensino, pesquisa, uma biblioteca universit\u00e1ria, restaurante universit\u00e1rio e moradia universit\u00e1ria.<\/p>\n\n\n\n<figure class=\"wp-block-embed is-type-video is-provider-youtube wp-block-embed-youtube wp-embed-aspect-16-9 wp-has-aspect-ratio\"><div class=\"wp-block-embed__wrapper\">\n<iframe loading=\"lazy\" title=\"V\u00eddeo institucional UFMG Montes Claros 2025\" width=\"500\" height=\"281\" src=\"https:\/\/www.youtube.com\/embed\/4BjjBwmuGVs?feature=oembed\" frameborder=\"0\" allow=\"accelerometer; autoplay; clipboard-write; encrypted-media; gyroscope; picture-in-picture; web-share\" referrerpolicy=\"strict-origin-when-cross-origin\" allowfullscreen><\/iframe>\n<\/div><\/figure>\n\n\n\n<p>A presen\u00e7a da UFMG em Montes Claros transcende as atividades acad\u00eamicas e \u00e9 marcada por a\u00e7\u00f5es de extens\u00e3o que alcan\u00e7am a comunidade local, como o Cursinho Comunit\u00e1rio do ICA, o&nbsp;<a rel=\"noreferrer noopener\" href=\"http:\/\/instagram.com\/comunica.ufmg\/\" target=\"_blank\">UFMG \u201cComunICA\u201d<\/a>, que auxilia estudantes de baixa renda a ingressarem no ensino superior.<\/p>\n\n\n\n<p>Espa\u00e7o de destaque no Campus Montes Claros \u00e9 a Fazenda Experimental Professor Hamilton de Abreu Navarro (FEHAN), que abriga atividades de bovinocultura e agricultura de apoio e colabora\u00e7\u00e3o com o desenvolvimento institucional e a realiza\u00e7\u00e3o de cursos, est\u00e1gios, semin\u00e1rios, visitas t\u00e9cnicas e dias de campo.<\/p>\n\n\n\n<div class=\"wp-block-cover is-light has-custom-content-position is-position-bottom-left\"><span aria-hidden=\"true\" class=\"wp-block-cover__background has-background-dim-10 has-background-dim\"><\/span><img decoding=\"async\" loading=\"lazy\" width=\"1024\" height=\"576\" class=\"wp-block-cover__image-background wp-image-1583\" alt=\"\" src=\"https:\/\/www.ufmg.br\/mostra\/wp-content\/uploads\/2024\/02\/drone-ica_06-1024x576.png\" data-object-fit=\"cover\" srcset=\"https:\/\/www.ufmg.br\/mostra\/wp-content\/uploads\/2024\/02\/drone-ica_06-1024x576.png 1024w, https:\/\/www.ufmg.br\/mostra\/wp-content\/uploads\/2024\/02\/drone-ica_06-300x169.png 300w, https:\/\/www.ufmg.br\/mostra\/wp-content\/uploads\/2024\/02\/drone-ica_06-768x432.png 768w, https:\/\/www.ufmg.br\/mostra\/wp-content\/uploads\/2024\/02\/drone-ica_06-1536x864.png 1536w, https:\/\/www.ufmg.br\/mostra\/wp-content\/uploads\/2024\/02\/drone-ica_06.png 1600w\" sizes=\"(max-width: 1024px) 100vw, 1024px\" \/><div class=\"wp-block-cover__inner-container\">\n<p class=\"has-text-align-left has-white-color has-text-color has-small-font-size\">Vista a\u00e9rea do Campus Montes Claros <br>TV UFMG<\/p>\n<\/div><\/div>\n\n\n\n<p><\/p>\n\n\n\n<p>Al\u00e9m disso, a UFMG oferta atividades de ensino, pesquisa e extens\u00e3o universit\u00e1ria que resgatam os saberes tradicionais das popula\u00e7\u00f5es locais e colaboram para o desenvolvimento social e educacional da regi\u00e3o. Dentre as a\u00e7\u00f5es, destacam-se a produ\u00e7\u00e3o e colheita de feij\u00e3o na Fazenda Experimental, que fornece em m\u00e9dia 400 kg de feij\u00e3o por m\u00eas para o Restaurante Universit\u00e1rio, al\u00e9m de contribuir para a manuten\u00e7\u00e3o do espa\u00e7o com o recurso da venda do excedente.<\/p>\n\n\n\n<figure class=\"wp-block-embed is-type-video is-provider-youtube wp-block-embed-youtube wp-embed-aspect-16-9 wp-has-aspect-ratio\"><div class=\"wp-block-embed__wrapper\">\n<iframe loading=\"lazy\" title=\"V\u00eddeo institucional UFMG em n\u00fameros 2025\/1\" width=\"500\" height=\"281\" src=\"https:\/\/www.youtube.com\/embed\/Gp6lFkkR3Bk?feature=oembed\" frameborder=\"0\" allow=\"accelerometer; autoplay; clipboard-write; encrypted-media; gyroscope; picture-in-picture; web-share\" referrerpolicy=\"strict-origin-when-cross-origin\" allowfullscreen><\/iframe>\n<\/div><\/figure>\n\n\n\n<p>A maior universidade do estado de Minas Gerais, \u00e9 considerada pelos sistemas de avalia\u00e7\u00e3o do&nbsp;ensino superior no Brasil uma das melhores universidades do pa\u00eds. Est\u00e1 bem-posicionada nos mais diversos indicadores acad\u00eamicos, sendo avaliada com a nota m\u00e1xima pelo Instituto Nacional de Estudos e Pesquisas Educacionais An\u00edsio Teixeira (Inep), do Minist\u00e9rio da Educa\u00e7\u00e3o (MEC).<\/p>\n\n\n\n<p>Esses indicadores s\u00e3o reflexo da qualidade das a\u00e7\u00f5es de ensino, pesquisa e extens\u00e3o da Universidade, que tem:<\/p>\n\n\n\n<ul>\n<li><strong>+ 90&nbsp;<\/strong>cursos de gradua\u00e7\u00e3o;<\/li>\n\n\n\n<li><strong>3<\/strong>&nbsp;campi universit\u00e1rios (dois em Belo Horizonte, um em Montes Claros);<\/li>\n\n\n\n<li><strong>20<\/strong>&nbsp;unidades acad\u00eamicas;<\/li>\n\n\n\n<li><strong>+ 47 mil<\/strong> estudantes;<\/li>\n\n\n\n<li><strong>+3 mil&nbsp;<\/strong>professores e&nbsp;<strong>+ 4 mil<\/strong> servidores<\/li>\n<\/ul>\n\n\n\n<p><\/p>\n\n\n\n<p>Conhe\u00e7a mais sobre a UFMG no&nbsp;<a rel=\"noreferrer noopener\" href=\"https:\/\/ufmg.br\/a-universidade\/apresentacao\" target=\"_blank\">portal oficial da Universidade.<\/a><\/p>\n","protected":false},"excerpt":{"rendered":"<p>A Universidade Federal de Minas Gerais possui um campus no norte de Minas Gerais, o Campus Montes Claros. Situado na cidade de Montes Claros, a Universidade oferta, anualmente, 300 vagas em 8 gradua\u00e7\u00f5es: Administra\u00e7\u00e3o, Agronomia, Engenharia Agr\u00edcola e Ambiental, Engenharia de Alimentos, Engenharia Florestal, Licenciatura em Ci\u00eancias da Natureza (Ci\u00eancias Biol\u00f3gicas, F\u00edsica e Qu\u00edmica), Licenciatura [&hellip;]<\/p>\n","protected":false},"author":2,"featured_media":0,"parent":0,"menu_order":0,"comment_status":"closed","ping_status":"closed","template":"","meta":[],"acf":[],"_links":{"self":[{"href":"https:\/\/www.ufmg.br\/mostra\/wp-json\/wp\/v2\/pages\/1479"}],"collection":[{"href":"https:\/\/www.ufmg.br\/mostra\/wp-json\/wp\/v2\/pages"}],"about":[{"href":"https:\/\/www.ufmg.br\/mostra\/wp-json\/wp\/v2\/types\/page"}],"author":[{"embeddable":true,"href":"https:\/\/www.ufmg.br\/mostra\/wp-json\/wp\/v2\/users\/2"}],"replies":[{"embeddable":true,"href":"https:\/\/www.ufmg.br\/mostra\/wp-json\/wp\/v2\/comments?post=1479"}],"version-history":[{"count":51,"href":"https:\/\/www.ufmg.br\/mostra\/wp-json\/wp\/v2\/pages\/1479\/revisions"}],"predecessor-version":[{"id":2740,"href":"https:\/\/www.ufmg.br\/mostra\/wp-json\/wp\/v2\/pages\/1479\/revisions\/2740"}],"wp:attachment":[{"href":"https:\/\/www.ufmg.br\/mostra\/wp-json\/wp\/v2\/media?parent=1479"}],"curies":[{"name":"wp","href":"https:\/\/api.w.org\/{rel}","templated":true}]}}