{"id":1485,"date":"2024-02-08T17:20:29","date_gmt":"2024-02-08T19:20:29","guid":{"rendered":"https:\/\/www.ufmg.br\/mostra\/?page_id=1485"},"modified":"2025-03-14T15:36:19","modified_gmt":"2025-03-14T18:36:19","slug":"ufmg-em-belo-horizonte","status":"publish","type":"page","link":"https:\/\/www.ufmg.br\/mostra\/ufmg-em-belo-horizonte\/","title":{"rendered":"UFMG em Belo Horizonte"},"content":{"rendered":"\n<figure class=\"wp-block-gallery has-nested-images columns-default is-cropped wp-block-gallery-1 is-layout-flex\">\n<figure class=\"wp-block-image size-large\"><img decoding=\"async\" loading=\"lazy\" width=\"1024\" height=\"683\" data-id=\"1626\"  src=\"https:\/\/www.ufmg.br\/mostra\/wp-content\/uploads\/2024\/02\/Campus-Pampulha-2-Foca-Lisboa-1024x683.jpg\" alt=\"\" class=\"wp-image-1626\" srcset=\"https:\/\/www.ufmg.br\/mostra\/wp-content\/uploads\/2024\/02\/Campus-Pampulha-2-Foca-Lisboa-1024x683.jpg 1024w, https:\/\/www.ufmg.br\/mostra\/wp-content\/uploads\/2024\/02\/Campus-Pampulha-2-Foca-Lisboa-300x200.jpg 300w, https:\/\/www.ufmg.br\/mostra\/wp-content\/uploads\/2024\/02\/Campus-Pampulha-2-Foca-Lisboa-768x512.jpg 768w, https:\/\/www.ufmg.br\/mostra\/wp-content\/uploads\/2024\/02\/Campus-Pampulha-2-Foca-Lisboa-1536x1024.jpg 1536w, https:\/\/www.ufmg.br\/mostra\/wp-content\/uploads\/2024\/02\/Campus-Pampulha-2-Foca-Lisboa-2048x1365.jpg 2048w\" sizes=\"(max-width: 1024px) 100vw, 1024px\" \/><figcaption class=\"wp-element-caption\">Vista a\u00e9rea do Campus Pampulha<br>Foca Lisboa\/UFMG<\/figcaption><\/figure>\n<\/figure>\n\n\n\n<p>Em Belo Horizonte, a Universidade Federal de Minas Gerais tem seu principal campus situado na regi\u00e3o da Pampulha, o Campus Pampulha, onde est\u00e3o situadas 16 unidades acad\u00eamicas, o Col\u00e9gio T\u00e9cnico, o Teatro Universit\u00e1rio, o Centro Pedag\u00f3gico, o Hospital Veterin\u00e1rio, a Esta\u00e7\u00e3o Ecol\u00f3gica, a EMEI Ala\u00edde Lisboa, tr\u00eas Centros de Atividades Did\u00e1ticas (CAD) e o pr\u00e9dio da Reitoria. <\/p>\n\n\n\n<p>J\u00e1 no centro da cidade, a UFMG marca sua presen\u00e7a com o Campus Sa\u00fade, onde est\u00e3o lotadas a Faculdade de Medicina e a Escola de Enfermagem, al\u00e9m do complexo hospitalar do Hospital das Cl\u00ednicas, com a Faculdade de Direito, e com a Escola de Arquitetura. Na regi\u00e3o central de BH, a Universidade tem espa\u00e7os de preserva\u00e7\u00e3o ambiental, como o <a href=\"https:\/\/www.ufmg.br\/mhnjb\/\" data-type=\"URL\" data-id=\"https:\/\/www.ufmg.br\/mhnjb\/\">Museu de Hist\u00f3ria Natural e Jardim Bot\u00e2nico<\/a>, e espa\u00e7os de cultura, como o <a href=\"https:\/\/www.ufmg.br\/centrocultural\/\" data-type=\"URL\" data-id=\"https:\/\/www.ufmg.br\/centrocultural\/\">Centro Cultural<\/a>, o <a href=\"https:\/\/www.ufmg.br\/conservatorio\/\" data-type=\"URL\" data-id=\"https:\/\/www.ufmg.br\/conservatorio\/\">Conservat\u00f3rio<\/a> e o <a href=\"https:\/\/www.ufmg.br\/espacodoconhecimento\/\" data-type=\"URL\" data-id=\"https:\/\/www.ufmg.br\/espacodoconhecimento\/\">Espa\u00e7o do Conhecimento<\/a>.<\/p>\n\n\n\n<p>A UFMG \u00e9 p\u00fablica, gratuita e a mais antiga universidade do estado de Minas Gerais. Fundada em 7 de setembro de 1927, h\u00e1 quase um s\u00e9culo, a UFMG \u00e9 lideran\u00e7a regional e nacional em ensino, extens\u00e3o, cultura, pesquisa cient\u00edfica e gera\u00e7\u00e3o de patentes, em diversas \u00e1reas do conhecimento.<\/p>\n\n\n\n<figure class=\"wp-block-embed is-type-video is-provider-youtube wp-block-embed-youtube wp-embed-aspect-16-9 wp-has-aspect-ratio\"><div class=\"wp-block-embed__wrapper\">\n<iframe loading=\"lazy\" title=\"V\u00eddeo institucional UFMG em n\u00fameros 2025\/1\" width=\"500\" height=\"281\" src=\"https:\/\/www.youtube.com\/embed\/Gp6lFkkR3Bk?feature=oembed\" frameborder=\"0\" allow=\"accelerometer; autoplay; clipboard-write; encrypted-media; gyroscope; picture-in-picture; web-share\" referrerpolicy=\"strict-origin-when-cross-origin\" allowfullscreen><\/iframe>\n<\/div><\/figure>\n\n\n\n<p>A maior universidade do estado de Minas Gerais, \u00e9 considerada pelos sistemas de avalia\u00e7\u00e3o do ensino superior no Brasil uma das melhores universidades do pa\u00eds. Est\u00e1 bem posicionada nos mais diversos indicadores acad\u00eamicos, sendo avaliada com a nota m\u00e1xima pelo Instituto Nacional de Estudos e Pesquisas Educacionais An\u00edsio Teixeira (Inep), do Minist\u00e9rio da Educa\u00e7\u00e3o (MEC).<\/p>\n\n\n\n<p>Esses indicadores s\u00e3o reflexo da qualidade das a\u00e7\u00f5es de ensino, pesquisa e extens\u00e3o da Universidade, que tem:<\/p>\n\n\n\n<ul>\n<li><strong>+ 90&nbsp;<\/strong>cursos de gradua\u00e7\u00e3o;<\/li>\n\n\n\n<li><strong>3<\/strong>&nbsp;campi universit\u00e1rios (dois em Belo Horizonte, um em Montes Claros);<\/li>\n\n\n\n<li><strong>20<\/strong>&nbsp;unidades acad\u00eamicas;<\/li>\n\n\n\n<li><strong>+ 47 mil<\/strong> estudantes;<\/li>\n\n\n\n<li><strong>+3 mil&nbsp;<\/strong>professores e&nbsp;<strong>+ 4 mil<\/strong> servidores<\/li>\n<\/ul>\n\n\n\n<p>A Institui\u00e7\u00e3o orgulha-se de j\u00e1 ter formado nomes famosos, como Carlos Drummond de Andrade, Guimar\u00e3es Rosa, Fernanda Takai, Samuel Rosa, Tost\u00e3o, Ziraldo e sete ex-presidentes da rep\u00fablica.<\/p>\n\n\n\n<p>Conhe\u00e7a mais sobre a UFMG no&nbsp;<a rel=\"noreferrer noopener\" href=\"https:\/\/ufmg.br\/a-universidade\/apresentacao\" target=\"_blank\">portal oficial da Universidade.<\/a><\/p>\n","protected":false},"excerpt":{"rendered":"<p>Em Belo Horizonte, a Universidade Federal de Minas Gerais tem seu principal campus situado na regi\u00e3o da Pampulha, o Campus Pampulha, onde est\u00e3o situadas 16 unidades acad\u00eamicas, o Col\u00e9gio T\u00e9cnico, o Teatro Universit\u00e1rio, o Centro Pedag\u00f3gico, o Hospital Veterin\u00e1rio, a Esta\u00e7\u00e3o Ecol\u00f3gica, a EMEI Ala\u00edde Lisboa, tr\u00eas Centros de Atividades Did\u00e1ticas (CAD) e o pr\u00e9dio [&hellip;]<\/p>\n","protected":false},"author":2,"featured_media":0,"parent":0,"menu_order":0,"comment_status":"closed","ping_status":"closed","template":"","meta":[],"acf":[],"_links":{"self":[{"href":"https:\/\/www.ufmg.br\/mostra\/wp-json\/wp\/v2\/pages\/1485"}],"collection":[{"href":"https:\/\/www.ufmg.br\/mostra\/wp-json\/wp\/v2\/pages"}],"about":[{"href":"https:\/\/www.ufmg.br\/mostra\/wp-json\/wp\/v2\/types\/page"}],"author":[{"embeddable":true,"href":"https:\/\/www.ufmg.br\/mostra\/wp-json\/wp\/v2\/users\/2"}],"replies":[{"embeddable":true,"href":"https:\/\/www.ufmg.br\/mostra\/wp-json\/wp\/v2\/comments?post=1485"}],"version-history":[{"count":33,"href":"https:\/\/www.ufmg.br\/mostra\/wp-json\/wp\/v2\/pages\/1485\/revisions"}],"predecessor-version":[{"id":2707,"href":"https:\/\/www.ufmg.br\/mostra\/wp-json\/wp\/v2\/pages\/1485\/revisions\/2707"}],"wp:attachment":[{"href":"https:\/\/www.ufmg.br\/mostra\/wp-json\/wp\/v2\/media?parent=1485"}],"curies":[{"name":"wp","href":"https:\/\/api.w.org\/{rel}","templated":true}]}}