{"id":1495,"date":"2024-02-16T12:29:40","date_gmt":"2024-02-16T14:29:40","guid":{"rendered":"https:\/\/www.ufmg.br\/mostra\/?page_id=1495"},"modified":"2025-04-08T14:02:58","modified_gmt":"2025-04-08T17:02:58","slug":"assistencia-estudantil","status":"publish","type":"page","link":"https:\/\/www.ufmg.br\/mostra\/assistencia-estudantil\/","title":{"rendered":"Perman\u00eancia estudantil"},"content":{"rendered":"\n<p>Elaborada e coordenada pela&nbsp;<a rel=\"noreferrer noopener\" href=\"https:\/\/www.ufmg.br\/prae\/\" target=\"_blank\">Pr\u00f3-reitoria de Assuntos Estudantis<\/a>&nbsp;(PRAE) e executada em parceria com a&nbsp;<a rel=\"noreferrer noopener\" href=\"http:\/\/www.fump.ufmg.br\/\" target=\"_blank\">Funda\u00e7\u00e3o Universit\u00e1ria Mendes Pimentel&nbsp;<\/a>(FUMP), a&nbsp;<a rel=\"noreferrer noopener\" href=\"https:\/\/www.ufmg.br\/prae\/assistencia-estudantil\/\" target=\"_blank\">Pol\u00edtica de Perman\u00eancia de Estudantes na UFMG<\/a>&nbsp;colabora para a perman\u00eancia do estudante na Universidade durante toda a gradua\u00e7\u00e3o.<\/p>\n\n\n\n<p>S\u00e3o v\u00e1rias a\u00e7\u00f5es contempladas pela pol\u00edtica, como: acesso \u00e0s&nbsp;<a href=\"https:\/\/fump.ufmg.br\/programa-de-moradia\/\">moradias estudantis<\/a>&nbsp;(tr\u00eas em Belo Horizonte, uma em Montes Claros e tr\u00eas casas pertencentes ao programa de moradias ind\u00edgenas); alimenta\u00e7\u00e3o subsidiada nos&nbsp;<a href=\"https:\/\/fump.ufmg.br\/programa-de-alimentacao\/\" target=\"_blank\" rel=\"noreferrer noopener\">restaurantes universit\u00e1rios<\/a>&nbsp;(RUs); oferta de bolsas que ajudam em despesas com transporte, sa\u00fade, compra de material escolar, enriquecimento cultural, expans\u00e3o da forma\u00e7\u00e3o acad\u00eamica, entre muitas outras demandas.<\/p>\n\n\n\n<p>Estudantes de gradua\u00e7\u00e3o podem solicitar a Perman\u00eancia Estudantil a qualquer momento do curso. Para isso, \u00e9 necess\u00e1rio preencher um question\u00e1rio socioecon\u00f4mico e enviar os documentos solicitados. Ap\u00f3s an\u00e1lise, o estudante ser\u00e1 posicionado em um dos n\u00edveis de assist\u00eancia, com benef\u00edcios que variam conforme os crit\u00e9rios de cada n\u00edvel.<\/p>\n\n\n\n<p><strong>Importante! <\/strong>Para solicitar a an\u00e1lise, o estudante deve estar regularmente matriculado, frequentando as aulas e atender aos crit\u00e9rios de vulnerabilidade econ\u00f4mica, social e cultural estabelecidos pela Pol\u00edtica de Perman\u00eancia de Estudantes na UFMG. Mais informa\u00e7\u00f5es no <a rel=\"noreferrer noopener\" href=\"http:\/\/www.ufmg.br\/prae\" target=\"_blank\">site da PRAE<\/a> e no <a rel=\"noreferrer noopener\" href=\"http:\/\/www.fump.ufmg.br\" target=\"_blank\">site da FUMP<\/a>. <\/p>\n\n\n\n<p>Conhe\u00e7a um pouco mais sobre as atividades da PRAE no v\u00eddeo abaixo:<\/p>\n\n\n\n<figure class=\"wp-block-embed is-type-video is-provider-youtube wp-block-embed-youtube wp-embed-aspect-16-9 wp-has-aspect-ratio\"><div class=\"wp-block-embed__wrapper\">\n<iframe loading=\"lazy\" title=\"Conhe\u00e7a a PRAE, Pr\u00f3-reitoria de Assuntos Estudantis da UFMG\" width=\"500\" height=\"281\" src=\"https:\/\/www.youtube.com\/embed\/06TLed0xW7w?feature=oembed\" frameborder=\"0\" allow=\"accelerometer; autoplay; clipboard-write; encrypted-media; gyroscope; picture-in-picture; web-share\" referrerpolicy=\"strict-origin-when-cross-origin\" allowfullscreen><\/iframe>\n<\/div><\/figure>\n","protected":false},"excerpt":{"rendered":"<p>Elaborada e coordenada pela&nbsp;Pr\u00f3-reitoria de Assuntos Estudantis&nbsp;(PRAE) e executada em parceria com a&nbsp;Funda\u00e7\u00e3o Universit\u00e1ria Mendes Pimentel&nbsp;(FUMP), a&nbsp;Pol\u00edtica de Perman\u00eancia de Estudantes na UFMG&nbsp;colabora para a perman\u00eancia do estudante na Universidade durante toda a gradua\u00e7\u00e3o. S\u00e3o v\u00e1rias a\u00e7\u00f5es contempladas pela pol\u00edtica, como: acesso \u00e0s&nbsp;moradias estudantis&nbsp;(tr\u00eas em Belo Horizonte, uma em Montes Claros e tr\u00eas casas pertencentes [&hellip;]<\/p>\n","protected":false},"author":2,"featured_media":0,"parent":0,"menu_order":0,"comment_status":"closed","ping_status":"closed","template":"","meta":[],"acf":[],"_links":{"self":[{"href":"https:\/\/www.ufmg.br\/mostra\/wp-json\/wp\/v2\/pages\/1495"}],"collection":[{"href":"https:\/\/www.ufmg.br\/mostra\/wp-json\/wp\/v2\/pages"}],"about":[{"href":"https:\/\/www.ufmg.br\/mostra\/wp-json\/wp\/v2\/types\/page"}],"author":[{"embeddable":true,"href":"https:\/\/www.ufmg.br\/mostra\/wp-json\/wp\/v2\/users\/2"}],"replies":[{"embeddable":true,"href":"https:\/\/www.ufmg.br\/mostra\/wp-json\/wp\/v2\/comments?post=1495"}],"version-history":[{"count":16,"href":"https:\/\/www.ufmg.br\/mostra\/wp-json\/wp\/v2\/pages\/1495\/revisions"}],"predecessor-version":[{"id":2743,"href":"https:\/\/www.ufmg.br\/mostra\/wp-json\/wp\/v2\/pages\/1495\/revisions\/2743"}],"wp:attachment":[{"href":"https:\/\/www.ufmg.br\/mostra\/wp-json\/wp\/v2\/media?parent=1495"}],"curies":[{"name":"wp","href":"https:\/\/api.w.org\/{rel}","templated":true}]}}