{"id":1501,"date":"2024-02-16T12:30:53","date_gmt":"2024-02-16T14:30:53","guid":{"rendered":"https:\/\/www.ufmg.br\/mostra\/?page_id=1501"},"modified":"2025-03-26T14:20:41","modified_gmt":"2025-03-26T17:20:41","slug":"acessibilidade-e-inclusao","status":"publish","type":"page","link":"https:\/\/www.ufmg.br\/mostra\/acessibilidade-e-inclusao\/","title":{"rendered":"Acessibilidade e inclus\u00e3o"},"content":{"rendered":"\n<p>Na UFMG, pessoas com defici\u00eancia podem solicitar ao&nbsp;<a rel=\"noreferrer noopener\" href=\"https:\/\/www.ufmg.br\/nai\/\" target=\"_blank\">N\u00facleo de Acessibilidade e Inclus\u00e3o<\/a>&nbsp;(NAI), diretoria respons\u00e1vel por agregar o atendimento \u00e0s iniciativas de acessibilidade e inclus\u00e3o na Universidade, uma s\u00e9rie de a\u00e7\u00f5es e servi\u00e7os oferecidos para garantir o pleno acesso \u00e0s atividades acad\u00eamicas da UFMG. Em Montes Claros o Programa de Inclus\u00e3o, Conv\u00edvio e Acolhimento (PRO-ICA), vinculado ao NAI, promove v\u00e1rias a\u00e7\u00f5es de apoio a esses estudantes durante o percurso acad\u00eamico.<\/p>\n\n\n\n<h3 class=\"wp-block-heading\">Alguns apoios que estudantes com defici\u00eancia podem solicitar:<\/h3>\n\n\n\n<ul>\n<li>Produ\u00e7\u00f5es de materiais did\u00e1ticos em diversos formatos<\/li>\n\n\n\n<li>Treinamentos para uso de tecnologias assistivas<\/li>\n\n\n\n<li>Aux\u00edlios pedag\u00f3gicos diversos<\/li>\n\n\n\n<li>Monitorias espec\u00edficas em diferentes \u00e1reas do conhecimento<\/li>\n\n\n\n<li>Tradu\u00e7\u00e3o e interpreta\u00e7\u00e3o de Libras<\/li>\n\n\n\n<li>Treinamentos para movimenta\u00e7\u00e3o por rotas mais acess\u00edveis nos espa\u00e7os da UFMG<\/li>\n\n\n\n<li>Transporte acess\u00edvel no campus Pampulha para pessoas com defici\u00eancia motora ou mobilidade reduzida<\/li>\n<\/ul>\n\n\n\n<p><\/p>\n\n\n\n<figure class=\"wp-block-embed is-type-video is-provider-youtube wp-block-embed-youtube wp-embed-aspect-16-9 wp-has-aspect-ratio\"><div class=\"wp-block-embed__wrapper\">\n<iframe loading=\"lazy\" title=\"Conhe\u00e7a o trabalho do N\u00facleo de Acessibilidade e Inclus\u00e3o da UFMG\" width=\"500\" height=\"281\" src=\"https:\/\/www.youtube.com\/embed\/4DonihIQXSM?start=160&#038;feature=oembed\" frameborder=\"0\" allow=\"accelerometer; autoplay; clipboard-write; encrypted-media; gyroscope; picture-in-picture; web-share\" referrerpolicy=\"strict-origin-when-cross-origin\" allowfullscreen><\/iframe>\n<\/div><\/figure>\n","protected":false},"excerpt":{"rendered":"<p>Na UFMG, pessoas com defici\u00eancia podem solicitar ao&nbsp;N\u00facleo de Acessibilidade e Inclus\u00e3o&nbsp;(NAI), diretoria respons\u00e1vel por agregar o atendimento \u00e0s iniciativas de acessibilidade e inclus\u00e3o na Universidade, uma s\u00e9rie de a\u00e7\u00f5es e servi\u00e7os oferecidos para garantir o pleno acesso \u00e0s atividades acad\u00eamicas da UFMG. Em Montes Claros o Programa de Inclus\u00e3o, Conv\u00edvio e Acolhimento (PRO-ICA), vinculado [&hellip;]<\/p>\n","protected":false},"author":2,"featured_media":0,"parent":0,"menu_order":0,"comment_status":"closed","ping_status":"closed","template":"","meta":[],"acf":[],"_links":{"self":[{"href":"https:\/\/www.ufmg.br\/mostra\/wp-json\/wp\/v2\/pages\/1501"}],"collection":[{"href":"https:\/\/www.ufmg.br\/mostra\/wp-json\/wp\/v2\/pages"}],"about":[{"href":"https:\/\/www.ufmg.br\/mostra\/wp-json\/wp\/v2\/types\/page"}],"author":[{"embeddable":true,"href":"https:\/\/www.ufmg.br\/mostra\/wp-json\/wp\/v2\/users\/2"}],"replies":[{"embeddable":true,"href":"https:\/\/www.ufmg.br\/mostra\/wp-json\/wp\/v2\/comments?post=1501"}],"version-history":[{"count":13,"href":"https:\/\/www.ufmg.br\/mostra\/wp-json\/wp\/v2\/pages\/1501\/revisions"}],"predecessor-version":[{"id":2733,"href":"https:\/\/www.ufmg.br\/mostra\/wp-json\/wp\/v2\/pages\/1501\/revisions\/2733"}],"wp:attachment":[{"href":"https:\/\/www.ufmg.br\/mostra\/wp-json\/wp\/v2\/media?parent=1501"}],"curies":[{"name":"wp","href":"https:\/\/api.w.org\/{rel}","templated":true}]}}