{"id":1504,"date":"2024-02-16T12:32:03","date_gmt":"2024-02-16T15:32:03","guid":{"rendered":"https:\/\/www.ufmg.br\/mostra\/?page_id=1504"},"modified":"2026-03-22T14:01:37","modified_gmt":"2026-03-22T17:01:37","slug":"inscreva-se","status":"publish","type":"page","link":"https:\/\/www.ufmg.br\/mostra\/inscreva-se\/","title":{"rendered":"Inscreva-se"},"content":{"rendered":"\n<p><br><strong>Campus Montes Claros<\/strong> \u2013 25 de abril (s\u00e1bado), de 8h \u00e0s 16h<\/p>\n\n\n\n<p class=\"has-small-font-size\">Local: <strong>Campus Montes Claros<\/strong> &#8211; Av. Universit\u00e1ria, 1.000 &#8211; Bairro Universit\u00e1rio &#8211; Montes Claros &#8211; MG<\/p>\n\n\n\n<p class=\"has-small-font-size\">Vagas limitadas<\/p>\n\n\n\n<p><a href=\"https:\/\/aplicativos.ufmg.br\/mostramontesclaros\/#\/\" target=\"_blank\" rel=\"noreferrer noopener\">Clique aqui para se inscrever<\/a><\/p>\n\n\n\n<p><\/p>\n\n\n\n<p><br><strong>Campus Pampulha (Belo Horizonte)<\/strong> \u2013 30 de maio (s\u00e1bado), de 8h \u00e0s 16h<\/p>\n\n\n\n<p class=\"has-small-font-size\">Local: <strong>Campus Pampulha<\/strong> &#8211; Av. Ant\u00f4nio Carlos, 6627 &#8211; Pampulha &#8211; Belo Horizonte &#8211; MG<\/p>\n\n\n\n<p class=\"has-small-font-size\">Vagas limitadas<\/p>\n\n\n\n<p class=\"has-vivid-red-color has-text-color\"><strong>Inscri\u00e7\u00f5es a partir do dia 4 de maio<\/strong><\/p>\n\n\n\n<p><\/p>\n","protected":false},"excerpt":{"rendered":"<p>Campus Montes Claros \u2013 25 de abril (s\u00e1bado), de 8h \u00e0s 16h Local: Campus Montes Claros &#8211; Av. Universit\u00e1ria, 1.000 &#8211; Bairro Universit\u00e1rio &#8211; Montes Claros &#8211; MG Vagas limitadas Clique aqui para se inscrever Campus Pampulha (Belo Horizonte) \u2013 30 de maio (s\u00e1bado), de 8h \u00e0s 16h Local: Campus Pampulha &#8211; Av. Ant\u00f4nio Carlos, [&hellip;]<\/p>\n","protected":false},"author":2,"featured_media":0,"parent":0,"menu_order":0,"comment_status":"closed","ping_status":"closed","template":"","meta":[],"acf":[],"_links":{"self":[{"href":"https:\/\/www.ufmg.br\/mostra\/wp-json\/wp\/v2\/pages\/1504"}],"collection":[{"href":"https:\/\/www.ufmg.br\/mostra\/wp-json\/wp\/v2\/pages"}],"about":[{"href":"https:\/\/www.ufmg.br\/mostra\/wp-json\/wp\/v2\/types\/page"}],"author":[{"embeddable":true,"href":"https:\/\/www.ufmg.br\/mostra\/wp-json\/wp\/v2\/users\/2"}],"replies":[{"embeddable":true,"href":"https:\/\/www.ufmg.br\/mostra\/wp-json\/wp\/v2\/comments?post=1504"}],"version-history":[{"count":46,"href":"https:\/\/www.ufmg.br\/mostra\/wp-json\/wp\/v2\/pages\/1504\/revisions"}],"predecessor-version":[{"id":4793,"href":"https:\/\/www.ufmg.br\/mostra\/wp-json\/wp\/v2\/pages\/1504\/revisions\/4793"}],"wp:attachment":[{"href":"https:\/\/www.ufmg.br\/mostra\/wp-json\/wp\/v2\/media?parent=1504"}],"curies":[{"name":"wp","href":"https:\/\/api.w.org\/{rel}","templated":true}]}}