{"id":1508,"date":"2024-02-16T12:37:50","date_gmt":"2024-02-16T14:37:50","guid":{"rendered":"https:\/\/www.ufmg.br\/mostra\/?page_id=1508"},"modified":"2025-03-26T10:41:46","modified_gmt":"2025-03-26T13:41:46","slug":"duvidas-frequentes","status":"publish","type":"page","link":"https:\/\/www.ufmg.br\/mostra\/duvidas-frequentes\/","title":{"rendered":"D\u00favidas frequentes"},"content":{"rendered":"\n<p><\/p>\n\n\n\n<p><strong>O que \u00e9 Mostra Sua UFMG?<\/strong><br>\u00c9 um evento no qual a Universidade Federal de Minas Gerais apresenta os cursos de gradua\u00e7\u00e3o e as diversas oportunidades oferecidas aos seus estudantes, como: programa de perman\u00eancia estudantil; inicia\u00e7\u00e3o \u00e0 pesquisa cient\u00edfica; projetos de extens\u00e3o; op\u00e7\u00f5es de esporte, cultura e lazer, e muito mais.<\/p>\n\n\n\n<p><strong>Para quem se destina a Mostra?<\/strong><br>Estudantes que possuem interesse em ingressar na Universidade Federal de Minas Gerais.<\/p>\n\n\n\n<p><strong>Como \u00e9 a Mostra Sua UFMG?<\/strong><br>A Mostra \u00e9 presencial, gratuita, e ocorre em duas cidades: Montes Claros (campus Montes Claros) e Belo Horizonte (campus Pampulha).<\/p>\n\n\n\n<p><strong>Qual o hor\u00e1rio da Mostra?<\/strong><br>De 8h \u00e0s 16h.<\/p>\n\n\n\n<p><strong>Quais atividades acontecem no dia da Mostra? <\/strong><br>No dia do evento os participantes ter\u00e3o a oportunidade de interagir com estudantes e professores da UFMG, al\u00e9m de vivenciarem os espa\u00e7os do campus Montes Claros ou Belo Horizonte. Haver\u00e1 palestras e salas interativas sobre os cursos de gradua\u00e7\u00e3o, atividades culturais, quiz sobre a universidade, distribui\u00e7\u00e3o do Jogo de Cartas Colecion\u00e1veis UFMG, e muito mais.  <\/p>\n\n\n\n<p><strong>\u00c9 necess\u00e1rio realizar inscri\u00e7\u00e3o para participar da Mostra?<\/strong><br>Sim. Fique atento \u00e0s datas de inscri\u00e7\u00f5es das duas edi\u00e7\u00f5es \u2013 Montes Claros e Belo Horizonte. As vagas s\u00e3o limitadas.<\/p>\n\n\n\n<p><strong>Posso participar sem a necessidade de ir junto com a minha escola?<\/strong><br>Sim. Existe a op\u00e7\u00e3o de se inscrever individualmente, mas a experi\u00eancia se torna mais interessante quando a escola consegue se mobilizar para levar um grupo de estudantes. <\/p>\n\n\n\n<p><strong>H\u00e1 atendimento especializado para as pessoas com defici\u00eancia visitarem a Mostra?<\/strong><br>Sim. \u00c9 necess\u00e1rio, no momento da inscri\u00e7\u00e3o, preencher as informa\u00e7\u00f5es referentes ao tema para que a equipe da UFMG possa buscar promover um atendimento adequado a cada pessoa.  <\/p>\n\n\n\n<p><\/p>\n\n\n\n<p><\/p>\n","protected":false},"excerpt":{"rendered":"<p>O que \u00e9 Mostra Sua UFMG?\u00c9 um evento no qual a Universidade Federal de Minas Gerais apresenta os cursos de gradua\u00e7\u00e3o e as diversas oportunidades oferecidas aos seus estudantes, como: programa de perman\u00eancia estudantil; inicia\u00e7\u00e3o \u00e0 pesquisa cient\u00edfica; projetos de extens\u00e3o; op\u00e7\u00f5es de esporte, cultura e lazer, e muito mais. Para quem se destina a [&hellip;]<\/p>\n","protected":false},"author":2,"featured_media":0,"parent":0,"menu_order":0,"comment_status":"closed","ping_status":"closed","template":"","meta":[],"acf":[],"_links":{"self":[{"href":"https:\/\/www.ufmg.br\/mostra\/wp-json\/wp\/v2\/pages\/1508"}],"collection":[{"href":"https:\/\/www.ufmg.br\/mostra\/wp-json\/wp\/v2\/pages"}],"about":[{"href":"https:\/\/www.ufmg.br\/mostra\/wp-json\/wp\/v2\/types\/page"}],"author":[{"embeddable":true,"href":"https:\/\/www.ufmg.br\/mostra\/wp-json\/wp\/v2\/users\/2"}],"replies":[{"embeddable":true,"href":"https:\/\/www.ufmg.br\/mostra\/wp-json\/wp\/v2\/comments?post=1508"}],"version-history":[{"count":12,"href":"https:\/\/www.ufmg.br\/mostra\/wp-json\/wp\/v2\/pages\/1508\/revisions"}],"predecessor-version":[{"id":2732,"href":"https:\/\/www.ufmg.br\/mostra\/wp-json\/wp\/v2\/pages\/1508\/revisions\/2732"}],"wp:attachment":[{"href":"https:\/\/www.ufmg.br\/mostra\/wp-json\/wp\/v2\/media?parent=1508"}],"curies":[{"name":"wp","href":"https:\/\/api.w.org\/{rel}","templated":true}]}}