{"id":2574,"date":"2024-12-06T13:57:32","date_gmt":"2024-12-06T16:57:32","guid":{"rendered":"https:\/\/www.ufmg.br\/mostra\/?page_id=2574"},"modified":"2025-03-14T15:32:26","modified_gmt":"2025-03-14T18:32:26","slug":"ensino-pesquisa-e-extensao","status":"publish","type":"page","link":"https:\/\/www.ufmg.br\/mostra\/ensino-pesquisa-e-extensao\/","title":{"rendered":"Ensino, Pesquisa e Extens\u00e3o"},"content":{"rendered":"\n<p>A UFMG \u00e9 uma institui\u00e7\u00e3o p\u00fablica de excel\u00eancia, com relev\u00e2ncia nacional e internacional. Realiza com empenho e responsabilidade a miss\u00e3o de atender \u00e0s diversas demandas relacionadas \u00e0s \u00e1reas de ensino, pesquisa e extens\u00e3o. Todas as a\u00e7\u00f5es da Universidade s\u00e3o planejadas visando \u00e0 difus\u00e3o dos saberes, ao fortalecimento da educa\u00e7\u00e3o, ao desenvolvimento cient\u00edfico, econ\u00f4mico, pol\u00edtico e cultural e ao bem-estar da sociedade. <\/p>\n\n\n\n<p>\u00c9 uma das 10 melhores universidades da Am\u00e9rica Latina, segundo o ranking global 2024 da Times Higher Education (THE), e uma das universidades federais mais bem avaliadas no Brasil pelo Minist\u00e9rio da Educa\u00e7\u00e3o (MEC).<\/p>\n\n\n\n<p>Tem mais de 750 grupos de pesquisa cadastrados no CNPq, formados por mais de 6 mil pesquisadores que atuam em mais de 3 mil linhas de pesquisa. Desse universo, aproximadamente 750 s\u00e3o bolsistas de produtividade do CNPq, o que coloca a UFMG na terceira posi\u00e7\u00e3o entre as institui\u00e7\u00f5es com maior n\u00famero de pesquisadores classificados nessa categoria no Brasil e em primeiro lugar em Minas Gerais.<\/p>\n\n\n\n<figure class=\"wp-block-embed is-type-video is-provider-youtube wp-block-embed-youtube wp-embed-aspect-16-9 wp-has-aspect-ratio\"><div class=\"wp-block-embed__wrapper\">\n<iframe loading=\"lazy\" title=\"V\u00eddeo institucional UFMG em n\u00fameros 2025\/1\" width=\"500\" height=\"281\" src=\"https:\/\/www.youtube.com\/embed\/Gp6lFkkR3Bk?feature=oembed\" frameborder=\"0\" allow=\"accelerometer; autoplay; clipboard-write; encrypted-media; gyroscope; picture-in-picture; web-share\" referrerpolicy=\"strict-origin-when-cross-origin\" allowfullscreen><\/iframe>\n<\/div><\/figure>\n\n\n\n<p>A extens\u00e3o faz parte do dia a dia da UFMG. S\u00e3o a\u00e7\u00f5es que a universidade promove na busca de atender demandas da sociedade, permitindo compartilhar seus conhecimentos e saberes desenvolvidos por meio do ensino e da pesquisa. Tem como princ\u00edpios de atua\u00e7\u00e3o a intera\u00e7\u00e3o dial\u00f3gica, a interdisciplinaridade e interprofissionalidade, a indissociabilidade com o ensino e a pesquisa, o impacto na forma\u00e7\u00e3o do estudante e a transforma\u00e7\u00e3o social. Cerca de 3.700 atividades s\u00e3o desenvolvidas anualmente, incluindo programas, projetos, cursos, eventos e a\u00e7\u00f5es de presta\u00e7\u00e3o de servi\u00e7os, que alcan\u00e7am mais de 3,5 milh\u00f5es de pessoas.<\/p>\n\n\n\n<p>Conhe\u00e7a um pouco mais sobre a extens\u00e3o universit\u00e1ria no v\u00eddeo:<\/p>\n\n\n\n<figure class=\"wp-block-embed is-type-video is-provider-youtube wp-block-embed-youtube wp-embed-aspect-16-9 wp-has-aspect-ratio\"><div class=\"wp-block-embed__wrapper\">\n<iframe loading=\"lazy\" title=\"Por dentro da extens\u00e3o: A Proex\" width=\"500\" height=\"281\" src=\"https:\/\/www.youtube.com\/embed\/KpAWp6yMXwQ?feature=oembed\" frameborder=\"0\" allow=\"accelerometer; autoplay; clipboard-write; encrypted-media; gyroscope; picture-in-picture; web-share\" referrerpolicy=\"strict-origin-when-cross-origin\" allowfullscreen><\/iframe>\n<\/div><\/figure>\n\n\n\n<p><\/p>\n","protected":false},"excerpt":{"rendered":"<p>A UFMG \u00e9 uma institui\u00e7\u00e3o p\u00fablica de excel\u00eancia, com relev\u00e2ncia nacional e internacional. Realiza com empenho e responsabilidade a miss\u00e3o de atender \u00e0s diversas demandas relacionadas \u00e0s \u00e1reas de ensino, pesquisa e extens\u00e3o. Todas as a\u00e7\u00f5es da Universidade s\u00e3o planejadas visando \u00e0 difus\u00e3o dos saberes, ao fortalecimento da educa\u00e7\u00e3o, ao desenvolvimento cient\u00edfico, econ\u00f4mico, pol\u00edtico e [&hellip;]<\/p>\n","protected":false},"author":3,"featured_media":0,"parent":0,"menu_order":0,"comment_status":"closed","ping_status":"closed","template":"","meta":[],"acf":[],"_links":{"self":[{"href":"https:\/\/www.ufmg.br\/mostra\/wp-json\/wp\/v2\/pages\/2574"}],"collection":[{"href":"https:\/\/www.ufmg.br\/mostra\/wp-json\/wp\/v2\/pages"}],"about":[{"href":"https:\/\/www.ufmg.br\/mostra\/wp-json\/wp\/v2\/types\/page"}],"author":[{"embeddable":true,"href":"https:\/\/www.ufmg.br\/mostra\/wp-json\/wp\/v2\/users\/3"}],"replies":[{"embeddable":true,"href":"https:\/\/www.ufmg.br\/mostra\/wp-json\/wp\/v2\/comments?post=2574"}],"version-history":[{"count":9,"href":"https:\/\/www.ufmg.br\/mostra\/wp-json\/wp\/v2\/pages\/2574\/revisions"}],"predecessor-version":[{"id":2705,"href":"https:\/\/www.ufmg.br\/mostra\/wp-json\/wp\/v2\/pages\/2574\/revisions\/2705"}],"wp:attachment":[{"href":"https:\/\/www.ufmg.br\/mostra\/wp-json\/wp\/v2\/media?parent=2574"}],"curies":[{"name":"wp","href":"https:\/\/api.w.org\/{rel}","templated":true}]}}