{"id":2625,"date":"2025-03-10T14:09:23","date_gmt":"2025-03-10T17:09:23","guid":{"rendered":"https:\/\/www.ufmg.br\/mostra\/?page_id=2625"},"modified":"2026-04-30T09:05:48","modified_gmt":"2026-04-30T12:05:48","slug":"jogo","status":"publish","type":"page","link":"https:\/\/www.ufmg.br\/mostra\/jogo\/","title":{"rendered":"Jogo UFMG"},"content":{"rendered":"\n<p>O <strong>Jogo de Cartas Colecion\u00e1veis UFMG<\/strong> \u00e9 uma experi\u00eancia interativa na qual os visitantes da Mostra Sua UFMG conhecem mais sobre a Universidade enquanto se divertem. Ele simula o estilo de jogos de cartas de RPG, com ilustra\u00e7\u00f5es que evocam magia, aventura e fantasia. <\/p>\n\n\n\n<p>O Jogo \u00e9 composto por<strong> 3 tipos de cartas<\/strong>:&nbsp;<\/p>\n\n\n\n<figure class=\"wp-block-image size-large\"><img decoding=\"async\" loading=\"lazy\" width=\"1024\" height=\"406\" src=\"https:\/\/www.ufmg.br\/mostra\/wp-content\/uploads\/2025\/05\/image-1024x406.png\" alt=\"\" class=\"wp-image-2851\" srcset=\"https:\/\/www.ufmg.br\/mostra\/wp-content\/uploads\/2025\/05\/image-1024x406.png 1024w, https:\/\/www.ufmg.br\/mostra\/wp-content\/uploads\/2025\/05\/image-300x119.png 300w, https:\/\/www.ufmg.br\/mostra\/wp-content\/uploads\/2025\/05\/image-768x304.png 768w, https:\/\/www.ufmg.br\/mostra\/wp-content\/uploads\/2025\/05\/image-1536x609.png 1536w, https:\/\/www.ufmg.br\/mostra\/wp-content\/uploads\/2025\/05\/image.png 1554w\" sizes=\"(max-width: 1024px) 100vw, 1024px\" \/><\/figure>\n\n\n\n<p><\/p>\n\n\n\n<ul>\n<li><strong>Cartas Curso<\/strong>: s\u00e3o 11 no total e listam todos os cursos de gradua\u00e7\u00e3o da UFMG. Com elas em m\u00e3os, j\u00e1 \u00e9 poss\u00edvel jogar o jogo com sua turma.<\/li>\n\n\n\n<li><strong>Cartas UFMG<\/strong>: s\u00e3o 13 no total e trazem informa\u00e7\u00f5es sobre a Universidade, al\u00e9m de adicionar novas habilidades ao jogo. <\/li>\n\n\n\n<li><strong>Cartas Especiais: <\/strong>s\u00e3o 2 no total e se destacam por serem brilhantes, raras e com poderes especiais. <\/li>\n<\/ul>\n\n\n\n<p><\/p>\n\n\n\n<p>A maioria das cartas possui \u00edcones que representam as habilidades: livro, lupa e l\u00e2mpada, que s\u00e3o acompanhados por n\u00fameros que indicam quantos pontos em cada habilidade a carta possui.<\/p>\n\n\n\n<p><\/p>\n\n\n\n<p><strong>As cartas do Jogo de Cartas Colecion\u00e1veis UFMG s\u00e3o:<\/strong><\/p>\n\n\n\n<figure class=\"wp-block-image size-large\"><img decoding=\"async\" loading=\"lazy\" width=\"677\" height=\"1024\" src=\"https:\/\/www.ufmg.br\/mostra\/wp-content\/uploads\/2026\/04\/cartas_site-2-677x1024.jpg\" alt=\"\" class=\"wp-image-4848\" srcset=\"https:\/\/www.ufmg.br\/mostra\/wp-content\/uploads\/2026\/04\/cartas_site-2-677x1024.jpg 677w, https:\/\/www.ufmg.br\/mostra\/wp-content\/uploads\/2026\/04\/cartas_site-2-198x300.jpg 198w, https:\/\/www.ufmg.br\/mostra\/wp-content\/uploads\/2026\/04\/cartas_site-2-768x1162.jpg 768w, https:\/\/www.ufmg.br\/mostra\/wp-content\/uploads\/2026\/04\/cartas_site-2-1015x1536.jpg 1015w, https:\/\/www.ufmg.br\/mostra\/wp-content\/uploads\/2026\/04\/cartas_site-2.jpg 1024w\" sizes=\"(max-width: 677px) 100vw, 677px\" \/><\/figure>\n\n\n<style>#sp-ea-2737 .spcollapsing { height: 0; overflow: hidden; transition-property: height;transition-duration: 300ms;}#sp-ea-2737.sp-easy-accordion>.sp-ea-single {border: 1px solid #e2e2e2; }#sp-ea-2737.sp-easy-accordion>.sp-ea-single>.ea-header a {color: #444;}#sp-ea-2737.sp-easy-accordion>.sp-ea-single>.sp-collapse>.ea-body {background: #fff; color: #444;}#sp-ea-2737.sp-easy-accordion>.sp-ea-single {background: #eee;}#sp-ea-2737.sp-easy-accordion>.sp-ea-single>.ea-header a .ea-expand-icon.fa { float: left; color: #444;font-size: 16px;}<\/style><div id=\"sp_easy_accordion-1743617464\"><div id=\"sp-ea-2737\" class=\"sp-ea-one sp-easy-accordion\" data-ex-icon=\"fa-minus\" data-col-icon=\"fa-plus\"  data-ea-active=\"ea-click\"  data-ea-mode=\"vertical\" data-preloader=\"\" data-scroll-active-item=\"\" data-offset-to-scroll=\"0\"><div class=\"ea-card  sp-ea-single\"><h3 class=\"ea-header\"><a class=\"collapsed\" data-sptoggle=\"spcollapse\" data-sptarget=#collapse27370 href=\"javascript:void(0)\"  aria-expanded=\"false\"><i class=\"ea-expand-icon fa fa-plus\"><\/i> Como jogar?<\/a><\/h3><div class=\"sp-collapse spcollapse spcollapse\" id=\"collapse27370\" data-parent=#sp-ea-2737><div class=\"ea-body\"><p><span style=\"font-weight: 400;\">Voc\u00ea pode jogar com quantas pessoas quiser, desde que cada uma tenha o seu pr\u00f3prio conjunto de cartas.\u00a0<\/span><\/p>\n<p><span style=\"font-weight: 400;\">O Jogo de Cartas Colecion\u00e1veis UFMG \u00e9 composto por cartas curso (verdes), cartas UFMG (amarelas) e cartas especiais (brilhantes). A maioria das cartas possuem \u00edcones que representam as habilidades: livro, lupa e l\u00e2mpada, que s\u00e3o acompanhados por n\u00fameros que indicam quantos pontos em cada habilidade a carta possui.<\/span><\/p>\n<p><span style=\"font-weight: 400;\">A jogabilidade \u00e9 composta por:<\/span><\/p>\n<ul>\n<li style=\"font-weight: 400;\" aria-level=\"1\"><b>Lance:<\/b><span style=\"font-weight: 400;\"> \u00e9 o momento do jogador jogar a carta escolhida. Cada jogador faz um lance a cada rodada.<\/span><\/li>\n<li style=\"font-weight: 400;\" aria-level=\"1\"><b>Rodada:<\/b><span style=\"font-weight: 400;\"> \u00e9 uma sequ\u00eancia de lances feita por todos os jogadores.\u00a0<\/span><\/li>\n<li style=\"font-weight: 400;\" aria-level=\"1\"><b>Partida: <\/b><span style=\"font-weight: 400;\"><span style=\"font-weight: 400;\">\u00e9 formada por 3 rodadas.<\/span><\/span><\/li>\n<\/ul>\n<p>&nbsp;<\/p>\n<p><iframe title=\"\u2728 Como jogar o Jogo de cartas colecion\u00e1veis UFMG \u2728#ufmg\" width=\"422\" height=\"750\" src=\"https:\/\/www.youtube.com\/embed\/aw9LCRn_76U?feature=oembed\" frameborder=\"0\" allow=\"accelerometer; autoplay; clipboard-write; encrypted-media; gyroscope; picture-in-picture; web-share\" referrerpolicy=\"strict-origin-when-cross-origin\" allowfullscreen><\/iframe><\/p>\n<p><b><br \/>\nREGRAS:<\/b><\/p>\n<ul>\n<li style=\"font-weight: 400;\" aria-level=\"1\"><span style=\"font-weight: 400;\">Voc\u00ea pode jogar com quantas pessoas quiser, desde que cada uma tenha o seu pr\u00f3prio kit de cartas. <\/span><b>Em nenhum momento do jogo suas cartas ser\u00e3o misturadas com as dos outros participantes<\/b><span style=\"font-weight: 400;\">.<\/span><\/li>\n<li style=\"font-weight: 400;\" aria-level=\"1\"><span style=\"font-weight: 400;\">Para iniciar o Jogo de Cartas Colecion\u00e1veis UFMG, todos os jogadores devem embaralhar suas pr\u00f3prias cartas e fazer seu monte individual, que deve ser colocado sobre uma superf\u00edcie com as faces voltadas para baixo.<\/span><\/li>\n<li style=\"font-weight: 400;\" aria-level=\"1\"><span style=\"font-weight: 400;\">Para iniciar a partida, todos devem pegar 7 cartas de seu monte. Dessas cartas, pelo menos uma dever\u00e1 ser uma carta curso, caso contr\u00e1rio a pessoa dever\u00e1 embaralhar novamente. Essas cartas s\u00e3o a sua m\u00e3o, n\u00e3o devem ser visualizadas pelos outros jogadores.<\/span><\/li>\n<li style=\"font-weight: 400;\" aria-level=\"1\"><span style=\"font-weight: 400;\">Fica a crit\u00e9rio dos jogadores a escolha de quem vai iniciar o lance, a ordem de jogada deve seguir o sentido hor\u00e1rio.\u00a0<\/span><\/li>\n<li style=\"font-weight: 400;\" aria-level=\"1\"><b>Na primeira rodada, \u00e9 obrigat\u00f3rio que todos os jogadores lancem uma carta curso.<\/b><span style=\"font-weight: 400;\"> O primeiro jogador decide qual das tr\u00eas habilidades (livro, lupa ou l\u00e2mpada) ser\u00e1 pontuada na partida.<\/span><\/li>\n<li style=\"font-weight: 400;\" aria-level=\"1\"><span style=\"font-weight: 400;\">Ainda na primeira rodada, os outros jogadores dever\u00e3o lan\u00e7ar cartas curso levando em conta a habilidade selecionada na rodada.\u00a0<\/span><\/li>\n<li style=\"font-weight: 400;\" aria-level=\"1\"><span style=\"font-weight: 400;\">Ap\u00f3s todos os jogadores lan\u00e7arem as cartas curso, come\u00e7a a segunda rodada. \u00c9 o momento de utilizar as cartas UFMG ou cartas especiais para somar pontos na habilidade da rodada.<\/span><\/li>\n<li style=\"font-weight: 400;\" aria-level=\"1\"><span style=\"font-weight: 400;\">O objetivo da rodada \u00e9 superar a soma da pontua\u00e7\u00e3o dos advers\u00e1rios ao final de 3 lances.\u00a0<\/span><\/li>\n<li style=\"font-weight: 400;\" aria-level=\"1\"><span style=\"font-weight: 400;\">Vence a rodada quem tiver a soma com maior valor na habilidade escolhida.<\/span><\/li>\n<li style=\"font-weight: 400;\" aria-level=\"1\"><span style=\"font-weight: 400;\">As 7 cartas utilizadas na rodada dever\u00e3o ser colocadas na pilha de descarte.<\/span><\/li>\n<li style=\"font-weight: 400;\" aria-level=\"1\"><span style=\"font-weight: 400;\">Uma nova rodada come\u00e7a com a compra de novas cartas do seu monte, seguindo as mesmas regras anteriores.\u00a0<\/span><\/li>\n<li style=\"font-weight: 400;\" aria-level=\"1\"><span style=\"font-weight: 400;\">Vence a partida a pessoa que ganhou mais vezes em 3 rodadas.<\/span><\/li>\n<\/ul>\n<\/div><\/div><\/div><div class=\"ea-card  sp-ea-single\"><h3 class=\"ea-header\"><a class=\"collapsed\" data-sptoggle=\"spcollapse\" data-sptarget=#collapse27371 href=\"javascript:void(0)\"  aria-expanded=\"false\"><i class=\"ea-expand-icon fa fa-plus\"><\/i> Quem s\u00e3o os personagens das ilustra\u00e7\u00f5es das cartas?<\/a><\/h3><div class=\"sp-collapse spcollapse spcollapse\" id=\"collapse27371\" data-parent=#sp-ea-2737><div class=\"ea-body\"><p><span style=\"font-weight: 400;\">Os personagens das cartas s\u00e3o os <strong>Flofas<\/strong>! <\/span><\/p>\n<p><span style=\"font-weight: 400;\">Flofas s\u00e3o seres misteriosos inspirados na <strong>flora e fauna dos campi da UFMG<\/strong>, que habitam os espa\u00e7os da Universidade. <\/span><\/p>\n<p><span style=\"font-weight: 400;\">A<\/span><span style=\"font-weight: 400;\">lgumas pessoas conseguem ver e perceber os Flofas em seu visual verdadeiro. N\u00e3o se sabe porque habitam os campi da UFMG, existem muitas hip\u00f3teses e teses do motivo de eles estarem entre n\u00f3s.\u00a0<\/span><\/p>\n<p><span style=\"font-weight: 400;\">Saiba mais sobre a fauna e a flora que habita os campi da UFMG na s\u00e9rie de v\u00eddeos dos Flofas:<\/span><\/p>\n<p><iframe title=\"Flofas UFMG\" width=\"500\" height=\"281\" src=\"https:\/\/www.youtube.com\/embed\/videoseries?list=PLwYc-WG0ttw59LQ7S-Mf-V-IsensWgKug\" frameborder=\"0\" allow=\"accelerometer; autoplay; clipboard-write; encrypted-media; gyroscope; picture-in-picture; web-share\" referrerpolicy=\"strict-origin-when-cross-origin\" allowfullscreen><\/iframe><\/p>\n<\/div><\/div><\/div><div class=\"ea-card  sp-ea-single\"><h3 class=\"ea-header\"><a class=\"collapsed\" data-sptoggle=\"spcollapse\" data-sptarget=#collapse27372 href=\"javascript:void(0)\"  aria-expanded=\"false\"><i class=\"ea-expand-icon fa fa-plus\"><\/i> Jogo de Cartas Colecion\u00e1veis UFMG \u2013 Edi\u00e7\u00e3o Especial Montes Claros 2026 <\/a><\/h3><div class=\"sp-collapse spcollapse spcollapse\" id=\"collapse27372\" data-parent=#sp-ea-2737><div class=\"ea-body\"><p><span style=\"font-weight: 400;\">Para a edi\u00e7\u00e3o de 2026 da Mostra Sua UFMG em Montes Claros foi desenvolvido um kit especial do <strong>Jogo de Cartas Colecion\u00e1veis UFMG<\/strong>, composto por 5 cartas com informa\u00e7\u00f5es sobre o campus, produzidas exclusivamente para o evento no Norte de Minas.<\/span><\/p>\n<p><span style=\"font-weight: 400;\">Sendo assim, o jogo completo distribu\u00eddo em Montes Claros era composto por 31 cartas: <\/span><\/p>\n<ul>\n<li><span style=\"font-weight: 400;\">4 cartas UFMG MOC<\/span><\/li>\n<li><span style=\"font-weight: 400;\">1 carta Especial MOC<\/span><\/li>\n<li><span style=\"font-weight: 400;\">11 cartas Curso<\/span><\/li>\n<li><span style=\"font-weight: 400;\">13 cartas UFMG\u00a0<\/span><\/li>\n<li><span style=\"font-weight: 400;\">2 cartas Especiais<\/span><\/li>\n<\/ul>\n<p>&nbsp;<\/p>\n<p><span style=\"font-weight: 400;\">No dia da Mostra, os visitantes ganharam um envelope com as <\/span>11 cartas Curso e as 4 cartas UFMG MOC<span style=\"font-weight: 400;\">. As demais cartas (UFMG e Especiais) tiveram que ser conquistadas nas atividades da Mostra.<\/span><\/p>\n<p><img class=\"aligncenter wp-image-4802 size-full\" src=\"https:\/\/www.ufmg.br\/mostra\/wp-content\/uploads\/2026\/04\/cartas_site.jpg\" alt=\"\" width=\"1024\" height=\"1500\" \/><\/p>\n<p><span style=\"font-weight: 400;\">Os primeiros visitantes da Mostra que conseguiram juntar as 31 cartas receberam um kit de brindes exclusivo:<\/span><\/p>\n<p>&nbsp;<\/p>\n<ul>\n<li><span style=\"font-weight: 400;\">Caixa para as cartas<\/span><\/li>\n<li><span style=\"font-weight: 400;\">Tabuleiro para o jogo<\/span><\/li>\n<li><span style=\"font-weight: 400;\">Cartela de adesivos<\/span><\/li>\n<li><span style=\"font-weight: 400;\">Modelo mont\u00e1vel da Ceiba<\/span><\/li>\n<\/ul>\n<\/div><\/div><\/div><div class=\"ea-card  sp-ea-single\"><h3 class=\"ea-header\"><a class=\"collapsed\" data-sptoggle=\"spcollapse\" data-sptarget=#collapse27373 href=\"javascript:void(0)\"  aria-expanded=\"false\"><i class=\"ea-expand-icon fa fa-plus\"><\/i> Jogo de Cartas Colecion\u00e1veis UFMG \u2013 Edi\u00e7\u00e3o 2025<\/a><\/h3><div class=\"sp-collapse spcollapse spcollapse\" id=\"collapse27373\" data-parent=#sp-ea-2737><div class=\"ea-body\"><p><span style=\"font-weight: 400;\">A edi\u00e7\u00e3o de 2025 do Jogo de Cartas Colecion\u00e1veis UFMG no campus Pampulha contou com o total de 24 cartas, sendo 10 cartas Curso, 12 cartas UFMG e 2 Especiais.<\/span><\/p>\n<p><img class=\"alignnone size-large wp-image-4741\" src=\"https:\/\/www.ufmg.br\/mostra\/wp-content\/uploads\/2025\/05\/CONJUNTO-CARTAS-PAMPULHA_VER1-1024x576.png\" alt=\"\" width=\"1024\" height=\"576\" \/><\/p>\n<p><span style=\"font-weight: 400;\">As cartas Curso, que listam todos os 97 cursos de gradua\u00e7\u00e3o da UFMG, foram distribu\u00eddas dentro de um envelope azul.\u00a0<\/span><\/p>\n<p><span style=\"font-weight: 400;\">J\u00e1 as cartas UFMG, que possuem diversas informa\u00e7\u00f5es sobre a Universidade, foram distribu\u00eddas nas salas interativas da Mostra. As cartas Especiais, que eram raras, tiveram que ser conquistadas pelos visitantes.\u00a0<\/span><\/p>\n<p><iframe title=\"Jogo de Cartas Colecion\u00e1veis - UFMG\" width=\"500\" height=\"281\" src=\"https:\/\/www.youtube.com\/embed\/KDkm1UYBVf8?feature=oembed\" frameborder=\"0\" allow=\"accelerometer; autoplay; clipboard-write; encrypted-media; gyroscope; picture-in-picture; web-share\" referrerpolicy=\"strict-origin-when-cross-origin\" allowfullscreen><\/iframe><\/p>\n<p><span style=\"font-weight: 400;\">Os primeiros visitantes da Mostra que conseguiram juntar as 24 cartas receberam um kit de brindes exclusivo:<\/span><\/p>\n<ul>\n<li><span style=\"font-weight: 400;\">Caixa para as cartas<\/span><\/li>\n<li><span style=\"font-weight: 400;\">Tabuleiro para o jogo<\/span><\/li>\n<li><span style=\"font-weight: 400;\">Cartela de adesivos<\/span><\/li>\n<li><span style=\"font-weight: 400;\">Modelo mont\u00e1vel do Yaku<\/span><\/li>\n<\/ul>\n<p>&nbsp;<\/p>\n<p><iframe title=\"\u2728 Brindes do Jogo de cartas colecion\u00e1veis UFMG \u2728 #ufmg #brindes\" width=\"422\" height=\"750\" src=\"https:\/\/www.youtube.com\/embed\/4RLvoK6Vy58?feature=oembed\" frameborder=\"0\" allow=\"accelerometer; autoplay; clipboard-write; encrypted-media; gyroscope; picture-in-picture; web-share\" referrerpolicy=\"strict-origin-when-cross-origin\" allowfullscreen><\/iframe><\/p>\n<\/div><\/div><\/div><div class=\"ea-card  sp-ea-single\"><h3 class=\"ea-header\"><a class=\"collapsed\" data-sptoggle=\"spcollapse\" data-sptarget=#collapse27374 href=\"javascript:void(0)\"  aria-expanded=\"false\"><i class=\"ea-expand-icon fa fa-plus\"><\/i> Jogo de Cartas Colecion\u00e1veis UFMG \u2013 Edi\u00e7\u00e3o Especial Montes Claros 2025<\/a><\/h3><div class=\"sp-collapse spcollapse spcollapse\" id=\"collapse27374\" data-parent=#sp-ea-2737><div class=\"ea-body\"><p><span style=\"font-weight: 400;\">Para a edi\u00e7\u00e3o de 2025 da Mostra Sua UFMG em Montes Claros foi desenvolvido um kit especial do <strong>Jogo de Cartas Colecion\u00e1veis UFMG<\/strong>, composto por 7 cartas com informa\u00e7\u00f5es sobre o campus, produzidas exclusivamente para o evento no Norte de Minas.<\/span><\/p>\n<p><span style=\"font-weight: 400;\">Sendo assim, o jogo completo distribu\u00eddo em Montes Claros era composto por 31 cartas: <\/span><\/p>\n<ul>\n<li><span style=\"font-weight: 400;\">3 cartas Cursos MOC<\/span><\/li>\n<li><span style=\"font-weight: 400;\">3 cartas UFMG MOC<\/span><\/li>\n<li><span style=\"font-weight: 400;\">1 carta Especial MOC<\/span><\/li>\n<li><span style=\"font-weight: 400;\">10 cartas Curso<\/span><\/li>\n<li><span style=\"font-weight: 400;\">12 cartas UFMG\u00a0<\/span><\/li>\n<li><span style=\"font-weight: 400;\"><span style=\"font-weight: 400;\">2 cartas Especiais<\/span><\/span><\/li>\n<\/ul>\n<p>&nbsp;<\/p>\n<p><span style=\"font-weight: 400;\">No dia da Mostra, os visitantes ganharam o envelope especial Montes Claros assim que chegaram ao campus. Posteriormente,\u00a0 receberam o tradicional kit de cartas Curso. As demais cartas (UFMG e Especiais) tiveram que ser conquistadas nas atividades da Mostra.<\/span><\/p>\n<p><img class=\"aligncenter wp-image-4734 size-full\" src=\"https:\/\/www.ufmg.br\/mostra\/wp-content\/uploads\/2025\/04\/EDICAO_MOC_2025.png\" alt=\"\" width=\"1920\" height=\"1080\" \/><\/p>\n<p><span style=\"font-weight: 400;\">Os primeiros visitantes da Mostra que conseguiram juntar as 31 cartas receberam um kit de brindes exclusivo:<\/span><\/p>\n<ul>\n<li><span style=\"font-weight: 400;\">Caixa para as cartas<\/span><\/li>\n<li><span style=\"font-weight: 400;\">Tabuleiro para o jogo<\/span><\/li>\n<li><span style=\"font-weight: 400;\">Cartela de adesivos<\/span><\/li>\n<li><span style=\"font-weight: 400;\">Modelo mont\u00e1vel do Yaku<\/span><\/li>\n<\/ul>\n<p>&nbsp;<\/p>\n<p><iframe title=\"\u2728 Brindes do Jogo de cartas colecion\u00e1veis UFMG \u2728 #ufmg #brindes\" width=\"422\" height=\"750\" src=\"https:\/\/www.youtube.com\/embed\/4RLvoK6Vy58?feature=oembed\" frameborder=\"0\" allow=\"accelerometer; autoplay; clipboard-write; encrypted-media; gyroscope; picture-in-picture; web-share\" referrerpolicy=\"strict-origin-when-cross-origin\" allowfullscreen><\/iframe><\/p>\n<p>&nbsp;<\/p>\n<\/div><\/div><\/div><div class=\"ea-card  sp-ea-single\"><h3 class=\"ea-header\"><a class=\"collapsed\" data-sptoggle=\"spcollapse\" data-sptarget=#collapse27375 href=\"javascript:void(0)\"  aria-expanded=\"false\"><i class=\"ea-expand-icon fa fa-plus\"><\/i> Jogo de Cartas Colecion\u00e1veis UFMG \u2013 Edi\u00e7\u00e3o 2024<\/a><\/h3><div class=\"sp-collapse spcollapse spcollapse\" id=\"collapse27375\" data-parent=#sp-ea-2737><div class=\"ea-body\"><p><span style=\"font-weight: 400;\">A primeira edi\u00e7\u00e3o do Jogo UFMG foi distribu\u00edda na Mostra Sua UFMG \u2013 Campus Pampulha em 2024. O desejo de colecionar as cartas foi um dos fatores que levou os estudantes visitantes do evento a explorar todas as atividades do dia e conhecer v\u00e1rios espa\u00e7os do campus.\u00a0<\/span><\/p>\n<p><span style=\"font-weight: 400;\">A <strong>primeira edi\u00e7\u00e3o do Jogo UFMG<\/strong> \u00e9 composta por <strong>22 cartas no total<\/strong>: 10 cartas Curso, 10 cartas UFMG e 2 cartas Especiais.<\/span><\/p>\n<p><span style=\"font-weight: 400;\">O envelope com as 10 cartas Cursos foi entregue aos estudantes junto com o mapa do evento distribu\u00eddos na Pra\u00e7a de Servi\u00e7os. Para colecionar as outras 12 cartas, os estudantes foram incentivados a participar das atividades da Mostra, que foram estrategicamente distribu\u00eddas nas salas que abrigavam atividades, estimulando os participantes a explorarem o campus em busca de completar suas cole\u00e7\u00f5es.<\/span><\/p>\n<p><span style=\"font-weight: 400;\">A din\u00e2mica do jogo se mostrou extremamente eficaz, com os estudantes percorrendo todo o campus para coletar as cartas, motivados n\u00e3o apenas pela promessa de adicionar novas habilidades e elevar o n\u00edvel de jogabilidade, mas tamb\u00e9m pela atra\u00e7\u00e3o visual e imaginativa das ilustra\u00e7\u00f5es. Essa experi\u00eancia n\u00e3o s\u00f3 engajou os participantes, mas tamb\u00e9m promoveu a intera\u00e7\u00e3o entre os estudantes e o ambiente universit\u00e1rio de forma divertida e educativa, al\u00e9m de divulgar os cursos de gradua\u00e7\u00e3o e outras informa\u00e7\u00f5es sobre o que a UFMG tem a oferecer.<\/span><\/p>\n<p><iframe title=\"Mostra Sua UFMG 2024 | Campus Pampulha\" width=\"500\" height=\"281\" src=\"https:\/\/www.youtube.com\/embed\/-jCuU00KbQM?feature=oembed\" frameborder=\"0\" allow=\"accelerometer; autoplay; clipboard-write; encrypted-media; gyroscope; picture-in-picture; web-share\" referrerpolicy=\"strict-origin-when-cross-origin\" allowfullscreen><\/iframe><\/p>\n<p>&nbsp;<\/p>\n<\/div><\/div><\/div><\/div><\/div>\n","protected":false},"excerpt":{"rendered":"<p>O Jogo de Cartas Colecion\u00e1veis UFMG \u00e9 uma experi\u00eancia interativa na qual os visitantes da Mostra Sua UFMG conhecem mais sobre a Universidade enquanto se divertem. Ele simula o estilo de jogos de cartas de RPG, com ilustra\u00e7\u00f5es que evocam magia, aventura e fantasia. O Jogo \u00e9 composto por 3 tipos de cartas:&nbsp; A maioria [&hellip;]<\/p>\n","protected":false},"author":3,"featured_media":0,"parent":0,"menu_order":0,"comment_status":"closed","ping_status":"closed","template":"","meta":[],"acf":[],"_links":{"self":[{"href":"https:\/\/www.ufmg.br\/mostra\/wp-json\/wp\/v2\/pages\/2625"}],"collection":[{"href":"https:\/\/www.ufmg.br\/mostra\/wp-json\/wp\/v2\/pages"}],"about":[{"href":"https:\/\/www.ufmg.br\/mostra\/wp-json\/wp\/v2\/types\/page"}],"author":[{"embeddable":true,"href":"https:\/\/www.ufmg.br\/mostra\/wp-json\/wp\/v2\/users\/3"}],"replies":[{"embeddable":true,"href":"https:\/\/www.ufmg.br\/mostra\/wp-json\/wp\/v2\/comments?post=2625"}],"version-history":[{"count":37,"href":"https:\/\/www.ufmg.br\/mostra\/wp-json\/wp\/v2\/pages\/2625\/revisions"}],"predecessor-version":[{"id":4851,"href":"https:\/\/www.ufmg.br\/mostra\/wp-json\/wp\/v2\/pages\/2625\/revisions\/4851"}],"wp:attachment":[{"href":"https:\/\/www.ufmg.br\/mostra\/wp-json\/wp\/v2\/media?parent=2625"}],"curies":[{"name":"wp","href":"https:\/\/api.w.org\/{rel}","templated":true}]}}