{"id":2773,"date":"2025-05-08T11:57:11","date_gmt":"2025-05-08T14:57:11","guid":{"rendered":"https:\/\/www.ufmg.br\/mostra\/?page_id=2773"},"modified":"2025-05-08T11:57:11","modified_gmt":"2025-05-08T14:57:11","slug":"cursos-subsequentes","status":"publish","type":"page","link":"https:\/\/www.ufmg.br\/mostra\/cursos-subsequentes\/","title":{"rendered":"Cursos Subsequentes"},"content":{"rendered":"\n<p>A UFMG oferece<strong> cursos t\u00e9cnicos subsequentes<\/strong>, que s\u00e3o forma\u00e7\u00f5es profissionalizantes destinadas a estudantes que conclu\u00edram o ensino m\u00e9dio, ofertados no <a href=\"https:\/\/www.coltec.ufmg.br\/coltec-ufmg\/\">Col\u00e9gio T\u00e9cnico<\/a> (Coltec) e no <a href=\"https:\/\/www.coltec.ufmg.br\/tu\/#!\/\">Teatro Universit\u00e1rio<\/a> (TU). Os cursos buscam atender&nbsp;<strong>egressos do ensino m\u00e9dio<\/strong> que procuram obter uma<strong> forma\u00e7\u00e3o profissional t\u00e9cnica<\/strong> de excel\u00eancia.<\/p>\n\n\n<style>#sp-ea-2778 .spcollapsing { height: 0; overflow: hidden; transition-property: height;transition-duration: 300ms;}#sp-ea-2778.sp-easy-accordion>.sp-ea-single {border: 1px solid #e2e2e2; }#sp-ea-2778.sp-easy-accordion>.sp-ea-single>.ea-header a {color: #444;}#sp-ea-2778.sp-easy-accordion>.sp-ea-single>.sp-collapse>.ea-body {background: #fff; color: #444;}#sp-ea-2778.sp-easy-accordion>.sp-ea-single {background: #eee;}#sp-ea-2778.sp-easy-accordion>.sp-ea-single>.ea-header a .ea-expand-icon.fa { float: left; color: #444;font-size: 16px;}<\/style><div id=\"sp_easy_accordion-1745588294\"><div id=\"sp-ea-2778\" class=\"sp-ea-one sp-easy-accordion\" data-ex-icon=\"fa-minus\" data-col-icon=\"fa-plus\"  data-ea-active=\"ea-click\"  data-ea-mode=\"vertical\" data-preloader=\"\" data-scroll-active-item=\"\" data-offset-to-scroll=\"0\"><div class=\"ea-card  sp-ea-single\"><h3 class=\"ea-header\"><a class=\"collapsed\" data-sptoggle=\"spcollapse\" data-sptarget=#collapse27780 href=\"javascript:void(0)\"  aria-expanded=\"false\"><i class=\"ea-expand-icon fa fa-plus\"><\/i> Biotecnologia<\/a><\/h3><div class=\"sp-collapse spcollapse spcollapse\" id=\"collapse27780\" data-parent=#sp-ea-2778><div class=\"ea-body\"><p><strong>Modalidade:<\/strong> Curso t\u00e9cnico subsequente de n\u00edvel m\u00e9dio<\/p>\n<p><strong>\u00c1rea do conhecimento:<\/strong> <span style=\"font-weight: 400;\">Ambiente e Sa\u00fade <\/span><\/p>\n<p><strong>Local:<\/strong> Col\u00e9gio T\u00e9cnico (Coltec)<\/p>\n<p><strong>Cidade:<\/strong> Belo Horizonte<\/p>\n<p><strong>Turno:<\/strong>\u00a0Noturno<\/p>\n<p><strong>Dura\u00e7\u00e3o:<\/strong> 4 semestres letivos<\/p>\n<p><b>SOBRE O CURSO E SUAS DISCIPLINAS:\u00a0<\/b><\/p>\n<p><span style=\"font-weight: 400;\">O Curso T\u00e9cnico em Biotecnologia constitui um diferencial para estudantes que conclu\u00edram o ensino m\u00e9dio e desejam ingressar no mercado de trabalho, assim como para profissionais em busca de qualifica\u00e7\u00e3o. S\u00e3o ofertadas 36 vagas na modalidade presencial, com entrada anual. A carga hor\u00e1ria total do curso \u00e9 de 1200 horas, sendo 80% (960 horas) de atividades presenciais e 20% (240 horas) de atividades n\u00e3o presenciais.\u00a0<\/span><\/p>\n<p><span style=\"font-weight: 400;\">As disciplinas est\u00e3o organizadas em quatro m\u00f3dulos semestrais, e apresentam desde conceitos essenciais como Biologia Celular e Fisiologia Humana, at\u00e9 conceitos aplicados como Biotecnologia de Vacinas e Nanotecnologia de Materiais. O hor\u00e1rio de aula \u00e9 de 18h30 \u00e0s 22h10, com um intervalo de 20 minutos.<\/span><\/p>\n<p><b>DIFERENCIAL DO CURSO NA UFMG:\u00a0<\/b><\/p>\n<p><span style=\"font-weight: 400;\">O curso \u00e9 ofertado pelo Col\u00e9gio T\u00e9cnico (COLTEC) que est\u00e1 localizado dentro do campus Pampulha da UFMG. O COLTEC possui experi\u00eancia e constante preocupa\u00e7\u00e3o em assegurar ao aluno uma forma\u00e7\u00e3o t\u00e9cnica inovadora e diferenciada. Al\u00e9m disso, o COLTEC disp\u00f5e de a\u00e7\u00f5es que visam \u00e0 perman\u00eancia e ao apoio aos discentes ao longo do curso por meio da Se\u00e7\u00e3o de Acompanhamento Psicossocial (SEAP) e do N\u00facleo de Trabalho Pedag\u00f3gico (NUPED).\u00a0\u00a0<\/span><\/p>\n<p><span style=\"font-weight: 400;\">O curso t\u00e9cnico subsequente em Biotecnologia conta com professores de diversas \u00e1reas do conhecimento que buscam aprimorar constantemente as aulas de forma a incrementar a qualidade do curso ofertado. Em vista disso, parcerias foram criadas com outros departamentos da UFMG, ind\u00fastrias e empresas, permitindo que os alunos do curso possam realizar visitas t\u00e9cnicas e ver na pr\u00e1tica a aplica\u00e7\u00e3o do conhecimento desenvolvido e atua\u00e7\u00e3o do t\u00e9cnico em Biotecnologia. <\/span><\/p>\n<p><b>\u00c1REAS DE ATUA\u00c7\u00c3O DO T\u00c9CNICO FORMADO NA UFMG:\u00a0<\/b><\/p>\n<p><span style=\"font-weight: 400;\">O T\u00e9cnico em Biotecnologia \u00e9 o profissional habilitado a atuar em diferentes institui\u00e7\u00f5es p\u00fablicas, privadas e organiza\u00e7\u00f5es n\u00e3o governamentais. Sua principal meta deve ser a busca da efici\u00eancia e da efic\u00e1cia dos processos e produtos biotecnol\u00f3gicos com os quais trabalhar\u00e1, sempre considerando os princ\u00edpios \u00e9ticos, a seguran\u00e7a e a garantia de servi\u00e7os e produtos a ele atribu\u00eddos. O profissional tamb\u00e9m pode atuar em laborat\u00f3rios de controle de qualidade de biomol\u00e9culas, bioprocessos, biologia molecular, biodiagn\u00f3sticos e an\u00e1lises cl\u00ednicas, monitoramento biol\u00f3gico, bancos de materiais biol\u00f3gicos e ind\u00fastrias farmac\u00eauticas. <\/span><\/p>\n<p><b>FORMA DE INGRESSO:<\/b><\/p>\n<p><span style=\"font-weight: 400;\">A sele\u00e7\u00e3o para as vagas ocorre por meio de Processo Seletivo regido por edital p\u00fablico organizado pela COPEVE. A inscri\u00e7\u00e3o para a sele\u00e7\u00e3o 2025 contou com o envio de curr\u00edculo, carta de inten\u00e7\u00e3o e pagamento de taxa de inscri\u00e7\u00e3o no valor de 35,00 reais<\/span>. Mais informa\u00e7\u00f5es no <a href=\"https:\/\/www.ufmg.br\/copeve\/site_novo\/?pagina=1\">site da Copeve<\/a>.<\/p>\n<p><b>CONTE\u00daDO RECOMENDADO:<\/b><\/p>\n<p><span style=\"font-weight: 400;\">Site do curso:<\/span><a href=\"https:\/\/www.coltec.ufmg.br\/coltec-ufmg\/?page_id=844\"> <span style=\"font-weight: 400;\">https:\/\/www.coltec.ufmg.br\/coltec-ufmg\/?page_id=844<\/span><\/a><\/p>\n<p><span style=\"font-weight: 400;\">Informa\u00e7\u00f5es sobre os processos seletivos anteriores: <a href=\"https:\/\/site.copeve.ufmg.br\/processos_seletivos_anteriores\">https:\/\/site.copeve.ufmg.br\/processos_seletivos_anteriores<\/a><\/span><\/p>\n<p>&nbsp;<\/p>\n<\/div><\/div><\/div><div class=\"ea-card  sp-ea-single\"><h3 class=\"ea-header\"><a class=\"collapsed\" data-sptoggle=\"spcollapse\" data-sptarget=#collapse27781 href=\"javascript:void(0)\"  aria-expanded=\"false\"><i class=\"ea-expand-icon fa fa-plus\"><\/i> Desenvolvimento de Sistemas<\/a><\/h3><div class=\"sp-collapse spcollapse spcollapse\" id=\"collapse27781\" data-parent=#sp-ea-2778><div class=\"ea-body\"><p><strong>Modalidade:<\/strong> Curso t\u00e9cnico subsequente de n\u00edvel m\u00e9dio<\/p>\n<p><strong>Local:<\/strong> Col\u00e9gio T\u00e9cnico (Coltec)<\/p>\n<p><strong>Cidade:<\/strong> Belo Horizonte<\/p>\n<p><strong>Turno:<\/strong>\u00a0Noturno<\/p>\n<p><strong>Dura\u00e7\u00e3o:<\/strong> 4 semestres letivos<\/p>\n<p><b>FORMA DE INGRESSO:<\/b><\/p>\n<p>A sele\u00e7\u00e3o ocorre em duas etapas: avalia\u00e7\u00e3o curricular do candidato, com base na ficha barema (crit\u00e9rios de avalia\u00e7\u00e3o), dispon\u00edvel no edital vigente<u><\/u>, e envio de uma carta de inten\u00e7\u00f5es. Mais informa\u00e7\u00f5es no <a href=\"https:\/\/www.ufmg.br\/copeve\/site_novo\/?pagina=1\">site da Copeve<\/a>.<\/p>\n<p><b>CONTE\u00daDO RECOMENDADO:<\/b><\/p>\n<p>Site do curso: <a href=\"https:\/\/www.coltec.ufmg.br\/coltec-ufmg\/?page_id=1551\">www.coltec.ufmg.br\/coltec-ufmg\/?page_id=1551<\/a><\/p>\n<p>&nbsp;<\/p>\n<\/div><\/div><\/div><div class=\"ea-card  sp-ea-single\"><h3 class=\"ea-header\"><a class=\"collapsed\" data-sptoggle=\"spcollapse\" data-sptarget=#collapse27782 href=\"javascript:void(0)\"  aria-expanded=\"false\"><i class=\"ea-expand-icon fa fa-plus\"><\/i> T\u00e9cnico em Teatro<\/a><\/h3><div class=\"sp-collapse spcollapse spcollapse\" id=\"collapse27782\" data-parent=#sp-ea-2778><div class=\"ea-body\"><p><strong>Modalidade:<\/strong> Curso t\u00e9cnico subsequente de n\u00edvel m\u00e9dio<\/p>\n<p><strong>\u00c1rea do conhecimento:<\/strong> Eixo tecnol\u00f3gico Produ\u00e7\u00e3o Cultural e Design<\/p>\n<p><strong>Local:<\/strong> Teatro Universit\u00e1rio (TU)<\/p>\n<p><strong>Cidade:<\/strong> Belo Horizonte<\/p>\n<p><strong>Turno:<\/strong>\u00a0Noturno<\/p>\n<p><strong>Dura\u00e7\u00e3o:<\/strong> 4 semestres letivos<\/p>\n<p><b>SOBRE O CURSO E SUAS DISCIPLINAS:\u00a0<\/b><\/p>\n<p><span style=\"font-weight: 400;\">O curso t\u00e9cnico de n\u00edvel m\u00e9dio em Teatro do Teatro Universit\u00e1rio da UFMG \u00e9 ofertado na modalidade Subsequente (p\u00f3s-m\u00e9dio), com dura\u00e7\u00e3o de 4 semestres, em 2 anos, cursados sequencialmente. Ofertado no turno noturno, de segunda a sexta de 19h \u00e0s 22h20 (podendo ocorrer algumas aulas aos s\u00e1bados de 9h \u00e0s 12h20). A conclus\u00e3o do curso se dar\u00e1 ap\u00f3s a aprova\u00e7\u00e3o em todas as disciplinas da grade curricular do curso, perfazendo um total de 1.200 horas. O estudante ser\u00e1 diplomado com a habilita\u00e7\u00e3o do curso de n\u00edvel m\u00e9dio t\u00e9cnico em Teatro. O referido diploma ter\u00e1 validade nacional para fins de exerc\u00edcio profissional.<\/span><\/p>\n<p><b>DIFERENCIAL DO CURSO NA UFMG:\u00a0<\/b><\/p>\n<p>Al\u00e9m de ser um dos cursos mais antigos de forma\u00e7\u00e3o de atores do pa\u00eds, com mais de 70 anos de hist\u00f3ria, a grade curricular privilegia conte\u00fados e experi\u00eancias pr\u00e1ticas de atua\u00e7\u00e3o, al\u00e9m de oferecer diversos projetos de extens\u00e3o como o Festival de Teatro Negro da UFMG, o Teatro&amp;cidade \u2013 N\u00facleo de Pesquisa C\u00eanica, o TUconvida; o Teatro no Ar, o \u00c9s(TU)do circo, dentre outros.<\/p>\n<p><b>\u00c1REAS DE ATUA\u00c7\u00c3O DO T\u00c9CNICO FORMADO NA UFMG:\u00a0<\/b><\/p>\n<p>O profissional egresso do curso t\u00e9cnico de Teatro consistir\u00e1 no atuante com dom\u00ednio de saberes t\u00e9cnicos b\u00e1sicos da linguagem c\u00eanica, fundamentada na pesquisa e cria\u00e7\u00e3o, capaz de atuar em diferentes modos de produ\u00e7\u00e3o das artes c\u00eanicas, bem como inter-relacionar com as novas tecnologias e tend\u00eancias do teatro contempor\u00e2neo. Ademais, ser\u00e1 apto para responder intencionalmente, com suficiente autonomia intelectual e consci\u00eancia cr\u00edtica, aos desafios do mundo do trabalho. Al\u00e9m disso, o\u00a0diploma do curso permite a obten\u00e7\u00e3o do DRT de ator\/atriz.<\/p>\n<p><b>FORMA DE INGRESSO:<\/b><\/p>\n<p>O curso possui duas entradas de estudantes por ano, uma turma de 25 estudantes no 1\u00ba semestre e outra turma de 25 estudantes no 2\u00ba semestre, por meio do mesmo processo seletivo. O edital geralmente \u00e9 publicado a partir de setembro no site da copeve\/UFMG. S\u00f3 poder\u00e1 concorrer a uma das vagas o candidato que tiver completado 18 anos de idade e que j\u00e1 tiver conclu\u00eddo o Ensino M\u00e9dio ou curso equivalente. Mais informa\u00e7\u00f5es no <a href=\"https:\/\/www.ufmg.br\/copeve\/site_novo\/?pagina=1\">site da Copeve<\/a>.<\/p>\n<p><b>CONTE\u00daDO RECOMENDADO:\u00a0<\/b><\/p>\n<p>Site do curso: <a href=\"https:\/\/www.coltec.ufmg.br\/tu\/#!\/\">www.coltec.ufmg.br\/tu\/#!\/<\/a><\/p>\n<p>Site Teatro &amp; Cidade: <a href=\"https:\/\/www.teatroecidade.com\/teatro-cidade\">https:\/\/www.teatroecidade.com\/teatro-cidade<\/a><\/p>\n<p>Canal do YouTube do Teatro Universit\u00e1rio: <a href=\"https:\/\/www.youtube.com\/@teatrouniversitario-ufmg\">https:\/\/www.youtube.com\/@teatrouniversitario-ufmg<\/a><\/p>\n<p>&nbsp;<\/p>\n<\/div><\/div><\/div><\/div><\/div>\n\n\n\n<p><\/p>\n\n\n\n<p><\/p>\n","protected":false},"excerpt":{"rendered":"<p>A UFMG oferece cursos t\u00e9cnicos subsequentes, que s\u00e3o forma\u00e7\u00f5es profissionalizantes destinadas a estudantes que conclu\u00edram o ensino m\u00e9dio, ofertados no Col\u00e9gio T\u00e9cnico (Coltec) e no Teatro Universit\u00e1rio (TU). Os cursos buscam atender&nbsp;egressos do ensino m\u00e9dio que procuram obter uma forma\u00e7\u00e3o profissional t\u00e9cnica de excel\u00eancia.<\/p>\n","protected":false},"author":6,"featured_media":0,"parent":0,"menu_order":0,"comment_status":"closed","ping_status":"closed","template":"","meta":[],"acf":[],"_links":{"self":[{"href":"https:\/\/www.ufmg.br\/mostra\/wp-json\/wp\/v2\/pages\/2773"}],"collection":[{"href":"https:\/\/www.ufmg.br\/mostra\/wp-json\/wp\/v2\/pages"}],"about":[{"href":"https:\/\/www.ufmg.br\/mostra\/wp-json\/wp\/v2\/types\/page"}],"author":[{"embeddable":true,"href":"https:\/\/www.ufmg.br\/mostra\/wp-json\/wp\/v2\/users\/6"}],"replies":[{"embeddable":true,"href":"https:\/\/www.ufmg.br\/mostra\/wp-json\/wp\/v2\/comments?post=2773"}],"version-history":[{"count":7,"href":"https:\/\/www.ufmg.br\/mostra\/wp-json\/wp\/v2\/pages\/2773\/revisions"}],"predecessor-version":[{"id":2810,"href":"https:\/\/www.ufmg.br\/mostra\/wp-json\/wp\/v2\/pages\/2773\/revisions\/2810"}],"wp:attachment":[{"href":"https:\/\/www.ufmg.br\/mostra\/wp-json\/wp\/v2\/media?parent=2773"}],"curies":[{"name":"wp","href":"https:\/\/api.w.org\/{rel}","templated":true}]}}