{"id":21286,"date":"2017-08-08T10:06:52","date_gmt":"2017-08-08T10:06:52","guid":{"rendered":"http:\/\/wpdemos.themezaa.com\/pofo\/?page_id=5556"},"modified":"2025-01-06T11:27:11","modified_gmt":"2025-01-06T14:27:11","slug":"missao","status":"publish","type":"page","link":"https:\/\/www.ufmg.br\/nai\/o-nai\/missao\/","title":{"rendered":"Miss\u00e3o"},"content":{"rendered":"<h3><img loading=\"lazy\" decoding=\"async\" class=\"size-medium wp-image-22892 alignnone\" src=\"https:\/\/wwwufmg-hml.dti.ufmg.br\/nai\/wp-content\/uploads\/2025\/01\/traducao_interprete-300x290.jpg\" alt=\"\" width=\"300\" height=\"290\" srcset=\"https:\/\/www.ufmg.br\/nai\/wp-content\/uploads\/2025\/01\/traducao_interprete-300x290.jpg 300w, https:\/\/www.ufmg.br\/nai\/wp-content\/uploads\/2025\/01\/traducao_interprete.jpg 556w\" sizes=\"auto, (max-width: 300px) 100vw, 300px\" \/><\/h3>\n<h3>Miss\u00e3o<\/h3>\n<hr \/>\n<p>O N\u00facleo de Acessibilidade e Inclus\u00e3o (NAI) tem como responsabilidade a proposi\u00e7\u00e3o, organiza\u00e7\u00e3o, coordena\u00e7\u00e3o e execu\u00e7\u00e3o de a\u00e7\u00f5es para assegurar a inclus\u00e3o de pessoas com defici\u00eancia \u00e0 vida acad\u00eamica e profissional. O N\u00facleo \u00e9 voltado para a elimina\u00e7\u00e3o ou redu\u00e7\u00e3o de barreiras pedag\u00f3gicas, instrumentais, arquitet\u00f4nicas, de comunica\u00e7\u00e3o e informa\u00e7\u00e3o, impulsionando o cumprimento dos requisitos legais de acessibilidade.<\/p>\n<h3>Nosso Compromisso<\/h3>\n<hr \/>\n<p>Contribuir para elabora\u00e7\u00e3o de pol\u00edticas de acessibilidade e inclus\u00e3o de pessoas com defici\u00eancia no contexto da Universidade.<\/p>\n<h3>Nossas Metas<\/h3>\n<hr \/>\n<ul>\n<li>Catalisar, prover e articular projetos, pesquisas e a\u00e7\u00f5es, que tenham como foco quest\u00f5es voltadas para a inclus\u00e3o e a acessibilidade de pessoas com defici\u00eancia;<\/li>\n<li>Oferecer condi\u00e7\u00f5es de acesso, participa\u00e7\u00e3o e aprendizagem no ensino superior e garantir servi\u00e7os de apoio especializados de acordo com as necessidades individuais dos estudantes;<\/li>\n<li>Proporcionar condi\u00e7\u00f5es de acesso e participa\u00e7\u00e3o no contexto de trabalho e garantir servi\u00e7os de apoio especializados de acordo com as necessidades individuais dos servidores da UFMG;<\/li>\n<li>Eliminar barreiras f\u00edsicas, de comunica\u00e7\u00e3o e de informa\u00e7\u00e3o que restringem a participa\u00e7\u00e3o e o desenvolvimento acad\u00eamico, profissional e social dos estudantes, servidores t\u00e9cnicos administrativos em educa\u00e7\u00e3o e docentes com defici\u00eancia;<\/li>\n<li>Aquisi\u00e7\u00e3o de equipamentos de tecnologias assistivas;<\/li>\n<li>Oferecer int\u00e9rpretes de L\u00edngua Brasileira de Sinais (Libras);<\/li>\n<li>Ado\u00e7\u00e3o de medidas de apoio individualizadas e efetivas, em ambientes que maximizem o desenvolvimento acad\u00eamico, profissional e social, de acordo com a meta de inclus\u00e3o plena;<\/li>\n<li>Fomentar o desenvolvimento de recursos did\u00e1ticos e pedag\u00f3gicos que eliminem as barreiras no processo de ensino e aprendizagem;<\/li>\n<li>Produzir material did\u00e1tico digitalizado, em \u00e1udio, em braille e t\u00e1til, atendendo \u00e0s demandas de discentes cegos ou com baixa-vis\u00e3o.<\/li>\n<li>Auxiliar os docentes no desenvolvimento e uso dos diversos m\u00e9todos e pr\u00e1ticas de ensino mais adequados \u00e0 realidade das pessoas com defici\u00eancia;<\/li>\n<li>Formar a comunidade acad\u00eamica sobre quest\u00f5es acerca da pessoa com defici\u00eancia visando \u00e0 quebra de barreiras atitudinais;<\/li>\n<li>Dar suporte \u00e0 \u00e1rea de infraestrutura, visando colaborar com o processo de transforma\u00e7\u00e3o das depend\u00eancias da universidade em espa\u00e7os mais acess\u00edveis;<\/li>\n<li>Buscar a constru\u00e7\u00e3o do conhecimento acerca da defici\u00eancia, suas implica\u00e7\u00f5es ps\u00edquicas, motoras, cognitivas e sociais, por meio de workshops, semin\u00e1rios, palestras, grupos de pesquisa e publica\u00e7\u00f5es, a fim de difundir o conhecimento, contribuindo tamb\u00e9m com o processo de inclus\u00e3o na universidade;<\/li>\n<\/ul>\n","protected":false},"excerpt":{"rendered":"<p>Miss\u00e3o O N\u00facleo de Acessibilidade e Inclus\u00e3o (NAI) tem como [&hellip;]<\/p>\n","protected":false},"author":2,"featured_media":0,"parent":21300,"menu_order":0,"comment_status":"closed","ping_status":"closed","template":"","meta":{"_acf_changed":false,"footnotes":""},"class_list":["post-21286","page","type-page","status-publish","hentry"],"acf":[],"_links":{"self":[{"href":"https:\/\/www.ufmg.br\/nai\/wp-json\/wp\/v2\/pages\/21286","targetHints":{"allow":["GET"]}}],"collection":[{"href":"https:\/\/www.ufmg.br\/nai\/wp-json\/wp\/v2\/pages"}],"about":[{"href":"https:\/\/www.ufmg.br\/nai\/wp-json\/wp\/v2\/types\/page"}],"author":[{"embeddable":true,"href":"https:\/\/www.ufmg.br\/nai\/wp-json\/wp\/v2\/users\/2"}],"replies":[{"embeddable":true,"href":"https:\/\/www.ufmg.br\/nai\/wp-json\/wp\/v2\/comments?post=21286"}],"version-history":[{"count":5,"href":"https:\/\/www.ufmg.br\/nai\/wp-json\/wp\/v2\/pages\/21286\/revisions"}],"predecessor-version":[{"id":22896,"href":"https:\/\/www.ufmg.br\/nai\/wp-json\/wp\/v2\/pages\/21286\/revisions\/22896"}],"up":[{"embeddable":true,"href":"https:\/\/www.ufmg.br\/nai\/wp-json\/wp\/v2\/pages\/21300"}],"wp:attachment":[{"href":"https:\/\/www.ufmg.br\/nai\/wp-json\/wp\/v2\/media?parent=21286"}],"curies":[{"name":"wp","href":"https:\/\/api.w.org\/{rel}","templated":true}]}}