{"id":21289,"date":"2017-08-08T10:06:52","date_gmt":"2017-08-08T10:06:52","guid":{"rendered":"http:\/\/wpdemos.themezaa.com\/pofo\/?page_id=5556"},"modified":"2025-01-06T11:44:11","modified_gmt":"2025-01-06T14:44:11","slug":"equipe","status":"publish","type":"page","link":"https:\/\/www.ufmg.br\/nai\/o-nai\/equipe\/","title":{"rendered":"Equipe"},"content":{"rendered":"<h1><\/h1>\n<h1><strong><span style=\"font-size: 24pt;\">Equipe do NAI<\/span><\/strong><\/h1>\n<hr \/>\n<p>Equipe \u00e9 composta por: 22 servidores, sendo 8 int\u00e9rpretes de libras, al\u00e9m dos int\u00e9rpretes contratados sob demanda via FUMP, 2 docentes (na dire\u00e7\u00e3o e vice-dire\u00e7\u00e3o) e 15 bolsistas.<\/p>\n<style>#sp-ea-22899 .spcollapsing { height: 0; overflow: hidden; transition-property: height;transition-duration: 500ms;}#sp-ea-22899.sp-easy-accordion>.sp-ea-single {margin-bottom: 10px; border: 1px solid #e2e2e2; }#sp-ea-22899.sp-easy-accordion>.sp-ea-single>.ea-header a {color: #444;}#sp-ea-22899.sp-easy-accordion>.sp-ea-single>.sp-collapse>.ea-body {background: #fff; color: #444;}#sp-ea-22899.sp-easy-accordion>.sp-ea-single {background: #eee;}#sp-ea-22899.sp-easy-accordion>.sp-ea-single>.ea-header a .ea-expand-icon { float: left; color: #444;font-size: 16px;}<\/style><div id=\"sp_easy_accordion-1776100054\">\n<div id=\"sp-ea-22899\" class=\"sp-ea-one sp-easy-accordion\" data-ea-active=\"ea-click\" data-ea-mode=\"vertical\" data-preloader=\"\" data-scroll-active-item=\"\" data-offset-to-scroll=\"0\">\n\n<!-- Start accordion card div. -->\n<div class=\"ea-card ea-expand sp-ea-single\">\n\t<!-- Start accordion header. -->\n\t<h3 class=\"ea-header\">\n\t\t<!-- Add anchor tag for header. -->\n\t\t<a class=\"collapsed\" id=\"ea-header-228990\" role=\"button\" data-sptoggle=\"spcollapse\" data-sptarget=\"#collapse228990\" aria-controls=\"collapse228990\" href=\"#\"  aria-expanded=\"true\" tabindex=\"0\">\n\t\t<i aria-hidden=\"true\" role=\"presentation\" class=\"ea-expand-icon eap-icon-ea-expand-minus\"><\/i> Diretoria\t\t<\/a> <!-- Close anchor tag for header. -->\n\t<\/h3>\t<!-- Close header tag. -->\n\t<!-- Start collapsible content div. -->\n\t<div class=\"sp-collapse spcollapse collapsed show\" id=\"collapse228990\" data-parent=\"#sp-ea-22899\" role=\"region\" aria-labelledby=\"ea-header-228990\">  <!-- Content div. -->\n\t\t<div class=\"ea-body\">\n\t\t<ul class=\"no-padding list-style-4 list-style4-1 \">\n<li>Professora Regina C\u00e9li Fonseca Ribeiro - Diretora<\/li>\n<li>Professora Daniela Virg\u00ednia Vaz - Diretora Adjunta<\/li>\n<\/ul>\n\t\t<\/div> <!-- Close content div. -->\n\t<\/div> <!-- Close collapse div. -->\n<\/div> <!-- Close card div. -->\n<!-- Start accordion card div. -->\n<div class=\"ea-card ea-expand sp-ea-single\">\n\t<!-- Start accordion header. -->\n\t<h3 class=\"ea-header\">\n\t\t<!-- Add anchor tag for header. -->\n\t\t<a class=\"collapsed\" id=\"ea-header-228991\" role=\"button\" data-sptoggle=\"spcollapse\" data-sptarget=\"#collapse228991\" aria-controls=\"collapse228991\" href=\"#\"  aria-expanded=\"true\" tabindex=\"0\">\n\t\t<i aria-hidden=\"true\" role=\"presentation\" class=\"ea-expand-icon eap-icon-ea-expand-minus\"><\/i> Secretaria\t\t<\/a> <!-- Close anchor tag for header. -->\n\t<\/h3>\t<!-- Close header tag. -->\n\t<!-- Start collapsible content div. -->\n\t<div class=\"sp-collapse spcollapse collapsed show\" id=\"collapse228991\" data-parent=\"#sp-ea-22899\" role=\"region\" aria-labelledby=\"ea-header-228991\">  <!-- Content div. -->\n\t\t<div class=\"ea-body\">\n\t\t<ul class=\"no-padding list-style-4 list-style4-2 \">\n<li>Ant\u00f4nio S\u00e9rgio Pires<\/li>\n<li>Maria de Lourdes Vieira<\/li>\n<\/ul>\n\t\t<\/div> <!-- Close content div. -->\n\t<\/div> <!-- Close collapse div. -->\n<\/div> <!-- Close card div. -->\n<!-- Start accordion card div. -->\n<div class=\"ea-card ea-expand sp-ea-single\">\n\t<!-- Start accordion header. -->\n\t<h3 class=\"ea-header\">\n\t\t<!-- Add anchor tag for header. -->\n\t\t<a class=\"collapsed\" id=\"ea-header-228992\" role=\"button\" data-sptoggle=\"spcollapse\" data-sptarget=\"#collapse228992\" aria-controls=\"collapse228992\" href=\"#\"  aria-expanded=\"true\" tabindex=\"0\">\n\t\t<i aria-hidden=\"true\" role=\"presentation\" class=\"ea-expand-icon eap-icon-ea-expand-minus\"><\/i> Acompanhamento\t\t<\/a> <!-- Close anchor tag for header. -->\n\t<\/h3>\t<!-- Close header tag. -->\n\t<!-- Start collapsible content div. -->\n\t<div class=\"sp-collapse spcollapse collapsed show\" id=\"collapse228992\" data-parent=\"#sp-ea-22899\" role=\"region\" aria-labelledby=\"ea-header-228992\">  <!-- Content div. -->\n\t\t<div class=\"ea-body\">\n\t\t<ul class=\"no-padding list-style-4 list-style4-3 \">\n<li>Cristiano Rodrigues Silva<\/li>\n<li>Priscila Alves de Vasconcelos<\/li>\n<li>Romerito Costa Nascimento<\/li>\n<\/ul>\n\t\t<\/div> <!-- Close content div. -->\n\t<\/div> <!-- Close collapse div. -->\n<\/div> <!-- Close card div. -->\n<!-- Start accordion card div. -->\n<div class=\"ea-card ea-expand sp-ea-single\">\n\t<!-- Start accordion header. -->\n\t<h3 class=\"ea-header\">\n\t\t<!-- Add anchor tag for header. -->\n\t\t<a class=\"collapsed\" id=\"ea-header-228993\" role=\"button\" data-sptoggle=\"spcollapse\" data-sptarget=\"#collapse228993\" aria-controls=\"collapse228993\" href=\"#\"  aria-expanded=\"true\" tabindex=\"0\">\n\t\t<i aria-hidden=\"true\" role=\"presentation\" class=\"ea-expand-icon eap-icon-ea-expand-minus\"><\/i> Int\u00e9rpretes de LIBRAS\t\t<\/a> <!-- Close anchor tag for header. -->\n\t<\/h3>\t<!-- Close header tag. -->\n\t<!-- Start collapsible content div. -->\n\t<div class=\"sp-collapse spcollapse collapsed show\" id=\"collapse228993\" data-parent=\"#sp-ea-22899\" role=\"region\" aria-labelledby=\"ea-header-228993\">  <!-- Content div. -->\n\t\t<div class=\"ea-body\">\n\t\t<ul class=\"no-padding list-style-4 list-style4-4 \">\n<li>Beatriz Cardoso Diniz<\/li>\n<li>Cristiana Torres Klimsa Sartoreto<\/li>\n<li>D\u00e9bora da Silva Assun\u00e7\u00e3o Carvalho<\/li>\n<li>Gislaine do Ros\u00e1rio Pereira Nonato<\/li>\n<li>Joe Campos Costa<\/li>\n<li>Luciene de Macedo Gomes Viana<\/li>\n<li>Marcelo Wagner de Lima e Souza<\/li>\n<li>S\u00f4nia Aparecida Leal V\u00edtor Romeiro<\/li>\n<\/ul>\n\t\t<\/div> <!-- Close content div. -->\n\t<\/div> <!-- Close collapse div. -->\n<\/div> <!-- Close card div. -->\n<!-- Start accordion card div. -->\n<div class=\"ea-card ea-expand sp-ea-single\">\n\t<!-- Start accordion header. -->\n\t<h3 class=\"ea-header\">\n\t\t<!-- Add anchor tag for header. -->\n\t\t<a class=\"collapsed\" id=\"ea-header-228994\" role=\"button\" data-sptoggle=\"spcollapse\" data-sptarget=\"#collapse228994\" aria-controls=\"collapse228994\" href=\"#\"  aria-expanded=\"true\" tabindex=\"0\">\n\t\t<i aria-hidden=\"true\" role=\"presentation\" class=\"ea-expand-icon eap-icon-ea-expand-minus\"><\/i> Revisores de Braile\t\t<\/a> <!-- Close anchor tag for header. -->\n\t<\/h3>\t<!-- Close header tag. -->\n\t<!-- Start collapsible content div. -->\n\t<div class=\"sp-collapse spcollapse collapsed show\" id=\"collapse228994\" data-parent=\"#sp-ea-22899\" role=\"region\" aria-labelledby=\"ea-header-228994\">  <!-- Content div. -->\n\t\t<div class=\"ea-body\">\n\t\t<ul class=\"no-padding list-style-4 list-style4-5 \">\n<li>Anderson Martins Costa<\/li>\n<li>Isabella Renata Alves Fernandes<\/li>\n<\/ul>\n\t\t<\/div> <!-- Close content div. -->\n\t<\/div> <!-- Close collapse div. -->\n<\/div> <!-- Close card div. -->\n<\/div>\n<\/div>\n\n<div class=\"wpb_column vc_column_container vc_col-sm-12 vc_col-md-5 col-xs-mobile-fullwidth sm-text-center pofo-column-responsive-677be860e23a3\">\n<div class=\"vc_column-inner \">\n<div class=\"wpb_wrapper\">\n<h5 class=\"text-extra-dark-gray margin-20px-bottom font-weight-600 display-inline-block alt-font text-uppercase heading-style2 heading-2\">Nossa equipe est\u00e1 preparada para atender no \u00e2mbito institucional.<\/h5>\n<div class=\" vc_custom_1566327989810 last-paragraph-no-margin pofo-text-block-responsive-677be860e2668\">\n<p>Cuidamos dos servi\u00e7os, dos projetos e das pessoas que procuram o NAI para atendimento.<\/p>\n<\/div>\n<\/div>\n<\/div>\n<\/div>\n","protected":false},"excerpt":{"rendered":"<p>Equipe do NAI Equipe \u00e9 composta por: 22 servidores, sendo [&hellip;]<\/p>\n","protected":false},"author":2,"featured_media":0,"parent":21300,"menu_order":0,"comment_status":"closed","ping_status":"closed","template":"","meta":{"_acf_changed":false,"footnotes":""},"class_list":["post-21289","page","type-page","status-publish","hentry"],"acf":[],"_links":{"self":[{"href":"https:\/\/www.ufmg.br\/nai\/wp-json\/wp\/v2\/pages\/21289","targetHints":{"allow":["GET"]}}],"collection":[{"href":"https:\/\/www.ufmg.br\/nai\/wp-json\/wp\/v2\/pages"}],"about":[{"href":"https:\/\/www.ufmg.br\/nai\/wp-json\/wp\/v2\/types\/page"}],"author":[{"embeddable":true,"href":"https:\/\/www.ufmg.br\/nai\/wp-json\/wp\/v2\/users\/2"}],"replies":[{"embeddable":true,"href":"https:\/\/www.ufmg.br\/nai\/wp-json\/wp\/v2\/comments?post=21289"}],"version-history":[{"count":5,"href":"https:\/\/www.ufmg.br\/nai\/wp-json\/wp\/v2\/pages\/21289\/revisions"}],"predecessor-version":[{"id":22905,"href":"https:\/\/www.ufmg.br\/nai\/wp-json\/wp\/v2\/pages\/21289\/revisions\/22905"}],"up":[{"embeddable":true,"href":"https:\/\/www.ufmg.br\/nai\/wp-json\/wp\/v2\/pages\/21300"}],"wp:attachment":[{"href":"https:\/\/www.ufmg.br\/nai\/wp-json\/wp\/v2\/media?parent=21289"}],"curies":[{"name":"wp","href":"https:\/\/api.w.org\/{rel}","templated":true}]}}