{"id":21294,"date":"2017-08-08T10:06:52","date_gmt":"2017-08-08T10:06:52","guid":{"rendered":"http:\/\/wpdemos.themezaa.com\/pofo\/?page_id=5556"},"modified":"2025-01-06T11:40:47","modified_gmt":"2025-01-06T14:40:47","slug":"localizacao","status":"publish","type":"page","link":"https:\/\/www.ufmg.br\/nai\/o-nai\/localizacao\/","title":{"rendered":"Localiza\u00e7\u00e3o"},"content":{"rendered":"<h1 class=\"text-extra-dark-gray margin-20px-bottom font-weight-600 text-uppercase display-inline-block alt-font text-uppercase heading-style2 vc_custom_1535991891810 pofo-button-responsive-677bea3ee3ae4 heading-1\"><strong><span style=\"font-size: 24pt;\">Localiza\u00e7\u00e3o do NAI<\/span><\/strong><\/h1>\n<hr \/>\n<div class=\" vc_custom_1536858154112 last-paragraph-no-margin pofo-text-block-responsive-677bea3ee3c29\">\n<p>Encontre o NAI pela Internet. Nesta p\u00e1gina voc\u00ea pode encontrar um mapa do Campus Pampulha, o endere\u00e7o do NAI, telefone e e-mail para contato e a localiza\u00e7\u00e3o pelo Google Maps.<\/p>\n<h1 class=\"text-extra-dark-gray margin-20px-bottom font-weight-600 text-uppercase display-inline-block alt-font text-uppercase heading-style2 vc_custom_1535991891810 pofo-button-responsive-677bea3ee3ae4 heading-1\"><strong><span style=\"font-size: 24pt;\">Endere\u00e7o<\/span><\/strong><\/h1>\n<hr \/>\n<div class=\" vc_custom_1536858154112 last-paragraph-no-margin pofo-text-block-responsive-677bea3ee3c29\">\n<p>Av. Presidente Ant\u00f4nio Carlos, 6627 \u2013<br \/>\nPampulha \u2013 Belo Horizonte \u2013 MG<br \/>\nCEP: 31270-901<br \/>\nCAD 1 \u2013 Sala 213<br \/>\n<a href=\"mailto:nai@ufmg.br\">nai@ufmg.br<\/a><br \/>\n(31) 3409-3927<\/p>\n<hr \/>\n<h5 class=\"text-extra-dark-gray margin-20px-bottom font-weight-600 display-inline-block alt-font text-uppercase heading-style2 heading-2\"><strong>\u00c9 f\u00e1cil chegar no NAI<\/strong><\/h5>\n<div class=\" vc_custom_1536690756880 last-paragraph-no-margin pofo-text-block-responsive-677bea3ee98ba\">\n<p>A partir da Pra\u00e7a de Servi\u00e7os siga em dire\u00e7\u00e3o \u00e0 biblioteca central, vire a primeira \u00e0 esquerda e continue em frente at\u00e9 o CAD1.<\/p>\n<p><iframe loading=\"lazy\" style=\"border: 0;\" src=\"https:\/\/www.google.com\/maps\/embed?pb=!1m18!1m12!1m3!1d3752.371532438685!2d-43.969035285954625!3d-19.86652768663931!2m3!1f0!2f0!3f0!3m2!1i1024!2i768!4f13.1!3m3!1m2!1s0xa690f5cd6fa2db%3A0xa63066267bf8fe3f!2sCentro+de+Atividades+Did%C3%A1ticas+1+-+CAD+1!5e0!3m2!1spt-BR!2sbr!4v1535990055922\" width=\"600\" height=\"450\" frameborder=\"0\" allowfullscreen=\"allowfullscreen\"><\/iframe><\/p>\n<\/div>\n<\/div>\n<\/div>\n","protected":false},"excerpt":{"rendered":"<p>Localiza\u00e7\u00e3o do NAI Encontre o NAI pela Internet. Nesta p\u00e1gina [&hellip;]<\/p>\n","protected":false},"author":2,"featured_media":0,"parent":21300,"menu_order":0,"comment_status":"closed","ping_status":"closed","template":"","meta":{"_acf_changed":false,"footnotes":""},"class_list":["post-21294","page","type-page","status-publish","hentry"],"acf":[],"_links":{"self":[{"href":"https:\/\/www.ufmg.br\/nai\/wp-json\/wp\/v2\/pages\/21294","targetHints":{"allow":["GET"]}}],"collection":[{"href":"https:\/\/www.ufmg.br\/nai\/wp-json\/wp\/v2\/pages"}],"about":[{"href":"https:\/\/www.ufmg.br\/nai\/wp-json\/wp\/v2\/types\/page"}],"author":[{"embeddable":true,"href":"https:\/\/www.ufmg.br\/nai\/wp-json\/wp\/v2\/users\/2"}],"replies":[{"embeddable":true,"href":"https:\/\/www.ufmg.br\/nai\/wp-json\/wp\/v2\/comments?post=21294"}],"version-history":[{"count":2,"href":"https:\/\/www.ufmg.br\/nai\/wp-json\/wp\/v2\/pages\/21294\/revisions"}],"predecessor-version":[{"id":22903,"href":"https:\/\/www.ufmg.br\/nai\/wp-json\/wp\/v2\/pages\/21294\/revisions\/22903"}],"up":[{"embeddable":true,"href":"https:\/\/www.ufmg.br\/nai\/wp-json\/wp\/v2\/pages\/21300"}],"wp:attachment":[{"href":"https:\/\/www.ufmg.br\/nai\/wp-json\/wp\/v2\/media?parent=21294"}],"curies":[{"name":"wp","href":"https:\/\/api.w.org\/{rel}","templated":true}]}}