{"id":21300,"date":"2017-08-08T10:06:52","date_gmt":"2017-08-08T10:06:52","guid":{"rendered":"http:\/\/wpdemos.themezaa.com\/pofo\/?page_id=5556"},"modified":"2025-01-10T11:15:52","modified_gmt":"2025-01-10T14:15:52","slug":"o-nai","status":"publish","type":"page","link":"https:\/\/www.ufmg.br\/nai\/o-nai\/","title":{"rendered":"O NAI"},"content":{"rendered":"<h1><strong><span style=\"font-size: 24pt;\">Hist\u00f3rico do NAI<img loading=\"lazy\" decoding=\"async\" class=\"size-medium wp-image-21645 alignright\" src=\"https:\/\/wwwufmg-hml.dti.ufmg.br\/nai\/wp-content\/uploads\/2017\/08\/simbolo-acessibilidade-300x283.png\" alt=\"S\u00edmbolo Acessibilidade\" width=\"300\" height=\"283\" srcset=\"https:\/\/www.ufmg.br\/nai\/wp-content\/uploads\/2017\/08\/simbolo-acessibilidade-300x283.png 300w, https:\/\/www.ufmg.br\/nai\/wp-content\/uploads\/2017\/08\/simbolo-acessibilidade.png 360w\" sizes=\"auto, (max-width: 300px) 100vw, 300px\" \/><\/span><\/strong><\/h1>\n<p>&nbsp;<\/p>\n<p>O N\u00facleo de Acessibilidade e Inclus\u00e3o como conhecemos hoje surgiu a partir de v\u00e1rias iniciativas que estiveram presentes na UFMG desde os anos 90. Iniciativas, tais como: o Centro de Apoio ao Deficiente Visual (CADV), o Grupo Interdisciplinar de Estudos sobre a Educa\u00e7\u00e3o Inclusiva e Necessidades Educacionais Especiais (GEINE), o Laborat\u00f3rio Adaptse, o Museu de Ci\u00eancias Morfol\u00f3gicas, o N\u00facleo de Libras, o N\u00facleo de Comunica\u00e7\u00e3o e Acessibilidade, o Programa Di\u00e1logos de Inclus\u00e3o e o Grupo Paramec.<\/p>\n<p>Foi seguindo os passos desses projetos, que em 2002, a Universidade criou uma comiss\u00e3o permanente focada no desenvolvimento que assegurassem aos estudantes e servidores a sua perman\u00eancia na Institui\u00e7\u00e3o.<\/p>\n<p>O trabalho dessa comiss\u00e3o gerou a\u00e7\u00f5es de grande magnitude que desencadearam em 2014 na cria\u00e7\u00e3o de um n\u00facleo que fosse capaz de agregar todas as iniciativas j\u00e1 em andamento.<\/p>\n<p>Sob a dire\u00e7\u00e3o da Professora do Departamento de Terapia Ocupacional Adriana M. Vallad\u00e3o Novais Van Petten, o NAI ent\u00e3o tornou-se oficialmente o \u00f3rg\u00e3o de refer\u00eancia voltado exclusivamente para o atendimento de pessoas com defici\u00eancia dentro da UFMG.<\/p>\n<p>Na \u00e9poca, haviam 257 alunos com defici\u00eancia matriculados em 60 cursos de gradua\u00e7\u00e3o e 33 de p\u00f3s-gradua\u00e7\u00e3o, segundo os dados do censo interno realizado pela institui\u00e7\u00e3o.<\/p>\n<p>Entre os anos de 2019 a 2022, o NAI teve como diretora a Professora Rosana Passos, professora da \u00c1rea de Libras (L\u00edngua Brasileira de Sinais), da Faculdade de Letras.<\/p>\n<p>Atualmente, est\u00e3o \u00e0 frente do N\u00facleo as professoras Regina C\u00e9li Fonseca Ribeiro (Diretora), professora do Departamento de Terapia Ocupacional\/EEFFTO e\u00a0 Daniela Virg\u00ednia Vaz, Professora do departamento de Fisioterapia da EEFFTO (Diretora Adjunta).<\/p>\n","protected":false},"excerpt":{"rendered":"<p>Hist\u00f3rico do NAI &nbsp; O N\u00facleo de Acessibilidade e Inclus\u00e3o [&hellip;]<\/p>\n","protected":false},"author":2,"featured_media":0,"parent":0,"menu_order":0,"comment_status":"closed","ping_status":"closed","template":"","meta":{"_acf_changed":false,"footnotes":""},"class_list":["post-21300","page","type-page","status-publish","hentry"],"acf":[],"_links":{"self":[{"href":"https:\/\/www.ufmg.br\/nai\/wp-json\/wp\/v2\/pages\/21300","targetHints":{"allow":["GET"]}}],"collection":[{"href":"https:\/\/www.ufmg.br\/nai\/wp-json\/wp\/v2\/pages"}],"about":[{"href":"https:\/\/www.ufmg.br\/nai\/wp-json\/wp\/v2\/types\/page"}],"author":[{"embeddable":true,"href":"https:\/\/www.ufmg.br\/nai\/wp-json\/wp\/v2\/users\/2"}],"replies":[{"embeddable":true,"href":"https:\/\/www.ufmg.br\/nai\/wp-json\/wp\/v2\/comments?post=21300"}],"version-history":[{"count":7,"href":"https:\/\/www.ufmg.br\/nai\/wp-json\/wp\/v2\/pages\/21300\/revisions"}],"predecessor-version":[{"id":22923,"href":"https:\/\/www.ufmg.br\/nai\/wp-json\/wp\/v2\/pages\/21300\/revisions\/22923"}],"wp:attachment":[{"href":"https:\/\/www.ufmg.br\/nai\/wp-json\/wp\/v2\/media?parent=21300"}],"curies":[{"name":"wp","href":"https:\/\/api.w.org\/{rel}","templated":true}]}}