{"id":22550,"date":"2023-03-16T15:18:29","date_gmt":"2023-03-16T18:18:29","guid":{"rendered":"https:\/\/www.ufmg.br\/nai\/?page_id=22550"},"modified":"2023-03-16T15:18:29","modified_gmt":"2023-03-16T18:18:29","slug":"edital-cedecomnai","status":"publish","type":"page","link":"https:\/\/www.ufmg.br\/nai\/edital-cedecomnai\/","title":{"rendered":"Edital Cedecom\/NAI"},"content":{"rendered":"<p><span id=\"page2R_mcid7\" class=\"markedContent\"><span dir=\"ltr\" role=\"presentation\">A Diretora do Centro de Comunica\u00e7\u00e3o da Universidade Federal de Minas Gerais (Cedecom UFMG), <\/span><\/span><span id=\"page2R_mcid8\" class=\"markedContent\"><span dir=\"ltr\" role=\"presentation\">Professora F\u00e1bia Pereira Lima e a Diretora do N\u00facleo de <\/span><\/span><span id=\"page2R_mcid9\" class=\"markedContent\"><span dir=\"ltr\" role=\"presentation\">Acessibilidade e Inclus\u00e3o (NAI UFMG), Professora Regina C\u00e9li Fonseca Ribeiro, <\/span><\/span><span id=\"page2R_mcid11\" class=\"markedContent\"><span dir=\"ltr\" role=\"presentation\">tornam p\u00fablica a abertura de inscri\u00e7\u00f5es para a sele\u00e7\u00e3o de bolsistas de gradua\u00e7\u00e3o e forma\u00e7\u00e3o <\/span><\/span><span id=\"page2R_mcid12\" class=\"markedContent\"><span dir=\"ltr\" role=\"presentation\">de cadastro de reserva para atua\u00e7\u00e3o no Programa de Forma\u00e7\u00e3o e Incen<\/span><span dir=\"ltr\" role=\"presentation\">vo \u00e0 Melhoria da Comunica\u00e7\u00e3o <\/span><\/span><span id=\"page2R_mcid13\" class=\"markedContent\"><span dir=\"ltr\" role=\"presentation\">Ins<\/span><span dir=\"ltr\" role=\"presentation\">tucional<\/span> <span dir=\"ltr\" role=\"presentation\">da<\/span> <span dir=\"ltr\" role=\"presentation\">UFMG.<\/span><\/span><\/p>\n<p><span id=\"page2R_mcid18\" class=\"markedContent\"><\/span><span id=\"page2R_mcid18\" class=\"markedContent\"><span dir=\"ltr\" role=\"presentation\">Os bolsistas atuar\u00e3o em ativi<\/span><span dir=\"ltr\" role=\"presentation\">dades deste programa realizadas no N\u00facleo de Acessibilidade e Inclus\u00e3o \u2013<\/span><\/span><span id=\"page2R_mcid19\" class=\"markedContent\"><span dir=\"ltr\" role=\"presentation\">NAI, com orienta\u00e7\u00e3o conjunta entre NAI e Cedecom.<\/span><\/span><\/p>\n<p><span id=\"page11R_mcid4\" class=\"markedContent\"><span dir=\"ltr\" role=\"presentation\">Os interessados em concorrer \u00e0 sele\u00e7\u00e3o dever\u00e3o se inscrever de 15\/03\/2023 a 27\/03\/2023,<\/span><\/span><span id=\"page11R_mcid5\" class=\"markedContent\"> <span dir=\"ltr\" role=\"presentation\">at\u00e9 \u00e0s <\/span><\/span><span id=\"page11R_mcid6\" class=\"markedContent\"><span dir=\"ltr\" role=\"presentation\">17h seguindo as <\/span><\/span><span id=\"page11R_mcid7\" class=\"markedContent\"><span dir=\"ltr\" role=\"presentation\">instru\u00e7\u00f5es do edital.<br \/>\n<\/span><\/span><\/p>\n<p><strong>Resultado: <\/strong>(aguardando fase de inscri\u00e7\u00f5es)<\/p>\n<p><strong>Inscri\u00e7\u00f5es:<\/strong><span id=\"page26R_mcid3\" class=\"markedContent\"><span dir=\"ltr\" role=\"presentation\"> de <\/span><span id=\"page11R_mcid4\" class=\"markedContent\"><span dir=\"ltr\" role=\"presentation\">15\/03\/2023 a 27\/03\/2023<\/span><\/span><br \/>\n<\/span><\/p>\n<p><strong>Edital atual: <\/strong><a href=\"https:\/\/wwwufmg-hml.dti.ufmg.br\/nai\/wp-content\/uploads\/2023\/03\/SEI_UFMG-2142007-Edital-04-23-CEDECOM-NAI.pdf\">SEI_UFMG &#8211; 2142007 &#8211; Edital 04-23 CEDECOM-NAI<\/a><\/p>\n","protected":false},"excerpt":{"rendered":"<p>A Diretora do Centro de Comunica\u00e7\u00e3o da Universidade Federal de [&hellip;]<\/p>\n","protected":false},"author":2,"featured_media":0,"parent":0,"menu_order":0,"comment_status":"closed","ping_status":"closed","template":"","meta":{"_acf_changed":false,"footnotes":""},"class_list":["post-22550","page","type-page","status-publish","hentry"],"acf":[],"_links":{"self":[{"href":"https:\/\/www.ufmg.br\/nai\/wp-json\/wp\/v2\/pages\/22550","targetHints":{"allow":["GET"]}}],"collection":[{"href":"https:\/\/www.ufmg.br\/nai\/wp-json\/wp\/v2\/pages"}],"about":[{"href":"https:\/\/www.ufmg.br\/nai\/wp-json\/wp\/v2\/types\/page"}],"author":[{"embeddable":true,"href":"https:\/\/www.ufmg.br\/nai\/wp-json\/wp\/v2\/users\/2"}],"replies":[{"embeddable":true,"href":"https:\/\/www.ufmg.br\/nai\/wp-json\/wp\/v2\/comments?post=22550"}],"version-history":[{"count":0,"href":"https:\/\/www.ufmg.br\/nai\/wp-json\/wp\/v2\/pages\/22550\/revisions"}],"wp:attachment":[{"href":"https:\/\/www.ufmg.br\/nai\/wp-json\/wp\/v2\/media?parent=22550"}],"curies":[{"name":"wp","href":"https:\/\/api.w.org\/{rel}","templated":true}]}}