{"id":22768,"date":"2024-09-25T09:41:43","date_gmt":"2024-09-25T12:41:43","guid":{"rendered":"https:\/\/www.ufmg.br\/nai\/?page_id=22768"},"modified":"2025-01-14T10:42:58","modified_gmt":"2025-01-14T13:42:58","slug":"raep","status":"publish","type":"page","link":"https:\/\/www.ufmg.br\/nai\/raep\/","title":{"rendered":"RAEP &#8211; Regime Acad\u00eamico Especial para Perman\u00eancia"},"content":{"rendered":"<div class=\"ahS2Le\">\n<div dir=\"auto\" role=\"heading\" aria-level=\"1\">O Regime Acad\u00eamico Especial para Perman\u00eancia\/RAEP \u00e9 mecanismo institucional, registrado por meio de ocorr\u00eancia acad\u00eamica, que tem por objetivo favorecer o prosseguimento e perman\u00eancia qualificada de pessoas e grupos mais vulner\u00e1veis que necessitam de suporte em raz\u00e3o de condi\u00e7\u00f5es espec\u00edficas. Ele permite a flexibiliza\u00e7\u00e3o de regras acad\u00eamicas e a adapta\u00e7\u00e3o de estrat\u00e9gias e recursos pedag\u00f3gicos, segundo as possibilidades operacionais e educativas da Universidade e necessidade do(a) estudante em RAEP.<\/div>\n<\/div>\n<p><\/p>\n<div dir=\"auto\" role=\"heading\" aria-level=\"1\"><\/div>\n<div dir=\"auto\"><strong>Solicite por este link<\/strong>: <a href=\"https:\/\/forms.gle\/ZN3WZcNoCbyrtNuB9\">RAEP &#8211; Regime Acad\u00eamico Especial para Perman\u00eancia<\/a><\/div>\n<div dir=\"auto\"><\/div>\n","protected":false},"excerpt":{"rendered":"<p>O Regime Acad\u00eamico Especial para Perman\u00eancia\/RAEP \u00e9 mecanismo institucional, registrado [&hellip;]<\/p>\n","protected":false},"author":2,"featured_media":0,"parent":0,"menu_order":0,"comment_status":"closed","ping_status":"closed","template":"","meta":{"_acf_changed":false,"footnotes":""},"class_list":["post-22768","page","type-page","status-publish","hentry"],"acf":[],"_links":{"self":[{"href":"https:\/\/www.ufmg.br\/nai\/wp-json\/wp\/v2\/pages\/22768","targetHints":{"allow":["GET"]}}],"collection":[{"href":"https:\/\/www.ufmg.br\/nai\/wp-json\/wp\/v2\/pages"}],"about":[{"href":"https:\/\/www.ufmg.br\/nai\/wp-json\/wp\/v2\/types\/page"}],"author":[{"embeddable":true,"href":"https:\/\/www.ufmg.br\/nai\/wp-json\/wp\/v2\/users\/2"}],"replies":[{"embeddable":true,"href":"https:\/\/www.ufmg.br\/nai\/wp-json\/wp\/v2\/comments?post=22768"}],"version-history":[{"count":4,"href":"https:\/\/www.ufmg.br\/nai\/wp-json\/wp\/v2\/pages\/22768\/revisions"}],"predecessor-version":[{"id":22950,"href":"https:\/\/www.ufmg.br\/nai\/wp-json\/wp\/v2\/pages\/22768\/revisions\/22950"}],"wp:attachment":[{"href":"https:\/\/www.ufmg.br\/nai\/wp-json\/wp\/v2\/media?parent=22768"}],"curies":[{"name":"wp","href":"https:\/\/api.w.org\/{rel}","templated":true}]}}