{"id":22813,"date":"2024-04-25T00:33:58","date_gmt":"2024-04-25T03:33:58","guid":{"rendered":"https:\/\/www.ufmg.br\/nai\/?page_id=22735"},"modified":"2025-12-16T16:12:27","modified_gmt":"2025-12-16T19:12:27","slug":"orientacoes-sobre-acessibilidade","status":"publish","type":"page","link":"https:\/\/www.ufmg.br\/nai\/orientacoes-sobre-acessibilidade\/","title":{"rendered":"Orienta\u00e7\u00f5es sobre Acessibilidade"},"content":{"rendered":"<p>O N\u00facleo de Acessibilidade e Inclus\u00e3o da UFMG tem produzido orienta\u00e7\u00f5es para toda comunidade acad\u00eamica sobre como promover\u00a0 acessibilidade para os estudantes que s\u00e3o p\u00fablico-alvo da Educa\u00e7\u00e3o Especial, estudantes surdos e surdocegos, bem como para os servidores e trabalhadores dos campi.\u00a0 Abaixo relacionamos alguns destes informativos com as seguintes tem\u00e1ticas:<\/p>\n<p><a href=\"https:\/\/wwwufmg-hml.dti.ufmg.br\/nai\/orientacoes-sobre-acessibilidade\/informativo_para_docentes_deficiencias_inclusao_acessibilidade_atualizado_25_04_24\/\" rel=\"attachment wp-att-22751\">Informativo para Docentes: Defici\u00eancia, Inclus\u00e3o e Acessibilidade (Atualizado em 25\/04\/24)<\/a><\/p>\n<p><a href=\"https:\/\/wwwufmg-hml.dti.ufmg.br\/nai\/orientacoes-sobre-acessibilidade\/oficio-circular-004-2022-2\/\" rel=\"attachment wp-att-22738\">Circular 04 de 2022: Sobre acessibilidade nos s\u00edtios eletr\u00f4nicos de Unidades Acad\u00eamicas e \u00d3rg\u00e3os Administrativos da UFMG<\/a><\/p>\n<p><a href=\"https:\/\/wwwufmg-hml.dti.ufmg.br\/nai\/orientacoes-sobre-acessibilidade\/oficio-circular-003-2022\/\" rel=\"attachment wp-att-22749\">Of\u00edcio Circular 03 de 2022: Orienta\u00e7\u00f5es para atendimento de Pessoas com Defici\u00eancia em Unidades Acad\u00eamicas e Administrativas da Universidade Federal de Minas Gerais<\/a><\/p>\n<p><a href=\"https:\/\/www.ufmg.br\/nai\/wp-content\/uploads\/2025\/05\/POP-Producao-de-Material-NAI.pdf\" rel=\"attachment wp-att-22751\">POP &#8211; Produ\u00e7\u00e3o de Material &#8211; NAI<\/a><\/p>\n<p><a href=\"https:\/\/www.ufmg.br\/nai\/wp-content\/uploads\/2025\/05\/Tutorial-de-Audiodescricao-NAI.pdf\" rel=\"attachment wp-att-22751\">Tutorial de Audiodescri\u00e7\u00e3o &#8211; NAI<\/a><\/p>\n<p><a href=\"https:\/\/drive.google.com\/file\/d\/1AxwuIzCleLfv6MioyOkfKq-iQxZ33FEz\/view?usp=share_link\">Manual de diretrizes, linguagem e estilo para elabora\u00e7\u00e3o de conte\u00fado nas redes sociais<\/a><\/p>\n","protected":false},"excerpt":{"rendered":"<p>O N\u00facleo de Acessibilidade e Inclus\u00e3o da UFMG tem produzido [&hellip;]<\/p>\n","protected":false},"author":2,"featured_media":0,"parent":0,"menu_order":0,"comment_status":"closed","ping_status":"closed","template":"","meta":{"_acf_changed":false,"footnotes":""},"class_list":["post-22813","page","type-page","status-publish","hentry"],"acf":[],"_links":{"self":[{"href":"https:\/\/www.ufmg.br\/nai\/wp-json\/wp\/v2\/pages\/22813","targetHints":{"allow":["GET"]}}],"collection":[{"href":"https:\/\/www.ufmg.br\/nai\/wp-json\/wp\/v2\/pages"}],"about":[{"href":"https:\/\/www.ufmg.br\/nai\/wp-json\/wp\/v2\/types\/page"}],"author":[{"embeddable":true,"href":"https:\/\/www.ufmg.br\/nai\/wp-json\/wp\/v2\/users\/2"}],"replies":[{"embeddable":true,"href":"https:\/\/www.ufmg.br\/nai\/wp-json\/wp\/v2\/comments?post=22813"}],"version-history":[{"count":10,"href":"https:\/\/www.ufmg.br\/nai\/wp-json\/wp\/v2\/pages\/22813\/revisions"}],"predecessor-version":[{"id":23062,"href":"https:\/\/www.ufmg.br\/nai\/wp-json\/wp\/v2\/pages\/22813\/revisions\/23062"}],"wp:attachment":[{"href":"https:\/\/www.ufmg.br\/nai\/wp-json\/wp\/v2\/media?parent=22813"}],"curies":[{"name":"wp","href":"https:\/\/api.w.org\/{rel}","templated":true}]}}