{"id":22980,"date":"2025-04-01T00:20:24","date_gmt":"2025-04-01T03:20:24","guid":{"rendered":"https:\/\/www.ufmg.br\/nai\/?page_id=22980"},"modified":"2025-09-25T16:52:08","modified_gmt":"2025-09-25T19:52:08","slug":"edital-bolsistas-2025","status":"publish","type":"page","link":"https:\/\/www.ufmg.br\/nai\/edital-bolsistas-2025\/","title":{"rendered":"Edital Bolsistas 2025"},"content":{"rendered":"<p>A Diretora do N\u00facleo de Acessibilidade e Inclus\u00e3o \u2013 NAI, da Universidade Federal de Minas Gerais \u2013 UFMG, faz saber que estar\u00e3o abertas as inscri\u00e7\u00f5es para processo seletivo de bolsistas para atuarem no Programa de Apoio a Inclus\u00e3o e Promo\u00e7\u00e3o da Acessibilidade \u2013 PIPA, do N\u00facleo de Acessibilidade e Inclus\u00e3o desta Universidade, conforme especificado abaixo:<\/p>\n<p>Chamada para o Edital 01\/2025<\/p>\n<div class=\"arve\" data-mode=\"normal\" data-provider=\"html5\" id=\"arve-html5-\" style=\"max-width:1920px;\">\n<div class=\"arve-inner\">\n<div class=\"arve-embed\">\n<video controls controlslist preload=\"metadata\" data-arve=\"arve-html5-\" class=\"arve-video fitvidsignore\">\n<source type=\"video\/mp4\" src=\"https:\/\/www.ufmg.br\/nai\/wp-content\/uploads\/2025\/04\/CHAMADA-PARA-EDITAL-DE-SELECAO-BOLSISTAS-NAI-01-2025-comprimido.mp4\">\n<\/video>\n\n<\/div>\n\n<\/div>\n<script type=\"application\/ld+json\">{\"@context\":\"http:\\\/\\\/schema.org\\\/\",\"@id\":\"https:\\\/\\\/www.ufmg.br\\\/nai\\\/edital-bolsistas-2025\\\/#arve-html5-\",\"type\":\"VideoObject\",\"contentURL\":\"https:\\\/\\\/www.ufmg.br\\\/nai\\\/wp-content\\\/uploads\\\/2025\\\/04\\\/CHAMADA-PARA-EDITAL-DE-SELECAO-BOLSISTAS-NAI-01-2025-comprimido.mp4\"}<\/script>\n<\/div>\n\n<p><a href=\"https:\/\/www.ufmg.br\/nai\/wp-content\/uploads\/2025\/03\/EDITAL-DE-SELECAO-BOLSISTAS-NAI-No-01-2025.pdf\"> Baixar Edital<\/a><\/p>\n<p><a href=\"https:\/\/www.ufmg.br\/nai\/wp-content\/uploads\/2025\/04\/RETIFICACAO-EDITAL-DE-SELECAO-BOLSISTAS-NAI-01-2025.pdf\">Baixar Retifica\u00e7\u00e3o do Edital<\/a><\/p>\n<p><strong>Das vagas oferecidas:<\/strong><\/p>\n<p><strong>1. Das vagas oferecidas<\/strong><\/p>\n<p>1.1. N\u00famero de vagas: 14 (quatorze)<\/p>\n<p><strong>Inscri\u00e7\u00f5es:<\/strong> de 27\/03\/2025 a 07\/04\/2025<\/p>\n<p><a href=\"https:\/\/www.ufmg.br\/nai\/wp-content\/uploads\/2025\/04\/RESULTADO-PRELIMINAR-SELECAO-BOLSISTAS-NAI-01-2025.pdf\">Resultado Preliminar<\/a><\/p>\n<p><a href=\"https:\/\/www.ufmg.br\/nai\/wp-content\/uploads\/2025\/04\/RESULTADO-FINAL-SELECAO-BOLSISTAS-NAI-01-2025.pdf\">Resultado Final<\/a><\/p>\n<p>_______________________________________________________________________________________________________<\/p>\n<p>Edital 02\/2025<\/p>\n<p><a href=\"https:\/\/www.ufmg.br\/nai\/wp-content\/uploads\/2025\/04\/EDITAL-DE-SELECAO-BOLSISTAS-NAI-No-02-2025.pdf\">Baixar Edital<\/a><\/p>\n<p><strong>Das vagas oferecidas:<\/strong><\/p>\n<p><strong>1. Das vagas oferecidas<\/strong><\/p>\n<p>1.1. N\u00famero de vagas: 01 (uma)<\/p>\n<p>1.2 Perfil da Vaga: Poder\u00e3o concorrer \u00e0 vaga as(os) estudantes regularmente matriculados nos cursos de Jornalismo, Publicidade e Propaganda e Rela\u00e7\u00f5es P\u00fablicas da UFMG, a partir do 3\u00ba per\u00edodo, que tenham interesse em desenvolver atividades na \u00e1rea de Comunica\u00e7\u00e3o, acessibilidade, defici\u00eancia e inclus\u00e3o. \u00c9 desej\u00e1vel que as (os) estudantes tenham conhecimentos b\u00e1sicos de produ\u00e7\u00e3o de conte\u00fado para redes sociais e habilidades com software de imagem e edi\u00e7\u00e3o (pode ser Canva ou outro software b\u00e1sico).<\/p>\n<p>Atividades:<br \/>\nPlanejamento, gest\u00e3o e produ\u00e7\u00e3o de conte\u00fado para redes sociais;<br \/>\nAtualiza\u00e7\u00e3o de site;<br \/>\nAtualiza\u00e7\u00e3o de canal no youtube;<br \/>\nDivulga\u00e7\u00e3o nas redes sociais digitais do projeto (Somos Diversas).<\/p>\n<p><strong>Inscri\u00e7\u00f5es:<\/strong> de 01\/04\/2025 a 09\/04\/2025<\/p>\n<p>_______________________________________________________________________________________________________<\/p>\n<p>Edital 03\/2025<\/p>\n<p><a href=\"https:\/\/www.ufmg.br\/nai\/wp-content\/uploads\/2025\/04\/EDITAL-DE-SELECAO-BOLSISTAS-NAI-No-03-2025.pdf\">Baixar Edital<\/a><\/p>\n<p><strong>Das vagas oferecidas:<\/strong><\/p>\n<p><strong>1. Das vagas oferecidas<\/strong><\/p>\n<p>1.1. N\u00famero de vagas: 01 (uma)<\/p>\n<p>1.2 Perfil da Vaga: Poder\u00e3o concorrer \u00e0 vaga as(os) estudantes regularmente matriculados nos cursos de Jornalismo, Publicidade e Propaganda e Rela\u00e7\u00f5es P\u00fablicas da UFMG, a partir do 3\u00ba per\u00edodo, que tenham interesse em desenvolver atividades na \u00e1rea de Comunica\u00e7\u00e3o, acessibilidade, defici\u00eancia e inclus\u00e3o. \u00c9 desej\u00e1vel que as (os) estudantes tenham conhecimentos b\u00e1sicos de produ\u00e7\u00e3o de conte\u00fado para redes sociais e habilidades com software de imagem e edi\u00e7\u00e3o (pode ser Canva ou outro software b\u00e1sico).<\/p>\n<p>Atividades:<br \/>\nPlanejamento, gest\u00e3o e produ\u00e7\u00e3o de conte\u00fado para redes sociais;<br \/>\nAtualiza\u00e7\u00e3o de site;<br \/>\nAtualiza\u00e7\u00e3o de canal no youtube;<br \/>\nDivulga\u00e7\u00e3o nas redes sociais digitais do projeto (Somos Diversas).<\/p>\n<p><strong>Inscri\u00e7\u00f5es:<\/strong> de 15\/04\/2025 a 24\/04\/2025<\/p>\n<p>___________________________________________________________________________________________________<\/p>\n<p>Edital 04\/2025<\/p>\n<p><a href=\"https:\/\/www.ufmg.br\/nai\/wp-content\/uploads\/2025\/04\/EDITAL-DE-SELECAO-BOLSISTAS-NAI-No-04-2025.pdf\">Baixar Edital<\/a><\/p>\n<p><strong>Das vagas oferecidas:<\/strong><\/p>\n<p><strong>1. Das vagas oferecidas<\/strong><\/p>\n<p>1.1. N\u00famero de vagas: 01 (uma)<\/p>\n<p>1.2 Perfil da Vaga: Poder\u00e3o concorrer \u00e0 vaga as(os) estudantes regularmente matriculados nos cursos de Jornalismo, Publicidade e Propaganda e Rela\u00e7\u00f5es P\u00fablicas da UFMG, a partir do 3\u00ba per\u00edodo, que tenham interesse em desenvolver atividades na \u00e1rea de Comunica\u00e7\u00e3o, acessibilidade, defici\u00eancia e inclus\u00e3o. \u00c9 desej\u00e1vel que as (os) estudantes tenham conhecimentos b\u00e1sicos de produ\u00e7\u00e3o de conte\u00fado para redes sociais e habilidades com software de imagem e edi\u00e7\u00e3o (pode ser Canva ou outro software b\u00e1sico).<\/p>\n<p>Atividades:<br \/>\nPlanejamento, gest\u00e3o e produ\u00e7\u00e3o de conte\u00fado para redes sociais;<br \/>\nAtualiza\u00e7\u00e3o de site;<br \/>\nAtualiza\u00e7\u00e3o de canal no youtube;<br \/>\nDivulga\u00e7\u00e3o nas redes sociais digitais do projeto (Somos Diversas).<\/p>\n<p><strong>Inscri\u00e7\u00f5es:<\/strong> de 25\/04\/2025 a 05\/05\/2025<\/p>\n<p><a href=\"https:\/\/www.ufmg.br\/nai\/wp-content\/uploads\/2025\/05\/RESULTADO-PRELIMINAR-SELECAO-BOLSISTAS-NAI-04-2025.pdf\">Resultado Preliminar<\/a><\/p>\n<p><a href=\"https:\/\/www.ufmg.br\/nai\/wp-content\/uploads\/2025\/05\/RESULTADO-FINAL-SELECAO-BOLSISTAS-NAI-04-2025.pdf\">Resultado Final<\/a><\/p>\n<p>___________________________________________________________________________________________________<\/p>\n<p>Edital 05\/2025<\/p>\n<p><a href=\"https:\/\/www.ufmg.br\/nai\/wp-content\/uploads\/2025\/09\/Edital-bolsistas-NAI-05-2025.pdf\" target=\"_blank\" rel=\"noopener\">Baixar Edital<\/a><\/p>\n<p><strong>Das vagas oferecidas:<\/strong><\/p>\n<p><strong>1. Das vagas oferecidas<\/strong><\/p>\n<p>1.1. N\u00famero de vagas: 5 (cinco) vagas.<\/p>\n<p>1.2 O candidato selecionado, ao assinar o contrato de bolsista, assumir\u00e1 os seguintes compromissos:<\/p>\n<ul>\n<li style=\"font-weight: 400;\" aria-level=\"1\"><span style=\"font-weight: 400;\">Assumir as atividades da bolsa a partir do dia 01 outubro de 2025; <\/span><span style=\"font-weight: 400;\">\u00a0\u00a0\u00a0\u00a0\u00a0<\/span><\/li>\n<li style=\"font-weight: 400;\" aria-level=\"1\"><span style=\"font-weight: 400;\">Manter-se regularmente matriculado na UFMG durante a vig\u00eancia da bolsa;<\/span><\/li>\n<li style=\"font-weight: 400;\" aria-level=\"1\"><span style=\"font-weight: 400;\">Manter Nota Semestral Global (NSG) igual ou superior a 60;<\/span><\/li>\n<li style=\"font-weight: 400;\" aria-level=\"1\"><span style=\"font-weight: 400;\">Prestar 20 (vinte) horas semanais, de efetivo trabalho no projeto, cumprindo as atividades definidas por seu t\u00e9cnico de refer\u00eancia\/coordenador, em per\u00edodo compat\u00edvel com seu hor\u00e1rio de aula;<\/span><\/li>\n<li style=\"font-weight: 400;\" aria-level=\"1\"><span style=\"font-weight: 400;\">Cumprir jornada di\u00e1ria de trabalho presencial de, no m\u00ednimo 3 (tr\u00eas) horas ininterruptas;<\/span><\/li>\n<li style=\"font-weight: 400;\" aria-level=\"1\"><span style=\"font-weight: 400;\">Matricular e cursar a disciplina online DIG UNI285 \u2013 Acessibilidade e Inclus\u00e3o no Ensino Superior, da Forma\u00e7\u00e3o Transversal em Acessibilidade e Inclus\u00e3o, assim que tiver in\u00edcio um novo per\u00edodo de matr\u00edculas (caso ainda n\u00e3o a tenha cursado);<\/span><\/li>\n<li style=\"font-weight: 400;\" aria-level=\"1\"><span style=\"font-weight: 400;\">Apresentar Relat\u00f3rio Final das atividades desenvolvidas para aprecia\u00e7\u00e3o pelo T\u00e9cnico de Refer\u00eancia\/coordenador;<\/span><\/li>\n<li style=\"font-weight: 400;\" aria-level=\"1\"><span style=\"font-weight: 400;\">Participar integralmente de evento(s) espec\u00edfico(s) do NAI durante a Semana do Conhecimento e de outros eventos indicados ou realizados pelo NAI no(s) qual (ais) dever\u00e1(\u00e3o) apresentar os resultados alcan\u00e7ados no trabalho desenvolvido;<\/span><\/li>\n<li style=\"font-weight: 400;\" aria-level=\"1\"><span style=\"font-weight: 400;\">N\u00e3o receber qualquer outro tipo de bolsa acad\u00eamica, exceto apoio concedido pela FUMP, que n\u00e3o implique em qualquer tipo de presta\u00e7\u00e3o de servi\u00e7o;<\/span><\/li>\n<\/ul>\n<p>&nbsp;<\/p>\n<p><a href=\"https:\/\/www.ufmg.br\/nai\/wp-content\/uploads\/2025\/09\/RESULTADO-PRELIMINAR-SELECAO-BOLSISTAS-NAI-05-2025-site.pdf\" target=\"_blank\" rel=\"noopener\">Resultado Preliminar<\/a><\/p>\n<p><a href=\"https:\/\/www.ufmg.br\/nai\/wp-content\/uploads\/2025\/09\/RESULTADO_FINAL_SELECAO_BOLSISTAS_NAI-05-2025_assinado.pdf\" target=\"_blank\" rel=\"noopener\">Resultado Final<\/a><\/p>\n","protected":false},"excerpt":{"rendered":"<p>A Diretora do N\u00facleo de Acessibilidade e Inclus\u00e3o \u2013 NAI, [&hellip;]<\/p>\n","protected":false},"author":1,"featured_media":0,"parent":0,"menu_order":0,"comment_status":"closed","ping_status":"closed","template":"","meta":{"_acf_changed":false,"footnotes":""},"class_list":["post-22980","page","type-page","status-publish","hentry"],"acf":[],"_links":{"self":[{"href":"https:\/\/www.ufmg.br\/nai\/wp-json\/wp\/v2\/pages\/22980","targetHints":{"allow":["GET"]}}],"collection":[{"href":"https:\/\/www.ufmg.br\/nai\/wp-json\/wp\/v2\/pages"}],"about":[{"href":"https:\/\/www.ufmg.br\/nai\/wp-json\/wp\/v2\/types\/page"}],"author":[{"embeddable":true,"href":"https:\/\/www.ufmg.br\/nai\/wp-json\/wp\/v2\/users\/1"}],"replies":[{"embeddable":true,"href":"https:\/\/www.ufmg.br\/nai\/wp-json\/wp\/v2\/comments?post=22980"}],"version-history":[{"count":26,"href":"https:\/\/www.ufmg.br\/nai\/wp-json\/wp\/v2\/pages\/22980\/revisions"}],"predecessor-version":[{"id":23053,"href":"https:\/\/www.ufmg.br\/nai\/wp-json\/wp\/v2\/pages\/22980\/revisions\/23053"}],"wp:attachment":[{"href":"https:\/\/www.ufmg.br\/nai\/wp-json\/wp\/v2\/media?parent=22980"}],"curies":[{"name":"wp","href":"https:\/\/api.w.org\/{rel}","templated":true}]}}