{"id":23092,"date":"2026-02-12T15:19:40","date_gmt":"2026-02-12T18:19:40","guid":{"rendered":"https:\/\/www.ufmg.br\/nai\/?page_id=23092"},"modified":"2026-03-13T10:47:09","modified_gmt":"2026-03-13T13:47:09","slug":"questionario-3","status":"publish","type":"page","link":"https:\/\/www.ufmg.br\/nai\/questionario-3\/","title":{"rendered":"Agendamento"},"content":{"rendered":"<div dir=\"auto\">Se voc\u00ea \u00e9 estudante <a href=\"https:\/\/questionarios.ufmg.br\/index.php\/326161?lang=pt-BR\" target=\"_blank\" rel=\"noopener\">clique aqui<\/a> para fazer seu agendamento.<\/div>\n<div dir=\"auto\"><\/div>\n<div dir=\"auto\">Se voc\u00ea n\u00e3o \u00e9 estudante fa\u00e7a o seu agendamento por telefone ou por e-mail:<\/div>\n<p data-start=\"188\" data-end=\"445\">\ud83d\udce7 nai@ufmg.br<br \/>\n\ud83d\udcde (31) 3409-3927<\/p>\n","protected":false},"excerpt":{"rendered":"<p>Se voc\u00ea \u00e9 estudante clique aqui para fazer seu agendamento. [&hellip;]<\/p>\n","protected":false},"author":2,"featured_media":0,"parent":0,"menu_order":0,"comment_status":"closed","ping_status":"closed","template":"","meta":{"_acf_changed":false,"footnotes":""},"class_list":["post-23092","page","type-page","status-publish","hentry"],"acf":[],"_links":{"self":[{"href":"https:\/\/www.ufmg.br\/nai\/wp-json\/wp\/v2\/pages\/23092","targetHints":{"allow":["GET"]}}],"collection":[{"href":"https:\/\/www.ufmg.br\/nai\/wp-json\/wp\/v2\/pages"}],"about":[{"href":"https:\/\/www.ufmg.br\/nai\/wp-json\/wp\/v2\/types\/page"}],"author":[{"embeddable":true,"href":"https:\/\/www.ufmg.br\/nai\/wp-json\/wp\/v2\/users\/2"}],"replies":[{"embeddable":true,"href":"https:\/\/www.ufmg.br\/nai\/wp-json\/wp\/v2\/comments?post=23092"}],"version-history":[{"count":5,"href":"https:\/\/www.ufmg.br\/nai\/wp-json\/wp\/v2\/pages\/23092\/revisions"}],"predecessor-version":[{"id":23111,"href":"https:\/\/www.ufmg.br\/nai\/wp-json\/wp\/v2\/pages\/23092\/revisions\/23111"}],"wp:attachment":[{"href":"https:\/\/www.ufmg.br\/nai\/wp-json\/wp\/v2\/media?parent=23092"}],"curies":[{"name":"wp","href":"https:\/\/api.w.org\/{rel}","templated":true}]}}