{"id":60,"date":"2020-06-10T13:28:10","date_gmt":"2020-06-10T16:28:10","guid":{"rendered":"https:\/\/wwwufmg-hml.dti.ufmg.br\/nai\/?page_id=60"},"modified":"2024-12-18T12:07:52","modified_gmt":"2024-12-18T15:07:52","slug":"legislacao","status":"publish","type":"page","link":"https:\/\/www.ufmg.br\/nai\/documentos-e-normas\/legislacao\/","title":{"rendered":"Leis vigentes para apoio \u00e0 pessoa com defici\u00eancia"},"content":{"rendered":"<p>Conhe\u00e7a as principais leis brasileiras de acessibilidade que est\u00e3o em vigor atualmente.<\/p>\n<style>#sp-ea-22869 .spcollapsing { height: 0; overflow: hidden; transition-property: height;transition-duration: 500ms;}#sp-ea-22869.sp-easy-accordion>.sp-ea-single {margin-bottom: 10px; border: 1px solid #e2e2e2; }#sp-ea-22869.sp-easy-accordion>.sp-ea-single>.ea-header a {color: #444;}#sp-ea-22869.sp-easy-accordion>.sp-ea-single>.sp-collapse>.ea-body {background: #fff; color: #444;}#sp-ea-22869.sp-easy-accordion>.sp-ea-single {background: #eee;}#sp-ea-22869.sp-easy-accordion>.sp-ea-single>.ea-header a .ea-expand-icon { float: left; color: #444;font-size: 16px;}<\/style><div id=\"sp_easy_accordion-1775261425\">\n<div id=\"sp-ea-22869\" class=\"sp-ea-one sp-easy-accordion\" data-ea-active=\"ea-click\" data-ea-mode=\"vertical\" data-preloader=\"\" data-scroll-active-item=\"\" data-offset-to-scroll=\"0\">\n\n<!-- Start accordion card div. -->\n<div class=\"ea-card ea-expand sp-ea-single\">\n\t<!-- Start accordion header. -->\n\t<h3 class=\"ea-header\">\n\t\t<!-- Add anchor tag for header. -->\n\t\t<a class=\"collapsed\" id=\"ea-header-228690\" role=\"button\" data-sptoggle=\"spcollapse\" data-sptarget=\"#collapse228690\" aria-controls=\"collapse228690\" href=\"#\"  aria-expanded=\"true\" tabindex=\"0\">\n\t\t<i aria-hidden=\"true\" role=\"presentation\" class=\"ea-expand-icon eap-icon-ea-expand-minus\"><\/i> <b>DECRETO N\u00ba 3.298, DE 20 DE DEZEMBRO DE 1999<\/b> \u2013 Promulga a Conven\u00e7\u00e3o Interamericana para a Elimina\u00e7\u00e3o de Todas as Formas de Discrimina\u00e7\u00e3o contra as Pessoas Portadoras de Defici\u00eancia.\t\t<\/a> <!-- Close anchor tag for header. -->\n\t<\/h3>\t<!-- Close header tag. -->\n\t<!-- Start collapsible content div. -->\n\t<div class=\"sp-collapse spcollapse collapsed show\" id=\"collapse228690\" data-parent=\"#sp-ea-22869\" role=\"region\" aria-labelledby=\"ea-header-228690\">  <!-- Content div. -->\n\t\t<div class=\"ea-body\">\n\t\t<p>Link de acesso:<\/p>\n<p><a href=\"http:\/\/www.planalto.gov.br\/ccivil_03\/decreto\/d3298.htm\" target=\"_blank\" rel=\"noopener\">http:\/\/www.planalto.gov.br\/ccivil_03\/decreto\/d3298.htm<\/a><\/p>\n\t\t<\/div> <!-- Close content div. -->\n\t<\/div> <!-- Close collapse div. -->\n<\/div> <!-- Close card div. -->\n<!-- Start accordion card div. -->\n<div class=\"ea-card  sp-ea-single\">\n\t<!-- Start accordion header. -->\n\t<h3 class=\"ea-header\">\n\t\t<!-- Add anchor tag for header. -->\n\t\t<a class=\"collapsed\" id=\"ea-header-228691\" role=\"button\" data-sptoggle=\"spcollapse\" data-sptarget=\"#collapse228691\" aria-controls=\"collapse228691\" href=\"#\"  aria-expanded=\"false\" tabindex=\"0\">\n\t\t<i aria-hidden=\"true\" role=\"presentation\" class=\"ea-expand-icon eap-icon-ea-expand-plus\"><\/i> <b>DECRETO N\u00ba 5.296 DE 2 DE DEZEMBRO DE 2004<\/b> \u2013 Regulamenta as Leis nos 10.048, de 8 de novembro de 2000, que d\u00e1 prioridade de atendimento \u00e0s pessoas que especifica, e 10.098, de 19 de dezembro de 2000, que estabelece normas gerais e crit\u00e9rios b\u00e1sicos para a promo\u00e7\u00e3o da acessibilidade das pessoas portadoras de defici\u00eancia ou com mobilidade reduzida, e d\u00e1 outras provid\u00eancias.\t\t<\/a> <!-- Close anchor tag for header. -->\n\t<\/h3>\t<!-- Close header tag. -->\n\t<!-- Start collapsible content div. -->\n\t<div class=\"sp-collapse spcollapse \" id=\"collapse228691\" data-parent=\"#sp-ea-22869\" role=\"region\" aria-labelledby=\"ea-header-228691\">  <!-- Content div. -->\n\t\t<div class=\"ea-body\">\n\t\t<p>Link de acesso:<\/p>\n<p><a href=\"http:\/\/www.planalto.gov.br\/ccivil_03\/_Ato2004-2006\/2004\/Decreto\/D5296.htm\" target=\"_blank\" rel=\"noopener\">http:\/\/www.planalto.gov.br\/ccivil_03\/_Ato2004-2006\/2004\/Decreto\/D5296.htm<\/a><\/p>\n\t\t<\/div> <!-- Close content div. -->\n\t<\/div> <!-- Close collapse div. -->\n<\/div> <!-- Close card div. -->\n<!-- Start accordion card div. -->\n<div class=\"ea-card  sp-ea-single\">\n\t<!-- Start accordion header. -->\n\t<h3 class=\"ea-header\">\n\t\t<!-- Add anchor tag for header. -->\n\t\t<a class=\"collapsed\" id=\"ea-header-228692\" role=\"button\" data-sptoggle=\"spcollapse\" data-sptarget=\"#collapse228692\" aria-controls=\"collapse228692\" href=\"#\"  aria-expanded=\"false\" tabindex=\"0\">\n\t\t<i aria-hidden=\"true\" role=\"presentation\" class=\"ea-expand-icon eap-icon-ea-expand-plus\"><\/i> <b>DECRETO N\u00ba 5.626, DE 22 DE DEZEMBRO DE 2005<\/b> \u2013 Regulamenta a Lei n\u00ba 10.436, de 24 de abril de 2002, que disp\u00f5e sobre a L\u00edngua Brasileira de Sinais \u2013 Libras, e o art. 18 da Lei n\u00ba 10.098, de 19 de dezembro de 2000.\t\t<\/a> <!-- Close anchor tag for header. -->\n\t<\/h3>\t<!-- Close header tag. -->\n\t<!-- Start collapsible content div. -->\n\t<div class=\"sp-collapse spcollapse \" id=\"collapse228692\" data-parent=\"#sp-ea-22869\" role=\"region\" aria-labelledby=\"ea-header-228692\">  <!-- Content div. -->\n\t\t<div class=\"ea-body\">\n\t\t<p>Link de acesso:<\/p>\n<p><a href=\"http:\/\/www.planalto.gov.br\/ccivil_03\/_Ato2004-2006\/2005\/Decreto\/D5626.htm\" target=\"_blank\" rel=\"noopener\">http:\/\/www.planalto.gov.br\/ccivil_03\/_Ato2004-2006\/2005\/Decreto\/D5626.htm<\/a><\/p>\n\t\t<\/div> <!-- Close content div. -->\n\t<\/div> <!-- Close collapse div. -->\n<\/div> <!-- Close card div. -->\n<!-- Start accordion card div. -->\n<div class=\"ea-card  sp-ea-single\">\n\t<!-- Start accordion header. -->\n\t<h3 class=\"ea-header\">\n\t\t<!-- Add anchor tag for header. -->\n\t\t<a class=\"collapsed\" id=\"ea-header-228693\" role=\"button\" data-sptoggle=\"spcollapse\" data-sptarget=\"#collapse228693\" aria-controls=\"collapse228693\" href=\"#\"  aria-expanded=\"false\" tabindex=\"0\">\n\t\t<i aria-hidden=\"true\" role=\"presentation\" class=\"ea-expand-icon eap-icon-ea-expand-plus\"><\/i> <b>DECRETO N\u00ba 6.949, DE 25 DE AGOSTO DE 2009<\/b> \u2013 Promulga a Conven\u00e7\u00e3o Internacional sobre os Direitos das Pessoas com Defici\u00eancia e seu Protocolo Facultativo, assinados em Nova York, em 30 de mar\u00e7o de 2007.\t\t<\/a> <!-- Close anchor tag for header. -->\n\t<\/h3>\t<!-- Close header tag. -->\n\t<!-- Start collapsible content div. -->\n\t<div class=\"sp-collapse spcollapse \" id=\"collapse228693\" data-parent=\"#sp-ea-22869\" role=\"region\" aria-labelledby=\"ea-header-228693\">  <!-- Content div. -->\n\t\t<div class=\"ea-body\">\n\t\t<p>Link de acesso:<\/p>\n<p><a href=\"http:\/\/www.planalto.gov.br\/ccivil_03\/_ato2007-2010\/2009\/decreto\/d6949.htm\" target=\"_blank\" rel=\"noopener\">http:\/\/www.planalto.gov.br\/ccivil_03\/_ato2007-2010\/2009\/decreto\/d6949.htm<\/a><\/p>\n\t\t<\/div> <!-- Close content div. -->\n\t<\/div> <!-- Close collapse div. -->\n<\/div> <!-- Close card div. -->\n<!-- Start accordion card div. -->\n<div class=\"ea-card  sp-ea-single\">\n\t<!-- Start accordion header. -->\n\t<h3 class=\"ea-header\">\n\t\t<!-- Add anchor tag for header. -->\n\t\t<a class=\"collapsed\" id=\"ea-header-228694\" role=\"button\" data-sptoggle=\"spcollapse\" data-sptarget=\"#collapse228694\" aria-controls=\"collapse228694\" href=\"#\"  aria-expanded=\"false\" tabindex=\"0\">\n\t\t<i aria-hidden=\"true\" role=\"presentation\" class=\"ea-expand-icon eap-icon-ea-expand-plus\"><\/i> <b>LEI No 10.098, DE 19 DE DEZEMBRO DE 2000<\/b> \u2013 Estabelece normas gerais e crit\u00e9rios b\u00e1sicos para a promo\u00e7\u00e3o da acessibilidade das pessoas portadoras de defici\u00eancia ou com mobilidade reduzida, e d\u00e1 outras provid\u00eancias.\t\t<\/a> <!-- Close anchor tag for header. -->\n\t<\/h3>\t<!-- Close header tag. -->\n\t<!-- Start collapsible content div. -->\n\t<div class=\"sp-collapse spcollapse \" id=\"collapse228694\" data-parent=\"#sp-ea-22869\" role=\"region\" aria-labelledby=\"ea-header-228694\">  <!-- Content div. -->\n\t\t<div class=\"ea-body\">\n\t\t<p>Link de acesso:<\/p>\n<p><a href=\"http:\/\/www.planalto.gov.br\/ccivil_03\/leis\/l10098.htm\" target=\"_blank\" rel=\"noopener\">http:\/\/www.planalto.gov.br\/ccivil_03\/leis\/l10098.htm<\/a><\/p>\n\t\t<\/div> <!-- Close content div. -->\n\t<\/div> <!-- Close collapse div. -->\n<\/div> <!-- Close card div. -->\n<!-- Start accordion card div. -->\n<div class=\"ea-card  sp-ea-single\">\n\t<!-- Start accordion header. -->\n\t<h3 class=\"ea-header\">\n\t\t<!-- Add anchor tag for header. -->\n\t\t<a class=\"collapsed\" id=\"ea-header-228695\" role=\"button\" data-sptoggle=\"spcollapse\" data-sptarget=\"#collapse228695\" aria-controls=\"collapse228695\" href=\"#\"  aria-expanded=\"false\" tabindex=\"0\">\n\t\t<i aria-hidden=\"true\" role=\"presentation\" class=\"ea-expand-icon eap-icon-ea-expand-plus\"><\/i> <b>LEI N\u00ba 10.436, DE 24 DE ABRIL DE 2002<\/b> - Disp\u00f5e sobre a L\u00edngua Brasileira de Sinais \u2013 Libras e d\u00e1 outras provid\u00eancias. \t\t<\/a> <!-- Close anchor tag for header. -->\n\t<\/h3>\t<!-- Close header tag. -->\n\t<!-- Start collapsible content div. -->\n\t<div class=\"sp-collapse spcollapse \" id=\"collapse228695\" data-parent=\"#sp-ea-22869\" role=\"region\" aria-labelledby=\"ea-header-228695\">  <!-- Content div. -->\n\t\t<div class=\"ea-body\">\n\t\t<p>Link de acesso:<\/p>\n<p><a href=\"http:\/\/www.planalto.gov.br\/ccivil_03\/leis\/2002\/l10436.htm\" target=\"_blank\" rel=\"noopener\">http:\/\/www.planalto.gov.br\/ccivil_03\/leis\/2002\/l10436.htm<\/a><\/p>\n\t\t<\/div> <!-- Close content div. -->\n\t<\/div> <!-- Close collapse div. -->\n<\/div> <!-- Close card div. -->\n<!-- Start accordion card div. -->\n<div class=\"ea-card  sp-ea-single\">\n\t<!-- Start accordion header. -->\n\t<h3 class=\"ea-header\">\n\t\t<!-- Add anchor tag for header. -->\n\t\t<a class=\"collapsed\" id=\"ea-header-228696\" role=\"button\" data-sptoggle=\"spcollapse\" data-sptarget=\"#collapse228696\" aria-controls=\"collapse228696\" href=\"#\"  aria-expanded=\"false\" tabindex=\"0\">\n\t\t<i aria-hidden=\"true\" role=\"presentation\" class=\"ea-expand-icon eap-icon-ea-expand-plus\"><\/i> <b>LEI N\u00ba 10.845, DE 5 DE MAR\u00c7O DE 2004<\/b> \u2013 Institui o Programa de Complementa\u00e7\u00e3o ao Atendimento Educacional Especializado \u00e0s Pessoas Portadoras de Defici\u00eancia, e d\u00e1 outras provid\u00eancias.\t\t<\/a> <!-- Close anchor tag for header. -->\n\t<\/h3>\t<!-- Close header tag. -->\n\t<!-- Start collapsible content div. -->\n\t<div class=\"sp-collapse spcollapse \" id=\"collapse228696\" data-parent=\"#sp-ea-22869\" role=\"region\" aria-labelledby=\"ea-header-228696\">  <!-- Content div. -->\n\t\t<div class=\"ea-body\">\n\t\t<p>Link de acesso:<\/p>\n<p><a href=\"http:\/\/www.planalto.gov.br\/ccivil_03\/_Ato2004-2006\/2004\/Lei\/L10.845.htm\" target=\"_blank\" rel=\"noopener\">http:\/\/www.planalto.gov.br\/ccivil_03\/_Ato2004-2006\/2004\/Lei\/L10.845.htm<\/a><\/p>\n\t\t<\/div> <!-- Close content div. -->\n\t<\/div> <!-- Close collapse div. -->\n<\/div> <!-- Close card div. -->\n<!-- Start accordion card div. -->\n<div class=\"ea-card  sp-ea-single\">\n\t<!-- Start accordion header. -->\n\t<h3 class=\"ea-header\">\n\t\t<!-- Add anchor tag for header. -->\n\t\t<a class=\"collapsed\" id=\"ea-header-228697\" role=\"button\" data-sptoggle=\"spcollapse\" data-sptarget=\"#collapse228697\" aria-controls=\"collapse228697\" href=\"#\"  aria-expanded=\"false\" tabindex=\"0\">\n\t\t<i aria-hidden=\"true\" role=\"presentation\" class=\"ea-expand-icon eap-icon-ea-expand-plus\"><\/i> <b>LEI N\u00ba 12.764, DE 27 DE DEZEMBRO DE 2012<\/b> \u2013 Institui a Pol\u00edtica Nacional de Prote\u00e7\u00e3o dos Direitos da Pessoa com Transtorno do Espectro Autista; e altera o \u00a7 3\u00ba do art. 98 da Lei n\u00ba 8.112, de 11 de dezembro de 1990.\t\t<\/a> <!-- Close anchor tag for header. -->\n\t<\/h3>\t<!-- Close header tag. -->\n\t<!-- Start collapsible content div. -->\n\t<div class=\"sp-collapse spcollapse \" id=\"collapse228697\" data-parent=\"#sp-ea-22869\" role=\"region\" aria-labelledby=\"ea-header-228697\">  <!-- Content div. -->\n\t\t<div class=\"ea-body\">\n\t\t<p>Link de acesso:<\/p>\n<p><a href=\"http:\/\/www.planalto.gov.br\/ccivil_03\/_Ato2011-2014\/2012\/Lei\/L12764.htm\" target=\"_blank\" rel=\"noopener\">http:\/\/www.planalto.gov.br\/ccivil_03\/_Ato2011-2014\/2012\/Lei\/L12764.htm<\/a><\/p>\n\t\t<\/div> <!-- Close content div. -->\n\t<\/div> <!-- Close collapse div. -->\n<\/div> <!-- Close card div. -->\n<!-- Start accordion card div. -->\n<div class=\"ea-card  sp-ea-single\">\n\t<!-- Start accordion header. -->\n\t<h3 class=\"ea-header\">\n\t\t<!-- Add anchor tag for header. -->\n\t\t<a class=\"collapsed\" id=\"ea-header-228698\" role=\"button\" data-sptoggle=\"spcollapse\" data-sptarget=\"#collapse228698\" aria-controls=\"collapse228698\" href=\"#\"  aria-expanded=\"false\" tabindex=\"0\">\n\t\t<i aria-hidden=\"true\" role=\"presentation\" class=\"ea-expand-icon eap-icon-ea-expand-plus\"><\/i> <b>LEI N\u00ba 13.005, DE 25 DE JUNHO DE 2014<\/b> \u2013 Aprova o Plano Nacional de Educa\u00e7\u00e3o \u2013 PNE e d\u00e1 outras provid\u00eancias.\t\t<\/a> <!-- Close anchor tag for header. -->\n\t<\/h3>\t<!-- Close header tag. -->\n\t<!-- Start collapsible content div. -->\n\t<div class=\"sp-collapse spcollapse \" id=\"collapse228698\" data-parent=\"#sp-ea-22869\" role=\"region\" aria-labelledby=\"ea-header-228698\">  <!-- Content div. -->\n\t\t<div class=\"ea-body\">\n\t\t<p>Link de acesso:<\/p>\n<p><a href=\"http:\/\/www.planalto.gov.br\/ccivil_03\/_ato2011-2014\/2014\/lei\/l13005.htm\" target=\"_blank\" rel=\"noopener\">http:\/\/www.planalto.gov.br\/ccivil_03\/_ato2011-2014\/2014\/lei\/l13005.htm<\/a><\/p>\n\t\t<\/div> <!-- Close content div. -->\n\t<\/div> <!-- Close collapse div. -->\n<\/div> <!-- Close card div. -->\n<!-- Start accordion card div. -->\n<div class=\"ea-card  sp-ea-single\">\n\t<!-- Start accordion header. -->\n\t<h3 class=\"ea-header\">\n\t\t<!-- Add anchor tag for header. -->\n\t\t<a class=\"collapsed\" id=\"ea-header-228699\" role=\"button\" data-sptoggle=\"spcollapse\" data-sptarget=\"#collapse228699\" aria-controls=\"collapse228699\" href=\"#\"  aria-expanded=\"false\" tabindex=\"0\">\n\t\t<i aria-hidden=\"true\" role=\"presentation\" class=\"ea-expand-icon eap-icon-ea-expand-plus\"><\/i> <b>LEI N\u00ba 13.146, DE 6 DE JULHO DE 2015<\/b> \u2013 Institui a Lei Brasileira de Inclus\u00e3o da Pessoa com Defici\u00eancia (Estatuto da Pessoa com Defici\u00eancia).\t\t<\/a> <!-- Close anchor tag for header. -->\n\t<\/h3>\t<!-- Close header tag. -->\n\t<!-- Start collapsible content div. -->\n\t<div class=\"sp-collapse spcollapse \" id=\"collapse228699\" data-parent=\"#sp-ea-22869\" role=\"region\" aria-labelledby=\"ea-header-228699\">  <!-- Content div. -->\n\t\t<div class=\"ea-body\">\n\t\t<p>Link de acesso:<\/p>\n<p><a href=\"http:\/\/www.planalto.gov.br\/ccivil_03\/_ato2015-2018\/2015\/lei\/l13146.htm\" target=\"_blank\" rel=\"noopener\">http:\/\/www.planalto.gov.br\/ccivil_03\/_ato2015-2018\/2015\/lei\/l13146.htm<\/a><\/p>\n\t\t<\/div> <!-- Close content div. -->\n\t<\/div> <!-- Close collapse div. -->\n<\/div> <!-- Close card div. -->\n<!-- Start accordion card div. -->\n<div class=\"ea-card  sp-ea-single\">\n\t<!-- Start accordion header. -->\n\t<h3 class=\"ea-header\">\n\t\t<!-- Add anchor tag for header. -->\n\t\t<a class=\"collapsed\" id=\"ea-header-2286910\" role=\"button\" data-sptoggle=\"spcollapse\" data-sptarget=\"#collapse2286910\" aria-controls=\"collapse2286910\" href=\"#\"  aria-expanded=\"false\" tabindex=\"0\">\n\t\t<i aria-hidden=\"true\" role=\"presentation\" class=\"ea-expand-icon eap-icon-ea-expand-plus\"><\/i> <b>LEI N\u00ba 13.409, DE 28 DE DEZEMBRO DE 2016<\/b> \u2013 Altera a Lei no 12.711, de 29 de agosto de 2012, para dispor sobre a reserva de vagas para pessoas com defici\u00eancia nos cursos t\u00e9cnico de n\u00edvel m\u00e9dio e superior das institui\u00e7\u00f5es federais de ensino.\t\t<\/a> <!-- Close anchor tag for header. -->\n\t<\/h3>\t<!-- Close header tag. -->\n\t<!-- Start collapsible content div. -->\n\t<div class=\"sp-collapse spcollapse \" id=\"collapse2286910\" data-parent=\"#sp-ea-22869\" role=\"region\" aria-labelledby=\"ea-header-2286910\">  <!-- Content div. -->\n\t\t<div class=\"ea-body\">\n\t\t<p>Link de acesso:<\/p>\n<p><a href=\"http:\/\/www.planalto.gov.br\/ccivil_03\/_Ato2015-2018\/2016\/Lei\/L13409.htm\" target=\"_blank\" rel=\"noopener\">http:\/\/www.planalto.gov.br\/ccivil_03\/_Ato2015-2018\/2016\/Lei\/L13409.htm<\/a><\/p>\n\t\t<\/div> <!-- Close content div. -->\n\t<\/div> <!-- Close collapse div. -->\n<\/div> <!-- Close card div. -->\n<!-- Start accordion card div. -->\n<div class=\"ea-card  sp-ea-single\">\n\t<!-- Start accordion header. -->\n\t<h3 class=\"ea-header\">\n\t\t<!-- Add anchor tag for header. -->\n\t\t<a class=\"collapsed\" id=\"ea-header-2286911\" role=\"button\" data-sptoggle=\"spcollapse\" data-sptarget=\"#collapse2286911\" aria-controls=\"collapse2286911\" href=\"#\"  aria-expanded=\"false\" tabindex=\"0\">\n\t\t<i aria-hidden=\"true\" role=\"presentation\" class=\"ea-expand-icon eap-icon-ea-expand-plus\"><\/i> <b>PORTARIA N\u00ba 1.117, DE 1\u00ba DE NOVEMBRO DE 2018<\/b> \u2013 Altera a Portaria Normativa MEC n\u00ba 18, de 11 de outubro de 2012, e a Portaria Normativa MEC n\u00ba 21, de 5 de novembro de 2012.\t\t<\/a> <!-- Close anchor tag for header. -->\n\t<\/h3>\t<!-- Close header tag. -->\n\t<!-- Start collapsible content div. -->\n\t<div class=\"sp-collapse spcollapse \" id=\"collapse2286911\" data-parent=\"#sp-ea-22869\" role=\"region\" aria-labelledby=\"ea-header-2286911\">  <!-- Content div. -->\n\t\t<div class=\"ea-body\">\n\t\t<p>Link de acesso:<\/p>\n<p><a href=\"http:\/\/www.in.gov.br\/materia\/-\/asset_publisher\/Kujrw0TZC2Mb\/content\/id\/48448738\/do1-2018-11-05-portaria-n-1-117-de-1-de-novembro-de-2018-48448535\" target=\"_blank\" rel=\"noopener\">http:\/\/www.in.gov.br\/materia\/-\/asset_publisher\/Kujrw0TZC2Mb\/content\/id\/48448738\/do1-2018-11-05-portaria-n-1-117-de-1-de-novembro-de-2018-48448535<\/a><\/p>\n\t\t<\/div> <!-- Close content div. -->\n\t<\/div> <!-- Close collapse div. -->\n<\/div> <!-- Close card div. -->\n<!-- Start accordion card div. -->\n<div class=\"ea-card  sp-ea-single\">\n\t<!-- Start accordion header. -->\n\t<h3 class=\"ea-header\">\n\t\t<!-- Add anchor tag for header. -->\n\t\t<a class=\"collapsed\" id=\"ea-header-2286912\" role=\"button\" data-sptoggle=\"spcollapse\" data-sptarget=\"#collapse2286912\" aria-controls=\"collapse2286912\" href=\"#\"  aria-expanded=\"false\" tabindex=\"0\">\n\t\t<i aria-hidden=\"true\" role=\"presentation\" class=\"ea-expand-icon eap-icon-ea-expand-plus\"><\/i> <b>PORTARIA NORMATIVA N\u00ba 14, DE 24 DE ABRIL DE 2007<\/b> \u2013 Disp\u00f5e sobre a cria\u00e7\u00e3o do \u201cPrograma Incluir: Acessibilidade na Educa\u00e7\u00e3o Superior\u201d.\t\t<\/a> <!-- Close anchor tag for header. -->\n\t<\/h3>\t<!-- Close header tag. -->\n\t<!-- Start collapsible content div. -->\n\t<div class=\"sp-collapse spcollapse \" id=\"collapse2286912\" data-parent=\"#sp-ea-22869\" role=\"region\" aria-labelledby=\"ea-header-2286912\">  <!-- Content div. -->\n\t\t<div class=\"ea-body\">\n\t\t<p>Link de acesso:<\/p>\n<p><a href=\"http:\/\/portal.mec.gov.br\/arquivos\/pdf\/programa_incluir.pdf\" target=\"_blank\" rel=\"noopener\">http:\/\/portal.mec.gov.br\/arquivos\/pdf\/programa_incluir.pdf<\/a><\/p>\n\t\t<\/div> <!-- Close content div. -->\n\t<\/div> <!-- Close collapse div. -->\n<\/div> <!-- Close card div. -->\n<\/div>\n<\/div>\n\n","protected":false},"excerpt":{"rendered":"<p>Conhe\u00e7a as principais leis brasileiras de acessibilidade que est\u00e3o em [&hellip;]<\/p>\n","protected":false},"author":1,"featured_media":0,"parent":54,"menu_order":0,"comment_status":"closed","ping_status":"closed","template":"","meta":{"_acf_changed":false,"footnotes":""},"class_list":["post-60","page","type-page","status-publish","hentry"],"acf":[],"_links":{"self":[{"href":"https:\/\/www.ufmg.br\/nai\/wp-json\/wp\/v2\/pages\/60","targetHints":{"allow":["GET"]}}],"collection":[{"href":"https:\/\/www.ufmg.br\/nai\/wp-json\/wp\/v2\/pages"}],"about":[{"href":"https:\/\/www.ufmg.br\/nai\/wp-json\/wp\/v2\/types\/page"}],"author":[{"embeddable":true,"href":"https:\/\/www.ufmg.br\/nai\/wp-json\/wp\/v2\/users\/1"}],"replies":[{"embeddable":true,"href":"https:\/\/www.ufmg.br\/nai\/wp-json\/wp\/v2\/comments?post=60"}],"version-history":[{"count":3,"href":"https:\/\/www.ufmg.br\/nai\/wp-json\/wp\/v2\/pages\/60\/revisions"}],"predecessor-version":[{"id":22871,"href":"https:\/\/www.ufmg.br\/nai\/wp-json\/wp\/v2\/pages\/60\/revisions\/22871"}],"up":[{"embeddable":true,"href":"https:\/\/www.ufmg.br\/nai\/wp-json\/wp\/v2\/pages\/54"}],"wp:attachment":[{"href":"https:\/\/www.ufmg.br\/nai\/wp-json\/wp\/v2\/media?parent=60"}],"curies":[{"name":"wp","href":"https:\/\/api.w.org\/{rel}","templated":true}]}}