{"id":64,"date":"2020-06-10T13:29:27","date_gmt":"2020-06-10T16:29:27","guid":{"rendered":"https:\/\/wwwufmg-hml.dti.ufmg.br\/nai\/?page_id=64"},"modified":"2024-12-20T12:08:25","modified_gmt":"2024-12-20T15:08:25","slug":"servicos","status":"publish","type":"page","link":"https:\/\/www.ufmg.br\/nai\/servicos\/","title":{"rendered":"Servi\u00e7os"},"content":{"rendered":"<p><img loading=\"lazy\" decoding=\"async\" class=\"size-medium wp-image-21455 aligncenter\" src=\"https:\/\/wwwufmg-hml.dti.ufmg.br\/nai\/wp-content\/uploads\/2017\/08\/evento_estande_nai-300x298.jpg\" alt=\"Evento Estande Nai\" width=\"300\" height=\"298\" srcset=\"https:\/\/www.ufmg.br\/nai\/wp-content\/uploads\/2017\/08\/evento_estande_nai-300x298.jpg 300w, https:\/\/www.ufmg.br\/nai\/wp-content\/uploads\/2017\/08\/evento_estande_nai-150x150.jpg 150w, https:\/\/www.ufmg.br\/nai\/wp-content\/uploads\/2017\/08\/evento_estande_nai.jpg 360w\" sizes=\"auto, (max-width: 300px) 100vw, 300px\" \/><\/p>\n<p>Os servi\u00e7os prestados pelo Nai v\u00e3o desde a Interpreta\u00e7\u00e3o\/Tradu\u00e7\u00e3o at\u00e9 o Acompanhamento Pedag\u00f3gico passando pela Produ\u00e7\u00e3o de Materiais em diversos formatos. Confira a seguir.<\/p>\n<style>#sp-ea-117 .spcollapsing { height: 0; overflow: hidden; transition-property: height;transition-duration: 500ms;}#sp-ea-117.sp-easy-accordion>.sp-ea-single {margin-bottom: 10px; border: 1px solid #e2e2e2; }#sp-ea-117.sp-easy-accordion>.sp-ea-single>.ea-header a {color: #444;}#sp-ea-117.sp-easy-accordion>.sp-ea-single>.sp-collapse>.ea-body {background: #fff; color: #444;}#sp-ea-117.sp-easy-accordion>.sp-ea-single {background: #eee;}#sp-ea-117.sp-easy-accordion>.sp-ea-single>.ea-header a .ea-expand-icon { float: left; color: #444;font-size: 16px;}<\/style><div id=\"sp_easy_accordion-1737719953\">\n<div id=\"sp-ea-117\" class=\"sp-ea-one sp-easy-accordion\" data-ea-active=\"ea-click\" data-ea-mode=\"vertical\" data-preloader=\"\" data-scroll-active-item=\"\" data-offset-to-scroll=\"0\">\n\n<!-- Start accordion card div. -->\n<div class=\"ea-card ea-expand sp-ea-single\">\n\t<!-- Start accordion header. -->\n\t<h3 class=\"ea-header\">\n\t\t<!-- Add anchor tag for header. -->\n\t\t<a class=\"collapsed\" id=\"ea-header-1170\" role=\"button\" data-sptoggle=\"spcollapse\" data-sptarget=\"#collapse1170\" aria-controls=\"collapse1170\" href=\"#\"  aria-expanded=\"true\" tabindex=\"0\">\n\t\t<i aria-hidden=\"true\" role=\"presentation\" class=\"ea-expand-icon eap-icon-ea-expand-minus\"><\/i> Acolhimento e Di\u00e1logo para estudantes e servidores com defici\u00eancia\t\t<\/a> <!-- Close anchor tag for header. -->\n\t<\/h3>\t<!-- Close header tag. -->\n\t<!-- Start collapsible content div. -->\n\t<div class=\"sp-collapse spcollapse collapsed show\" id=\"collapse1170\" data-parent=\"#sp-ea-117\" role=\"region\" aria-labelledby=\"ea-header-1170\">  <!-- Content div. -->\n\t\t<div class=\"ea-body\">\n\t\t<p>O N\u00facleo de Acessibilidade e Inclus\u00e3o (NAI) oferece o <strong>servi\u00e7o de Acolhimento e Di\u00e1logo para estudantes e servidores com defici\u00eancia<\/strong>.\u00a0Este servi\u00e7o serve para tirar suas d\u00favidas, ouvir suas necessidades e encaminhar poss\u00edveis solu\u00e7\u00f5es.<\/p>\n<p>O servi\u00e7o\u00a0de Acolhimento e Di\u00e1logo funciona no NAI (Sala 213 do CAD 1) nos seguintes dias e hor\u00e1rios:<\/p>\n<p>Segunda-feira (per\u00edodo da tarde): das 16:00 \u00e0s 20:00.<\/p>\n<p>Quinta-feira (per\u00edodo da manh\u00e3): das 8:00 \u00e0s 12:00.<\/p>\n<p>Se voc\u00ea \u00e9 estudante <a href=\"https:\/\/questionarios.ufmg.br\/index.php\/326161?lang=pt-BR\" target=\"_blank\" rel=\"noopener\">clique aqui<\/a> para fazer seu agendamento.<br \/>\nSe voc\u00ea n\u00e3o \u00e9 estudante fa\u00e7a o seu agendamento por telefone ou por e-mail:<\/p>\n<p>\ud83d\udce7 nai@ufmg.br<br \/>\n\ud83d\udcde (31) 3409-3927<\/p>\n\t\t<\/div> <!-- Close content div. -->\n\t<\/div> <!-- Close collapse div. -->\n<\/div> <!-- Close card div. -->\n<!-- Start accordion card div. -->\n<div class=\"ea-card  sp-ea-single\">\n\t<!-- Start accordion header. -->\n\t<h3 class=\"ea-header\">\n\t\t<!-- Add anchor tag for header. -->\n\t\t<a class=\"collapsed\" id=\"ea-header-1171\" role=\"button\" data-sptoggle=\"spcollapse\" data-sptarget=\"#collapse1171\" aria-controls=\"collapse1171\" href=\"#\"  aria-expanded=\"false\" tabindex=\"0\">\n\t\t<i aria-hidden=\"true\" role=\"presentation\" class=\"ea-expand-icon eap-icon-ea-expand-plus\"><\/i> Apoio pedag\u00f3gico\t\t<\/a> <!-- Close anchor tag for header. -->\n\t<\/h3>\t<!-- Close header tag. -->\n\t<!-- Start collapsible content div. -->\n\t<div class=\"sp-collapse spcollapse \" id=\"collapse1171\" data-parent=\"#sp-ea-117\" role=\"region\" aria-labelledby=\"ea-header-1171\">  <!-- Content div. -->\n\t\t<div class=\"ea-body\">\n\t\t<p style=\"font-weight: 400\">O suporte pedag\u00f3gico visa eliminar as barreiras que impedem ou dificultam o desempenho acad\u00eamico do discente com defici\u00eancia, buscando oferecer estrat\u00e9gias pedag\u00f3gicas e materiais de apoio que possam nortear o trabalho do aluno, do docente, de outros \u00f3rg\u00e3os da Universidade (Colegiados, Diretorias, PRAE, Departamentos Acad\u00eamicos).<\/p>\n<p>Essas estrat\u00e9gias\/recursos s\u00e3o pensadas para cada estudante, com o envolvimento efetivo do docente, levando em considera\u00e7\u00e3o o momento do curso, com o intuito de estimular o potencial de aprendizagem do aluno e incentivar o melhor aproveitamento das disciplinas, oferecendo um ensino de qualidade.<\/p>\n<p dir=\"ltr\">O NAI realiza tamb\u00e9m a\u00e7\u00f5es de apoio ao estudante:<\/p>\n<ol>\n<li>\n<p dir=\"ltr\">Orienta\u00e7\u00e3o para organiza\u00e7\u00e3o de rotina de estudos;<\/p>\n<\/li>\n<li>\n<p dir=\"ltr\">Treinamento de estrat\u00e9gias de estudo em momentos de estudo monitorado no NAI;<\/p>\n<\/li>\n<li>\n<p dir=\"ltr\">Adequa\u00e7\u00e3o do posicionamento do aluno em classe, buscando posicion\u00e1-lo no local mais adequado em fun\u00e7\u00e3o do uso de leitura labial, da acuidade visual ou de sensibilidade espec\u00edfica;<\/p>\n<\/li>\n<li>\n<p dir=\"ltr\">Autoriza\u00e7\u00e3o do docente, mediante assinatura de termo pr\u00f3prio, para grava\u00e7\u00e3o de \u00e1udios das aulas, para estudantes com limita\u00e7\u00f5es motoras para a escrita;<\/p>\n<\/li>\n<li>\n<p dir=\"ltr\">Envio antecipado do material utilizado nas aulas expositivas do professor, para estudantes com dificuldade em conciliar a aten\u00e7\u00e3o e o registro escrito, como por exemplo, alunos com Defici\u00eancia Visual, Surdez ou TEA.<\/p>\n<\/li>\n<\/ol>\n<p dir=\"ltr\">O NAI sugere aos docentes a aplica\u00e7\u00e3o de diferentes formatos de prova, pois, algumas pessoas com defici\u00eancia podem ficar em desvantagem na participa\u00e7\u00e3o em igualdade de condi\u00e7\u00f5es com as demais pessoas, diante de algumas barreiras. Sendo assim, para que o estudante possa ser avaliado de forma a garantir a demonstra\u00e7\u00e3o do conhecimento adquirido, s\u00e3o concedidas condi\u00e7\u00f5es especiais de prova que visam equalizar as oportunidades, como por exemplo:<\/p>\n<ol>\n<li>\n<p dir=\"ltr\">Tempo adicional de prova, de at\u00e9 uma hora;<\/p>\n<\/li>\n<li>\n<p dir=\"ltr\">Aplica\u00e7\u00e3o da prova em sala com n\u00famero reduzido de estudantes, ou em sala individual;<\/p>\n<\/li>\n<li>\n<p dir=\"ltr\">Prova em formato digital (registro das respostas no computador);<\/p>\n<\/li>\n<li>\n<p dir=\"ltr\">Permiss\u00e3o para uso de tamp\u00f5es de ouvido pelo aluno, a fim de minimizar os fatores de dispers\u00e3o.<\/p>\n<\/li>\n<\/ol>\n\t\t<\/div> <!-- Close content div. -->\n\t<\/div> <!-- Close collapse div. -->\n<\/div> <!-- Close card div. -->\n<!-- Start accordion card div. -->\n<div class=\"ea-card  sp-ea-single\">\n\t<!-- Start accordion header. -->\n\t<h3 class=\"ea-header\">\n\t\t<!-- Add anchor tag for header. -->\n\t\t<a class=\"collapsed\" id=\"ea-header-1172\" role=\"button\" data-sptoggle=\"spcollapse\" data-sptarget=\"#collapse1172\" aria-controls=\"collapse1172\" href=\"#\"  aria-expanded=\"false\" tabindex=\"0\">\n\t\t<i aria-hidden=\"true\" role=\"presentation\" class=\"ea-expand-icon eap-icon-ea-expand-plus\"><\/i> Empr\u00e9stimo de Tecnologia Assistiva\t\t<\/a> <!-- Close anchor tag for header. -->\n\t<\/h3>\t<!-- Close header tag. -->\n\t<!-- Start collapsible content div. -->\n\t<div class=\"sp-collapse spcollapse \" id=\"collapse1172\" data-parent=\"#sp-ea-117\" role=\"region\" aria-labelledby=\"ea-header-1172\">  <!-- Content div. -->\n\t\t<div class=\"ea-body\">\n\t\t<p>Para aqueles que n\u00e3o tenham seu pr\u00f3prio dispositivo o NAI pode fazer o empr\u00e9stimo de Lupa eletr\u00f4nica manual; Gravador de voz, dentre outros.<\/p>\n\t\t<\/div> <!-- Close content div. -->\n\t<\/div> <!-- Close collapse div. -->\n<\/div> <!-- Close card div. -->\n<!-- Start accordion card div. -->\n<div class=\"ea-card  sp-ea-single\">\n\t<!-- Start accordion header. -->\n\t<h3 class=\"ea-header\">\n\t\t<!-- Add anchor tag for header. -->\n\t\t<a class=\"collapsed\" id=\"ea-header-1173\" role=\"button\" data-sptoggle=\"spcollapse\" data-sptarget=\"#collapse1173\" aria-controls=\"collapse1173\" href=\"#\"  aria-expanded=\"false\" tabindex=\"0\">\n\t\t<i aria-hidden=\"true\" role=\"presentation\" class=\"ea-expand-icon eap-icon-ea-expand-plus\"><\/i> Produ\u00e7\u00e3o de material em diferentes formatos\t\t<\/a> <!-- Close anchor tag for header. -->\n\t<\/h3>\t<!-- Close header tag. -->\n\t<!-- Start collapsible content div. -->\n\t<div class=\"sp-collapse spcollapse \" id=\"collapse1173\" data-parent=\"#sp-ea-117\" role=\"region\" aria-labelledby=\"ea-header-1173\">  <!-- Content div. -->\n\t\t<div class=\"ea-body\">\n\t\t<p>A produ\u00e7\u00e3o\/adapta\u00e7\u00e3o de materiais did\u00e1ticos em formato acess\u00edvel \u00e9 prioritariamente ofertada aos alunos com defici\u00eancia visual (cegos ou com baixa vis\u00e3o) atendidos pelo NAI\/UFMG. O objetivo \u00e9 oferecer uma vers\u00e3o adaptada\/acess\u00edvel dos materiais did\u00e1ticos disponibilizado pelos professores aos alunos. O processo de adapta\u00e7\u00e3o passa pela convers\u00e3o do material do formato imagem para texto digital. O texto gerado \u00e9 formatado para leitura com leitores de tela. Se o material tiver alguma imagem, durante o processo de formata\u00e7\u00e3o s\u00e3o inseridas as audiodescri\u00e7\u00f5es das imagens. Finalizada a formata\u00e7\u00e3o, o material \u00e9 encaminhado ao aluno no formato que mais se adeque \u00e0 sua solicita\u00e7\u00e3o, como digital acess\u00edvel (PDF e WORD), \u00e1udio (mp3) ou braille.<\/p>\n<p>A adapta\u00e7\u00e3o dos textos \u00e9 realizada pelos bolsistas do NAI, sob a supervis\u00e3o e orienta\u00e7\u00e3o dos servidores Revisores de Texto. Os revisores s\u00e3o tamb\u00e9m os respons\u00e1veis pela recep\u00e7\u00e3o das demandas de adapta\u00e7\u00e3o, revis\u00e3o e envio dos textos adaptados.<\/p>\n\t\t<\/div> <!-- Close content div. -->\n\t<\/div> <!-- Close collapse div. -->\n<\/div> <!-- Close card div. -->\n<!-- Start accordion card div. -->\n<div class=\"ea-card  sp-ea-single\">\n\t<!-- Start accordion header. -->\n\t<h3 class=\"ea-header\">\n\t\t<!-- Add anchor tag for header. -->\n\t\t<a class=\"collapsed\" id=\"ea-header-1174\" role=\"button\" data-sptoggle=\"spcollapse\" data-sptarget=\"#collapse1174\" aria-controls=\"collapse1174\" href=\"#\"  aria-expanded=\"false\" tabindex=\"0\">\n\t\t<i aria-hidden=\"true\" role=\"presentation\" class=\"ea-expand-icon eap-icon-ea-expand-plus\"><\/i> Suporte quanto \u00e0 Acessibilidade em eventos institucionais\t\t<\/a> <!-- Close anchor tag for header. -->\n\t<\/h3>\t<!-- Close header tag. -->\n\t<!-- Start collapsible content div. -->\n\t<div class=\"sp-collapse spcollapse \" id=\"collapse1174\" data-parent=\"#sp-ea-117\" role=\"region\" aria-labelledby=\"ea-header-1174\">  <!-- Content div. -->\n\t\t<div class=\"ea-body\">\n\t\t<p>O NAI presta suporte aos diferentes \u00f3rg\u00e3os da universidade na promo\u00e7\u00e3o de acessibilidade em eventos institucionais. Tal suporte se d\u00e1 a partir de manifesta\u00e7\u00e3o da demanda dos \u00f3rg\u00e3os para o NAI e de acordo com os recursos dispon\u00edveis.<\/p>\n\t\t<\/div> <!-- Close content div. -->\n\t<\/div> <!-- Close collapse div. -->\n<\/div> <!-- Close card div. -->\n<!-- Start accordion card div. -->\n<div class=\"ea-card  sp-ea-single\">\n\t<!-- Start accordion header. -->\n\t<h3 class=\"ea-header\">\n\t\t<!-- Add anchor tag for header. -->\n\t\t<a class=\"collapsed\" id=\"ea-header-1175\" role=\"button\" data-sptoggle=\"spcollapse\" data-sptarget=\"#collapse1175\" aria-controls=\"collapse1175\" href=\"#\"  aria-expanded=\"false\" tabindex=\"0\">\n\t\t<i aria-hidden=\"true\" role=\"presentation\" class=\"ea-expand-icon eap-icon-ea-expand-plus\"><\/i> Tradu\u00e7\u00e3o e Interpreta\u00e7\u00e3o de Libras-Portugu\u00eas\t\t<\/a> <!-- Close anchor tag for header. -->\n\t<\/h3>\t<!-- Close header tag. -->\n\t<!-- Start collapsible content div. -->\n\t<div class=\"sp-collapse spcollapse \" id=\"collapse1175\" data-parent=\"#sp-ea-117\" role=\"region\" aria-labelledby=\"ea-header-1175\">  <!-- Content div. -->\n\t\t<div class=\"ea-body\">\n\t\t<p>O NAI tem em sua estrutura uma equipe de int\u00e9rpretes que trabalham diretamente com os servi\u00e7os de interpreta\u00e7\u00e3o\/tradu\u00e7\u00e3o, que est\u00e3o divididos em:<\/p>\n<ul>\n<li>Interpreta\u00e7\u00e3o em sala de aula (centro pedag\u00f3gico, coltec, gradua\u00e7\u00e3o, mestrado, doutorado);<\/li>\n<li>Interpreta\u00e7\u00e3o em defesas (gradua\u00e7\u00e3o, mestrado, doutorado);<\/li>\n<li>Interpreta\u00e7\u00e3o em eventos solenes (cola\u00e7\u00e3o de grau, posse e similares);<\/li>\n<li>Interpreta\u00e7\u00e3o no atendimento de balc\u00e3o ao p\u00fablico surdo (interno ou externo);<\/li>\n<li>Interpreta\u00e7\u00e3o em reuni\u00f5es de colegiados e similares;<\/li>\n<li>Interpreta\u00e7\u00e3o em pesquisas e\/ou grupo de estudos;<\/li>\n<li>Interpreta\u00e7\u00e3o em cursos, simp\u00f3sios, confer\u00eancias e similares;<\/li>\n<li>Interpreta\u00e7\u00e3o em projeto de pesquisa, ensino e extens\u00e3o.<\/li>\n<\/ul>\n<p>Quanto aos servi\u00e7os de Tradu\u00e7\u00e3o que podem ser feitos, temos:<\/p>\n<ul>\n<li>Material did\u00e1tico;<\/li>\n<li>Participa\u00e7\u00e3o nos processos seletivos (concursos);<\/li>\n<li>Produtos midi\u00e1ticos;<\/li>\n<li>Documentos, portarias, editais e similares.<\/li>\n<\/ul>\n\t\t<\/div> <!-- Close content div. -->\n\t<\/div> <!-- Close collapse div. -->\n<\/div> <!-- Close card div. -->\n<!-- Start accordion card div. -->\n<div class=\"ea-card  sp-ea-single\">\n\t<!-- Start accordion header. -->\n\t<h3 class=\"ea-header\">\n\t\t<!-- Add anchor tag for header. -->\n\t\t<a class=\"collapsed\" id=\"ea-header-1176\" role=\"button\" data-sptoggle=\"spcollapse\" data-sptarget=\"#collapse1176\" aria-controls=\"collapse1176\" href=\"#\"  aria-expanded=\"false\" tabindex=\"0\">\n\t\t<i aria-hidden=\"true\" role=\"presentation\" class=\"ea-expand-icon eap-icon-ea-expand-plus\"><\/i> Transporte Acess\u00edvel - UFMG\t\t<\/a> <!-- Close anchor tag for header. -->\n\t<\/h3>\t<!-- Close header tag. -->\n\t<!-- Start collapsible content div. -->\n\t<div class=\"sp-collapse spcollapse \" id=\"collapse1176\" data-parent=\"#sp-ea-117\" role=\"region\" aria-labelledby=\"ea-header-1176\">  <!-- Content div. -->\n\t\t<div class=\"ea-body\">\n\t\t<p>O NAI conta com um autom\u00f3vel adaptado para auxiliar na locomo\u00e7\u00e3o\/deslocamento de alunos e servidores com defici\u00eancia motora e com mobilidade reduzida, no campus Pampulha. Para o uso deste servi\u00e7o, o interessado deve entrar em contato com o NAI para avalia\u00e7\u00e3o e cadastro. Ap\u00f3s o cadastro, o usu\u00e1rio pode acessar o servi\u00e7o por meio de contato telef\u00f4nico (WhatsApp).<\/p>\n\t\t<\/div> <!-- Close content div. -->\n\t<\/div> <!-- Close collapse div. -->\n<\/div> <!-- Close card div. -->\n<!-- Start accordion card div. -->\n<div class=\"ea-card  sp-ea-single\">\n\t<!-- Start accordion header. -->\n\t<h3 class=\"ea-header\">\n\t\t<!-- Add anchor tag for header. -->\n\t\t<a class=\"collapsed\" id=\"ea-header-1177\" role=\"button\" data-sptoggle=\"spcollapse\" data-sptarget=\"#collapse1177\" aria-controls=\"collapse1177\" href=\"#\"  aria-expanded=\"false\" tabindex=\"0\">\n\t\t<i aria-hidden=\"true\" role=\"presentation\" class=\"ea-expand-icon eap-icon-ea-expand-plus\"><\/i> Treinamento e Capacita\u00e7\u00e3o\t\t<\/a> <!-- Close anchor tag for header. -->\n\t<\/h3>\t<!-- Close header tag. -->\n\t<!-- Start collapsible content div. -->\n\t<div class=\"sp-collapse spcollapse \" id=\"collapse1177\" data-parent=\"#sp-ea-117\" role=\"region\" aria-labelledby=\"ea-header-1177\">  <!-- Content div. -->\n\t\t<div class=\"ea-body\">\n\t\t<p>O NAI tem em sua estrutura uma equipe de profissionais que fornecem diversos tipos de treinamento e capacita\u00e7\u00e3o:<\/p>\n<p><\/p>\n<ul>\n<li>Treinamento do uso de Tecnologias Assistivas<\/li>\n<li>Treinamento de Rotas<\/li>\n<li>Treinamento para uso do Moodle<\/li>\n<\/ul>\n\t\t<\/div> <!-- Close content div. -->\n\t<\/div> <!-- Close collapse div. -->\n<\/div> <!-- Close card div. -->\n<\/div>\n<\/div>\n\n","protected":false},"excerpt":{"rendered":"<p>Os servi\u00e7os prestados pelo Nai v\u00e3o desde a Interpreta\u00e7\u00e3o\/Tradu\u00e7\u00e3o at\u00e9 [&hellip;]<\/p>\n","protected":false},"author":1,"featured_media":0,"parent":0,"menu_order":0,"comment_status":"closed","ping_status":"closed","template":"","meta":{"_acf_changed":false,"footnotes":""},"class_list":["post-64","page","type-page","status-publish","hentry"],"acf":[],"_links":{"self":[{"href":"https:\/\/www.ufmg.br\/nai\/wp-json\/wp\/v2\/pages\/64","targetHints":{"allow":["GET"]}}],"collection":[{"href":"https:\/\/www.ufmg.br\/nai\/wp-json\/wp\/v2\/pages"}],"about":[{"href":"https:\/\/www.ufmg.br\/nai\/wp-json\/wp\/v2\/types\/page"}],"author":[{"embeddable":true,"href":"https:\/\/www.ufmg.br\/nai\/wp-json\/wp\/v2\/users\/1"}],"replies":[{"embeddable":true,"href":"https:\/\/www.ufmg.br\/nai\/wp-json\/wp\/v2\/comments?post=64"}],"version-history":[{"count":5,"href":"https:\/\/www.ufmg.br\/nai\/wp-json\/wp\/v2\/pages\/64\/revisions"}],"predecessor-version":[{"id":22883,"href":"https:\/\/www.ufmg.br\/nai\/wp-json\/wp\/v2\/pages\/64\/revisions\/22883"}],"wp:attachment":[{"href":"https:\/\/www.ufmg.br\/nai\/wp-json\/wp\/v2\/media?parent=64"}],"curies":[{"name":"wp","href":"https:\/\/api.w.org\/{rel}","templated":true}]}}