{"id":286,"date":"2021-10-25T13:12:36","date_gmt":"2021-10-25T16:12:36","guid":{"rendered":"https:\/\/www.ufmg.br\/novembronegro\/2021\/?page_id=286"},"modified":"2021-11-07T18:48:41","modified_gmt":"2021-11-07T20:48:41","slug":"vozes-e-corpos-que-se-afirmam","status":"publish","type":"page","link":"https:\/\/www.ufmg.br\/novembronegro\/2021\/o-novembro-negro\/vozes-e-corpos-que-se-afirmam\/","title":{"rendered":"Vozes e Corpos que se afirmam"},"content":{"rendered":"\n<p>Em 2021, o <strong>Novembro Negro da UFMG<\/strong> faz ecoar as Vozes e visibilizar os <strong>Corpos que se Afirmam na Universidade<\/strong>.<\/p>\n\n\n\n<p><br>A pluralidade de <strong>Vozes e Corpos<\/strong> hoje presente na UFMG revela a pot\u00eancia da nossa comunidade universit\u00e1ria e isso precisa ser evidenciado! Reconhecer que somos sujeitos plurais, e ao mesmo tempo singulares, possibilita afirmar nossas identidades, experi\u00eancias e condi\u00e7\u00f5es de acesso e perman\u00eancia t\u00e3o diversas, uma vez que atravessadas por quest\u00f5es \u00e9tnicas, raciais, de g\u00eanero, sexualidade e de defici\u00eancia.<\/p>\n\n\n\n<p><br>Demarcamos um \u201clugar\u201d (que n\u00e3o \u00e9 s\u00f3 f\u00edsico) importante para a constru\u00e7\u00e3o coletiva de saberes. Nossos corpos e vozes ativas e plurais s\u00e3o potentes, geram conhecimento. Por isso, faz-se imprescind\u00edvel afirmar a import\u00e2ncia da continuidade da pol\u00edtica de acesso, por meio das cotas, mas \u00e9 preciso lutar tamb\u00e9m pela perman\u00eancia material e simb\u00f3lica.<\/p>\n\n\n\n<p><br>Em um contexto de incertezas e amea\u00e7as de retrocesso, esse Novembro Negro vem para reafirmar a import\u00e2ncia da consolida\u00e7\u00e3o e amplia\u00e7\u00e3o das pol\u00edticas de a\u00e7\u00f5es afirmativas nas universidades p\u00fablicas do pa\u00eds.<\/p>\n\n\n\n<p><br>S\u00e3o Vozes e Corpos Negros que transformam a Universidade! O que elas, eles e elus nos dizem?<\/p>\n\n\n\n<p><br>Confira a <a href=\"https:\/\/www.ufmg.br\/novembronegro\/2021\/programacao\/\" data-type=\"URL\" data-id=\"https:\/\/www.ufmg.br\/novembronegro\/2021\/programacao\/\">nossa programa\u00e7\u00e3o<\/a> e saiba mais!<\/p>\n","protected":false},"excerpt":{"rendered":"<p>Em 2021, o Novembro Negro da UFMG faz ecoar as [&hellip;]<\/p>\n","protected":false},"author":1,"featured_media":0,"parent":284,"menu_order":1,"comment_status":"closed","ping_status":"closed","template":"","meta":[],"_links":{"self":[{"href":"https:\/\/www.ufmg.br\/novembronegro\/2021\/wp-json\/wp\/v2\/pages\/286"}],"collection":[{"href":"https:\/\/www.ufmg.br\/novembronegro\/2021\/wp-json\/wp\/v2\/pages"}],"about":[{"href":"https:\/\/www.ufmg.br\/novembronegro\/2021\/wp-json\/wp\/v2\/types\/page"}],"author":[{"embeddable":true,"href":"https:\/\/www.ufmg.br\/novembronegro\/2021\/wp-json\/wp\/v2\/users\/1"}],"replies":[{"embeddable":true,"href":"https:\/\/www.ufmg.br\/novembronegro\/2021\/wp-json\/wp\/v2\/comments?post=286"}],"version-history":[{"count":9,"href":"https:\/\/www.ufmg.br\/novembronegro\/2021\/wp-json\/wp\/v2\/pages\/286\/revisions"}],"predecessor-version":[{"id":353,"href":"https:\/\/www.ufmg.br\/novembronegro\/2021\/wp-json\/wp\/v2\/pages\/286\/revisions\/353"}],"up":[{"embeddable":true,"href":"https:\/\/www.ufmg.br\/novembronegro\/2021\/wp-json\/wp\/v2\/pages\/284"}],"wp:attachment":[{"href":"https:\/\/www.ufmg.br\/novembronegro\/2021\/wp-json\/wp\/v2\/media?parent=286"}],"curies":[{"name":"wp","href":"https:\/\/api.w.org\/{rel}","templated":true}]}}